{"id":5747,"date":"2021-11-03T11:19:14","date_gmt":"2021-11-03T10:19:14","guid":{"rendered":"https:\/\/www.haarfreiheit.net\/dauerhafte-haarentfernung-mann-und-frau\/"},"modified":"2023-09-26T13:48:37","modified_gmt":"2023-09-26T11:48:37","slug":"epilation-permanente-femmes-hommes","status":"publish","type":"page","link":"https:\/\/www.haarfreiheit.net\/fr\/epilation-permanente-femmes-hommes\/","title":{"rendered":"l&rsquo;\u00c9pilation permanente | DIFF\u00c9RENCES HOMME ET FEMME"},"content":{"rendered":"\n<div class=\"wp-block-cover is-light\"><span aria-hidden=\"true\" class=\"wp-block-cover__background has-black-background-color has-background-dim-30 has-background-dim\"><\/span><img loading=\"lazy\" decoding=\"async\" width=\"1980\" height=\"1185\" class=\"wp-block-cover__image-background wp-image-2742\" alt=\"Image d\u2019effet dans les r\u00e9gions du corps en arri\u00e8re-plan\" src=\"https:\/\/www.haarfreiheit.net\/wp-content\/uploads\/2021\/10\/Koerperregion-Bannerbild.jpg\" style=\"object-position:84% 56%\" data-object-fit=\"cover\" data-object-position=\"84% 56%\" srcset=\"https:\/\/www.haarfreiheit.net\/wp-content\/uploads\/2021\/10\/Koerperregion-Bannerbild.jpg 1980w, https:\/\/www.haarfreiheit.net\/wp-content\/uploads\/2021\/10\/Koerperregion-Bannerbild-300x180.jpg 300w, https:\/\/www.haarfreiheit.net\/wp-content\/uploads\/2021\/10\/Koerperregion-Bannerbild-1024x613.jpg 1024w, https:\/\/www.haarfreiheit.net\/wp-content\/uploads\/2021\/10\/Koerperregion-Bannerbild-1536x919.jpg 1536w\" sizes=\"auto, (max-width: 1980px) 100vw, 1980px\" \/><div class=\"wp-block-cover__inner-container is-layout-flow wp-block-cover-is-layout-flow\">\n<div class=\"wp-block-columns is-layout-flex wp-container-core-columns-is-layout-9d6595d7 wp-block-columns-is-layout-flex\">\n<div class=\"wp-block-column is-layout-flow wp-block-column-is-layout-flow\" style=\"flex-basis:66%\">\n<div style=\"height:170px\" aria-hidden=\"true\" class=\"wp-block-spacer is-style-s40\"><\/div>\n\n\n\n<h1 class=\"wp-block-heading has-text-align-center has-white-color has-text-color\">\u00c9PILATION PERMANENTE HOMME ET FEMME<\/h1>\n\n\n\n<div style=\"height:37px\" aria-hidden=\"true\" class=\"wp-block-spacer is-style-s30\"><\/div>\n\n\n\n<p class=\"has-text-align-center has-medium-font-size\">DIFF\u00c9RENCES HOMME ET FEMME<\/p>\n\n\n\n<div style=\"height:86px\" aria-hidden=\"true\" class=\"wp-block-spacer is-style-s40\"><\/div>\n<\/div>\n\n\n\n<div class=\"wp-block-column is-vertically-aligned-center is-layout-flow wp-block-column-is-layout-flow\" style=\"flex-basis:50%\"><div class=\"wp-block-image\">\n<figure class=\"aligncenter size-full is-resized\"><img loading=\"lazy\" decoding=\"async\" src=\"https:\/\/www.haarfreiheit.net\/wp-content\/uploads\/2021\/10\/Symbols-Male-female-icon.png\" alt=\"Icon Geschlechtssymbole\" class=\"wp-image-6199\" style=\"object-fit:contain;width:317px;height:253px\" width=\"317\" height=\"253\"\/><\/figure>\n<\/div><\/div>\n<\/div>\n<\/div><\/div>\n\n\n\n<div class=\"wp-block-columns is-layout-flex wp-container-core-columns-is-layout-9d6595d7 wp-block-columns-is-layout-flex\">\n<div class=\"wp-block-column is-layout-flow wp-block-column-is-layout-flow\">\n<div style=\"height:100px\" aria-hidden=\"true\" class=\"wp-block-spacer is-style-s50\"><\/div>\n\n\n\n<div class=\"wp-block-columns is-layout-flex wp-container-core-columns-is-layout-9d6595d7 wp-block-columns-is-layout-flex\">\n<div class=\"wp-block-column is-layout-flow wp-block-column-is-layout-flow\">\n<h2 class=\"wp-block-heading has-text-align-center\">DIFF\u00c9RENCES ENTRE LES SEXES DANS LES POILS<\/h2>\n\n\n\n<p class=\"has-text-align-center\">M\u00eame si la m\u00e9thode reste la m\u00eame, il existe des diff\u00e9rences propres \u00e0 chaque sexe en termes de zone d&rsquo;application et de motivation pour l&rsquo;\u00e9pilation. Alors que les femmes sont surtout pr\u00e9occup\u00e9es par l&rsquo;esth\u00e9tique d&rsquo;un corps totalement d\u00e9pourvu de poils, de nombreux hommes se contentent souvent d&rsquo;\u00e9liminer les poils excessifs ou les poils sur certaines parties du corps. Avec nous, vous trouverez toujours le traitement adapt\u00e9 \u00e0 vos besoins et recevrez des conseils professionnels de nos experts en \u00e9pilation permanente*.<\/p>\n<\/div>\n<\/div>\n\n\n\n<div style=\"height:72px\" aria-hidden=\"true\" class=\"wp-block-spacer is-style-s50\"><\/div>\n<\/div>\n<\/div>\n\n\n\n<div class=\"wp-block-cover is-light\"><span aria-hidden=\"true\" class=\"wp-block-cover__background has-background-dim-0 has-background-dim\"><\/span><img loading=\"lazy\" decoding=\"async\" width=\"1980\" height=\"1980\" class=\"wp-block-cover__image-background wp-image-2688\" alt=\"Image d\u2019effet avec arri\u00e8re-plan de motif en nid d\u2019abeille\" src=\"https:\/\/www.haarfreiheit.net\/wp-content\/uploads\/2021\/10\/helles-Wabenmuster.jpg\" data-object-fit=\"cover\" srcset=\"https:\/\/www.haarfreiheit.net\/wp-content\/uploads\/2021\/10\/helles-Wabenmuster.jpg 1980w, https:\/\/www.haarfreiheit.net\/wp-content\/uploads\/2021\/10\/helles-Wabenmuster-300x300.jpg 300w, https:\/\/www.haarfreiheit.net\/wp-content\/uploads\/2021\/10\/helles-Wabenmuster-1024x1024.jpg 1024w, https:\/\/www.haarfreiheit.net\/wp-content\/uploads\/2021\/10\/helles-Wabenmuster-150x150.jpg 150w, https:\/\/www.haarfreiheit.net\/wp-content\/uploads\/2021\/10\/helles-Wabenmuster-1536x1536.jpg 1536w\" sizes=\"auto, (max-width: 1980px) 100vw, 1980px\" \/><div class=\"wp-block-cover__inner-container is-layout-flow wp-block-cover-is-layout-flow\">\n<div class=\"wp-block-columns is-layout-flex wp-container-core-columns-is-layout-9d6595d7 wp-block-columns-is-layout-flex\">\n<div class=\"wp-block-column is-vertically-aligned-center is-layout-flow wp-block-column-is-layout-flow\"><div class=\"wp-block-image\">\n<figure class=\"aligncenter size-full is-resized\"><img loading=\"lazy\" decoding=\"async\" src=\"https:\/\/www.haarfreiheit.net\/wp-content\/uploads\/2021\/11\/Behandlungsbild-Frau.png\" alt=\"Photo de traitement avec symbole de f\u00e9minit\u00e9\" class=\"wp-image-5748\" style=\"object-fit:contain;width:308px;height:370px\" width=\"308\" height=\"370\" srcset=\"https:\/\/www.haarfreiheit.net\/wp-content\/uploads\/2021\/11\/Behandlungsbild-Frau.png 400w, https:\/\/www.haarfreiheit.net\/wp-content\/uploads\/2021\/11\/Behandlungsbild-Frau-249x300.png 249w\" sizes=\"auto, (max-width: 308px) 100vw, 308px\" \/><\/figure>\n<\/div><\/div>\n\n\n\n<div class=\"wp-block-column is-layout-flow wp-block-column-is-layout-flow\" style=\"flex-basis:66%\">\n<div style=\"height:80px\" aria-hidden=\"true\" class=\"wp-block-spacer is-style-s50\"><\/div>\n\n\n\n<h3 class=\"wp-block-heading has-text-align-center primary-color\">\u00c9PILATION POUR LES FEMMES<\/h3>\n\n\n\n<p class=\"has-text-align-center\">Les parties du corps sans poils sont consid\u00e9r\u00e9es comme esth\u00e9tiques et \u00e9rotiques, surtout chez les femmes. Une \u00e9tude a montr\u00e9 qu&rsquo;environ 97 % des femmes s&rsquo;\u00e9pilent elles-m\u00eames. Cela se fait surtout sur les jambes, les aisselles, les bras et dans le maillot. Ce sont surtout les jeunes femmes qui traitent le sujet de mani\u00e8re approfondie. Au cours des derni\u00e8res ann\u00e9es, de plus en plus de femmes d&rsquo;\u00e2ge moyen et avanc\u00e9 ont \u00e9galement recours aux m\u00e9thodes d&rsquo;\u00e9pilation.<\/p>\n\n\n\n<p class=\"has-text-align-center\">Environ 30 % des femmes souffrent d&rsquo;une pilosit\u00e9 excessive (http:\/\/symptomat.de\/Damenbart), notamment dans des zones qui sont plus commun\u00e9ment attribu\u00e9es aux poils corporels masculins. Cela est souvent consid\u00e9r\u00e9 comme inesth\u00e9tique et peut entra\u00eener des sentiments de honte et des complexes d&rsquo;inf\u00e9riorit\u00e9.<\/p>\n\n\n\n<p class=\"has-text-align-center\">Les m\u00e9thodes les plus courantes sont le rasage humide. L&rsquo;\u00e9pilation douloureuse ou la cire font \u00e9galement partie des pratiques d&rsquo;\u00e9pilation. Les inconv\u00e9nients sont clairement perceptibles : la peau devient irrit\u00e9e et r\u00e9agit souvent par des irritations. De plus, l&rsquo;application doit \u00eatre r\u00e9p\u00e9t\u00e9e r\u00e9guli\u00e8rement car les poils continuent de repousser. De nombreuses femmes souhaitent une m\u00e9thode simple et, surtout, permanente, qui leur fasse gagner du temps tout en \u00e9tant efficace. Que vous souhaitiez avoir une peau lisse tout au long de l&rsquo;ann\u00e9e ou vous d\u00e9barrasser des poils superflus : L&rsquo;\u00e9pilation permanente* offre la solution id\u00e9ale. Elle combine tous les facteurs qui comptent : avec douceur et efficacit\u00e9, nous nous appuyons sur notre expertise et une technique efficace pour que vous soyez trait\u00e9 \u00e0 votre enti\u00e8re satisfaction.<\/p>\n\n\n\n<div style=\"height:45px\" aria-hidden=\"true\" class=\"wp-block-spacer is-style-s50\"><\/div>\n<\/div>\n<\/div>\n\n\n\n<div class=\"wp-block-columns is-layout-flex wp-container-core-columns-is-layout-9d6595d7 wp-block-columns-is-layout-flex\">\n<div class=\"wp-block-column is-layout-flow wp-block-column-is-layout-flow\" style=\"flex-basis:66%\">\n<div style=\"height:80px\" aria-hidden=\"true\" class=\"wp-block-spacer is-style-s50\"><\/div>\n\n\n\n<h3 class=\"wp-block-heading has-text-align-center tertiary-color\">\u00c9PILATION MASCULINE<\/h3>\n\n\n\n<p class=\"has-text-align-center\">L&rsquo;\u00e9pilation devient de plus en plus une affaire d&rsquo;hommes. Les poils sur le corps des hommes sont toujours consid\u00e9r\u00e9s comme masculins. Une pilosit\u00e9 excessive est toutefois consid\u00e9r\u00e9e comme peu \u00e9rotique par les femmes. Ainsi, de plus en plus d&rsquo;hommes ont recours \u00e0 l&rsquo;\u00e9pilation. 79 % des hommes s&rsquo;\u00e9pilent r\u00e9guli\u00e8rement, et la tendance est \u00e0 la hausse. Surtout sur le dos, sur la poitrine ou sur le ventre, de nombreux hommes sont affect\u00e9s par un exc\u00e8s de poils, beaucoup en souffrent.<\/p>\n\n\n\n<p class=\"has-text-align-center\">Toutefois, les m\u00e9thodes courantes telles que le rasage humide ou \u00e0 sec et l&rsquo;\u00e9pilation \u00e0 la cire pr\u00e9sentent des inconv\u00e9nients. Il est souvent difficile de s&rsquo;\u00e9piler soi-m\u00eame car il est difficile ou impossible d&rsquo;atteindre la zone \u00e0 raser. En outre, la suppression n&rsquo;est pas permanente* et doit \u00eatre r\u00e9p\u00e9t\u00e9e. En outre, la peau peut \u00eatre irrit\u00e9e et le traitement \u00e0 la cire est particuli\u00e8rement douloureux. De plus en plus d&rsquo;hommes d\u00e9couvrent la m\u00e9thode XENOgel, agr\u00e9able et durable, et l&rsquo;utilisent pour \u00e9liminer les poils ind\u00e9sirables de leur corps.<\/p>\n\n\n\n<p class=\"has-text-align-center\">La tendance \u00e0 avoir une peau lisse a maintenant atteint les hommes. Eux aussi veulent un d\u00e9m\u00e9nagement qui dure le plus longtemps possible et qui fonctionne efficacement. Notre cabinet offre des conseils d&rsquo;experts et un personnel bien form\u00e9 dans une atmosph\u00e8re agr\u00e9able. Les traitements sont adapt\u00e9s aux besoins individuels afin que vous soyez trait\u00e9 \u00e0 votre enti\u00e8re satisfaction.<\/p>\n\n\n\n<div style=\"height:45px\" aria-hidden=\"true\" class=\"wp-block-spacer\"><\/div>\n<\/div>\n\n\n\n<div class=\"wp-block-column is-vertically-aligned-center is-layout-flow wp-block-column-is-layout-flow\"><div class=\"wp-block-image\">\n<figure class=\"aligncenter size-full is-resized\"><img loading=\"lazy\" decoding=\"async\" src=\"https:\/\/www.haarfreiheit.net\/wp-content\/uploads\/2021\/11\/Behandlung-Mann.png\" alt=\"Photo de traitement avec symbole de masculinit\u00e9\" class=\"wp-image-5751\" style=\"object-fit:contain;width:306px;height:368px\" width=\"306\" height=\"368\" srcset=\"https:\/\/www.haarfreiheit.net\/wp-content\/uploads\/2021\/11\/Behandlung-Mann.png 400w, https:\/\/www.haarfreiheit.net\/wp-content\/uploads\/2021\/11\/Behandlung-Mann-249x300.png 249w\" sizes=\"auto, (max-width: 306px) 100vw, 306px\" \/><\/figure>\n<\/div><\/div>\n<\/div>\n<\/div><\/div>\n\n\n\n<div style=\"height:50px\" aria-hidden=\"true\" class=\"wp-block-spacer is-style-s50\"><\/div>\n\n\n\n<div class=\"wp-block-cover is-light\"><span aria-hidden=\"true\" class=\"wp-block-cover__background has-background-dim\"><\/span><img loading=\"lazy\" decoding=\"async\" width=\"1980\" height=\"960\" class=\"wp-block-cover__image-background wp-image-2844\" alt=\"Image d\u2019arri\u00e8re-plan Image d\u2019effet\" src=\"https:\/\/www.haarfreiheit.net\/wp-content\/uploads\/2021\/10\/Beratung.jpg\" data-object-fit=\"cover\" srcset=\"https:\/\/www.haarfreiheit.net\/wp-content\/uploads\/2021\/10\/Beratung.jpg 1980w, https:\/\/www.haarfreiheit.net\/wp-content\/uploads\/2021\/10\/Beratung-300x145.jpg 300w, https:\/\/www.haarfreiheit.net\/wp-content\/uploads\/2021\/10\/Beratung-1024x496.jpg 1024w, https:\/\/www.haarfreiheit.net\/wp-content\/uploads\/2021\/10\/Beratung-1536x745.jpg 1536w\" sizes=\"auto, (max-width: 1980px) 100vw, 1980px\" \/><div class=\"wp-block-cover__inner-container is-layout-flow wp-block-cover-is-layout-flow\">\n<div style=\"height:71px\" aria-hidden=\"true\" class=\"wp-block-spacer\"><\/div>\n\n\n<div class=\"wp-block-image\">\n<figure class=\"aligncenter size-full is-resized\"><img loading=\"lazy\" decoding=\"async\" src=\"https:\/\/www.haarfreiheit.net\/wp-content\/uploads\/2021\/10\/Logo-HF-weiss.png\" alt=\"Haarfreiheit Logo blanc\" class=\"wp-image-6161\" style=\"width:488px;height:203px\" width=\"488\" height=\"203\" srcset=\"https:\/\/www.haarfreiheit.net\/wp-content\/uploads\/2021\/10\/Logo-HF-weiss.png 952w, https:\/\/www.haarfreiheit.net\/wp-content\/uploads\/2021\/10\/Logo-HF-weiss-300x125.png 300w\" sizes=\"auto, (max-width: 488px) 100vw, 488px\" \/><\/figure>\n<\/div>\n\n\n<div style=\"height:31px\" aria-hidden=\"true\" class=\"wp-block-spacer\"><\/div>\n\n\n\n<div class=\"wp-block-columns is-layout-flex wp-container-core-columns-is-layout-9d6595d7 wp-block-columns-is-layout-flex\">\n<div class=\"wp-block-column is-layout-flow wp-block-column-is-layout-flow\">\n<div class=\"wp-block-buttons is-horizontal is-content-justification-center is-layout-flex wp-container-core-buttons-is-layout-499968f5 wp-block-buttons-is-layout-flex\">\n<div class=\"wp-block-button\"><a class=\"wp-block-button__link has-black-color has-white-background-color has-text-color has-background wp-element-button\" href=\"\/fr\/xenogel-epilation-permanente\/\">XENOgel\u00ae Technology<\/a><\/div>\n<\/div>\n<\/div>\n\n\n\n<div class=\"wp-block-column is-layout-flow wp-block-column-is-layout-flow\">\n<div class=\"wp-block-buttons is-horizontal is-content-justification-center is-layout-flex wp-container-core-buttons-is-layout-499968f5 wp-block-buttons-is-layout-flex\">\n<div class=\"wp-block-button quaternary-bg-color is-style-fill\"><a class=\"wp-block-button__link wp-element-button\" href=\"\/fr\/organiser-consultation-epilation-permanente\/\">Organiser une consultation gratuite<\/a><\/div>\n<\/div>\n<\/div>\n<\/div>\n\n\n\n<div style=\"height:71px\" aria-hidden=\"true\" class=\"wp-block-spacer\"><\/div>\n<\/div><\/div>\n","protected":false},"excerpt":{"rendered":"<p>DIFF\u00c9RENCES ENTRE LES SEXES DANS LES POILS M\u00eame si la m\u00e9thode reste la m\u00eame, il existe des diff\u00e9rences propres \u00e0 chaque sexe en termes de zone d&rsquo;application et de motivation pour l&rsquo;\u00e9pilation. Alors que les femmes sont surtout pr\u00e9occup\u00e9es par l&rsquo;esth\u00e9tique d&rsquo;un corps totalement d\u00e9pourvu de poils, de nombreux hommes se contentent souvent d&rsquo;\u00e9liminer les <a href=\"https:\/\/www.haarfreiheit.net\/fr\/epilation-permanente-femmes-hommes\/\" class=\"more-link\">&#8230;<\/a><\/p>\n","protected":false},"author":1,"featured_media":0,"parent":0,"menu_order":0,"comment_status":"closed","ping_status":"closed","template":"","meta":{"footnotes":""},"class_list":["post-5747","page","type-page","status-publish","hentry"],"yoast_head":"<!-- This site is optimized with the Yoast SEO plugin v27.1.1 - https:\/\/yoast.com\/product\/yoast-seo-wordpress\/ -->\n<title>\u00c9pilation permanente r\u00e9gions | Diff\u00e9rences hommes et femmes<\/title>\n<meta name=\"description\" content=\"Une peau lisse et soign\u00e9e est consid\u00e9r\u00e9e comme esth\u00e9tique chez les femmes et les hommes. N\u00e9anmoins, il existe des diff\u00e9rences.\" \/>\n<meta name=\"robots\" content=\"index, follow, max-snippet:-1, max-image-preview:large, max-video-preview:-1\" \/>\n<link rel=\"canonical\" href=\"https:\/\/www.haarfreiheit.net\/fr\/epilation-permanente-femmes-hommes\/\" \/>\n<meta property=\"og:locale\" content=\"fr_FR\" \/>\n<meta property=\"og:type\" content=\"article\" \/>\n<meta property=\"og:title\" content=\"\u00c9pilation permanente r\u00e9gions | Diff\u00e9rences hommes et femmes\" \/>\n<meta property=\"og:description\" content=\"Une peau lisse et soign\u00e9e est consid\u00e9r\u00e9e comme esth\u00e9tique chez les femmes et les hommes. N\u00e9anmoins, il existe des diff\u00e9rences.\" \/>\n<meta property=\"og:url\" content=\"https:\/\/www.haarfreiheit.net\/fr\/epilation-permanente-femmes-hommes\/\" \/>\n<meta property=\"og:site_name\" content=\"Haarfreiheit\" \/>\n<meta property=\"article:modified_time\" content=\"2023-09-26T11:48:37+00:00\" \/>\n<meta property=\"og:image\" content=\"https:\/\/www.haarfreiheit.net\/wp-content\/uploads\/2021\/10\/Koerperregion-Bannerbild.jpg\" \/>\n<meta name=\"twitter:card\" content=\"summary_large_image\" \/>\n<meta name=\"twitter:label1\" content=\"Dur\u00e9e de lecture estim\u00e9e\" \/>\n\t<meta name=\"twitter:data1\" content=\"5 minutes\" \/>\n<script type=\"application\/ld+json\" class=\"yoast-schema-graph\">{\"@context\":\"https:\/\/schema.org\",\"@graph\":[{\"@type\":\"WebPage\",\"@id\":\"https:\/\/www.haarfreiheit.net\/fr\/epilation-permanente-femmes-hommes\/\",\"url\":\"https:\/\/www.haarfreiheit.net\/fr\/epilation-permanente-femmes-hommes\/\",\"name\":\"\u00c9pilation permanente r\u00e9gions | Diff\u00e9rences hommes et femmes\",\"isPartOf\":{\"@id\":\"https:\/\/www.haarfreiheit.net\/fr\/#website\"},\"primaryImageOfPage\":{\"@id\":\"https:\/\/www.haarfreiheit.net\/fr\/epilation-permanente-femmes-hommes\/#primaryimage\"},\"image\":{\"@id\":\"https:\/\/www.haarfreiheit.net\/fr\/epilation-permanente-femmes-hommes\/#primaryimage\"},\"thumbnailUrl\":\"https:\/\/www.haarfreiheit.net\/wp-content\/uploads\/2021\/10\/Koerperregion-Bannerbild.jpg\",\"datePublished\":\"2021-11-03T10:19:14+00:00\",\"dateModified\":\"2023-09-26T11:48:37+00:00\",\"description\":\"Une peau lisse et soign\u00e9e est consid\u00e9r\u00e9e comme esth\u00e9tique chez les femmes et les hommes. N\u00e9anmoins, il existe des diff\u00e9rences.\",\"breadcrumb\":{\"@id\":\"https:\/\/www.haarfreiheit.net\/fr\/epilation-permanente-femmes-hommes\/#breadcrumb\"},\"inLanguage\":\"fr-FR\",\"potentialAction\":[{\"@type\":\"ReadAction\",\"target\":[\"https:\/\/www.haarfreiheit.net\/fr\/epilation-permanente-femmes-hommes\/\"]}]},{\"@type\":\"ImageObject\",\"inLanguage\":\"fr-FR\",\"@id\":\"https:\/\/www.haarfreiheit.net\/fr\/epilation-permanente-femmes-hommes\/#primaryimage\",\"url\":\"https:\/\/www.haarfreiheit.net\/wp-content\/uploads\/2021\/10\/Koerperregion-Bannerbild.jpg\",\"contentUrl\":\"https:\/\/www.haarfreiheit.net\/wp-content\/uploads\/2021\/10\/Koerperregion-Bannerbild.jpg\"},{\"@type\":\"BreadcrumbList\",\"@id\":\"https:\/\/www.haarfreiheit.net\/fr\/epilation-permanente-femmes-hommes\/#breadcrumb\",\"itemListElement\":[{\"@type\":\"ListItem\",\"position\":1,\"name\":\"Startseite\",\"item\":\"https:\/\/www.haarfreiheit.net\/fr\/\"},{\"@type\":\"ListItem\",\"position\":2,\"name\":\"l&rsquo;\u00c9pilation permanente | DIFF\u00c9RENCES HOMME ET FEMME\"}]},{\"@type\":\"WebSite\",\"@id\":\"https:\/\/www.haarfreiheit.net\/fr\/#website\",\"url\":\"https:\/\/www.haarfreiheit.net\/fr\/\",\"name\":\"Haarfreiheit\",\"description\":\"Dauerhafte Haarentfernung beim Experten\",\"potentialAction\":[{\"@type\":\"SearchAction\",\"target\":{\"@type\":\"EntryPoint\",\"urlTemplate\":\"https:\/\/www.haarfreiheit.net\/fr\/?s={search_term_string}\"},\"query-input\":{\"@type\":\"PropertyValueSpecification\",\"valueRequired\":true,\"valueName\":\"search_term_string\"}}],\"inLanguage\":\"fr-FR\"}]}<\/script>\n<!-- \/ Yoast SEO plugin. -->","yoast_head_json":{"title":"\u00c9pilation permanente r\u00e9gions | Diff\u00e9rences hommes et femmes","description":"Une peau lisse et soign\u00e9e est consid\u00e9r\u00e9e comme esth\u00e9tique chez les femmes et les hommes. N\u00e9anmoins, il existe des diff\u00e9rences.","robots":{"index":"index","follow":"follow","max-snippet":"max-snippet:-1","max-image-preview":"max-image-preview:large","max-video-preview":"max-video-preview:-1"},"canonical":"https:\/\/www.haarfreiheit.net\/fr\/epilation-permanente-femmes-hommes\/","og_locale":"fr_FR","og_type":"article","og_title":"\u00c9pilation permanente r\u00e9gions | Diff\u00e9rences hommes et femmes","og_description":"Une peau lisse et soign\u00e9e est consid\u00e9r\u00e9e comme esth\u00e9tique chez les femmes et les hommes. N\u00e9anmoins, il existe des diff\u00e9rences.","og_url":"https:\/\/www.haarfreiheit.net\/fr\/epilation-permanente-femmes-hommes\/","og_site_name":"Haarfreiheit","article_modified_time":"2023-09-26T11:48:37+00:00","og_image":[{"url":"https:\/\/www.haarfreiheit.net\/wp-content\/uploads\/2021\/10\/Koerperregion-Bannerbild.jpg","type":"","width":"","height":""}],"twitter_card":"summary_large_image","twitter_misc":{"Dur\u00e9e de lecture estim\u00e9e":"5 minutes"},"schema":{"@context":"https:\/\/schema.org","@graph":[{"@type":"WebPage","@id":"https:\/\/www.haarfreiheit.net\/fr\/epilation-permanente-femmes-hommes\/","url":"https:\/\/www.haarfreiheit.net\/fr\/epilation-permanente-femmes-hommes\/","name":"\u00c9pilation permanente r\u00e9gions | Diff\u00e9rences hommes et femmes","isPartOf":{"@id":"https:\/\/www.haarfreiheit.net\/fr\/#website"},"primaryImageOfPage":{"@id":"https:\/\/www.haarfreiheit.net\/fr\/epilation-permanente-femmes-hommes\/#primaryimage"},"image":{"@id":"https:\/\/www.haarfreiheit.net\/fr\/epilation-permanente-femmes-hommes\/#primaryimage"},"thumbnailUrl":"https:\/\/www.haarfreiheit.net\/wp-content\/uploads\/2021\/10\/Koerperregion-Bannerbild.jpg","datePublished":"2021-11-03T10:19:14+00:00","dateModified":"2023-09-26T11:48:37+00:00","description":"Une peau lisse et soign\u00e9e est consid\u00e9r\u00e9e comme esth\u00e9tique chez les femmes et les hommes. N\u00e9anmoins, il existe des diff\u00e9rences.","breadcrumb":{"@id":"https:\/\/www.haarfreiheit.net\/fr\/epilation-permanente-femmes-hommes\/#breadcrumb"},"inLanguage":"fr-FR","potentialAction":[{"@type":"ReadAction","target":["https:\/\/www.haarfreiheit.net\/fr\/epilation-permanente-femmes-hommes\/"]}]},{"@type":"ImageObject","inLanguage":"fr-FR","@id":"https:\/\/www.haarfreiheit.net\/fr\/epilation-permanente-femmes-hommes\/#primaryimage","url":"https:\/\/www.haarfreiheit.net\/wp-content\/uploads\/2021\/10\/Koerperregion-Bannerbild.jpg","contentUrl":"https:\/\/www.haarfreiheit.net\/wp-content\/uploads\/2021\/10\/Koerperregion-Bannerbild.jpg"},{"@type":"BreadcrumbList","@id":"https:\/\/www.haarfreiheit.net\/fr\/epilation-permanente-femmes-hommes\/#breadcrumb","itemListElement":[{"@type":"ListItem","position":1,"name":"Startseite","item":"https:\/\/www.haarfreiheit.net\/fr\/"},{"@type":"ListItem","position":2,"name":"l&rsquo;\u00c9pilation permanente | DIFF\u00c9RENCES HOMME ET FEMME"}]},{"@type":"WebSite","@id":"https:\/\/www.haarfreiheit.net\/fr\/#website","url":"https:\/\/www.haarfreiheit.net\/fr\/","name":"Haarfreiheit","description":"Dauerhafte Haarentfernung beim Experten","potentialAction":[{"@type":"SearchAction","target":{"@type":"EntryPoint","urlTemplate":"https:\/\/www.haarfreiheit.net\/fr\/?s={search_term_string}"},"query-input":{"@type":"PropertyValueSpecification","valueRequired":true,"valueName":"search_term_string"}}],"inLanguage":"fr-FR"}]}},"_links":{"self":[{"href":"https:\/\/www.haarfreiheit.net\/fr\/wp-json\/wp\/v2\/pages\/5747","targetHints":{"allow":["GET"]}}],"collection":[{"href":"https:\/\/www.haarfreiheit.net\/fr\/wp-json\/wp\/v2\/pages"}],"about":[{"href":"https:\/\/www.haarfreiheit.net\/fr\/wp-json\/wp\/v2\/types\/page"}],"author":[{"embeddable":true,"href":"https:\/\/www.haarfreiheit.net\/fr\/wp-json\/wp\/v2\/users\/1"}],"replies":[{"embeddable":true,"href":"https:\/\/www.haarfreiheit.net\/fr\/wp-json\/wp\/v2\/comments?post=5747"}],"version-history":[{"count":9,"href":"https:\/\/www.haarfreiheit.net\/fr\/wp-json\/wp\/v2\/pages\/5747\/revisions"}],"predecessor-version":[{"id":20860,"href":"https:\/\/www.haarfreiheit.net\/fr\/wp-json\/wp\/v2\/pages\/5747\/revisions\/20860"}],"wp:attachment":[{"href":"https:\/\/www.haarfreiheit.net\/fr\/wp-json\/wp\/v2\/media?parent=5747"}],"curies":[{"name":"wp","href":"https:\/\/api.w.org\/{rel}","templated":true}]}}