{"id":5805,"date":"2021-08-06T13:08:14","date_gmt":"2021-08-06T11:08:14","guid":{"rendered":"https:\/\/www.haarfreiheit.net\/maenner-beine-fuesse\/"},"modified":"2024-01-17T10:34:24","modified_gmt":"2024-01-17T09:34:24","slug":"epilation-permanente-hommes-jambes","status":"publish","type":"page","link":"https:\/\/www.haarfreiheit.net\/fr\/epilation-permanente-hommes-jambes\/","title":{"rendered":"\u00c9pilation permanente r\u00e9gions des hommes | JAMBES ET PIEDS"},"content":{"rendered":"\n<div class=\"wp-block-cover is-light\" style=\"min-height:250px;aspect-ratio:unset;\"><span aria-hidden=\"true\" class=\"wp-block-cover__background has-background-dim-0 has-background-dim\" style=\"background-color:#814747\"><\/span><img loading=\"lazy\" decoding=\"async\" width=\"1980\" height=\"1034\" class=\"wp-block-cover__image-background wp-image-5806\" alt=\"Papier peint Banni\u00e8re beau corps d\u2019homme\" src=\"https:\/\/www.haarfreiheit.net\/wp-content\/uploads\/2021\/11\/Banner-Radsport.jpg\" style=\"object-position:83% 20%\" data-object-fit=\"cover\" data-object-position=\"83% 20%\" srcset=\"https:\/\/www.haarfreiheit.net\/wp-content\/uploads\/2021\/11\/Banner-Radsport.jpg 1980w, https:\/\/www.haarfreiheit.net\/wp-content\/uploads\/2021\/11\/Banner-Radsport-300x157.jpg 300w, https:\/\/www.haarfreiheit.net\/wp-content\/uploads\/2021\/11\/Banner-Radsport-1024x535.jpg 1024w, https:\/\/www.haarfreiheit.net\/wp-content\/uploads\/2021\/11\/Banner-Radsport-1536x802.jpg 1536w\" sizes=\"auto, (max-width: 1980px) 100vw, 1980px\" \/><div class=\"wp-block-cover__inner-container is-layout-flow wp-block-cover-is-layout-flow\">\n<div style=\"height:66px\" aria-hidden=\"true\" class=\"wp-block-spacer is-style-s40\"><\/div>\n\n\n\n<div class=\"wp-block-columns is-layout-flex wp-container-core-columns-is-layout-9d6595d7 wp-block-columns-is-layout-flex\">\n<div class=\"wp-block-column is-vertically-aligned-center is-layout-flow wp-block-column-is-layout-flow\" style=\"flex-basis:27%\"><div class=\"wp-block-image\">\n<figure class=\"aligncenter size-full is-resized\"><img loading=\"lazy\" decoding=\"async\" width=\"400\" height=\"374\" src=\"https:\/\/www.haarfreiheit.net\/wp-content\/uploads\/2021\/11\/Wabe-Beine-Mann.png\" alt=\"jambes lisses et attrayantes pour hommes\" class=\"wp-image-5719\" style=\"object-fit:contain;width:335px;height:313px\" srcset=\"https:\/\/www.haarfreiheit.net\/wp-content\/uploads\/2021\/11\/Wabe-Beine-Mann.png 400w, https:\/\/www.haarfreiheit.net\/wp-content\/uploads\/2021\/11\/Wabe-Beine-Mann-300x281.png 300w\" sizes=\"auto, (max-width: 400px) 100vw, 400px\" \/><\/figure>\n<\/div><\/div>\n\n\n\n<div class=\"wp-block-column is-vertically-aligned-center is-layout-flow wp-block-column-is-layout-flow\" style=\"flex-basis:55%\">\n<h1 class=\"wp-block-heading has-text-align-center has-white-color has-text-color\" id=\"jambes-et-pieds\"><strong>JAMBES <\/strong>ET PIEDS<\/h1>\n\n\n\n<div style=\"height:25px\" aria-hidden=\"true\" class=\"wp-block-spacer\"><\/div>\n\n\n<div class=\"wp-block-image\">\n<figure class=\"aligncenter size-large is-resized\"><img loading=\"lazy\" decoding=\"async\" width=\"1024\" height=\"201\" src=\"https:\/\/www.haarfreiheit.net\/wp-content\/uploads\/2021\/11\/Banner-Maennlichkeitszeichen-Trenner-1024x201.png\" alt=\"S\u00e9parateur Symbole graphique de masculinit\u00e9\" class=\"wp-image-7014\" style=\"object-fit:contain;width:590px;height:116px\" srcset=\"https:\/\/www.haarfreiheit.net\/wp-content\/uploads\/2021\/11\/Banner-Maennlichkeitszeichen-Trenner-1024x201.png 1024w, https:\/\/www.haarfreiheit.net\/wp-content\/uploads\/2021\/11\/Banner-Maennlichkeitszeichen-Trenner-300x59.png 300w, https:\/\/www.haarfreiheit.net\/wp-content\/uploads\/2021\/11\/Banner-Maennlichkeitszeichen-Trenner.png 1140w\" sizes=\"auto, (max-width: 1024px) 100vw, 1024px\" \/><\/figure>\n<\/div>\n\n\n<div style=\"height:26px\" aria-hidden=\"true\" class=\"wp-block-spacer\"><\/div>\n\n\n\n<p class=\"has-text-align-center has-text-color quaternary-color has-medium-font-size\"><strong>R\u00e9gions du corps pour les hommes<\/strong><\/p>\n\n\n\n<div style=\"height:43px\" aria-hidden=\"true\" class=\"wp-block-spacer\"><\/div>\n\n\n\n<div class=\"wp-block-buttons is-horizontal is-content-justification-center is-layout-flex wp-container-core-buttons-is-layout-499968f5 wp-block-buttons-is-layout-flex\">\n<div class=\"wp-block-button quaternary-bg-color is-style-fill\"><a class=\"wp-block-button__link has-white-color has-text-color wp-element-button\" href=\"\/fr\/organiser-consultation-epilation-permanente\/\">Organiser une consultation gratuite<\/a><\/div>\n<\/div>\n<\/div>\n<\/div>\n\n\n\n<div style=\"height:62px\" aria-hidden=\"true\" class=\"wp-block-spacer is-style-s40\"><\/div>\n<\/div><\/div>\n\n\n\n<div style=\"height:82px\" aria-hidden=\"true\" class=\"wp-block-spacer is-style-s50\"><\/div>\n\n\n\n<div class=\"wp-block-columns is-layout-flex wp-container-core-columns-is-layout-9d6595d7 wp-block-columns-is-layout-flex\">\n<div class=\"wp-block-column is-vertically-aligned-center is-layout-flow wp-block-column-is-layout-flow\">\n<h2 class=\"wp-block-heading has-text-align-center has-text-color quaternary-color\">Sans complication et permanente*<br>Avantages sportifs<\/h2>\n\n\n\n<p class=\"has-text-align-center\">La tendance \u00e0 l&rsquo;\u00e9pilation se d\u00e9veloppe de plus en plus, notamment chez les sportifs. Que vous soyez un athl\u00e8te, un nageur ou un cycliste, vous pouvez vous aussi b\u00e9n\u00e9ficier de tous les avantages de l&rsquo;\u00e9pilation permanente* des jambes et des pieds. Gr\u00e2ce \u00e0 une photo\u00e9pilation efficace, fini les \u00e9pilations douloureuses et les rasages fastidieux.<\/p>\n<\/div>\n\n\n\n<div class=\"wp-block-column is-vertically-aligned-center is-layout-flow wp-block-column-is-layout-flow\">\n<figure class=\"wp-block-image size-full is-resized\"><img loading=\"lazy\" decoding=\"async\" width=\"663\" height=\"500\" src=\"https:\/\/www.haarfreiheit.net\/wp-content\/uploads\/2021\/07\/Banner-Mann-Beine.jpg\" alt=\"homme sportif pendant les exercices des jambes\" class=\"wp-image-75\" style=\"object-fit:contain;width:537px;height:405px\" srcset=\"https:\/\/www.haarfreiheit.net\/wp-content\/uploads\/2021\/07\/Banner-Mann-Beine.jpg 663w, https:\/\/www.haarfreiheit.net\/wp-content\/uploads\/2021\/07\/Banner-Mann-Beine-300x226.jpg 300w\" sizes=\"auto, (max-width: 663px) 100vw, 663px\" \/><\/figure>\n<\/div>\n<\/div>\n\n\n\n<div style=\"height:82px\" aria-hidden=\"true\" class=\"wp-block-spacer is-style-s50\"><\/div>\n\n\n\n<div class=\"wp-block-columns is-layout-flex wp-container-core-columns-is-layout-9d6595d7 wp-block-columns-is-layout-flex\">\n<div class=\"wp-block-column is-layout-flow wp-block-column-is-layout-flow\"><div class=\"wp-block-image\">\n<figure class=\"aligncenter size-large is-resized\"><img loading=\"lazy\" decoding=\"async\" width=\"1024\" height=\"201\" src=\"https:\/\/www.haarfreiheit.net\/wp-content\/uploads\/2021\/11\/Banner-Maennlichkeitszeichen-Trenner-1024x201.png\" alt=\"S\u00e9parateur Symbole graphique de masculinit\u00e9\" class=\"wp-image-7014\" style=\"width:768px;height:151px\" srcset=\"https:\/\/www.haarfreiheit.net\/wp-content\/uploads\/2021\/11\/Banner-Maennlichkeitszeichen-Trenner-1024x201.png 1024w, https:\/\/www.haarfreiheit.net\/wp-content\/uploads\/2021\/11\/Banner-Maennlichkeitszeichen-Trenner-300x59.png 300w, https:\/\/www.haarfreiheit.net\/wp-content\/uploads\/2021\/11\/Banner-Maennlichkeitszeichen-Trenner.png 1140w\" sizes=\"auto, (max-width: 1024px) 100vw, 1024px\" \/><\/figure>\n<\/div><\/div>\n<\/div>\n\n\n\n<div style=\"height:45px\" aria-hidden=\"true\" class=\"wp-block-spacer is-style-s50\"><\/div>\n\n\n\n<div class=\"wp-block-columns is-layout-flex wp-container-core-columns-is-layout-9d6595d7 wp-block-columns-is-layout-flex\">\n<div class=\"wp-block-column is-layout-flow wp-block-column-is-layout-flow\">\n<h3 class=\"wp-block-heading has-text-align-center has-text-color quaternary-color\"><strong><strong>La s\u00e9curit\u00e9 avant tout<\/strong><\/strong><\/h3>\n\n\n\n<p class=\"has-text-align-center\">Les tiques sont le d\u00e9clencheur de nombreuses infections dangereuses. Ces petits arachnides sont souvent difficiles \u00e0 rep\u00e9rer, surtout si vous \u00eates encore couvert d&rsquo;une forte pilosit\u00e9. Ne laissez pas le pire arriver et d\u00e9couvrez les avantages de notre \u00e9pilation \u00e0 la lumi\u00e8re froide. Appr\u00e9ciez la l\u00e9g\u00e8ret\u00e9 et faites l&rsquo;exp\u00e9rience de la libert\u00e9 gr\u00e2ce \u00e0 nos technologies innovantes d&rsquo;\u00e9pilation permanente*.<\/p>\n<\/div>\n\n\n\n<div class=\"wp-block-column is-layout-flow wp-block-column-is-layout-flow\">\n<h3 class=\"wp-block-heading has-text-align-center has-text-color quaternary-color\"><strong><strong>Traitement initial optimal des plaies<\/strong><\/strong><\/h3>\n\n\n\n<p class=\"has-text-align-center\">Les jambes et les pieds sont souvent touch\u00e9s par le sport et il n&rsquo;est pas rare que des blessures surviennent. Cependant, il faut toujours les traiter de la meilleure fa\u00e7on possible et le plus rapidement possible, sinon les activit\u00e9s sportives futures sont en danger. Des cheveux g\u00eanants peuvent entraver le traitement initial d&rsquo;un miracle. En outre, les bact\u00e9ries qui se sont fix\u00e9es sur les cheveux peuvent entra\u00eener une inflammation. Restez du c\u00f4t\u00e9 de la s\u00e9curit\u00e9 et accordez-vous la meilleure gu\u00e9rison possible.<\/p>\n<\/div>\n<\/div>\n\n\n\n<div style=\"height:74px\" aria-hidden=\"true\" class=\"wp-block-spacer is-style-s50\"><\/div>\n\n\n\n<div class=\"wp-block-cover\"><span aria-hidden=\"true\" class=\"wp-block-cover__background has-black-background-color has-background-dim-40 has-background-dim\"><\/span><img loading=\"lazy\" decoding=\"async\" width=\"1980\" height=\"1417\" class=\"wp-block-cover__image-background wp-image-5728\" alt=\"Image de banni\u00e8re\" src=\"https:\/\/www.haarfreiheit.net\/wp-content\/uploads\/2021\/11\/Petrol-BG.jpg\" style=\"object-position:0% 100%\" data-object-fit=\"cover\" data-object-position=\"0% 100%\" srcset=\"https:\/\/www.haarfreiheit.net\/wp-content\/uploads\/2021\/11\/Petrol-BG.jpg 1980w, https:\/\/www.haarfreiheit.net\/wp-content\/uploads\/2021\/11\/Petrol-BG-300x215.jpg 300w, https:\/\/www.haarfreiheit.net\/wp-content\/uploads\/2021\/11\/Petrol-BG-1024x733.jpg 1024w, https:\/\/www.haarfreiheit.net\/wp-content\/uploads\/2021\/11\/Petrol-BG-1536x1099.jpg 1536w\" sizes=\"auto, (max-width: 1980px) 100vw, 1980px\" \/><div class=\"wp-block-cover__inner-container is-layout-flow wp-block-cover-is-layout-flow\">\n<div style=\"height:25px\" aria-hidden=\"true\" class=\"wp-block-spacer is-style-s50\"><\/div>\n\n\n\n<div class=\"wp-block-columns is-layout-flex wp-container-core-columns-is-layout-9d6595d7 wp-block-columns-is-layout-flex\">\n<div class=\"wp-block-column is-vertically-aligned-center is-layout-flow wp-block-column-is-layout-flow\"><div class=\"wp-block-image\">\n<figure class=\"aligncenter size-full is-resized\"><img loading=\"lazy\" decoding=\"async\" width=\"500\" height=\"375\" src=\"https:\/\/www.haarfreiheit.net\/wp-content\/uploads\/2021\/07\/Schwimmen.png\" alt=\"Nageurs photo avec des jambes entra\u00een\u00e9es\" class=\"wp-image-239\" style=\"object-fit:contain;width:510px;height:383px\" srcset=\"https:\/\/www.haarfreiheit.net\/wp-content\/uploads\/2021\/07\/Schwimmen.png 500w, https:\/\/www.haarfreiheit.net\/wp-content\/uploads\/2021\/07\/Schwimmen-300x225.png 300w\" sizes=\"auto, (max-width: 500px) 100vw, 500px\" \/><\/figure>\n<\/div><\/div>\n\n\n\n<div class=\"wp-block-column is-vertically-aligned-center is-layout-flow wp-block-column-is-layout-flow\">\n<h3 class=\"wp-block-heading has-text-align-center\" id=\"augmentez-vos-meilleures-performances\"><strong><strong>Augmentez vos meilleures performances<\/strong><\/strong><\/h3>\n\n\n\n<p class=\"has-text-align-center\">Outre l&rsquo;esth\u00e9tique, les hommes pr\u00eatent g\u00e9n\u00e9ralement attention \u00e0 leurs performances sportives. L&rsquo;\u00e9pilation permanente* peut avoir un effet positif sur ce point, car une peau lisse r\u00e9duit finalement aussi la r\u00e9sistance \u00e0 l&rsquo;air. C&rsquo;est pourquoi de nombreux athl\u00e8tes font d\u00e9j\u00e0 confiance \u00e0 nos technologies innovantes.<\/p>\n<\/div>\n<\/div>\n\n\n\n<div style=\"height:61px\" aria-hidden=\"true\" class=\"wp-block-spacer is-style-s50\"><\/div>\n<\/div><\/div>\n\n\n\n<div class=\"wp-block-cover\" style=\"min-height:100px;aspect-ratio:unset;\"><span aria-hidden=\"true\" class=\"wp-block-cover__background has-background-dim-0 has-background-dim\"><\/span><img loading=\"lazy\" decoding=\"async\" width=\"1980\" height=\"1185\" class=\"wp-block-cover__image-background wp-image-5931\" alt=\"Image de banni\u00e8re Arri\u00e8re-plan et contact\" src=\"https:\/\/www.haarfreiheit.net\/wp-content\/uploads\/2021\/11\/BusinessMann-Banner.jpg\" data-object-fit=\"cover\" srcset=\"https:\/\/www.haarfreiheit.net\/wp-content\/uploads\/2021\/11\/BusinessMann-Banner.jpg 1980w, https:\/\/www.haarfreiheit.net\/wp-content\/uploads\/2021\/11\/BusinessMann-Banner-300x180.jpg 300w, https:\/\/www.haarfreiheit.net\/wp-content\/uploads\/2021\/11\/BusinessMann-Banner-1024x613.jpg 1024w, https:\/\/www.haarfreiheit.net\/wp-content\/uploads\/2021\/11\/BusinessMann-Banner-1536x919.jpg 1536w\" sizes=\"auto, (max-width: 1980px) 100vw, 1980px\" \/><div class=\"wp-block-cover__inner-container is-layout-flow wp-block-cover-is-layout-flow\">\n<div style=\"height:90px\" aria-hidden=\"true\" class=\"wp-block-spacer\"><\/div>\n\n\n\n<div class=\"wp-block-columns is-layout-flex wp-container-core-columns-is-layout-9d6595d7 wp-block-columns-is-layout-flex\">\n<div class=\"wp-block-column is-layout-flow wp-block-column-is-layout-flow\">\n<div class=\"wp-block-buttons is-horizontal is-content-justification-center is-layout-flex wp-container-core-buttons-is-layout-499968f5 wp-block-buttons-is-layout-flex\">\n<div class=\"wp-block-button\"><a class=\"wp-block-button__link wp-element-button\" href=\"\/fr\/apercu-regions-hommes\/\">D\u00e9tour Aper\u00e7u<\/a><\/div>\n<\/div>\n<\/div>\n\n\n\n<div class=\"wp-block-column is-layout-flow wp-block-column-is-layout-flow\">\n<div class=\"wp-block-buttons is-horizontal is-content-justification-center is-layout-flex wp-container-core-buttons-is-layout-499968f5 wp-block-buttons-is-layout-flex\">\n<div class=\"wp-block-button\"><a class=\"wp-block-button__link has-black-color has-white-background-color has-text-color has-background wp-element-button\" href=\"\/fr\/organiser-consultation-epilation-permanente\/\">Organiser une consultation gratuite<\/a><\/div>\n<\/div>\n<\/div>\n<\/div>\n\n\n\n<div style=\"height:78px\" aria-hidden=\"true\" class=\"wp-block-spacer\"><\/div>\n<\/div><\/div>\n","protected":false},"excerpt":{"rendered":"<p>Sans complication et permanente*Avantages sportifs La tendance \u00e0 l&rsquo;\u00e9pilation se d\u00e9veloppe de plus en plus, notamment chez les sportifs. Que vous soyez un athl\u00e8te, un nageur ou un cycliste, vous pouvez vous aussi b\u00e9n\u00e9ficier de tous les avantages de l&rsquo;\u00e9pilation permanente* des jambes et des pieds. Gr\u00e2ce \u00e0 une photo\u00e9pilation efficace, fini les \u00e9pilations douloureuses <a href=\"https:\/\/www.haarfreiheit.net\/fr\/epilation-permanente-hommes-jambes\/\" class=\"more-link\">&#8230;<\/a><\/p>\n","protected":false},"author":1,"featured_media":0,"parent":0,"menu_order":0,"comment_status":"closed","ping_status":"closed","template":"","meta":{"footnotes":""},"class_list":["post-5805","page","type-page","status-publish","hentry"],"yoast_head":"<!-- This site is optimized with the Yoast SEO plugin v27.1.1 - https:\/\/yoast.com\/product\/yoast-seo-wordpress\/ -->\n<title>\u00c9pilation permanente r\u00e9gions des hommes | JAMBES ET PIEDS<\/title>\n<meta name=\"description\" content=\"\u00c9pilation permanente* sur les jambes et les pieds - Augmentez vos performances, minimisez les risques et les soins.\" \/>\n<meta name=\"robots\" content=\"index, follow, max-snippet:-1, max-image-preview:large, max-video-preview:-1\" \/>\n<link rel=\"canonical\" href=\"https:\/\/www.haarfreiheit.net\/fr\/epilation-permanente-hommes-jambes\/\" \/>\n<meta property=\"og:locale\" content=\"fr_FR\" \/>\n<meta property=\"og:type\" content=\"article\" \/>\n<meta property=\"og:title\" content=\"\u00c9pilation permanente r\u00e9gions des hommes | JAMBES ET PIEDS\" \/>\n<meta property=\"og:description\" content=\"\u00c9pilation permanente* sur les jambes et les pieds - Augmentez vos performances, minimisez les risques et les soins.\" \/>\n<meta property=\"og:url\" content=\"https:\/\/www.haarfreiheit.net\/fr\/epilation-permanente-hommes-jambes\/\" \/>\n<meta property=\"og:site_name\" content=\"Haarfreiheit\" \/>\n<meta property=\"article:modified_time\" content=\"2024-01-17T09:34:24+00:00\" \/>\n<meta property=\"og:image\" content=\"https:\/\/www.haarfreiheit.net\/wp-content\/uploads\/2021\/11\/Banner-Radsport.jpg\" \/>\n<meta name=\"twitter:card\" content=\"summary_large_image\" \/>\n<meta name=\"twitter:label1\" content=\"Dur\u00e9e de lecture estim\u00e9e\" \/>\n\t<meta name=\"twitter:data1\" content=\"4 minutes\" \/>\n<script type=\"application\/ld+json\" class=\"yoast-schema-graph\">{\"@context\":\"https:\/\/schema.org\",\"@graph\":[{\"@type\":\"WebPage\",\"@id\":\"https:\/\/www.haarfreiheit.net\/fr\/epilation-permanente-hommes-jambes\/\",\"url\":\"https:\/\/www.haarfreiheit.net\/fr\/epilation-permanente-hommes-jambes\/\",\"name\":\"\u00c9pilation permanente r\u00e9gions des hommes | JAMBES ET PIEDS\",\"isPartOf\":{\"@id\":\"https:\/\/www.haarfreiheit.net\/fr\/#website\"},\"primaryImageOfPage\":{\"@id\":\"https:\/\/www.haarfreiheit.net\/fr\/epilation-permanente-hommes-jambes\/#primaryimage\"},\"image\":{\"@id\":\"https:\/\/www.haarfreiheit.net\/fr\/epilation-permanente-hommes-jambes\/#primaryimage\"},\"thumbnailUrl\":\"https:\/\/www.haarfreiheit.net\/wp-content\/uploads\/2021\/11\/Banner-Radsport.jpg\",\"datePublished\":\"2021-08-06T11:08:14+00:00\",\"dateModified\":\"2024-01-17T09:34:24+00:00\",\"description\":\"\u00c9pilation permanente* sur les jambes et les pieds - Augmentez vos performances, minimisez les risques et les soins.\",\"breadcrumb\":{\"@id\":\"https:\/\/www.haarfreiheit.net\/fr\/epilation-permanente-hommes-jambes\/#breadcrumb\"},\"inLanguage\":\"fr-FR\",\"potentialAction\":[{\"@type\":\"ReadAction\",\"target\":[\"https:\/\/www.haarfreiheit.net\/fr\/epilation-permanente-hommes-jambes\/\"]}]},{\"@type\":\"ImageObject\",\"inLanguage\":\"fr-FR\",\"@id\":\"https:\/\/www.haarfreiheit.net\/fr\/epilation-permanente-hommes-jambes\/#primaryimage\",\"url\":\"https:\/\/www.haarfreiheit.net\/wp-content\/uploads\/2021\/11\/Banner-Radsport.jpg\",\"contentUrl\":\"https:\/\/www.haarfreiheit.net\/wp-content\/uploads\/2021\/11\/Banner-Radsport.jpg\"},{\"@type\":\"BreadcrumbList\",\"@id\":\"https:\/\/www.haarfreiheit.net\/fr\/epilation-permanente-hommes-jambes\/#breadcrumb\",\"itemListElement\":[{\"@type\":\"ListItem\",\"position\":1,\"name\":\"Startseite\",\"item\":\"https:\/\/www.haarfreiheit.net\/fr\/\"},{\"@type\":\"ListItem\",\"position\":2,\"name\":\"\u00c9pilation permanente r\u00e9gions des hommes | JAMBES ET PIEDS\"}]},{\"@type\":\"WebSite\",\"@id\":\"https:\/\/www.haarfreiheit.net\/fr\/#website\",\"url\":\"https:\/\/www.haarfreiheit.net\/fr\/\",\"name\":\"Haarfreiheit\",\"description\":\"Dauerhafte Haarentfernung beim Experten\",\"potentialAction\":[{\"@type\":\"SearchAction\",\"target\":{\"@type\":\"EntryPoint\",\"urlTemplate\":\"https:\/\/www.haarfreiheit.net\/fr\/?s={search_term_string}\"},\"query-input\":{\"@type\":\"PropertyValueSpecification\",\"valueRequired\":true,\"valueName\":\"search_term_string\"}}],\"inLanguage\":\"fr-FR\"}]}<\/script>\n<!-- \/ Yoast SEO plugin. -->","yoast_head_json":{"title":"\u00c9pilation permanente r\u00e9gions des hommes | JAMBES ET PIEDS","description":"\u00c9pilation permanente* sur les jambes et les pieds - Augmentez vos performances, minimisez les risques et les soins.","robots":{"index":"index","follow":"follow","max-snippet":"max-snippet:-1","max-image-preview":"max-image-preview:large","max-video-preview":"max-video-preview:-1"},"canonical":"https:\/\/www.haarfreiheit.net\/fr\/epilation-permanente-hommes-jambes\/","og_locale":"fr_FR","og_type":"article","og_title":"\u00c9pilation permanente r\u00e9gions des hommes | JAMBES ET PIEDS","og_description":"\u00c9pilation permanente* sur les jambes et les pieds - Augmentez vos performances, minimisez les risques et les soins.","og_url":"https:\/\/www.haarfreiheit.net\/fr\/epilation-permanente-hommes-jambes\/","og_site_name":"Haarfreiheit","article_modified_time":"2024-01-17T09:34:24+00:00","og_image":[{"url":"https:\/\/www.haarfreiheit.net\/wp-content\/uploads\/2021\/11\/Banner-Radsport.jpg","type":"","width":"","height":""}],"twitter_card":"summary_large_image","twitter_misc":{"Dur\u00e9e de lecture estim\u00e9e":"4 minutes"},"schema":{"@context":"https:\/\/schema.org","@graph":[{"@type":"WebPage","@id":"https:\/\/www.haarfreiheit.net\/fr\/epilation-permanente-hommes-jambes\/","url":"https:\/\/www.haarfreiheit.net\/fr\/epilation-permanente-hommes-jambes\/","name":"\u00c9pilation permanente r\u00e9gions des hommes | JAMBES ET PIEDS","isPartOf":{"@id":"https:\/\/www.haarfreiheit.net\/fr\/#website"},"primaryImageOfPage":{"@id":"https:\/\/www.haarfreiheit.net\/fr\/epilation-permanente-hommes-jambes\/#primaryimage"},"image":{"@id":"https:\/\/www.haarfreiheit.net\/fr\/epilation-permanente-hommes-jambes\/#primaryimage"},"thumbnailUrl":"https:\/\/www.haarfreiheit.net\/wp-content\/uploads\/2021\/11\/Banner-Radsport.jpg","datePublished":"2021-08-06T11:08:14+00:00","dateModified":"2024-01-17T09:34:24+00:00","description":"\u00c9pilation permanente* sur les jambes et les pieds - Augmentez vos performances, minimisez les risques et les soins.","breadcrumb":{"@id":"https:\/\/www.haarfreiheit.net\/fr\/epilation-permanente-hommes-jambes\/#breadcrumb"},"inLanguage":"fr-FR","potentialAction":[{"@type":"ReadAction","target":["https:\/\/www.haarfreiheit.net\/fr\/epilation-permanente-hommes-jambes\/"]}]},{"@type":"ImageObject","inLanguage":"fr-FR","@id":"https:\/\/www.haarfreiheit.net\/fr\/epilation-permanente-hommes-jambes\/#primaryimage","url":"https:\/\/www.haarfreiheit.net\/wp-content\/uploads\/2021\/11\/Banner-Radsport.jpg","contentUrl":"https:\/\/www.haarfreiheit.net\/wp-content\/uploads\/2021\/11\/Banner-Radsport.jpg"},{"@type":"BreadcrumbList","@id":"https:\/\/www.haarfreiheit.net\/fr\/epilation-permanente-hommes-jambes\/#breadcrumb","itemListElement":[{"@type":"ListItem","position":1,"name":"Startseite","item":"https:\/\/www.haarfreiheit.net\/fr\/"},{"@type":"ListItem","position":2,"name":"\u00c9pilation permanente r\u00e9gions des hommes | JAMBES ET PIEDS"}]},{"@type":"WebSite","@id":"https:\/\/www.haarfreiheit.net\/fr\/#website","url":"https:\/\/www.haarfreiheit.net\/fr\/","name":"Haarfreiheit","description":"Dauerhafte Haarentfernung beim Experten","potentialAction":[{"@type":"SearchAction","target":{"@type":"EntryPoint","urlTemplate":"https:\/\/www.haarfreiheit.net\/fr\/?s={search_term_string}"},"query-input":{"@type":"PropertyValueSpecification","valueRequired":true,"valueName":"search_term_string"}}],"inLanguage":"fr-FR"}]}},"_links":{"self":[{"href":"https:\/\/www.haarfreiheit.net\/fr\/wp-json\/wp\/v2\/pages\/5805","targetHints":{"allow":["GET"]}}],"collection":[{"href":"https:\/\/www.haarfreiheit.net\/fr\/wp-json\/wp\/v2\/pages"}],"about":[{"href":"https:\/\/www.haarfreiheit.net\/fr\/wp-json\/wp\/v2\/types\/page"}],"author":[{"embeddable":true,"href":"https:\/\/www.haarfreiheit.net\/fr\/wp-json\/wp\/v2\/users\/1"}],"replies":[{"embeddable":true,"href":"https:\/\/www.haarfreiheit.net\/fr\/wp-json\/wp\/v2\/comments?post=5805"}],"version-history":[{"count":10,"href":"https:\/\/www.haarfreiheit.net\/fr\/wp-json\/wp\/v2\/pages\/5805\/revisions"}],"predecessor-version":[{"id":22902,"href":"https:\/\/www.haarfreiheit.net\/fr\/wp-json\/wp\/v2\/pages\/5805\/revisions\/22902"}],"wp:attachment":[{"href":"https:\/\/www.haarfreiheit.net\/fr\/wp-json\/wp\/v2\/media?parent=5805"}],"curies":[{"name":"wp","href":"https:\/\/api.w.org\/{rel}","templated":true}]}}