{"id":5941,"date":"2021-08-05T13:05:06","date_gmt":"2021-08-05T11:05:06","guid":{"rendered":"https:\/\/www.haarfreiheit.net\/haarentfernung-maenner-schultern-ruecken\/"},"modified":"2023-09-27T11:16:37","modified_gmt":"2023-09-27T09:16:37","slug":"epilation-permanente-hommes-epaules-dos","status":"publish","type":"page","link":"https:\/\/www.haarfreiheit.net\/fr\/epilation-permanente-hommes-epaules-dos\/","title":{"rendered":"\u00c9pilation permanente r\u00e9gions des hommes | \u00c8PAULES ET DOS"},"content":{"rendered":"\n<div class=\"wp-block-cover is-light\" style=\"min-height:250px;aspect-ratio:unset;\"><span aria-hidden=\"true\" class=\"wp-block-cover__background has-background-dim-20 has-background-dim\" style=\"background-color:#814747\"><\/span><img loading=\"lazy\" decoding=\"async\" width=\"1980\" height=\"1185\" class=\"wp-block-cover__image-background wp-image-5933\" alt=\"Papier peint Banni\u00e8re beau corps d\u2019homme\" src=\"https:\/\/www.haarfreiheit.net\/wp-content\/uploads\/2021\/11\/Banner-Mann-Variation.jpg\" data-object-fit=\"cover\" srcset=\"https:\/\/www.haarfreiheit.net\/wp-content\/uploads\/2021\/11\/Banner-Mann-Variation.jpg 1980w, https:\/\/www.haarfreiheit.net\/wp-content\/uploads\/2021\/11\/Banner-Mann-Variation-300x180.jpg 300w, https:\/\/www.haarfreiheit.net\/wp-content\/uploads\/2021\/11\/Banner-Mann-Variation-1024x613.jpg 1024w, https:\/\/www.haarfreiheit.net\/wp-content\/uploads\/2021\/11\/Banner-Mann-Variation-1536x919.jpg 1536w\" sizes=\"auto, (max-width: 1980px) 100vw, 1980px\" \/><div class=\"wp-block-cover__inner-container is-layout-flow wp-block-cover-is-layout-flow\">\n<div style=\"height:66px\" aria-hidden=\"true\" class=\"wp-block-spacer is-style-s40\"><\/div>\n\n\n\n<div class=\"wp-block-columns is-layout-flex wp-container-core-columns-is-layout-9d6595d7 wp-block-columns-is-layout-flex\">\n<div class=\"wp-block-column is-vertically-aligned-center is-layout-flow wp-block-column-is-layout-flow\" style=\"flex-basis:27%\"><div class=\"wp-block-image\">\n<figure class=\"aligncenter size-full is-resized\"><img loading=\"lazy\" decoding=\"async\" src=\"https:\/\/www.haarfreiheit.net\/wp-content\/uploads\/2021\/11\/Wabe-Mann-Ruecken.png\" alt=\"dos d\u2019hommes sans poils\" class=\"wp-image-5725\" style=\"object-fit:contain;width:301px;height:281px\" width=\"301\" height=\"281\" srcset=\"https:\/\/www.haarfreiheit.net\/wp-content\/uploads\/2021\/11\/Wabe-Mann-Ruecken.png 400w, https:\/\/www.haarfreiheit.net\/wp-content\/uploads\/2021\/11\/Wabe-Mann-Ruecken-300x281.png 300w\" sizes=\"auto, (max-width: 301px) 100vw, 301px\" \/><\/figure>\n<\/div><\/div>\n\n\n\n<div class=\"wp-block-column is-vertically-aligned-center is-layout-flow wp-block-column-is-layout-flow\" style=\"flex-basis:55%\">\n<h1 class=\"wp-block-heading has-text-align-center tertiary-color\">\u00c9pilation<br><strong>\u00c9PAULES ET DOS<\/strong><\/h1>\n\n\n\n<div style=\"height:25px\" aria-hidden=\"true\" class=\"wp-block-spacer is-style-s20\"><\/div>\n\n\n<div class=\"wp-block-image\">\n<figure class=\"aligncenter size-full is-resized\"><img loading=\"lazy\" decoding=\"async\" src=\"https:\/\/www.haarfreiheit.net\/wp-content\/uploads\/2021\/11\/Banner-Maennlichkeitszeichen-Trenner.png\" alt=\"Trenner M\u00e4nnlichkeit\" class=\"wp-image-7014\" style=\"object-fit:contain;width:570px;height:112px\" width=\"570\" height=\"112\" srcset=\"https:\/\/www.haarfreiheit.net\/wp-content\/uploads\/2021\/11\/Banner-Maennlichkeitszeichen-Trenner.png 1140w, https:\/\/www.haarfreiheit.net\/wp-content\/uploads\/2021\/11\/Banner-Maennlichkeitszeichen-Trenner-300x59.png 300w, https:\/\/www.haarfreiheit.net\/wp-content\/uploads\/2021\/11\/Banner-Maennlichkeitszeichen-Trenner-1024x201.png 1024w\" sizes=\"auto, (max-width: 570px) 100vw, 570px\" \/><\/figure>\n<\/div>\n\n\n<div style=\"height:26px\" aria-hidden=\"true\" class=\"wp-block-spacer is-style-s20\"><\/div>\n\n\n\n<p class=\"has-text-align-center has-text-color tertiary-color\"><strong>R\u00e9gions du corps pour les hommes<\/strong><\/p>\n\n\n\n<div style=\"height:66px\" aria-hidden=\"true\" class=\"wp-block-spacer is-style-s40\"><\/div>\n\n\n\n<div class=\"wp-block-buttons is-horizontal is-content-justification-center is-layout-flex wp-container-core-buttons-is-layout-499968f5 wp-block-buttons-is-layout-flex\">\n<div class=\"wp-block-button tertiary-bg-color is-style-fill\"><a class=\"wp-block-button__link has-white-color has-text-color wp-element-button\" href=\"\/fr\/organiser-consultation-epilation-permanente\/\">Organiser une consultation gratuite<\/a><\/div>\n<\/div>\n<\/div>\n<\/div>\n\n\n\n<div style=\"height:62px\" aria-hidden=\"true\" class=\"wp-block-spacer is-style-s40\"><\/div>\n<\/div><\/div>\n\n\n\n<div style=\"height:82px\" aria-hidden=\"true\" class=\"wp-block-spacer is-style-s50\"><\/div>\n\n\n\n<div class=\"wp-block-columns is-layout-flex wp-container-core-columns-is-layout-9d6595d7 wp-block-columns-is-layout-flex\">\n<div class=\"wp-block-column is-vertically-aligned-center is-layout-flow wp-block-column-is-layout-flow\">\n<h2 class=\"wp-block-heading has-text-align-center quaternary-color\">La perfection \u00e0 l&rsquo;\u00e9tat pur gr\u00e2ce \u00e0 l&rsquo;\u00e9pilation permanente*<\/h2>\n\n\n\n<p class=\"has-text-align-center\">Chez les hommes en particulier, on observe une croissance accrue des poils dans la zone des \u00e9paules et du dos. Mais la plupart d&rsquo;entre vous trouvent cela d\u00e9rangeant et inesth\u00e9tique. Avec l&rsquo;\u00e9pilation permanente*, vous pouvez parfaire votre apparence.<\/p>\n\n\n\n<p class=\"has-text-align-center\">Il r\u00e9duira non seulement la quantit\u00e9 de soins dont vous avez besoin, mais vous prot\u00e9gera \u00e9galement des bact\u00e9ries pr\u00e9sentes sur votre peau.<\/p>\n\n\n\n<p class=\"has-text-align-center\">Perfectionnez votre apparence ext\u00e9rieure en vous d\u00e9barrassant pour toujours des poils ind\u00e9sirables. Un autre grand avantage est la r\u00e9duction de l&rsquo;entretien, car moins de bact\u00e9ries peuvent se former sur une peau lisse.<\/p>\n<\/div>\n\n\n\n<div class=\"wp-block-column is-vertically-aligned-center is-layout-flow wp-block-column-is-layout-flow\">\n<figure class=\"wp-block-image size-full is-resized\"><img loading=\"lazy\" decoding=\"async\" src=\"https:\/\/www.haarfreiheit.net\/wp-content\/uploads\/2021\/11\/Waben-Nacken.jpg\" alt=\"Cou Homme Dos Cou Photo Homme\" class=\"wp-image-5839\" style=\"object-fit:contain;width:576px;height:433px\" width=\"576\" height=\"433\" srcset=\"https:\/\/www.haarfreiheit.net\/wp-content\/uploads\/2021\/11\/Waben-Nacken.jpg 1152w, https:\/\/www.haarfreiheit.net\/wp-content\/uploads\/2021\/11\/Waben-Nacken-300x225.jpg 300w, https:\/\/www.haarfreiheit.net\/wp-content\/uploads\/2021\/11\/Waben-Nacken-1024x769.jpg 1024w\" sizes=\"auto, (max-width: 576px) 100vw, 576px\" \/><\/figure>\n<\/div>\n<\/div>\n\n\n\n<div class=\"wp-block-columns is-layout-flex wp-container-core-columns-is-layout-9d6595d7 wp-block-columns-is-layout-flex\">\n<div class=\"wp-block-column is-layout-flow wp-block-column-is-layout-flow\"><div class=\"wp-block-image\">\n<figure class=\"aligncenter size-full is-resized\"><img loading=\"lazy\" decoding=\"async\" src=\"https:\/\/www.haarfreiheit.net\/wp-content\/uploads\/2021\/11\/Banner-Maennlichkeitszeichen-Trenner.png\" alt=\"S\u00e9parateur Symbole graphique de masculinit\u00e9\" class=\"wp-image-7014\" style=\"object-fit:contain;width:570px;height:112px\" width=\"570\" height=\"112\" srcset=\"https:\/\/www.haarfreiheit.net\/wp-content\/uploads\/2021\/11\/Banner-Maennlichkeitszeichen-Trenner.png 1140w, https:\/\/www.haarfreiheit.net\/wp-content\/uploads\/2021\/11\/Banner-Maennlichkeitszeichen-Trenner-300x59.png 300w, https:\/\/www.haarfreiheit.net\/wp-content\/uploads\/2021\/11\/Banner-Maennlichkeitszeichen-Trenner-1024x201.png 1024w\" sizes=\"auto, (max-width: 570px) 100vw, 570px\" \/><\/figure>\n<\/div><\/div>\n<\/div>\n\n\n\n<div style=\"height:45px\" aria-hidden=\"true\" class=\"wp-block-spacer is-style-s50\"><\/div>\n\n\n\n<div class=\"wp-block-columns is-layout-flex wp-container-core-columns-is-layout-9d6595d7 wp-block-columns-is-layout-flex\">\n<div class=\"wp-block-column is-layout-flow wp-block-column-is-layout-flow\">\n<h3 class=\"wp-block-heading has-text-align-center quaternary-color\">Avoir un dos bien entretenu &#8211; en toute situation<\/h3>\n\n\n\n<p class=\"has-text-align-center\">En particulier, les hommes ayant une pilosit\u00e9 corporelle importante devraient envisager l&rsquo;option de l&rsquo;\u00e9pilation permanente pour leur dos et leurs \u00e9paules. Un corps d\u00e9pourvu de poils \u00e0 l&rsquo;arri\u00e8re n&rsquo;est pas seulement esth\u00e9tiquement attrayant, il met \u00e9galement en valeur vos muscles de mani\u00e8re parfaite, contribuant ainsi \u00e0 une apparence attractive et confiante.<\/p>\n\n\n\n<p class=\"has-text-align-center\">Nos m\u00e9thodes modernes, notamment l&rsquo;\u00e9pilation IPL et le laser diode, offrent la solution parfaite pour les hommes recherchant une \u00e9pilation durable et efficace. Vous pouvez compter sur nos professionnels form\u00e9s pour vous offrir une exp\u00e9rience professionnelle et indolore qui laissera votre peau lisse et impeccable. Faites confiance \u00e0 notre expertise et \u00e0 notre technologie de pointe pour exploiter pleinement votre potentiel esth\u00e9tique et vous pr\u00e9senter avec confiance gr\u00e2ce \u00e0 un dos et des \u00e9paules d\u00e9pourvus de poils.<\/p>\n\n\n\n<p class=\"has-text-align-center\">Une peau lisse gr\u00e2ce \u00e0 des m\u00e9thodes efficaces. Convainquez-vous de nos proc\u00e9dures de photo-\u00e9pilation et faites une nouvelle exp\u00e9rience de la libert\u00e9.<\/p>\n<\/div>\n<\/div>\n\n\n\n<div style=\"height:74px\" aria-hidden=\"true\" class=\"wp-block-spacer is-style-s50\"><\/div>\n\n\n\n<div class=\"wp-block-columns is-layout-flex wp-container-core-columns-is-layout-9d6595d7 wp-block-columns-is-layout-flex\">\n<div class=\"wp-block-column is-layout-flow wp-block-column-is-layout-flow\">\n<h3 class=\"wp-block-heading has-text-align-center quaternary-color\">Moderne, s\u00fbr de soi et masculin<\/h3>\n\n\n\n<p class=\"has-text-align-center\">D\u00e9couvrez la derni\u00e8re technique d&rsquo;\u00e9pilation et voyez les premiers r\u00e9sultats apr\u00e8s quelques s\u00e9ances seulement. Laissez votre corps para\u00eetre viril et soign\u00e9, tous les jours. Les poils sur les \u00e9paules ou le dos sont courants et normaux, mais ne sont pas particuli\u00e8rement attrayants pour tout le monde. Montrez-vous sous votre meilleur jour et profitez d&rsquo;un traitement sans douleur.<\/p>\n<\/div>\n<\/div>\n\n\n\n<div style=\"height:74px\" aria-hidden=\"true\" class=\"wp-block-spacer is-style-s50\"><\/div>\n\n\n\n<div class=\"wp-block-cover\"><span aria-hidden=\"true\" class=\"wp-block-cover__background has-black-background-color has-background-dim-40 has-background-dim\"><\/span><img loading=\"lazy\" decoding=\"async\" width=\"1980\" height=\"1417\" class=\"wp-block-cover__image-background wp-image-5728\" alt=\"Image de banni\u00e8re\" src=\"https:\/\/www.haarfreiheit.net\/wp-content\/uploads\/2021\/11\/Petrol-BG.jpg\" style=\"object-position:0% 100%\" data-object-fit=\"cover\" data-object-position=\"0% 100%\" srcset=\"https:\/\/www.haarfreiheit.net\/wp-content\/uploads\/2021\/11\/Petrol-BG.jpg 1980w, https:\/\/www.haarfreiheit.net\/wp-content\/uploads\/2021\/11\/Petrol-BG-300x215.jpg 300w, https:\/\/www.haarfreiheit.net\/wp-content\/uploads\/2021\/11\/Petrol-BG-1024x733.jpg 1024w, https:\/\/www.haarfreiheit.net\/wp-content\/uploads\/2021\/11\/Petrol-BG-1536x1099.jpg 1536w\" sizes=\"auto, (max-width: 1980px) 100vw, 1980px\" \/><div class=\"wp-block-cover__inner-container is-layout-flow wp-block-cover-is-layout-flow\">\n<div style=\"height:25px\" aria-hidden=\"true\" class=\"wp-block-spacer is-style-s40\"><\/div>\n\n\n\n<div class=\"wp-block-columns is-layout-flex wp-container-core-columns-is-layout-9d6595d7 wp-block-columns-is-layout-flex\">\n<div class=\"wp-block-column is-vertically-aligned-center is-layout-flow wp-block-column-is-layout-flow\"><div class=\"wp-block-image\">\n<figure class=\"aligncenter size-full is-resized\"><img loading=\"lazy\" decoding=\"async\" src=\"https:\/\/www.haarfreiheit.net\/wp-content\/uploads\/2021\/11\/Ruecken-Schultern.png\" alt=\"\u00c9paules Dos Photo\" class=\"wp-image-5945\" style=\"object-fit:contain;width:462px;height:390px\" width=\"462\" height=\"390\" srcset=\"https:\/\/www.haarfreiheit.net\/wp-content\/uploads\/2021\/11\/Ruecken-Schultern.png 474w, https:\/\/www.haarfreiheit.net\/wp-content\/uploads\/2021\/11\/Ruecken-Schultern-300x253.png 300w\" sizes=\"auto, (max-width: 462px) 100vw, 462px\" \/><\/figure>\n<\/div><\/div>\n\n\n\n<div class=\"wp-block-column is-vertically-aligned-center is-layout-flow wp-block-column-is-layout-flow\">\n<h2 class=\"wp-block-heading has-text-align-center\">Conseil individuel pour l&rsquo;\u00e9pilation des \u00e9paules et du dos<\/h2>\n\n\n\n<p class=\"has-text-align-center\">Vous pouvez vous sentir entre de bonnes mains dans tous nos instituts, car nous veillons \u00e0 ce que notre personnel vous traite de mani\u00e8re professionnelle. Tout comme notre technologie, nous garantissons que nos professionnels de la sant\u00e9 sont toujours \u00e0 jour. Convainquez-vous de notre technologie lors d&rsquo;une premi\u00e8re consultation gratuite et individuelle.<\/p>\n<\/div>\n<\/div>\n\n\n\n<div style=\"height:61px\" aria-hidden=\"true\" class=\"wp-block-spacer is-style-s40\"><\/div>\n<\/div><\/div>\n\n\n\n<div class=\"wp-block-cover\" style=\"min-height:100px;aspect-ratio:unset;\"><span aria-hidden=\"true\" class=\"wp-block-cover__background has-background-dim-0 has-background-dim\"><\/span><img loading=\"lazy\" decoding=\"async\" width=\"1980\" height=\"1185\" class=\"wp-block-cover__image-background wp-image-5931\" alt=\"Image de banni\u00e8re Arri\u00e8re-plan et contact\" src=\"https:\/\/www.haarfreiheit.net\/wp-content\/uploads\/2021\/11\/BusinessMann-Banner.jpg\" data-object-fit=\"cover\" srcset=\"https:\/\/www.haarfreiheit.net\/wp-content\/uploads\/2021\/11\/BusinessMann-Banner.jpg 1980w, https:\/\/www.haarfreiheit.net\/wp-content\/uploads\/2021\/11\/BusinessMann-Banner-300x180.jpg 300w, https:\/\/www.haarfreiheit.net\/wp-content\/uploads\/2021\/11\/BusinessMann-Banner-1024x613.jpg 1024w, https:\/\/www.haarfreiheit.net\/wp-content\/uploads\/2021\/11\/BusinessMann-Banner-1536x919.jpg 1536w\" sizes=\"auto, (max-width: 1980px) 100vw, 1980px\" \/><div class=\"wp-block-cover__inner-container is-layout-flow wp-block-cover-is-layout-flow\">\n<div style=\"height:90px\" aria-hidden=\"true\" class=\"wp-block-spacer\"><\/div>\n\n\n\n<div class=\"wp-block-columns is-layout-flex wp-container-core-columns-is-layout-9d6595d7 wp-block-columns-is-layout-flex\">\n<div class=\"wp-block-column is-layout-flow wp-block-column-is-layout-flow\">\n<div class=\"wp-block-buttons is-horizontal is-content-justification-center is-layout-flex wp-container-core-buttons-is-layout-499968f5 wp-block-buttons-is-layout-flex\">\n<div class=\"wp-block-button\"><a class=\"wp-block-button__link wp-element-button\" href=\"\/fr\/apercu-regions-hommes\/\">D\u00e9tour Aper\u00e7u<\/a><\/div>\n<\/div>\n<\/div>\n\n\n\n<div class=\"wp-block-column is-layout-flow wp-block-column-is-layout-flow\">\n<div class=\"wp-block-buttons is-horizontal is-content-justification-center is-layout-flex wp-container-core-buttons-is-layout-499968f5 wp-block-buttons-is-layout-flex\">\n<div class=\"wp-block-button\"><a class=\"wp-block-button__link has-black-color has-white-background-color has-text-color has-background wp-element-button\" href=\"\/fr\/organiser-consultation-epilation-permanente\/\">Organiser une consultation gratuite<\/a><\/div>\n<\/div>\n<\/div>\n<\/div>\n\n\n\n<div style=\"height:78px\" aria-hidden=\"true\" class=\"wp-block-spacer\"><\/div>\n<\/div><\/div>\n","protected":false},"excerpt":{"rendered":"<p>La perfection \u00e0 l&rsquo;\u00e9tat pur gr\u00e2ce \u00e0 l&rsquo;\u00e9pilation permanente* Chez les hommes en particulier, on observe une croissance accrue des poils dans la zone des \u00e9paules et du dos. Mais la plupart d&rsquo;entre vous trouvent cela d\u00e9rangeant et inesth\u00e9tique. Avec l&rsquo;\u00e9pilation permanente*, vous pouvez parfaire votre apparence. Il r\u00e9duira non seulement la quantit\u00e9 de soins <a href=\"https:\/\/www.haarfreiheit.net\/fr\/epilation-permanente-hommes-epaules-dos\/\" class=\"more-link\">&#8230;<\/a><\/p>\n","protected":false},"author":1,"featured_media":0,"parent":0,"menu_order":0,"comment_status":"closed","ping_status":"closed","template":"","meta":{"footnotes":""},"class_list":["post-5941","page","type-page","status-publish","hentry"],"yoast_head":"<!-- This site is optimized with the Yoast SEO plugin v27.1.1 - https:\/\/yoast.com\/product\/yoast-seo-wordpress\/ -->\n<title>\u00c9pilation permanente r\u00e9gions des hommes | \u00c8PAULES ET DOS<\/title>\n<meta name=\"description\" content=\"Une \u00e9pilation d\u00e9finitive* sur les \u00e9paules et le dos vous permet non seulement d\u2019\u00e9conomiser beaucoup de soins, mais aussi de perfectionner votre apparence.\" \/>\n<meta name=\"robots\" content=\"index, follow, max-snippet:-1, max-image-preview:large, max-video-preview:-1\" \/>\n<link rel=\"canonical\" href=\"https:\/\/www.haarfreiheit.net\/fr\/epilation-permanente-hommes-epaules-dos\/\" \/>\n<meta property=\"og:locale\" content=\"fr_FR\" \/>\n<meta property=\"og:type\" content=\"article\" \/>\n<meta property=\"og:title\" content=\"\u00c9pilation permanente r\u00e9gions des hommes | \u00c8PAULES ET DOS\" \/>\n<meta property=\"og:description\" content=\"Une \u00e9pilation d\u00e9finitive* sur les \u00e9paules et le dos vous permet non seulement d\u2019\u00e9conomiser beaucoup de soins, mais aussi de perfectionner votre apparence.\" \/>\n<meta property=\"og:url\" content=\"https:\/\/www.haarfreiheit.net\/fr\/epilation-permanente-hommes-epaules-dos\/\" \/>\n<meta property=\"og:site_name\" content=\"Haarfreiheit\" \/>\n<meta property=\"article:modified_time\" content=\"2023-09-27T09:16:37+00:00\" \/>\n<meta property=\"og:image\" content=\"https:\/\/www.haarfreiheit.net\/wp-content\/uploads\/2021\/11\/Banner-Mann-Variation.jpg\" \/>\n<meta name=\"twitter:card\" content=\"summary_large_image\" \/>\n<meta name=\"twitter:label1\" content=\"Dur\u00e9e de lecture estim\u00e9e\" \/>\n\t<meta name=\"twitter:data1\" content=\"4 minutes\" \/>\n<script type=\"application\/ld+json\" class=\"yoast-schema-graph\">{\"@context\":\"https:\/\/schema.org\",\"@graph\":[{\"@type\":\"WebPage\",\"@id\":\"https:\/\/www.haarfreiheit.net\/fr\/epilation-permanente-hommes-epaules-dos\/\",\"url\":\"https:\/\/www.haarfreiheit.net\/fr\/epilation-permanente-hommes-epaules-dos\/\",\"name\":\"\u00c9pilation permanente r\u00e9gions des hommes | \u00c8PAULES ET DOS\",\"isPartOf\":{\"@id\":\"https:\/\/www.haarfreiheit.net\/fr\/#website\"},\"primaryImageOfPage\":{\"@id\":\"https:\/\/www.haarfreiheit.net\/fr\/epilation-permanente-hommes-epaules-dos\/#primaryimage\"},\"image\":{\"@id\":\"https:\/\/www.haarfreiheit.net\/fr\/epilation-permanente-hommes-epaules-dos\/#primaryimage\"},\"thumbnailUrl\":\"https:\/\/www.haarfreiheit.net\/wp-content\/uploads\/2021\/11\/Banner-Mann-Variation.jpg\",\"datePublished\":\"2021-08-05T11:05:06+00:00\",\"dateModified\":\"2023-09-27T09:16:37+00:00\",\"description\":\"Une \u00e9pilation d\u00e9finitive* sur les \u00e9paules et le dos vous permet non seulement d\u2019\u00e9conomiser beaucoup de soins, mais aussi de perfectionner votre apparence.\",\"breadcrumb\":{\"@id\":\"https:\/\/www.haarfreiheit.net\/fr\/epilation-permanente-hommes-epaules-dos\/#breadcrumb\"},\"inLanguage\":\"fr-FR\",\"potentialAction\":[{\"@type\":\"ReadAction\",\"target\":[\"https:\/\/www.haarfreiheit.net\/fr\/epilation-permanente-hommes-epaules-dos\/\"]}]},{\"@type\":\"ImageObject\",\"inLanguage\":\"fr-FR\",\"@id\":\"https:\/\/www.haarfreiheit.net\/fr\/epilation-permanente-hommes-epaules-dos\/#primaryimage\",\"url\":\"https:\/\/www.haarfreiheit.net\/wp-content\/uploads\/2021\/11\/Banner-Mann-Variation.jpg\",\"contentUrl\":\"https:\/\/www.haarfreiheit.net\/wp-content\/uploads\/2021\/11\/Banner-Mann-Variation.jpg\"},{\"@type\":\"BreadcrumbList\",\"@id\":\"https:\/\/www.haarfreiheit.net\/fr\/epilation-permanente-hommes-epaules-dos\/#breadcrumb\",\"itemListElement\":[{\"@type\":\"ListItem\",\"position\":1,\"name\":\"Startseite\",\"item\":\"https:\/\/www.haarfreiheit.net\/fr\/\"},{\"@type\":\"ListItem\",\"position\":2,\"name\":\"\u00c9pilation permanente r\u00e9gions des hommes | \u00c8PAULES ET DOS\"}]},{\"@type\":\"WebSite\",\"@id\":\"https:\/\/www.haarfreiheit.net\/fr\/#website\",\"url\":\"https:\/\/www.haarfreiheit.net\/fr\/\",\"name\":\"Haarfreiheit\",\"description\":\"Dauerhafte Haarentfernung beim Experten\",\"potentialAction\":[{\"@type\":\"SearchAction\",\"target\":{\"@type\":\"EntryPoint\",\"urlTemplate\":\"https:\/\/www.haarfreiheit.net\/fr\/?s={search_term_string}\"},\"query-input\":{\"@type\":\"PropertyValueSpecification\",\"valueRequired\":true,\"valueName\":\"search_term_string\"}}],\"inLanguage\":\"fr-FR\"}]}<\/script>\n<!-- \/ Yoast SEO plugin. -->","yoast_head_json":{"title":"\u00c9pilation permanente r\u00e9gions des hommes | \u00c8PAULES ET DOS","description":"Une \u00e9pilation d\u00e9finitive* sur les \u00e9paules et le dos vous permet non seulement d\u2019\u00e9conomiser beaucoup de soins, mais aussi de perfectionner votre apparence.","robots":{"index":"index","follow":"follow","max-snippet":"max-snippet:-1","max-image-preview":"max-image-preview:large","max-video-preview":"max-video-preview:-1"},"canonical":"https:\/\/www.haarfreiheit.net\/fr\/epilation-permanente-hommes-epaules-dos\/","og_locale":"fr_FR","og_type":"article","og_title":"\u00c9pilation permanente r\u00e9gions des hommes | \u00c8PAULES ET DOS","og_description":"Une \u00e9pilation d\u00e9finitive* sur les \u00e9paules et le dos vous permet non seulement d\u2019\u00e9conomiser beaucoup de soins, mais aussi de perfectionner votre apparence.","og_url":"https:\/\/www.haarfreiheit.net\/fr\/epilation-permanente-hommes-epaules-dos\/","og_site_name":"Haarfreiheit","article_modified_time":"2023-09-27T09:16:37+00:00","og_image":[{"url":"https:\/\/www.haarfreiheit.net\/wp-content\/uploads\/2021\/11\/Banner-Mann-Variation.jpg","type":"","width":"","height":""}],"twitter_card":"summary_large_image","twitter_misc":{"Dur\u00e9e de lecture estim\u00e9e":"4 minutes"},"schema":{"@context":"https:\/\/schema.org","@graph":[{"@type":"WebPage","@id":"https:\/\/www.haarfreiheit.net\/fr\/epilation-permanente-hommes-epaules-dos\/","url":"https:\/\/www.haarfreiheit.net\/fr\/epilation-permanente-hommes-epaules-dos\/","name":"\u00c9pilation permanente r\u00e9gions des hommes | \u00c8PAULES ET DOS","isPartOf":{"@id":"https:\/\/www.haarfreiheit.net\/fr\/#website"},"primaryImageOfPage":{"@id":"https:\/\/www.haarfreiheit.net\/fr\/epilation-permanente-hommes-epaules-dos\/#primaryimage"},"image":{"@id":"https:\/\/www.haarfreiheit.net\/fr\/epilation-permanente-hommes-epaules-dos\/#primaryimage"},"thumbnailUrl":"https:\/\/www.haarfreiheit.net\/wp-content\/uploads\/2021\/11\/Banner-Mann-Variation.jpg","datePublished":"2021-08-05T11:05:06+00:00","dateModified":"2023-09-27T09:16:37+00:00","description":"Une \u00e9pilation d\u00e9finitive* sur les \u00e9paules et le dos vous permet non seulement d\u2019\u00e9conomiser beaucoup de soins, mais aussi de perfectionner votre apparence.","breadcrumb":{"@id":"https:\/\/www.haarfreiheit.net\/fr\/epilation-permanente-hommes-epaules-dos\/#breadcrumb"},"inLanguage":"fr-FR","potentialAction":[{"@type":"ReadAction","target":["https:\/\/www.haarfreiheit.net\/fr\/epilation-permanente-hommes-epaules-dos\/"]}]},{"@type":"ImageObject","inLanguage":"fr-FR","@id":"https:\/\/www.haarfreiheit.net\/fr\/epilation-permanente-hommes-epaules-dos\/#primaryimage","url":"https:\/\/www.haarfreiheit.net\/wp-content\/uploads\/2021\/11\/Banner-Mann-Variation.jpg","contentUrl":"https:\/\/www.haarfreiheit.net\/wp-content\/uploads\/2021\/11\/Banner-Mann-Variation.jpg"},{"@type":"BreadcrumbList","@id":"https:\/\/www.haarfreiheit.net\/fr\/epilation-permanente-hommes-epaules-dos\/#breadcrumb","itemListElement":[{"@type":"ListItem","position":1,"name":"Startseite","item":"https:\/\/www.haarfreiheit.net\/fr\/"},{"@type":"ListItem","position":2,"name":"\u00c9pilation permanente r\u00e9gions des hommes | \u00c8PAULES ET DOS"}]},{"@type":"WebSite","@id":"https:\/\/www.haarfreiheit.net\/fr\/#website","url":"https:\/\/www.haarfreiheit.net\/fr\/","name":"Haarfreiheit","description":"Dauerhafte Haarentfernung beim Experten","potentialAction":[{"@type":"SearchAction","target":{"@type":"EntryPoint","urlTemplate":"https:\/\/www.haarfreiheit.net\/fr\/?s={search_term_string}"},"query-input":{"@type":"PropertyValueSpecification","valueRequired":true,"valueName":"search_term_string"}}],"inLanguage":"fr-FR"}]}},"_links":{"self":[{"href":"https:\/\/www.haarfreiheit.net\/fr\/wp-json\/wp\/v2\/pages\/5941","targetHints":{"allow":["GET"]}}],"collection":[{"href":"https:\/\/www.haarfreiheit.net\/fr\/wp-json\/wp\/v2\/pages"}],"about":[{"href":"https:\/\/www.haarfreiheit.net\/fr\/wp-json\/wp\/v2\/types\/page"}],"author":[{"embeddable":true,"href":"https:\/\/www.haarfreiheit.net\/fr\/wp-json\/wp\/v2\/users\/1"}],"replies":[{"embeddable":true,"href":"https:\/\/www.haarfreiheit.net\/fr\/wp-json\/wp\/v2\/comments?post=5941"}],"version-history":[{"count":9,"href":"https:\/\/www.haarfreiheit.net\/fr\/wp-json\/wp\/v2\/pages\/5941\/revisions"}],"predecessor-version":[{"id":20954,"href":"https:\/\/www.haarfreiheit.net\/fr\/wp-json\/wp\/v2\/pages\/5941\/revisions\/20954"}],"wp:attachment":[{"href":"https:\/\/www.haarfreiheit.net\/fr\/wp-json\/wp\/v2\/media?parent=5941"}],"curies":[{"name":"wp","href":"https:\/\/api.w.org\/{rel}","templated":true}]}}