{"id":5971,"date":"2021-11-03T12:34:30","date_gmt":"2021-11-03T11:34:30","guid":{"rendered":"https:\/\/www.haarfreiheit.net\/haarfreiheit-akademie\/"},"modified":"2023-09-27T11:34:44","modified_gmt":"2023-09-27T09:34:44","slug":"academie-haarfreiheit","status":"publish","type":"page","link":"https:\/\/www.haarfreiheit.net\/fr\/academie-haarfreiheit\/","title":{"rendered":"L&rsquo;ACAD\u00c9MIE DE HAARFREIHEIT"},"content":{"rendered":"\n<div class=\"wp-block-cover is-light\"><span aria-hidden=\"true\" class=\"wp-block-cover__background has-background-dim-40 has-background-dim\" style=\"background-color:#2f1a00\"><\/span><img loading=\"lazy\" decoding=\"async\" width=\"1980\" height=\"1417\" class=\"wp-block-cover__image-background wp-image-6241\" alt=\"Image d\u2019effet avec arri\u00e8re-plan de motif en nid d\u2019abeille\" src=\"https:\/\/www.haarfreiheit.net\/wp-content\/uploads\/2021\/10\/Effekthintergrund-Farben.jpg\" data-object-fit=\"cover\" srcset=\"https:\/\/www.haarfreiheit.net\/wp-content\/uploads\/2021\/10\/Effekthintergrund-Farben.jpg 1980w, https:\/\/www.haarfreiheit.net\/wp-content\/uploads\/2021\/10\/Effekthintergrund-Farben-300x215.jpg 300w, https:\/\/www.haarfreiheit.net\/wp-content\/uploads\/2021\/10\/Effekthintergrund-Farben-1024x733.jpg 1024w, https:\/\/www.haarfreiheit.net\/wp-content\/uploads\/2021\/10\/Effekthintergrund-Farben-1536x1099.jpg 1536w\" sizes=\"auto, (max-width: 1980px) 100vw, 1980px\" \/><div class=\"wp-block-cover__inner-container is-layout-flow wp-block-cover-is-layout-flow\">\n<div class=\"wp-block-columns is-layout-flex wp-container-core-columns-is-layout-9d6595d7 wp-block-columns-is-layout-flex\">\n<div class=\"wp-block-column is-layout-flow wp-block-column-is-layout-flow\" style=\"flex-basis:100%\">\n<div style=\"height:62px\" aria-hidden=\"true\" class=\"wp-block-spacer\"><\/div>\n\n\n<div class=\"wp-block-image\">\n<figure class=\"aligncenter size-full is-resized\"><img loading=\"lazy\" decoding=\"async\" src=\"https:\/\/www.haarfreiheit.net\/wp-content\/uploads\/2021\/11\/Haarfreiheit-Akademie.png\" alt=\"Logo Haarfreiheit l'acad\u00e9mie\" class=\"wp-image-5975\" style=\"object-fit:contain;width:469px;height:294px\" width=\"469\" height=\"294\" srcset=\"https:\/\/www.haarfreiheit.net\/wp-content\/uploads\/2021\/11\/Haarfreiheit-Akademie.png 981w, https:\/\/www.haarfreiheit.net\/wp-content\/uploads\/2021\/11\/Haarfreiheit-Akademie-300x188.png 300w\" sizes=\"auto, (max-width: 469px) 100vw, 469px\" \/><\/figure>\n<\/div>\n\n\n<div style=\"height:37px\" aria-hidden=\"true\" class=\"wp-block-spacer\"><\/div>\n\n\n\n<h3 class=\"wp-block-heading has-text-align-center has-text-color has-large-font-size\" id=\"qualification-et-professionnalisme\" style=\"color:#f1ece0\">Qualification et professionnalisme<\/h3>\n\n\n\n<div style=\"height:86px\" aria-hidden=\"true\" class=\"wp-block-spacer\"><\/div>\n<\/div>\n<\/div>\n<\/div><\/div>\n\n\n\n<div style=\"height:62px\" aria-hidden=\"true\" class=\"wp-block-spacer is-style-s50\"><\/div>\n\n\n\n<div class=\"wp-block-columns is-layout-flex wp-container-core-columns-is-layout-9d6595d7 wp-block-columns-is-layout-flex\">\n<div class=\"wp-block-column is-layout-flow wp-block-column-is-layout-flow\">\n<h1 class=\"wp-block-heading has-text-align-center\" id=\"l-academie-de-haarfreiheit\">L&rsquo;ACAD\u00c9MIE DE HAARFREIHEIT<\/h1>\n\n\n\n<div style=\"height:24px\" aria-hidden=\"true\" class=\"wp-block-spacer\"><\/div>\n\n\n\n<p class=\"has-text-align-center\">La cl\u00e9 du professionnalisme r\u00e9side dans l&rsquo;\u00e9ducation et la formation continues.<br><br>Il se peut qu&rsquo;au d\u00e9part, vous n&rsquo;ayez pas \u00e9t\u00e9 convaincu des comp\u00e9tences et des qualifications du personnel et que vous ayez h\u00e9sit\u00e9 \u00e0 vous faire soigner.<br><br>Le point de d\u00e9part de notre personnel est notre acad\u00e9mie. Des cours de formation sur l&rsquo;\u00e9pilation permanente* y sont r\u00e9guli\u00e8rement organis\u00e9s. Cela nous permet de garantir un traitement et des soins professionnels \u00e0 tout moment. Nous veillons ainsi \u00e0 ce que chaque employ\u00e9 soit au fait des derni\u00e8res technologies et comp\u00e9tences.<br><\/p>\n<\/div>\n\n\n\n<div class=\"wp-block-column is-layout-flow wp-block-column-is-layout-flow\"><div class=\"wp-block-image\">\n<figure class=\"aligncenter size-full is-resized\"><img loading=\"lazy\" decoding=\"async\" src=\"https:\/\/www.haarfreiheit.net\/wp-content\/uploads\/2021\/11\/Akademie-Schulungsbild.jpg\" alt=\"Photo de nos salles de formation\" class=\"wp-image-5976\" style=\"object-fit:contain;width:539px;height:360px\" width=\"539\" height=\"360\" srcset=\"https:\/\/www.haarfreiheit.net\/wp-content\/uploads\/2021\/11\/Akademie-Schulungsbild.jpg 1024w, https:\/\/www.haarfreiheit.net\/wp-content\/uploads\/2021\/11\/Akademie-Schulungsbild-300x200.jpg 300w\" sizes=\"auto, (max-width: 539px) 100vw, 539px\" \/><\/figure>\n<\/div><\/div>\n<\/div>\n\n\n\n<div class=\"wp-block-columns is-layout-flex wp-container-core-columns-is-layout-9d6595d7 wp-block-columns-is-layout-flex\">\n<div class=\"wp-block-column is-layout-flow wp-block-column-is-layout-flow\">\n<div style=\"height:100px\" aria-hidden=\"true\" class=\"wp-block-spacer is-style-s50\"><\/div>\n\n\n\n<div class=\"wp-block-columns is-layout-flex wp-container-core-columns-is-layout-9d6595d7 wp-block-columns-is-layout-flex\">\n<div class=\"wp-block-column is-layout-flow wp-block-column-is-layout-flow\">\n<p class=\"has-text-align-center\">En plus de la qualification d\u00e9j\u00e0 fournie, les sp\u00e9cifications pour notre personnel m\u00e9dical sont approfondies dans notre acad\u00e9mie. Le sujet central ici concerne les diff\u00e9rents types de peau, qui doivent \u00eatre pris en compte dans l&rsquo;\u00e9pilation permanente. Diff\u00e9rents facteurs doivent \u00eatre pris en compte dans l&rsquo;\u00e9pilation permanente, car chaque corps individuel a des exigences diff\u00e9rentes. Gr\u00e2ce \u00e0 un \u00e9change constant entre l&rsquo;\u00e9quipe de notre acad\u00e9mie, les connaissances peuvent \u00eatre approfondies et les exp\u00e9riences abord\u00e9es. De cette mani\u00e8re, la comp\u00e9tence de nos soins est constamment am\u00e9lior\u00e9e. Mme Nalezinski, notre partenaire de coop\u00e9ration m\u00e9dicale, peut r\u00e9pondre \u00e0 d&rsquo;autres questions ouvertes.<br><br>Profitez de cette comp\u00e9tence et de cette exp\u00e9rience et b\u00e9n\u00e9ficiez d&rsquo;une \u00e9pilation permanente. Nous serions heureux d&rsquo;organiser une consultation individuelle et sans engagement avec vous dans l&rsquo;un de nos instituts. <br><br>Notre formation interne met \u00e9galement l&rsquo;accent sur l&rsquo;utilisation professionnelle de nos technologies de pointe afin de vous garantir les meilleurs r\u00e9sultats. D\u00e9couvrez les m\u00e9thodes d&rsquo;\u00e9pilation permanente disponibles dans notre clinique.<\/p>\n<\/div>\n<\/div>\n\n\n\n<div style=\"height:61px\" aria-hidden=\"true\" class=\"wp-block-spacer is-style-s50\"><\/div>\n<\/div>\n<\/div>\n\n\n\n<div class=\"wp-block-columns is-layout-flex wp-container-core-columns-is-layout-9d6595d7 wp-block-columns-is-layout-flex\">\n<div class=\"wp-block-column is-layout-flow wp-block-column-is-layout-flow\">\n<div class=\"wp-block-columns is-layout-flex wp-container-core-columns-is-layout-9d6595d7 wp-block-columns-is-layout-flex\">\n<div class=\"wp-block-column is-vertically-aligned-center is-layout-flow wp-block-column-is-layout-flow\"><div class=\"wp-block-image\">\n<figure class=\"aligncenter size-full is-resized\"><img loading=\"lazy\" decoding=\"async\" src=\"https:\/\/www.haarfreiheit.net\/wp-content\/uploads\/2021\/10\/Haarentfernung.png\" alt=\"Ic\u00f4ne cheveux\" class=\"wp-image-6180\" style=\"object-fit:contain;width:250px;height:250px\" width=\"250\" height=\"250\" srcset=\"https:\/\/www.haarfreiheit.net\/wp-content\/uploads\/2021\/10\/Haarentfernung.png 999w, https:\/\/www.haarfreiheit.net\/wp-content\/uploads\/2021\/10\/Haarentfernung-300x300.png 300w, https:\/\/www.haarfreiheit.net\/wp-content\/uploads\/2021\/10\/Haarentfernung-150x150.png 150w\" sizes=\"auto, (max-width: 250px) 100vw, 250px\" \/><\/figure>\n<\/div><\/div>\n\n\n\n<div class=\"wp-block-column is-vertically-aligned-center is-layout-flow wp-block-column-is-layout-flow\">\n<div class=\"wp-block-buttons is-horizontal is-content-justification-center is-layout-flex wp-container-core-buttons-is-layout-499968f5 wp-block-buttons-is-layout-flex\">\n<div class=\"wp-block-button\"><a class=\"wp-block-button__link wp-element-button\" href=\"\/fr\/differences-photoepilation\/\">Plus d\u2019informations sur notre technologie<\/a><\/div>\n<\/div>\n<\/div>\n\n\n\n<div class=\"wp-block-column is-vertically-aligned-center is-layout-flow wp-block-column-is-layout-flow\"><div class=\"wp-block-image\">\n<figure class=\"aligncenter size-full is-resized\"><img loading=\"lazy\" decoding=\"async\" src=\"https:\/\/www.haarfreiheit.net\/wp-content\/uploads\/2021\/10\/Dauerhafte-HEF.png\" alt=\"Ic\u00f4ne XENOgel\" class=\"wp-image-6179\" style=\"object-fit:contain;width:250px;height:250px\" width=\"250\" height=\"250\" srcset=\"https:\/\/www.haarfreiheit.net\/wp-content\/uploads\/2021\/10\/Dauerhafte-HEF.png 999w, https:\/\/www.haarfreiheit.net\/wp-content\/uploads\/2021\/10\/Dauerhafte-HEF-300x300.png 300w, https:\/\/www.haarfreiheit.net\/wp-content\/uploads\/2021\/10\/Dauerhafte-HEF-150x150.png 150w\" sizes=\"auto, (max-width: 250px) 100vw, 250px\" \/><\/figure>\n<\/div><\/div>\n<\/div>\n<\/div>\n<\/div>\n\n\n\n<div style=\"height:72px\" aria-hidden=\"true\" class=\"wp-block-spacer\"><\/div>\n\n\n\n<div class=\"wp-block-cover is-light\"><span aria-hidden=\"true\" class=\"wp-block-cover__background has-background-dim-20 has-background-dim\"><\/span><img loading=\"lazy\" decoding=\"async\" width=\"1980\" height=\"960\" class=\"wp-block-cover__image-background wp-image-6502\" alt=\"Image d\u2019arri\u00e8re-plan Image d\u2019effet\" src=\"https:\/\/www.haarfreiheit.net\/wp-content\/uploads\/2021\/10\/Beratung.jpg\" data-object-fit=\"cover\" srcset=\"https:\/\/www.haarfreiheit.net\/wp-content\/uploads\/2021\/10\/Beratung.jpg 1980w, https:\/\/www.haarfreiheit.net\/wp-content\/uploads\/2021\/10\/Beratung-300x145.jpg 300w, https:\/\/www.haarfreiheit.net\/wp-content\/uploads\/2021\/10\/Beratung-1024x496.jpg 1024w, https:\/\/www.haarfreiheit.net\/wp-content\/uploads\/2021\/10\/Beratung-1536x745.jpg 1536w\" sizes=\"auto, (max-width: 1980px) 100vw, 1980px\" \/><div class=\"wp-block-cover__inner-container is-layout-flow wp-block-cover-is-layout-flow\">\n<div style=\"height:38px\" aria-hidden=\"true\" class=\"wp-block-spacer is-style-s50\"><\/div>\n\n\n\n<div class=\"wp-block-columns is-style-hidden-xs is-layout-flex wp-container-core-columns-is-layout-9d6595d7 wp-block-columns-is-layout-flex\">\n<div class=\"wp-block-column is-vertically-aligned-center is-layout-flow wp-block-column-is-layout-flow\"><div class=\"wp-block-image\">\n<figure class=\"aligncenter size-full is-resized\"><img loading=\"lazy\" decoding=\"async\" width=\"900\" height=\"900\" src=\"https:\/\/www.haarfreiheit.net\/wp-content\/uploads\/2024\/10\/Arzt-Kooperation-Haarfreiheit.webp\" alt=\"Kollage Beratung \u00e4rztliche Expertise Kooperationspartner Arzt bei Haarfreiheit\" class=\"wp-image-25397\" style=\"object-fit:contain;width:529px;height:398px\" srcset=\"https:\/\/www.haarfreiheit.net\/wp-content\/uploads\/2024\/10\/Arzt-Kooperation-Haarfreiheit.webp 900w, https:\/\/www.haarfreiheit.net\/wp-content\/uploads\/2024\/10\/Arzt-Kooperation-Haarfreiheit-300x300.webp 300w, https:\/\/www.haarfreiheit.net\/wp-content\/uploads\/2024\/10\/Arzt-Kooperation-Haarfreiheit-150x150.webp 150w\" sizes=\"auto, (max-width: 900px) 100vw, 900px\" \/><\/figure>\n<\/div><\/div>\n\n\n\n<div class=\"wp-block-column is-vertically-aligned-center is-layout-flow wp-block-column-is-layout-flow\">\n<h2 class=\"wp-block-heading has-text-align-center\">Coop\u00e9ration m\u00e9dicale<\/h2>\n\n\n\n<p class=\"has-text-align-center\">Nous de Haarfreiheit ont focalis\u00e9 des coop\u00e9rations m\u00e9dicales. De cette fa\u00e7on, des experts peuvent \u00eatre \u00e0 notre disposition comme interlocuteurs pour les questions m\u00e9dicales. Gr\u00e2ce \u00e0 leurs nombreuses ann\u00e9es d&rsquo;exp\u00e9rience de chaque m\u00e9decin, nous avons une excellente aide dans l&rsquo;\u00e9valuation des types de peau et de cheveux et les particularit\u00e9s qui s&rsquo;y rattachent.<\/p>\n<\/div>\n<\/div>\n\n\n\n<div style=\"height:46px\" aria-hidden=\"true\" class=\"wp-block-spacer\"><\/div>\n<\/div><\/div>\n","protected":false},"excerpt":{"rendered":"<p>L&rsquo;ACAD\u00c9MIE DE HAARFREIHEIT La cl\u00e9 du professionnalisme r\u00e9side dans l&rsquo;\u00e9ducation et la formation continues. Il se peut qu&rsquo;au d\u00e9part, vous n&rsquo;ayez pas \u00e9t\u00e9 convaincu des comp\u00e9tences et des qualifications du personnel et que vous ayez h\u00e9sit\u00e9 \u00e0 vous faire soigner. Le point de d\u00e9part de notre personnel est notre acad\u00e9mie. Des cours de formation sur <a href=\"https:\/\/www.haarfreiheit.net\/fr\/academie-haarfreiheit\/\" class=\"more-link\">&#8230;<\/a><\/p>\n","protected":false},"author":1,"featured_media":0,"parent":0,"menu_order":0,"comment_status":"closed","ping_status":"closed","template":"","meta":{"footnotes":""},"class_list":["post-5971","page","type-page","status-publish","hentry"],"yoast_head":"<!-- This site is optimized with the Yoast SEO plugin v27.1.1 - https:\/\/yoast.com\/product\/yoast-seo-wordpress\/ -->\n<title>L&#039;ACAD\u00c9MIE DE HAARFREIHEIT<\/title>\n<meta name=\"description\" content=\"La cl\u00e9 du professionnalisme est la formation. Notre acad\u00e9mie propose r\u00e9guli\u00e8rement des formations sur l\u2019\u00e9pilation permanente*.\" \/>\n<meta name=\"robots\" content=\"index, follow, max-snippet:-1, max-image-preview:large, max-video-preview:-1\" \/>\n<link rel=\"canonical\" href=\"https:\/\/www.haarfreiheit.net\/fr\/academie-haarfreiheit\/\" \/>\n<meta property=\"og:locale\" content=\"fr_FR\" \/>\n<meta property=\"og:type\" content=\"article\" \/>\n<meta property=\"og:title\" content=\"L&#039;ACAD\u00c9MIE DE HAARFREIHEIT\" \/>\n<meta property=\"og:description\" content=\"La cl\u00e9 du professionnalisme est la formation. Notre acad\u00e9mie propose r\u00e9guli\u00e8rement des formations sur l\u2019\u00e9pilation permanente*.\" \/>\n<meta property=\"og:url\" content=\"https:\/\/www.haarfreiheit.net\/fr\/academie-haarfreiheit\/\" \/>\n<meta property=\"og:site_name\" content=\"Haarfreiheit\" \/>\n<meta property=\"article:modified_time\" content=\"2023-09-27T09:34:44+00:00\" \/>\n<meta property=\"og:image\" content=\"https:\/\/www.haarfreiheit.net\/wp-content\/uploads\/2021\/10\/Effekthintergrund-Farben.jpg\" \/>\n<meta name=\"twitter:card\" content=\"summary_large_image\" \/>\n<meta name=\"twitter:label1\" content=\"Dur\u00e9e de lecture estim\u00e9e\" \/>\n\t<meta name=\"twitter:data1\" content=\"3 minutes\" \/>\n<script type=\"application\/ld+json\" class=\"yoast-schema-graph\">{\"@context\":\"https:\/\/schema.org\",\"@graph\":[{\"@type\":\"WebPage\",\"@id\":\"https:\/\/www.haarfreiheit.net\/fr\/academie-haarfreiheit\/\",\"url\":\"https:\/\/www.haarfreiheit.net\/fr\/academie-haarfreiheit\/\",\"name\":\"L'ACAD\u00c9MIE DE HAARFREIHEIT\",\"isPartOf\":{\"@id\":\"https:\/\/www.haarfreiheit.net\/fr\/#website\"},\"primaryImageOfPage\":{\"@id\":\"https:\/\/www.haarfreiheit.net\/fr\/academie-haarfreiheit\/#primaryimage\"},\"image\":{\"@id\":\"https:\/\/www.haarfreiheit.net\/fr\/academie-haarfreiheit\/#primaryimage\"},\"thumbnailUrl\":\"https:\/\/www.haarfreiheit.net\/wp-content\/uploads\/2021\/10\/Effekthintergrund-Farben.jpg\",\"datePublished\":\"2021-11-03T11:34:30+00:00\",\"dateModified\":\"2023-09-27T09:34:44+00:00\",\"description\":\"La cl\u00e9 du professionnalisme est la formation. Notre acad\u00e9mie propose r\u00e9guli\u00e8rement des formations sur l\u2019\u00e9pilation permanente*.\",\"breadcrumb\":{\"@id\":\"https:\/\/www.haarfreiheit.net\/fr\/academie-haarfreiheit\/#breadcrumb\"},\"inLanguage\":\"fr-FR\",\"potentialAction\":[{\"@type\":\"ReadAction\",\"target\":[\"https:\/\/www.haarfreiheit.net\/fr\/academie-haarfreiheit\/\"]}]},{\"@type\":\"ImageObject\",\"inLanguage\":\"fr-FR\",\"@id\":\"https:\/\/www.haarfreiheit.net\/fr\/academie-haarfreiheit\/#primaryimage\",\"url\":\"https:\/\/www.haarfreiheit.net\/wp-content\/uploads\/2021\/10\/Effekthintergrund-Farben.jpg\",\"contentUrl\":\"https:\/\/www.haarfreiheit.net\/wp-content\/uploads\/2021\/10\/Effekthintergrund-Farben.jpg\"},{\"@type\":\"BreadcrumbList\",\"@id\":\"https:\/\/www.haarfreiheit.net\/fr\/academie-haarfreiheit\/#breadcrumb\",\"itemListElement\":[{\"@type\":\"ListItem\",\"position\":1,\"name\":\"Startseite\",\"item\":\"https:\/\/www.haarfreiheit.net\/fr\/\"},{\"@type\":\"ListItem\",\"position\":2,\"name\":\"L&rsquo;ACAD\u00c9MIE DE HAARFREIHEIT\"}]},{\"@type\":\"WebSite\",\"@id\":\"https:\/\/www.haarfreiheit.net\/fr\/#website\",\"url\":\"https:\/\/www.haarfreiheit.net\/fr\/\",\"name\":\"Haarfreiheit\",\"description\":\"Dauerhafte Haarentfernung beim Experten\",\"potentialAction\":[{\"@type\":\"SearchAction\",\"target\":{\"@type\":\"EntryPoint\",\"urlTemplate\":\"https:\/\/www.haarfreiheit.net\/fr\/?s={search_term_string}\"},\"query-input\":{\"@type\":\"PropertyValueSpecification\",\"valueRequired\":true,\"valueName\":\"search_term_string\"}}],\"inLanguage\":\"fr-FR\"}]}<\/script>\n<!-- \/ Yoast SEO plugin. -->","yoast_head_json":{"title":"L'ACAD\u00c9MIE DE HAARFREIHEIT","description":"La cl\u00e9 du professionnalisme est la formation. Notre acad\u00e9mie propose r\u00e9guli\u00e8rement des formations sur l\u2019\u00e9pilation permanente*.","robots":{"index":"index","follow":"follow","max-snippet":"max-snippet:-1","max-image-preview":"max-image-preview:large","max-video-preview":"max-video-preview:-1"},"canonical":"https:\/\/www.haarfreiheit.net\/fr\/academie-haarfreiheit\/","og_locale":"fr_FR","og_type":"article","og_title":"L'ACAD\u00c9MIE DE HAARFREIHEIT","og_description":"La cl\u00e9 du professionnalisme est la formation. Notre acad\u00e9mie propose r\u00e9guli\u00e8rement des formations sur l\u2019\u00e9pilation permanente*.","og_url":"https:\/\/www.haarfreiheit.net\/fr\/academie-haarfreiheit\/","og_site_name":"Haarfreiheit","article_modified_time":"2023-09-27T09:34:44+00:00","og_image":[{"url":"https:\/\/www.haarfreiheit.net\/wp-content\/uploads\/2021\/10\/Effekthintergrund-Farben.jpg","type":"","width":"","height":""}],"twitter_card":"summary_large_image","twitter_misc":{"Dur\u00e9e de lecture estim\u00e9e":"3 minutes"},"schema":{"@context":"https:\/\/schema.org","@graph":[{"@type":"WebPage","@id":"https:\/\/www.haarfreiheit.net\/fr\/academie-haarfreiheit\/","url":"https:\/\/www.haarfreiheit.net\/fr\/academie-haarfreiheit\/","name":"L'ACAD\u00c9MIE DE HAARFREIHEIT","isPartOf":{"@id":"https:\/\/www.haarfreiheit.net\/fr\/#website"},"primaryImageOfPage":{"@id":"https:\/\/www.haarfreiheit.net\/fr\/academie-haarfreiheit\/#primaryimage"},"image":{"@id":"https:\/\/www.haarfreiheit.net\/fr\/academie-haarfreiheit\/#primaryimage"},"thumbnailUrl":"https:\/\/www.haarfreiheit.net\/wp-content\/uploads\/2021\/10\/Effekthintergrund-Farben.jpg","datePublished":"2021-11-03T11:34:30+00:00","dateModified":"2023-09-27T09:34:44+00:00","description":"La cl\u00e9 du professionnalisme est la formation. Notre acad\u00e9mie propose r\u00e9guli\u00e8rement des formations sur l\u2019\u00e9pilation permanente*.","breadcrumb":{"@id":"https:\/\/www.haarfreiheit.net\/fr\/academie-haarfreiheit\/#breadcrumb"},"inLanguage":"fr-FR","potentialAction":[{"@type":"ReadAction","target":["https:\/\/www.haarfreiheit.net\/fr\/academie-haarfreiheit\/"]}]},{"@type":"ImageObject","inLanguage":"fr-FR","@id":"https:\/\/www.haarfreiheit.net\/fr\/academie-haarfreiheit\/#primaryimage","url":"https:\/\/www.haarfreiheit.net\/wp-content\/uploads\/2021\/10\/Effekthintergrund-Farben.jpg","contentUrl":"https:\/\/www.haarfreiheit.net\/wp-content\/uploads\/2021\/10\/Effekthintergrund-Farben.jpg"},{"@type":"BreadcrumbList","@id":"https:\/\/www.haarfreiheit.net\/fr\/academie-haarfreiheit\/#breadcrumb","itemListElement":[{"@type":"ListItem","position":1,"name":"Startseite","item":"https:\/\/www.haarfreiheit.net\/fr\/"},{"@type":"ListItem","position":2,"name":"L&rsquo;ACAD\u00c9MIE DE HAARFREIHEIT"}]},{"@type":"WebSite","@id":"https:\/\/www.haarfreiheit.net\/fr\/#website","url":"https:\/\/www.haarfreiheit.net\/fr\/","name":"Haarfreiheit","description":"Dauerhafte Haarentfernung beim Experten","potentialAction":[{"@type":"SearchAction","target":{"@type":"EntryPoint","urlTemplate":"https:\/\/www.haarfreiheit.net\/fr\/?s={search_term_string}"},"query-input":{"@type":"PropertyValueSpecification","valueRequired":true,"valueName":"search_term_string"}}],"inLanguage":"fr-FR"}]}},"_links":{"self":[{"href":"https:\/\/www.haarfreiheit.net\/fr\/wp-json\/wp\/v2\/pages\/5971","targetHints":{"allow":["GET"]}}],"collection":[{"href":"https:\/\/www.haarfreiheit.net\/fr\/wp-json\/wp\/v2\/pages"}],"about":[{"href":"https:\/\/www.haarfreiheit.net\/fr\/wp-json\/wp\/v2\/types\/page"}],"author":[{"embeddable":true,"href":"https:\/\/www.haarfreiheit.net\/fr\/wp-json\/wp\/v2\/users\/1"}],"replies":[{"embeddable":true,"href":"https:\/\/www.haarfreiheit.net\/fr\/wp-json\/wp\/v2\/comments?post=5971"}],"version-history":[{"count":10,"href":"https:\/\/www.haarfreiheit.net\/fr\/wp-json\/wp\/v2\/pages\/5971\/revisions"}],"predecessor-version":[{"id":20976,"href":"https:\/\/www.haarfreiheit.net\/fr\/wp-json\/wp\/v2\/pages\/5971\/revisions\/20976"}],"wp:attachment":[{"href":"https:\/\/www.haarfreiheit.net\/fr\/wp-json\/wp\/v2\/media?parent=5971"}],"curies":[{"name":"wp","href":"https:\/\/api.w.org\/{rel}","templated":true}]}}