{"id":6707,"date":"2021-08-04T10:51:36","date_gmt":"2021-08-04T08:51:36","guid":{"rendered":"https:\/\/www.haarfreiheit.net\/haarentfernung-frauen-gesicht\/"},"modified":"2024-01-17T10:18:13","modified_gmt":"2024-01-17T09:18:13","slug":"epilation-permanente-femmes-visage","status":"publish","type":"page","link":"https:\/\/www.haarfreiheit.net\/fr\/epilation-permanente-femmes-visage\/","title":{"rendered":"\u00c9pilation permanente r\u00e9gions des femmes | VISAGE"},"content":{"rendered":"\n<div class=\"wp-block-cover is-light\" style=\"min-height:250px;aspect-ratio:unset;\"><span aria-hidden=\"true\" class=\"wp-block-cover__background has-white-background-color has-background-dim-20 has-background-dim\"><\/span><img loading=\"lazy\" decoding=\"async\" width=\"1980\" height=\"1417\" class=\"wp-block-cover__image-background wp-image-6204\" alt=\"Hintergrund Frau mit Achseln\" src=\"https:\/\/www.haarfreiheit.net\/wp-content\/uploads\/2021\/11\/Frau-Gesicht-Hintergrund.jpg\" style=\"object-position:99% 0%\" data-object-fit=\"cover\" data-object-position=\"99% 0%\" srcset=\"https:\/\/www.haarfreiheit.net\/wp-content\/uploads\/2021\/11\/Frau-Gesicht-Hintergrund.jpg 1980w, https:\/\/www.haarfreiheit.net\/wp-content\/uploads\/2021\/11\/Frau-Gesicht-Hintergrund-300x215.jpg 300w, https:\/\/www.haarfreiheit.net\/wp-content\/uploads\/2021\/11\/Frau-Gesicht-Hintergrund-1024x733.jpg 1024w, https:\/\/www.haarfreiheit.net\/wp-content\/uploads\/2021\/11\/Frau-Gesicht-Hintergrund-1536x1099.jpg 1536w\" sizes=\"auto, (max-width: 1980px) 100vw, 1980px\" \/><div class=\"wp-block-cover__inner-container is-layout-flow wp-block-cover-is-layout-flow\">\n<div style=\"height:66px\" aria-hidden=\"true\" class=\"wp-block-spacer is-style-s20\"><\/div>\n\n\n\n<div class=\"wp-block-columns is-layout-flex wp-container-core-columns-is-layout-9d6595d7 wp-block-columns-is-layout-flex\">\n<div class=\"wp-block-column is-vertically-aligned-center is-layout-flow wp-block-column-is-layout-flow\" style=\"flex-basis:40%\"><div class=\"wp-block-image\">\n<figure class=\"aligncenter size-full is-resized\"><img loading=\"lazy\" decoding=\"async\" width=\"400\" height=\"374\" src=\"https:\/\/www.haarfreiheit.net\/wp-content\/uploads\/2021\/11\/Gesicht-Wabe-Frau.png\" alt=\"Photo Face Femme Belle\" class=\"wp-image-5563\" style=\"object-fit:contain;width:373px;height:349px\" srcset=\"https:\/\/www.haarfreiheit.net\/wp-content\/uploads\/2021\/11\/Gesicht-Wabe-Frau.png 400w, https:\/\/www.haarfreiheit.net\/wp-content\/uploads\/2021\/11\/Gesicht-Wabe-Frau-300x281.png 300w\" sizes=\"auto, (max-width: 400px) 100vw, 400px\" \/><\/figure>\n<\/div><\/div>\n\n\n\n<div class=\"wp-block-column is-vertically-aligned-center is-layout-flow wp-block-column-is-layout-flow\" style=\"flex-basis:60%\">\n<h1 class=\"wp-block-heading has-text-align-center has-text-color primary-color\" id=\"visage\"><strong>VISAGE<\/strong><\/h1>\n\n\n\n<div style=\"height:25px\" aria-hidden=\"true\" class=\"wp-block-spacer\"><\/div>\n\n\n<div class=\"wp-block-image\">\n<figure class=\"aligncenter size-full is-resized\"><img loading=\"lazy\" decoding=\"async\" width=\"1140\" height=\"224\" src=\"https:\/\/www.haarfreiheit.net\/wp-content\/uploads\/2021\/11\/Trenner-Weiblichkeitszeichen.png\" alt=\"S\u00e9parateur graphique f\u00e9minit\u00e9\" class=\"wp-image-7018\" style=\"object-fit:contain;width:588px;height:115px\" srcset=\"https:\/\/www.haarfreiheit.net\/wp-content\/uploads\/2021\/11\/Trenner-Weiblichkeitszeichen.png 1140w, https:\/\/www.haarfreiheit.net\/wp-content\/uploads\/2021\/11\/Trenner-Weiblichkeitszeichen-300x59.png 300w, https:\/\/www.haarfreiheit.net\/wp-content\/uploads\/2021\/11\/Trenner-Weiblichkeitszeichen-1024x201.png 1024w\" sizes=\"auto, (max-width: 1140px) 100vw, 1140px\" \/><\/figure>\n<\/div>\n\n\n<div style=\"height:0px\" aria-hidden=\"true\" class=\"wp-block-spacer is-style-s20\"><\/div>\n\n\n\n<h2 class=\"wp-block-heading has-text-align-center primary-color has-medium-font-size\" id=\"regions-du-corps-pour-les-femmes\"> R\u00e9gions du corps pour les femmes <\/h2>\n\n\n\n<div style=\"height:0px\" aria-hidden=\"true\" class=\"wp-block-spacer is-style-s20\"><\/div>\n\n\n\n<div class=\"wp-block-buttons is-horizontal is-content-justification-center is-layout-flex wp-container-core-buttons-is-layout-499968f5 wp-block-buttons-is-layout-flex\">\n<div class=\"wp-block-button\"><a class=\"wp-block-button__link has-black-color has-white-background-color has-text-color has-background wp-element-button\" href=\"\/fr\/organiser-consultation-epilation-permanente\/\">Organiser une consultation gratuite<\/a><\/div>\n<\/div>\n<\/div>\n<\/div>\n\n\n\n<div style=\"height:62px\" aria-hidden=\"true\" class=\"wp-block-spacer is-style-s20\"><\/div>\n<\/div><\/div>\n\n\n\n<div style=\"height:82px\" aria-hidden=\"true\" class=\"wp-block-spacer is-style-s50\"><\/div>\n\n\n\n<div class=\"wp-block-columns is-layout-flex wp-container-core-columns-is-layout-9d6595d7 wp-block-columns-is-layout-flex\">\n<div class=\"wp-block-column is-layout-flow wp-block-column-is-layout-flow\">\n<div style=\"height:34px\" aria-hidden=\"true\" class=\"wp-block-spacer\"><\/div>\n\n\n\n<h2 class=\"wp-block-heading has-text-align-center primary-color\" id=\"laissez-votre-beaute-briller\">Laissez votre beaut\u00e9 briller<\/h2>\n\n\n\n<p class=\"has-text-align-center\">Notre visage rayonne notre beaut\u00e9 int\u00e9rieure vers le monde ext\u00e9rieur. Les gens ne regardent pas seulement nos yeux pour la premi\u00e8re impression, mais aussi la peau de notre visage. Avec une peau douce et soyeuse, vous pouvez particuli\u00e8rement mettre en valeur votre beaut\u00e9 int\u00e9rieure. D\u00e9barrassez-vous des poils g\u00eanants du visage et perfectionnez votre impression g\u00e9n\u00e9rale gr\u00e2ce \u00e0 des sourcils bien dessin\u00e9s.<\/p>\n<\/div>\n\n\n\n<div class=\"wp-block-column is-vertically-aligned-center is-layout-flow wp-block-column-is-layout-flow\"><div class=\"wp-block-image is-style-rounded\">\n<figure class=\"aligncenter size-full is-resized\"><a href=\"https:\/\/www.youtube.com\/watch?v=bYHNxwN8hnI\" target=\"_blank\" rel=\"noreferrer noopener\"><img loading=\"lazy\" decoding=\"async\" width=\"700\" height=\"430\" src=\"https:\/\/www.haarfreiheit.net\/wp-content\/uploads\/2022\/07\/Gesichtsbehandlung-Aufnahme-Youtube-Link.jpg\" alt=\"Youtube Link Video Gesichtsbehandlung\" class=\"wp-image-12369\" style=\"object-fit:contain;width:519px;height:319px\" srcset=\"https:\/\/www.haarfreiheit.net\/wp-content\/uploads\/2022\/07\/Gesichtsbehandlung-Aufnahme-Youtube-Link.jpg 700w, https:\/\/www.haarfreiheit.net\/wp-content\/uploads\/2022\/07\/Gesichtsbehandlung-Aufnahme-Youtube-Link-300x184.jpg 300w\" sizes=\"auto, (max-width: 700px) 100vw, 700px\" \/><\/a><\/figure>\n<\/div><\/div>\n<\/div>\n\n\n\n<div style=\"height:66px\" aria-hidden=\"true\" class=\"wp-block-spacer is-style-s40\"><\/div>\n\n\n\n<div class=\"wp-block-columns is-layout-flex wp-container-core-columns-is-layout-9d6595d7 wp-block-columns-is-layout-flex\">\n<div class=\"wp-block-column is-layout-flow wp-block-column-is-layout-flow\"><div class=\"wp-block-image\">\n<figure class=\"aligncenter size-full is-resized\"><img loading=\"lazy\" decoding=\"async\" width=\"1140\" height=\"224\" src=\"https:\/\/www.haarfreiheit.net\/wp-content\/uploads\/2021\/11\/Trenner-Weiblichkeitszeichen.png\" alt=\"S\u00e9parateur graphique f\u00e9minit\u00e9\" class=\"wp-image-7018\" style=\"object-fit:contain;width:694px;height:136px\" srcset=\"https:\/\/www.haarfreiheit.net\/wp-content\/uploads\/2021\/11\/Trenner-Weiblichkeitszeichen.png 1140w, https:\/\/www.haarfreiheit.net\/wp-content\/uploads\/2021\/11\/Trenner-Weiblichkeitszeichen-300x59.png 300w, https:\/\/www.haarfreiheit.net\/wp-content\/uploads\/2021\/11\/Trenner-Weiblichkeitszeichen-1024x201.png 1024w\" sizes=\"auto, (max-width: 1140px) 100vw, 1140px\" \/><\/figure>\n<\/div><\/div>\n<\/div>\n\n\n\n<div style=\"height:45px\" aria-hidden=\"true\" class=\"wp-block-spacer is-style-s40\"><\/div>\n\n\n\n<div class=\"wp-block-columns is-layout-flex wp-container-core-columns-is-layout-9d6595d7 wp-block-columns-is-layout-flex\">\n<div class=\"wp-block-column is-layout-flow wp-block-column-is-layout-flow\">\n<h2 class=\"wp-block-heading has-text-align-center has-text-color primary-color\" id=\"des-sourcils-parfaits\">Des sourcils parfaits<\/h2>\n\n\n\n<p class=\"has-text-align-center\">De nos jours, on accorde beaucoup d&rsquo;importance \u00e0 la forme des sourcils, mais ceux-ci poussent de mani\u00e8re plut\u00f4t asym\u00e9trique chez la plupart des gens. Gr\u00e2ce \u00e0 notre proc\u00e9dure XENOgel,<br>vous pouvez fa\u00e7onner vos sourcils sans avoir \u00e0 les \u00e9piler quotidiennement ou \u00e0 utiliser d&rsquo;autres m\u00e9thodes laborieuses.<\/p>\n\n\n\n<div style=\"height:66px\" aria-hidden=\"true\" class=\"wp-block-spacer\"><\/div>\n<\/div>\n\n\n\n<div class=\"wp-block-column is-layout-flow wp-block-column-is-layout-flow\">\n<h2 class=\"wp-block-heading has-text-align-center has-text-color primary-color\" id=\"profitez-de-la-liberte\">Profitez de la libert\u00e9<\/h2>\n\n\n\n<p class=\"has-text-align-center has-black-color has-text-color\">Ne vous inqui\u00e9tez plus jamais de la pr\u00e9sence de poils visibles sur votre visage. Un traitement avec notre proc\u00e9dure XENOgel vous redonnera confiance en vous. Arr\u00eatez de vous cacher et profitez de la libert\u00e9. Appliquez \u00e0 nouveau votre maquillage pr\u00e9f\u00e9r\u00e9 sans crainte et profitez du luxe d&rsquo;\u00eatre d\u00e9finitivement* lib\u00e9r\u00e9e de la barbe des femmes.<\/p>\n\n\n\n<div style=\"height:20px\" aria-hidden=\"true\" class=\"wp-block-spacer\"><\/div>\n\n\n<div class=\"wp-block-image\">\n<figure class=\"aligncenter size-full is-resized\"><img loading=\"lazy\" decoding=\"async\" width=\"999\" height=\"260\" src=\"https:\/\/www.haarfreiheit.net\/wp-content\/uploads\/2021\/11\/XENOgel_Logo.png\" alt=\"Logo XENOgel\" class=\"wp-image-6700\" style=\"object-fit:contain;width:484px;height:126px\" srcset=\"https:\/\/www.haarfreiheit.net\/wp-content\/uploads\/2021\/11\/XENOgel_Logo.png 999w, https:\/\/www.haarfreiheit.net\/wp-content\/uploads\/2021\/11\/XENOgel_Logo-300x78.png 300w\" sizes=\"auto, (max-width: 999px) 100vw, 999px\" \/><\/figure>\n<\/div><\/div>\n<\/div>\n\n\n\n<div style=\"height:74px\" aria-hidden=\"true\" class=\"wp-block-spacer is-style-s50\"><\/div>\n\n\n\n<div class=\"wp-block-cover is-light\"><span aria-hidden=\"true\" class=\"wp-block-cover__background has-white-background-color has-background-dim-80 has-background-dim\"><\/span><img loading=\"lazy\" decoding=\"async\" width=\"1980\" height=\"858\" class=\"wp-block-cover__image-background wp-image-3202\" alt=\"Image de l\u2019effet d\u2019image de banni\u00e8re\" src=\"https:\/\/www.haarfreiheit.net\/wp-content\/uploads\/2021\/11\/Maroon-Banner.jpg\" style=\"object-position:0% 100%\" data-object-fit=\"cover\" data-object-position=\"0% 100%\" srcset=\"https:\/\/www.haarfreiheit.net\/wp-content\/uploads\/2021\/11\/Maroon-Banner.jpg 1980w, https:\/\/www.haarfreiheit.net\/wp-content\/uploads\/2021\/11\/Maroon-Banner-300x130.jpg 300w, https:\/\/www.haarfreiheit.net\/wp-content\/uploads\/2021\/11\/Maroon-Banner-1024x444.jpg 1024w, https:\/\/www.haarfreiheit.net\/wp-content\/uploads\/2021\/11\/Maroon-Banner-1536x666.jpg 1536w\" sizes=\"auto, (max-width: 1980px) 100vw, 1980px\" \/><div class=\"wp-block-cover__inner-container is-layout-flow wp-block-cover-is-layout-flow\">\n<div style=\"height:77px\" aria-hidden=\"true\" class=\"wp-block-spacer is-style-s50\"><\/div>\n\n\n\n<div class=\"wp-block-columns is-layout-flex wp-container-core-columns-is-layout-9d6595d7 wp-block-columns-is-layout-flex\">\n<div class=\"wp-block-column is-vertically-aligned-center is-layout-flow wp-block-column-is-layout-flow\"><div class=\"wp-block-image\">\n<figure class=\"aligncenter size-full is-resized\"><img loading=\"lazy\" decoding=\"async\" width=\"864\" height=\"490\" src=\"https:\/\/www.haarfreiheit.net\/wp-content\/uploads\/2021\/10\/Fotoepilation-an-der-Oberlippe.png\" alt=\"Photo traitement l\u00e8vre sup\u00e9rieure\" class=\"wp-image-6186\" style=\"object-fit:contain;width:523px;height:297px\" srcset=\"https:\/\/www.haarfreiheit.net\/wp-content\/uploads\/2021\/10\/Fotoepilation-an-der-Oberlippe.png 864w, https:\/\/www.haarfreiheit.net\/wp-content\/uploads\/2021\/10\/Fotoepilation-an-der-Oberlippe-300x170.png 300w\" sizes=\"auto, (max-width: 864px) 100vw, 864px\" \/><\/figure>\n<\/div><\/div>\n\n\n\n<div class=\"wp-block-column is-vertically-aligned-center is-layout-flow wp-block-column-is-layout-flow\">\n<h2 class=\"wp-block-heading has-text-align-center has-text-color primary-color\" id=\"dites-adieu-aux-poils-genants-de-la-levre-superieure\">Dites adieu aux poils g\u00eanants de la l\u00e8vre sup\u00e9rieure<\/h2>\n\n\n\n<p class=\"has-text-align-center has-black-color has-text-color\">Il n&rsquo;est pas rare que les femmes aient des poils fins ou un l\u00e9ger duvet sur le menton ou la l\u00e8vre sup\u00e9rieure. Il n&rsquo;est pas rare non plus d&rsquo;avoir des cheveux \u00e9pais. Cette barbe dite de femme est ind\u00e9sirable pour beaucoup de femmes. Gr\u00e2ce \u00e0 nos m\u00e9thodes d&rsquo;\u00e9pilation innovantes, telles que l&rsquo;IPL, le laser \u00e0 diode ou le SHR, les poils ind\u00e9sirables font partie du pass\u00e9. Nos m\u00e9thodes douces et respectueuses de la peau offrent un traitement non seulement efficace mais aussi indolore, m\u00eame dans des zones aussi sensibles.<\/p>\n<\/div>\n<\/div>\n\n\n\n<div style=\"height:61px\" aria-hidden=\"true\" class=\"wp-block-spacer\"><\/div>\n<\/div><\/div>\n\n\n\n<div style=\"height:82px\" aria-hidden=\"true\" class=\"wp-block-spacer is-style-s50\"><\/div>\n\n\n\n<div class=\"wp-block-columns is-layout-flex wp-container-core-columns-is-layout-9d6595d7 wp-block-columns-is-layout-flex\">\n<div class=\"wp-block-column is-layout-flow wp-block-column-is-layout-flow\">\n<h3 class=\"wp-block-heading has-text-align-center\" id=\"avec-nous-vous-etes-entre-de-bonnes-mains\">Avec nous, vous \u00eates entre de bonnes mains<\/h3>\n\n\n\n<p class=\"has-text-align-center\">\u00c9tant donn\u00e9 que notre \u00e9quipe, dans chaque institut, se compose principalement de professionnels de la sant\u00e9, nous pouvons vous offrir la meilleure qualit\u00e9. La formation r\u00e9guli\u00e8re de notre personnel est une priorit\u00e9 absolue. Ce n&rsquo;est que de cette mani\u00e8re que nous pouvons vous garantir la meilleure comp\u00e9tence en toutes mati\u00e8res. Le visage \u00e9tant une zone sensible, nous vous assurons le plus haut niveau de professionnalisme afin que vous puissiez vous d\u00e9tendre pendant votre traitement.<\/p>\n<\/div>\n\n\n\n<div class=\"wp-block-column is-layout-flow wp-block-column-is-layout-flow\">\n<h3 class=\"wp-block-heading has-text-align-center\" id=\"atteindre-l-objectif-grace-a-une-technologie-innovante\">Atteindre l&rsquo;objectif gr\u00e2ce \u00e0 une technologie innovante<\/h3>\n\n\n\n<p class=\"has-text-align-center\">Gr\u00e2ce \u00e0 nos technologies d&rsquo;avant-garde, les poils du visage peuvent \u00e9galement \u00eatre \u00e9limin\u00e9s de fa\u00e7on permanente*. Nous nous ferons un plaisir de vous conseiller afin que vous puissiez commencer un traitement d\u00e9tendu, sans aucune question sans r\u00e9ponse.<\/p>\n<\/div>\n<\/div>\n\n\n\n<div style=\"height:72px\" aria-hidden=\"true\" class=\"wp-block-spacer is-style-s50\"><\/div>\n\n\n\n<div class=\"wp-block-cover is-light\" style=\"min-height:100px;aspect-ratio:unset;\"><span aria-hidden=\"true\" class=\"wp-block-cover__background has-background-dim-0 has-background-dim\"><\/span><img loading=\"lazy\" decoding=\"async\" width=\"1980\" height=\"1232\" class=\"wp-block-cover__image-background wp-image-6586\" alt=\"Banni\u00e8re Retour et Contact\" src=\"https:\/\/www.haarfreiheit.net\/wp-content\/uploads\/2021\/10\/Haare-Template-Bild.jpg\" data-object-fit=\"cover\" srcset=\"https:\/\/www.haarfreiheit.net\/wp-content\/uploads\/2021\/10\/Haare-Template-Bild.jpg 1980w, https:\/\/www.haarfreiheit.net\/wp-content\/uploads\/2021\/10\/Haare-Template-Bild-300x187.jpg 300w, https:\/\/www.haarfreiheit.net\/wp-content\/uploads\/2021\/10\/Haare-Template-Bild-1024x637.jpg 1024w, https:\/\/www.haarfreiheit.net\/wp-content\/uploads\/2021\/10\/Haare-Template-Bild-1536x956.jpg 1536w\" sizes=\"auto, (max-width: 1980px) 100vw, 1980px\" \/><div class=\"wp-block-cover__inner-container is-layout-flow wp-block-cover-is-layout-flow\">\n<div style=\"height:60px\" aria-hidden=\"true\" class=\"wp-block-spacer\"><\/div>\n\n\n\n<div class=\"wp-block-columns is-layout-flex wp-container-core-columns-is-layout-9d6595d7 wp-block-columns-is-layout-flex\">\n<div class=\"wp-block-column is-layout-flow wp-block-column-is-layout-flow\">\n<div class=\"wp-block-buttons is-horizontal is-content-justification-center is-layout-flex wp-container-core-buttons-is-layout-499968f5 wp-block-buttons-is-layout-flex\">\n<div class=\"wp-block-button\"><a class=\"wp-block-button__link wp-element-button\" href=\"\/fr\/apercu-regions-femmes\/\">D\u00e9tour Aper\u00e7u<\/a><\/div>\n<\/div>\n<\/div>\n\n\n\n<div class=\"wp-block-column is-layout-flow wp-block-column-is-layout-flow\">\n<div class=\"wp-block-buttons is-horizontal is-content-justification-center is-layout-flex wp-container-core-buttons-is-layout-499968f5 wp-block-buttons-is-layout-flex\">\n<div class=\"wp-block-button\"><a class=\"wp-block-button__link has-black-color has-white-background-color has-text-color has-background wp-element-button\" href=\"\/fr\/organiser-consultation-epilation-permanente\/\">Organiser une consultation gratuite<\/a><\/div>\n<\/div>\n<\/div>\n<\/div>\n\n\n\n<div style=\"height:53px\" aria-hidden=\"true\" class=\"wp-block-spacer\"><\/div>\n<\/div><\/div>\n","protected":false},"excerpt":{"rendered":"<p>Laissez votre beaut\u00e9 briller Notre visage rayonne notre beaut\u00e9 int\u00e9rieure vers le monde ext\u00e9rieur. Les gens ne regardent pas seulement nos yeux pour la premi\u00e8re impression, mais aussi la peau de notre visage. Avec une peau douce et soyeuse, vous pouvez particuli\u00e8rement mettre en valeur votre beaut\u00e9 int\u00e9rieure. D\u00e9barrassez-vous des poils g\u00eanants du visage et <a href=\"https:\/\/www.haarfreiheit.net\/fr\/epilation-permanente-femmes-visage\/\" class=\"more-link\">&#8230;<\/a><\/p>\n","protected":false},"author":1,"featured_media":0,"parent":0,"menu_order":1,"comment_status":"closed","ping_status":"closed","template":"","meta":{"footnotes":""},"class_list":["post-6707","page","type-page","status-publish","hentry"],"yoast_head":"<!-- This site is optimized with the Yoast SEO plugin v27.1.1 - https:\/\/yoast.com\/product\/yoast-seo-wordpress\/ -->\n<title>\u00c9pilation permanente r\u00e9gions des femmes | VISAGE<\/title>\n<meta name=\"description\" content=\"Une peau lisse et des sourcils parfaitement form\u00e9s feront briller votre visage. Vous pouvez dire adieu aux poils ennuyeux de la l\u00e8vre sup\u00e9rieure.\" \/>\n<meta name=\"robots\" content=\"index, follow, max-snippet:-1, max-image-preview:large, max-video-preview:-1\" \/>\n<link rel=\"canonical\" href=\"https:\/\/www.haarfreiheit.net\/fr\/epilation-permanente-femmes-visage\/\" \/>\n<meta property=\"og:locale\" content=\"fr_FR\" \/>\n<meta property=\"og:type\" content=\"article\" \/>\n<meta property=\"og:title\" content=\"\u00c9pilation permanente r\u00e9gions des femmes | VISAGE\" \/>\n<meta property=\"og:description\" content=\"Une peau lisse et des sourcils parfaitement form\u00e9s feront briller votre visage. Vous pouvez dire adieu aux poils ennuyeux de la l\u00e8vre sup\u00e9rieure.\" \/>\n<meta property=\"og:url\" content=\"https:\/\/www.haarfreiheit.net\/fr\/epilation-permanente-femmes-visage\/\" \/>\n<meta property=\"og:site_name\" content=\"Haarfreiheit\" \/>\n<meta property=\"article:modified_time\" content=\"2024-01-17T09:18:13+00:00\" \/>\n<meta property=\"og:image\" content=\"https:\/\/www.haarfreiheit.net\/wp-content\/uploads\/2021\/11\/Frau-Gesicht-Hintergrund.jpg\" \/>\n<meta name=\"twitter:card\" content=\"summary_large_image\" \/>\n<meta name=\"twitter:label1\" content=\"Dur\u00e9e de lecture estim\u00e9e\" \/>\n\t<meta name=\"twitter:data1\" content=\"5 minutes\" \/>\n<script type=\"application\/ld+json\" class=\"yoast-schema-graph\">{\"@context\":\"https:\/\/schema.org\",\"@graph\":[{\"@type\":\"WebPage\",\"@id\":\"https:\/\/www.haarfreiheit.net\/fr\/epilation-permanente-femmes-visage\/\",\"url\":\"https:\/\/www.haarfreiheit.net\/fr\/epilation-permanente-femmes-visage\/\",\"name\":\"\u00c9pilation permanente r\u00e9gions des femmes | VISAGE\",\"isPartOf\":{\"@id\":\"https:\/\/www.haarfreiheit.net\/fr\/#website\"},\"primaryImageOfPage\":{\"@id\":\"https:\/\/www.haarfreiheit.net\/fr\/epilation-permanente-femmes-visage\/#primaryimage\"},\"image\":{\"@id\":\"https:\/\/www.haarfreiheit.net\/fr\/epilation-permanente-femmes-visage\/#primaryimage\"},\"thumbnailUrl\":\"https:\/\/www.haarfreiheit.net\/wp-content\/uploads\/2021\/11\/Frau-Gesicht-Hintergrund.jpg\",\"datePublished\":\"2021-08-04T08:51:36+00:00\",\"dateModified\":\"2024-01-17T09:18:13+00:00\",\"description\":\"Une peau lisse et des sourcils parfaitement form\u00e9s feront briller votre visage. Vous pouvez dire adieu aux poils ennuyeux de la l\u00e8vre sup\u00e9rieure.\",\"breadcrumb\":{\"@id\":\"https:\/\/www.haarfreiheit.net\/fr\/epilation-permanente-femmes-visage\/#breadcrumb\"},\"inLanguage\":\"fr-FR\",\"potentialAction\":[{\"@type\":\"ReadAction\",\"target\":[\"https:\/\/www.haarfreiheit.net\/fr\/epilation-permanente-femmes-visage\/\"]}]},{\"@type\":\"ImageObject\",\"inLanguage\":\"fr-FR\",\"@id\":\"https:\/\/www.haarfreiheit.net\/fr\/epilation-permanente-femmes-visage\/#primaryimage\",\"url\":\"https:\/\/www.haarfreiheit.net\/wp-content\/uploads\/2021\/11\/Frau-Gesicht-Hintergrund.jpg\",\"contentUrl\":\"https:\/\/www.haarfreiheit.net\/wp-content\/uploads\/2021\/11\/Frau-Gesicht-Hintergrund.jpg\"},{\"@type\":\"BreadcrumbList\",\"@id\":\"https:\/\/www.haarfreiheit.net\/fr\/epilation-permanente-femmes-visage\/#breadcrumb\",\"itemListElement\":[{\"@type\":\"ListItem\",\"position\":1,\"name\":\"Startseite\",\"item\":\"https:\/\/www.haarfreiheit.net\/fr\/\"},{\"@type\":\"ListItem\",\"position\":2,\"name\":\"\u00c9pilation permanente r\u00e9gions des femmes | VISAGE\"}]},{\"@type\":\"WebSite\",\"@id\":\"https:\/\/www.haarfreiheit.net\/fr\/#website\",\"url\":\"https:\/\/www.haarfreiheit.net\/fr\/\",\"name\":\"Haarfreiheit\",\"description\":\"Dauerhafte Haarentfernung beim Experten\",\"potentialAction\":[{\"@type\":\"SearchAction\",\"target\":{\"@type\":\"EntryPoint\",\"urlTemplate\":\"https:\/\/www.haarfreiheit.net\/fr\/?s={search_term_string}\"},\"query-input\":{\"@type\":\"PropertyValueSpecification\",\"valueRequired\":true,\"valueName\":\"search_term_string\"}}],\"inLanguage\":\"fr-FR\"}]}<\/script>\n<!-- \/ Yoast SEO plugin. -->","yoast_head_json":{"title":"\u00c9pilation permanente r\u00e9gions des femmes | VISAGE","description":"Une peau lisse et des sourcils parfaitement form\u00e9s feront briller votre visage. Vous pouvez dire adieu aux poils ennuyeux de la l\u00e8vre sup\u00e9rieure.","robots":{"index":"index","follow":"follow","max-snippet":"max-snippet:-1","max-image-preview":"max-image-preview:large","max-video-preview":"max-video-preview:-1"},"canonical":"https:\/\/www.haarfreiheit.net\/fr\/epilation-permanente-femmes-visage\/","og_locale":"fr_FR","og_type":"article","og_title":"\u00c9pilation permanente r\u00e9gions des femmes | VISAGE","og_description":"Une peau lisse et des sourcils parfaitement form\u00e9s feront briller votre visage. Vous pouvez dire adieu aux poils ennuyeux de la l\u00e8vre sup\u00e9rieure.","og_url":"https:\/\/www.haarfreiheit.net\/fr\/epilation-permanente-femmes-visage\/","og_site_name":"Haarfreiheit","article_modified_time":"2024-01-17T09:18:13+00:00","og_image":[{"url":"https:\/\/www.haarfreiheit.net\/wp-content\/uploads\/2021\/11\/Frau-Gesicht-Hintergrund.jpg","type":"","width":"","height":""}],"twitter_card":"summary_large_image","twitter_misc":{"Dur\u00e9e de lecture estim\u00e9e":"5 minutes"},"schema":{"@context":"https:\/\/schema.org","@graph":[{"@type":"WebPage","@id":"https:\/\/www.haarfreiheit.net\/fr\/epilation-permanente-femmes-visage\/","url":"https:\/\/www.haarfreiheit.net\/fr\/epilation-permanente-femmes-visage\/","name":"\u00c9pilation permanente r\u00e9gions des femmes | VISAGE","isPartOf":{"@id":"https:\/\/www.haarfreiheit.net\/fr\/#website"},"primaryImageOfPage":{"@id":"https:\/\/www.haarfreiheit.net\/fr\/epilation-permanente-femmes-visage\/#primaryimage"},"image":{"@id":"https:\/\/www.haarfreiheit.net\/fr\/epilation-permanente-femmes-visage\/#primaryimage"},"thumbnailUrl":"https:\/\/www.haarfreiheit.net\/wp-content\/uploads\/2021\/11\/Frau-Gesicht-Hintergrund.jpg","datePublished":"2021-08-04T08:51:36+00:00","dateModified":"2024-01-17T09:18:13+00:00","description":"Une peau lisse et des sourcils parfaitement form\u00e9s feront briller votre visage. Vous pouvez dire adieu aux poils ennuyeux de la l\u00e8vre sup\u00e9rieure.","breadcrumb":{"@id":"https:\/\/www.haarfreiheit.net\/fr\/epilation-permanente-femmes-visage\/#breadcrumb"},"inLanguage":"fr-FR","potentialAction":[{"@type":"ReadAction","target":["https:\/\/www.haarfreiheit.net\/fr\/epilation-permanente-femmes-visage\/"]}]},{"@type":"ImageObject","inLanguage":"fr-FR","@id":"https:\/\/www.haarfreiheit.net\/fr\/epilation-permanente-femmes-visage\/#primaryimage","url":"https:\/\/www.haarfreiheit.net\/wp-content\/uploads\/2021\/11\/Frau-Gesicht-Hintergrund.jpg","contentUrl":"https:\/\/www.haarfreiheit.net\/wp-content\/uploads\/2021\/11\/Frau-Gesicht-Hintergrund.jpg"},{"@type":"BreadcrumbList","@id":"https:\/\/www.haarfreiheit.net\/fr\/epilation-permanente-femmes-visage\/#breadcrumb","itemListElement":[{"@type":"ListItem","position":1,"name":"Startseite","item":"https:\/\/www.haarfreiheit.net\/fr\/"},{"@type":"ListItem","position":2,"name":"\u00c9pilation permanente r\u00e9gions des femmes | VISAGE"}]},{"@type":"WebSite","@id":"https:\/\/www.haarfreiheit.net\/fr\/#website","url":"https:\/\/www.haarfreiheit.net\/fr\/","name":"Haarfreiheit","description":"Dauerhafte Haarentfernung beim Experten","potentialAction":[{"@type":"SearchAction","target":{"@type":"EntryPoint","urlTemplate":"https:\/\/www.haarfreiheit.net\/fr\/?s={search_term_string}"},"query-input":{"@type":"PropertyValueSpecification","valueRequired":true,"valueName":"search_term_string"}}],"inLanguage":"fr-FR"}]}},"_links":{"self":[{"href":"https:\/\/www.haarfreiheit.net\/fr\/wp-json\/wp\/v2\/pages\/6707","targetHints":{"allow":["GET"]}}],"collection":[{"href":"https:\/\/www.haarfreiheit.net\/fr\/wp-json\/wp\/v2\/pages"}],"about":[{"href":"https:\/\/www.haarfreiheit.net\/fr\/wp-json\/wp\/v2\/types\/page"}],"author":[{"embeddable":true,"href":"https:\/\/www.haarfreiheit.net\/fr\/wp-json\/wp\/v2\/users\/1"}],"replies":[{"embeddable":true,"href":"https:\/\/www.haarfreiheit.net\/fr\/wp-json\/wp\/v2\/comments?post=6707"}],"version-history":[{"count":10,"href":"https:\/\/www.haarfreiheit.net\/fr\/wp-json\/wp\/v2\/pages\/6707\/revisions"}],"predecessor-version":[{"id":22895,"href":"https:\/\/www.haarfreiheit.net\/fr\/wp-json\/wp\/v2\/pages\/6707\/revisions\/22895"}],"wp:attachment":[{"href":"https:\/\/www.haarfreiheit.net\/fr\/wp-json\/wp\/v2\/media?parent=6707"}],"curies":[{"name":"wp","href":"https:\/\/api.w.org\/{rel}","templated":true}]}}