{"id":7050,"date":"2021-09-29T13:57:45","date_gmt":"2021-09-29T11:57:45","guid":{"rendered":"https:\/\/www.haarfreiheit.net\/vergleich-ipl-shr-xenogel-technik\/"},"modified":"2023-09-27T16:15:32","modified_gmt":"2023-09-27T14:15:32","slug":"comparaison-epilation","status":"publish","type":"page","link":"https:\/\/www.haarfreiheit.net\/fr\/comparaison-epilation\/","title":{"rendered":"Comparaison \u00c9pilation"},"content":{"rendered":"\n<div class=\"wp-block-cover is-light\" style=\"min-height:250px;aspect-ratio:unset;\"><span aria-hidden=\"true\" class=\"wp-block-cover__background has-background-dim-0 has-background-dim\"><\/span><img loading=\"lazy\" decoding=\"async\" width=\"1980\" height=\"1185\" class=\"wp-block-cover__image-background wp-image-3565\" alt=\"Image Contexte Femme avec les paire amoreux\" src=\"https:\/\/www.haarfreiheit.net\/wp-content\/uploads\/2021\/11\/happy-couple-HIntergrundbild.jpg\" style=\"object-position:83% 32%\" data-object-fit=\"cover\" data-object-position=\"83% 32%\" srcset=\"https:\/\/www.haarfreiheit.net\/wp-content\/uploads\/2021\/11\/happy-couple-HIntergrundbild.jpg 1980w, https:\/\/www.haarfreiheit.net\/wp-content\/uploads\/2021\/11\/happy-couple-HIntergrundbild-300x180.jpg 300w, https:\/\/www.haarfreiheit.net\/wp-content\/uploads\/2021\/11\/happy-couple-HIntergrundbild-1024x613.jpg 1024w, https:\/\/www.haarfreiheit.net\/wp-content\/uploads\/2021\/11\/happy-couple-HIntergrundbild-1536x919.jpg 1536w\" sizes=\"auto, (max-width: 1980px) 100vw, 1980px\" \/><div class=\"wp-block-cover__inner-container is-layout-flow wp-block-cover-is-layout-flow\">\n<div class=\"wp-block-columns is-layout-flex wp-container-core-columns-is-layout-9d6595d7 wp-block-columns-is-layout-flex\">\n<div class=\"wp-block-column is-layout-flow wp-block-column-is-layout-flow\">\n<div style=\"height:30px\" aria-hidden=\"true\" class=\"wp-block-spacer is-style-s50\"><\/div>\n\n\n\n<h1 class=\"wp-block-heading has-text-align-center primary-color\" id=\"comparaison-des-methodes-d-epilation-permanente\">Comparaison des m\u00e9thodes d&rsquo;<br><strong>\u00c9PILATION PERMANENTE*<\/strong><\/h1>\n\n\n\n<div style=\"height:30px\" aria-hidden=\"true\" class=\"wp-block-spacer\"><\/div>\n\n\n\n<p class=\"has-text-align-center has-black-color has-text-color has-medium-font-size\">La fameuse \u00ab \u00e9pilation au laser \u00bb d\u00e9crit l\u2019\u00e9pilation des poils du corps au moyen de la lumi\u00e8re. Cela fait r\u00e9f\u00e9rence \u00e0 la lumi\u00e8re froide et group\u00e9e. Ce type d\u2019\u00e9pilation est \u00e9galement connu sous le nom de photo\u00e9pilation.<\/p>\n\n\n\n<div style=\"height:50px\" aria-hidden=\"true\" class=\"wp-block-spacer\"><\/div>\n\n\n\n<div class=\"wp-block-buttons is-content-justification-center is-layout-flex wp-container-core-buttons-is-layout-16018d1d wp-block-buttons-is-layout-flex\">\n<div class=\"wp-block-button is-style-fill\"><a class=\"wp-block-button__link has-white-color has-text-color wp-element-button\" href=\"\/fr\/organiser-consultation-epilation-permanente\/\">Organiser une consultation gratuite<\/a><\/div>\n<\/div>\n\n\n\n<div style=\"height:30px\" aria-hidden=\"true\" class=\"wp-block-spacer is-style-s50\"><\/div>\n<\/div>\n<\/div>\n<\/div><\/div>\n\n\n\n<div style=\"height:30px\" aria-hidden=\"true\" class=\"wp-block-spacer is-style-s50\"><\/div>\n\n\n\n<div class=\"wp-block-columns is-layout-flex wp-container-core-columns-is-layout-9d6595d7 wp-block-columns-is-layout-flex\">\n<div class=\"wp-block-column is-layout-flow wp-block-column-is-layout-flow\">\n<h2 class=\"wp-block-heading has-text-align-center primary-color\">\u00c9pilation temporaire \u2013 rasoirs, \u00e9pilateurs et Cie<\/h2>\n\n\n\n<p class=\"has-text-align-center\">Souvent, les poils ne sont enlev\u00e9s que temporairement. Cette m\u00e9thode est \u00e9galement appel\u00e9e \u00e9pilation. Les cheveux ne sont coup\u00e9s qu\u2019au niveau de la surface de la peau. Cependant, la partie restante des cheveux reste sous la peau. Les cheveux peuvent donc continuer \u00e0 pousser. Apr\u00e8s un court laps de temps, il continue de cro\u00eetre et il arrive \u00e0 la formation de chaume bien connue et d\u00e9sagr\u00e9able.<\/p>\n\n\n\n<p class=\"has-text-align-center\">Qui ne le sait pas : le rasoir. C\u2019est probablement l\u2019appareil le plus couramment utilis\u00e9, qui est utilis\u00e9 pour l\u2019\u00e9pilation des poils. Les chemins sont vari\u00e9s, il y a des rasoirs humides et secs de diff\u00e9rentes formes. Cependant, le probl\u00e8me reste le m\u00eame pour tous les mod\u00e8les. Les cheveux repoussent en peu de temps et doivent \u00eatre ras\u00e9s \u00e0 nouveau.<\/p>\n\n\n\n<p class=\"has-text-align-center\">Contrairement aux rasoirs, les cheveux sont arrach\u00e9s au moins avec la racine lors de l\u2019\u00e9pilation ou de l\u2019\u00e9pilation. Ce processus est extr\u00eamement douloureux, mais contrairement au rasage classique, il dure environ 4 semaines. Apr\u00e8s cela, le processus doit \u00eatre r\u00e9p\u00e9t\u00e9.<\/p>\n\n\n\n<div style=\"height:100px\" aria-hidden=\"true\" class=\"wp-block-spacer is-style-s20\"><\/div>\n<\/div>\n\n\n\n<div class=\"wp-block-column is-vertically-aligned-center is-layout-flow wp-block-column-is-layout-flow\"><div class=\"wp-block-image\">\n<figure class=\"aligncenter size-full is-resized\"><img loading=\"lazy\" decoding=\"async\" src=\"https:\/\/www.haarfreiheit.net\/wp-content\/uploads\/2023\/03\/Vergleich-Tiefenwirkung-Haarentfernung.webp\" alt=\"Vergleich Tiefenwirkung der unterschiedlichen Technologien\" class=\"wp-image-17144\" style=\"object-fit:contain;width:360px;height:494px\" width=\"360\" height=\"494\"\/><\/figure>\n<\/div><\/div>\n<\/div>\n\n\n\n<div class=\"wp-block-columns is-layout-flex wp-container-core-columns-is-layout-9d6595d7 wp-block-columns-is-layout-flex\">\n<div class=\"wp-block-column is-layout-flow wp-block-column-is-layout-flow\">\n<div style=\"height:100px\" aria-hidden=\"true\" class=\"wp-block-spacer is-style-s50\"><\/div>\n\n\n\n<h2 class=\"wp-block-heading has-text-align-center primary-color\">\u00c9pilation permanente avec de l\u2019\u00e9nergie lumineuse<\/h2>\n\n\n\n<div style=\"height:100px\" aria-hidden=\"true\" class=\"wp-block-spacer is-style-s50\"><\/div>\n<\/div>\n<\/div>\n\n\n\n<div class=\"wp-block-columns is-layout-flex wp-container-core-columns-is-layout-9d6595d7 wp-block-columns-is-layout-flex\">\n<div class=\"wp-block-column is-vertically-aligned-center is-layout-flow wp-block-column-is-layout-flow\" style=\"flex-basis:50%\">\n<h3 class=\"wp-block-heading has-text-align-center\">Efficacit\u00e9 id\u00e9ale gr\u00e2ce \u00e0 XENOgel\u00ae Technology<\/h3>\n\n\n\n<p class=\"has-text-align-center\">Cheveux \u00e9vit\u00e9s. Cela conduit au r\u00e9sultat souhait\u00e9: \u00e9pilation d\u00e9finitive. La XENOgel Technology est une combinaison de la technologie SHR et d\u2019un gel cristallin optimisant. Cela optimise non seulement l\u2019exposition \u00e0 la lumi\u00e8re de l\u2019appareil SHR, mais conduit \u00e9galement \u00e0 un refroidissement simultan\u00e9 de la peau. Par cons\u00e9quent, seules des temp\u00e9ratures de 45 \u00b0 C apparaissent, ce qui contribue de mani\u00e8re significative \u00e0 la protection de la peau. Faible irritation de la peau, efficacit\u00e9 maximale \u2013 XENOgel Technology.<\/p>\n\n\n\n<div style=\"height:100px\" aria-hidden=\"true\" class=\"wp-block-spacer is-style-s20\"><\/div>\n\n\n\n<div class=\"wp-block-buttons is-horizontal is-content-justification-center is-layout-flex wp-container-core-buttons-is-layout-499968f5 wp-block-buttons-is-layout-flex\">\n<div class=\"wp-block-button primary-bg-color is-style-fill\"><a class=\"wp-block-button__link wp-element-button\" href=\"\/fr\/xenogel-epilation-permanente\/\"> Plus d\u2019infos <\/a><\/div>\n<\/div>\n<\/div>\n\n\n\n<div class=\"wp-block-column is-vertically-aligned-center is-layout-flow wp-block-column-is-layout-flow\" style=\"flex-basis:60%\">\n<figure class=\"wp-block-image size-full is-resized\"><img loading=\"lazy\" decoding=\"async\" src=\"https:\/\/www.haarfreiheit.net\/wp-content\/uploads\/2022\/01\/Coupe-transversale-de-la-peau.jpeg\" alt=\"Illustration coupe transversale skin\" class=\"wp-image-6933\" style=\"object-fit:contain;width:596px;height:341px\" width=\"596\" height=\"341\" srcset=\"https:\/\/www.haarfreiheit.net\/wp-content\/uploads\/2022\/01\/Coupe-transversale-de-la-peau.jpeg 600w, https:\/\/www.haarfreiheit.net\/wp-content\/uploads\/2022\/01\/Coupe-transversale-de-la-peau-300x172.jpeg 300w\" sizes=\"auto, (max-width: 596px) 100vw, 596px\" \/><\/figure>\n<\/div>\n<\/div>\n\n\n\n<div style=\"height:100px\" aria-hidden=\"true\" class=\"wp-block-spacer is-style-s50\"><\/div>\n\n\n\n<div class=\"wp-block-columns is-layout-flex wp-container-core-columns-is-layout-9d6595d7 wp-block-columns-is-layout-flex\">\n<div class=\"wp-block-column is-layout-flow wp-block-column-is-layout-flow\" style=\"flex-basis:100%\">\n<h3 class=\"wp-block-heading has-text-align-center\" id=\"ipl\">IPL<\/h3>\n\n\n\n<p class=\"has-text-align-center\">La technologie IPL fonctionne avec des impulsions lumineuses successives tr\u00e8s courtes. Ceux-ci ont une dur\u00e9e de 2 \u00e0 300 millisecondes et lib\u00e8rent une \u00e9nergie comprise entre 12 et 120 joules par cm\u00b2. L\u2019\u00e9nergie lumineuse est conduite via la m\u00e9lanine dans les cheveux \u00e0 la racine des cheveux et convertie en \u00e9nergie thermique. Il en r\u00e9sulte une temp\u00e9rature allant jusqu\u2019\u00e0 72\u00b0C.<\/p>\n\n\n\n<p class=\"has-text-align-center\">\u00c9tant donn\u00e9 que les cellules environnantes de la peau contiennent \u00e9galement le colorant m\u00e9lanine et peuvent donc l\u2019absorber, un gonflement et une rougeur peuvent survenir pendant le traitement. Puisque nous voulons vous offrir une large gamme de technologies, nos instituts ont \u00e9galement le processus IPL. Cependant, nous recommandons notre m\u00e9thode XENOgel respectueuse de la peau.<\/p>\n\n\n\n<div style=\"height:100px\" aria-hidden=\"true\" class=\"wp-block-spacer is-style-s20\"><\/div>\n\n\n\n<div class=\"wp-block-buttons is-horizontal is-content-justification-center is-layout-flex wp-container-core-buttons-is-layout-499968f5 wp-block-buttons-is-layout-flex\">\n<div class=\"wp-block-button primary-bg-color is-style-fill\"><a class=\"wp-block-button__link wp-element-button\" href=\"\/fr\/ipl\/\">Plus d\u2019infos<\/a><\/div>\n<\/div>\n<\/div>\n<\/div>\n\n\n\n<div style=\"height:100px\" aria-hidden=\"true\" class=\"wp-block-spacer is-style-s50\"><\/div>\n\n\n\n<div class=\"wp-block-columns is-layout-flex wp-container-core-columns-is-layout-9d6595d7 wp-block-columns-is-layout-flex\">\n<div class=\"wp-block-column is-layout-flow wp-block-column-is-layout-flow\" style=\"flex-basis:100%\">\n<h3 class=\"wp-block-heading has-text-align-center\" id=\"shr\">SHR<\/h3>\n\n\n\n<p class=\"has-text-align-center\">La technologie SHR n\u2019est pas seulement bas\u00e9e sur l\u2019utilisation de la m\u00e9lanine comme conducteur d\u2019\u00e9nergie. Parce que les cellules souches des cheveux sont \u00e9galement affect\u00e9es, car elles sont responsables de la croissance. En divisant la ligne d\u2019\u00e9nergie, la technologie SHR peut fonctionner avec une \u00e9nergie nettement inf\u00e9rieure. Cela pr\u00e9vient les br\u00fblures et l\u2019irritation de la peau et permet imm\u00e9diatement un traitement indolore.<\/p>\n\n\n\n<div style=\"height:100px\" aria-hidden=\"true\" class=\"wp-block-spacer is-style-s20\"><\/div>\n\n\n\n<div class=\"wp-block-buttons is-horizontal is-content-justification-center is-layout-flex wp-container-core-buttons-is-layout-499968f5 wp-block-buttons-is-layout-flex\">\n<div class=\"wp-block-button primary-bg-color is-style-fill\"><a class=\"wp-block-button__link wp-element-button\" href=\"\/fr\/differences-photoepilation\/shr\/\">Plus d\u2019infos<\/a><\/div>\n<\/div>\n<\/div>\n<\/div>\n\n\n\n<div style=\"height:100px\" aria-hidden=\"true\" class=\"wp-block-spacer is-style-default\"><\/div>\n\n\n\n<div class=\"wp-block-cover is-light\"><span aria-hidden=\"true\" class=\"wp-block-cover__background has-background-dim\"><\/span><img loading=\"lazy\" decoding=\"async\" width=\"1904\" height=\"767\" class=\"wp-block-cover__image-background wp-image-5887\" alt=\"Image d\u2019arri\u00e8re-plan Image d\u2019effet contacter consultation\" src=\"https:\/\/www.haarfreiheit.net\/wp-content\/uploads\/2022\/01\/Endbanner-Bewerbungen-Kontakt-Team-und-Standorte.jpg\" data-object-fit=\"cover\" srcset=\"https:\/\/www.haarfreiheit.net\/wp-content\/uploads\/2022\/01\/Endbanner-Bewerbungen-Kontakt-Team-und-Standorte.jpg 1904w, https:\/\/www.haarfreiheit.net\/wp-content\/uploads\/2022\/01\/Endbanner-Bewerbungen-Kontakt-Team-und-Standorte-300x121.jpg 300w, https:\/\/www.haarfreiheit.net\/wp-content\/uploads\/2022\/01\/Endbanner-Bewerbungen-Kontakt-Team-und-Standorte-1024x413.jpg 1024w, https:\/\/www.haarfreiheit.net\/wp-content\/uploads\/2022\/01\/Endbanner-Bewerbungen-Kontakt-Team-und-Standorte-1536x619.jpg 1536w\" sizes=\"auto, (max-width: 1904px) 100vw, 1904px\" \/><div class=\"wp-block-cover__inner-container is-layout-flow wp-block-cover-is-layout-flow\">\n<div class=\"wp-block-columns is-layout-flex wp-container-core-columns-is-layout-9d6595d7 wp-block-columns-is-layout-flex\">\n<div class=\"wp-block-column is-layout-flow wp-block-column-is-layout-flow\">\n<div class=\"wp-block-buttons is-horizontal is-content-justification-center is-layout-flex wp-container-core-buttons-is-layout-499968f5 wp-block-buttons-is-layout-flex\">\n<div class=\"wp-block-button primary-bg-color is-style-fill\"><a class=\"wp-block-button__link wp-element-button\" href=\"\/fr\/organiser-consultation-epilation-permanente\/\">Organiser une consultation gratuite<\/a><\/div>\n<\/div>\n<\/div>\n<\/div>\n<\/div><\/div>\n","protected":false},"excerpt":{"rendered":"<p>\u00c9pilation temporaire \u2013 rasoirs, \u00e9pilateurs et Cie Souvent, les poils ne sont enlev\u00e9s que temporairement. Cette m\u00e9thode est \u00e9galement appel\u00e9e \u00e9pilation. Les cheveux ne sont coup\u00e9s qu\u2019au niveau de la surface de la peau. Cependant, la partie restante des cheveux reste sous la peau. Les cheveux peuvent donc continuer \u00e0 pousser. Apr\u00e8s un court laps <a href=\"https:\/\/www.haarfreiheit.net\/fr\/comparaison-epilation\/\" class=\"more-link\">&#8230;<\/a><\/p>\n","protected":false},"author":1,"featured_media":0,"parent":0,"menu_order":0,"comment_status":"closed","ping_status":"closed","template":"","meta":{"footnotes":""},"class_list":["post-7050","page","type-page","status-publish","hentry"],"yoast_head":"<!-- This site is optimized with the Yoast SEO plugin v27.1.1 - https:\/\/yoast.com\/product\/yoast-seo-wordpress\/ -->\n<title>Comparaison \u00c9pilation<\/title>\n<meta name=\"description\" content=\"Trouver la bonne technologie est une t\u00e2che pour notre personnel sp\u00e9cialis\u00e9. Voir ici les diff\u00e9rences des techniques.\" \/>\n<meta name=\"robots\" content=\"index, follow, max-snippet:-1, max-image-preview:large, max-video-preview:-1\" \/>\n<link rel=\"canonical\" href=\"https:\/\/www.haarfreiheit.net\/fr\/comparaison-epilation\/\" \/>\n<meta property=\"og:locale\" content=\"fr_FR\" \/>\n<meta property=\"og:type\" content=\"article\" \/>\n<meta property=\"og:title\" content=\"Comparaison \u00c9pilation\" \/>\n<meta property=\"og:description\" content=\"Trouver la bonne technologie est une t\u00e2che pour notre personnel sp\u00e9cialis\u00e9. Voir ici les diff\u00e9rences des techniques.\" \/>\n<meta property=\"og:url\" content=\"https:\/\/www.haarfreiheit.net\/fr\/comparaison-epilation\/\" \/>\n<meta property=\"og:site_name\" content=\"Haarfreiheit\" \/>\n<meta property=\"article:modified_time\" content=\"2023-09-27T14:15:32+00:00\" \/>\n<meta property=\"og:image\" content=\"https:\/\/www.haarfreiheit.net\/wp-content\/uploads\/2021\/11\/happy-couple-HIntergrundbild.jpg\" \/>\n<meta name=\"twitter:card\" content=\"summary_large_image\" \/>\n<meta name=\"twitter:label1\" content=\"Dur\u00e9e de lecture estim\u00e9e\" \/>\n\t<meta name=\"twitter:data1\" content=\"4 minutes\" \/>\n<script type=\"application\/ld+json\" class=\"yoast-schema-graph\">{\"@context\":\"https:\/\/schema.org\",\"@graph\":[{\"@type\":\"WebPage\",\"@id\":\"https:\/\/www.haarfreiheit.net\/fr\/comparaison-epilation\/\",\"url\":\"https:\/\/www.haarfreiheit.net\/fr\/comparaison-epilation\/\",\"name\":\"Comparaison \u00c9pilation\",\"isPartOf\":{\"@id\":\"https:\/\/www.haarfreiheit.net\/fr\/#website\"},\"primaryImageOfPage\":{\"@id\":\"https:\/\/www.haarfreiheit.net\/fr\/comparaison-epilation\/#primaryimage\"},\"image\":{\"@id\":\"https:\/\/www.haarfreiheit.net\/fr\/comparaison-epilation\/#primaryimage\"},\"thumbnailUrl\":\"https:\/\/www.haarfreiheit.net\/wp-content\/uploads\/2021\/11\/happy-couple-HIntergrundbild.jpg\",\"datePublished\":\"2021-09-29T11:57:45+00:00\",\"dateModified\":\"2023-09-27T14:15:32+00:00\",\"description\":\"Trouver la bonne technologie est une t\u00e2che pour notre personnel sp\u00e9cialis\u00e9. Voir ici les diff\u00e9rences des techniques.\",\"breadcrumb\":{\"@id\":\"https:\/\/www.haarfreiheit.net\/fr\/comparaison-epilation\/#breadcrumb\"},\"inLanguage\":\"fr-FR\",\"potentialAction\":[{\"@type\":\"ReadAction\",\"target\":[\"https:\/\/www.haarfreiheit.net\/fr\/comparaison-epilation\/\"]}]},{\"@type\":\"ImageObject\",\"inLanguage\":\"fr-FR\",\"@id\":\"https:\/\/www.haarfreiheit.net\/fr\/comparaison-epilation\/#primaryimage\",\"url\":\"https:\/\/www.haarfreiheit.net\/wp-content\/uploads\/2021\/11\/happy-couple-HIntergrundbild.jpg\",\"contentUrl\":\"https:\/\/www.haarfreiheit.net\/wp-content\/uploads\/2021\/11\/happy-couple-HIntergrundbild.jpg\"},{\"@type\":\"BreadcrumbList\",\"@id\":\"https:\/\/www.haarfreiheit.net\/fr\/comparaison-epilation\/#breadcrumb\",\"itemListElement\":[{\"@type\":\"ListItem\",\"position\":1,\"name\":\"Startseite\",\"item\":\"https:\/\/www.haarfreiheit.net\/fr\/\"},{\"@type\":\"ListItem\",\"position\":2,\"name\":\"Comparaison \u00c9pilation\"}]},{\"@type\":\"WebSite\",\"@id\":\"https:\/\/www.haarfreiheit.net\/fr\/#website\",\"url\":\"https:\/\/www.haarfreiheit.net\/fr\/\",\"name\":\"Haarfreiheit\",\"description\":\"Dauerhafte Haarentfernung beim Experten\",\"potentialAction\":[{\"@type\":\"SearchAction\",\"target\":{\"@type\":\"EntryPoint\",\"urlTemplate\":\"https:\/\/www.haarfreiheit.net\/fr\/?s={search_term_string}\"},\"query-input\":{\"@type\":\"PropertyValueSpecification\",\"valueRequired\":true,\"valueName\":\"search_term_string\"}}],\"inLanguage\":\"fr-FR\"}]}<\/script>\n<!-- \/ Yoast SEO plugin. -->","yoast_head_json":{"title":"Comparaison \u00c9pilation","description":"Trouver la bonne technologie est une t\u00e2che pour notre personnel sp\u00e9cialis\u00e9. Voir ici les diff\u00e9rences des techniques.","robots":{"index":"index","follow":"follow","max-snippet":"max-snippet:-1","max-image-preview":"max-image-preview:large","max-video-preview":"max-video-preview:-1"},"canonical":"https:\/\/www.haarfreiheit.net\/fr\/comparaison-epilation\/","og_locale":"fr_FR","og_type":"article","og_title":"Comparaison \u00c9pilation","og_description":"Trouver la bonne technologie est une t\u00e2che pour notre personnel sp\u00e9cialis\u00e9. Voir ici les diff\u00e9rences des techniques.","og_url":"https:\/\/www.haarfreiheit.net\/fr\/comparaison-epilation\/","og_site_name":"Haarfreiheit","article_modified_time":"2023-09-27T14:15:32+00:00","og_image":[{"url":"https:\/\/www.haarfreiheit.net\/wp-content\/uploads\/2021\/11\/happy-couple-HIntergrundbild.jpg","type":"","width":"","height":""}],"twitter_card":"summary_large_image","twitter_misc":{"Dur\u00e9e de lecture estim\u00e9e":"4 minutes"},"schema":{"@context":"https:\/\/schema.org","@graph":[{"@type":"WebPage","@id":"https:\/\/www.haarfreiheit.net\/fr\/comparaison-epilation\/","url":"https:\/\/www.haarfreiheit.net\/fr\/comparaison-epilation\/","name":"Comparaison \u00c9pilation","isPartOf":{"@id":"https:\/\/www.haarfreiheit.net\/fr\/#website"},"primaryImageOfPage":{"@id":"https:\/\/www.haarfreiheit.net\/fr\/comparaison-epilation\/#primaryimage"},"image":{"@id":"https:\/\/www.haarfreiheit.net\/fr\/comparaison-epilation\/#primaryimage"},"thumbnailUrl":"https:\/\/www.haarfreiheit.net\/wp-content\/uploads\/2021\/11\/happy-couple-HIntergrundbild.jpg","datePublished":"2021-09-29T11:57:45+00:00","dateModified":"2023-09-27T14:15:32+00:00","description":"Trouver la bonne technologie est une t\u00e2che pour notre personnel sp\u00e9cialis\u00e9. Voir ici les diff\u00e9rences des techniques.","breadcrumb":{"@id":"https:\/\/www.haarfreiheit.net\/fr\/comparaison-epilation\/#breadcrumb"},"inLanguage":"fr-FR","potentialAction":[{"@type":"ReadAction","target":["https:\/\/www.haarfreiheit.net\/fr\/comparaison-epilation\/"]}]},{"@type":"ImageObject","inLanguage":"fr-FR","@id":"https:\/\/www.haarfreiheit.net\/fr\/comparaison-epilation\/#primaryimage","url":"https:\/\/www.haarfreiheit.net\/wp-content\/uploads\/2021\/11\/happy-couple-HIntergrundbild.jpg","contentUrl":"https:\/\/www.haarfreiheit.net\/wp-content\/uploads\/2021\/11\/happy-couple-HIntergrundbild.jpg"},{"@type":"BreadcrumbList","@id":"https:\/\/www.haarfreiheit.net\/fr\/comparaison-epilation\/#breadcrumb","itemListElement":[{"@type":"ListItem","position":1,"name":"Startseite","item":"https:\/\/www.haarfreiheit.net\/fr\/"},{"@type":"ListItem","position":2,"name":"Comparaison \u00c9pilation"}]},{"@type":"WebSite","@id":"https:\/\/www.haarfreiheit.net\/fr\/#website","url":"https:\/\/www.haarfreiheit.net\/fr\/","name":"Haarfreiheit","description":"Dauerhafte Haarentfernung beim Experten","potentialAction":[{"@type":"SearchAction","target":{"@type":"EntryPoint","urlTemplate":"https:\/\/www.haarfreiheit.net\/fr\/?s={search_term_string}"},"query-input":{"@type":"PropertyValueSpecification","valueRequired":true,"valueName":"search_term_string"}}],"inLanguage":"fr-FR"}]}},"_links":{"self":[{"href":"https:\/\/www.haarfreiheit.net\/fr\/wp-json\/wp\/v2\/pages\/7050","targetHints":{"allow":["GET"]}}],"collection":[{"href":"https:\/\/www.haarfreiheit.net\/fr\/wp-json\/wp\/v2\/pages"}],"about":[{"href":"https:\/\/www.haarfreiheit.net\/fr\/wp-json\/wp\/v2\/types\/page"}],"author":[{"embeddable":true,"href":"https:\/\/www.haarfreiheit.net\/fr\/wp-json\/wp\/v2\/users\/1"}],"replies":[{"embeddable":true,"href":"https:\/\/www.haarfreiheit.net\/fr\/wp-json\/wp\/v2\/comments?post=7050"}],"version-history":[{"count":10,"href":"https:\/\/www.haarfreiheit.net\/fr\/wp-json\/wp\/v2\/pages\/7050\/revisions"}],"predecessor-version":[{"id":21158,"href":"https:\/\/www.haarfreiheit.net\/fr\/wp-json\/wp\/v2\/pages\/7050\/revisions\/21158"}],"wp:attachment":[{"href":"https:\/\/www.haarfreiheit.net\/fr\/wp-json\/wp\/v2\/media?parent=7050"}],"curies":[{"name":"wp","href":"https:\/\/api.w.org\/{rel}","templated":true}]}}