{"id":5776,"date":"2021-08-05T08:33:49","date_gmt":"2021-08-05T06:33:49","guid":{"rendered":"https:\/\/www.haarfreiheit.net\/haarentfernung-frauen-intimbereich\/"},"modified":"2024-01-18T14:48:34","modified_gmt":"2024-01-18T13:48:34","slug":"epilayson-kadinlar-oezel-boelge","status":"publish","type":"page","link":"https:\/\/www.haarfreiheit.net\/tr\/epilayson-kadinlar-oezel-boelge\/","title":{"rendered":"kalici epilasyon bayan | mahrem b\u00f6lgesi"},"content":{"rendered":"\n<div class=\"wp-block-cover is-light\" style=\"min-height:250px;aspect-ratio:unset;\"><span aria-hidden=\"true\" class=\"wp-block-cover__background has-white-background-color has-background-dim-10 has-background-dim\"><\/span><img loading=\"lazy\" decoding=\"async\" width=\"1980\" height=\"1185\" class=\"wp-block-cover__image-background wp-image-3565\" alt=\"Arka plan g\u00f6r\u00fcnt\u00fcs\u00fc Kad\u0131n G\u00fczellik\" src=\"https:\/\/www.haarfreiheit.net\/wp-content\/uploads\/2021\/11\/happy-couple-HIntergrundbild.jpg\" style=\"object-position:75% 45%\" data-object-fit=\"cover\" data-object-position=\"75% 45%\" srcset=\"https:\/\/www.haarfreiheit.net\/wp-content\/uploads\/2021\/11\/happy-couple-HIntergrundbild.jpg 1980w, https:\/\/www.haarfreiheit.net\/wp-content\/uploads\/2021\/11\/happy-couple-HIntergrundbild-300x180.jpg 300w, https:\/\/www.haarfreiheit.net\/wp-content\/uploads\/2021\/11\/happy-couple-HIntergrundbild-1024x613.jpg 1024w, https:\/\/www.haarfreiheit.net\/wp-content\/uploads\/2021\/11\/happy-couple-HIntergrundbild-1536x919.jpg 1536w\" sizes=\"auto, (max-width: 1980px) 100vw, 1980px\" \/><div class=\"wp-block-cover__inner-container is-layout-flow wp-block-cover-is-layout-flow\">\n<div style=\"height:66px\" aria-hidden=\"true\" class=\"wp-block-spacer is-style-s40\"><\/div>\n\n\n\n<div class=\"wp-block-columns is-layout-flex wp-container-core-columns-is-layout-9d6595d7 wp-block-columns-is-layout-flex\">\n<div class=\"wp-block-column is-vertically-aligned-center is-layout-flow wp-block-column-is-layout-flow\" style=\"flex-basis:27%\"><div class=\"wp-block-image\">\n<figure class=\"aligncenter size-full is-resized\"><img loading=\"lazy\" decoding=\"async\" width=\"400\" height=\"374\" src=\"https:\/\/www.haarfreiheit.net\/wp-content\/uploads\/2021\/11\/Wabe-Intim-Frau.png\" alt=\"Intimbreich kad\u0131n sans\u00fcrl\u00fc\" class=\"wp-image-5613\" style=\"object-fit:contain;width:307px;height:287px\" srcset=\"https:\/\/www.haarfreiheit.net\/wp-content\/uploads\/2021\/11\/Wabe-Intim-Frau.png 400w, https:\/\/www.haarfreiheit.net\/wp-content\/uploads\/2021\/11\/Wabe-Intim-Frau-300x281.png 300w\" sizes=\"auto, (max-width: 400px) 100vw, 400px\" \/><\/figure>\n<\/div><\/div>\n\n\n\n<div class=\"wp-block-column is-vertically-aligned-center is-layout-flow wp-block-column-is-layout-flow\" style=\"flex-basis:55%\">\n<h1 class=\"wp-block-heading has-text-align-center has-text-color primary-color\" id=\"mahrem-bolgesi\">Bayan | <strong><strong>MAHREM B\u00d6LGESI<\/strong><\/strong><\/h1>\n\n\n\n<div style=\"height:25px\" aria-hidden=\"true\" class=\"wp-block-spacer\"><\/div>\n\n\n<div class=\"wp-block-image\">\n<figure class=\"aligncenter size-large is-resized\"><img loading=\"lazy\" decoding=\"async\" width=\"1024\" height=\"201\" src=\"https:\/\/www.haarfreiheit.net\/wp-content\/uploads\/2021\/11\/Trenner-Weiblichkeitszeichen-1024x201.png\" alt=\"Ay\u0131r\u0131c\u0131 \u00c7izgi Grafik Sembol\u00fc Kad\u0131nl\u0131\u011f\u0131\" class=\"wp-image-7201\" style=\"object-fit:contain;width:584px;height:115px\" srcset=\"https:\/\/www.haarfreiheit.net\/wp-content\/uploads\/2021\/11\/Trenner-Weiblichkeitszeichen-1024x201.png 1024w, https:\/\/www.haarfreiheit.net\/wp-content\/uploads\/2021\/11\/Trenner-Weiblichkeitszeichen-300x59.png 300w, https:\/\/www.haarfreiheit.net\/wp-content\/uploads\/2021\/11\/Trenner-Weiblichkeitszeichen.png 1140w\" sizes=\"auto, (max-width: 1024px) 100vw, 1024px\" \/><\/figure>\n<\/div>\n\n\n<div style=\"height:26px\" aria-hidden=\"true\" class=\"wp-block-spacer\"><\/div>\n\n\n\n<h2 class=\"wp-block-heading has-text-align-center primary-color has-text-color\" id=\"kadinlar-icin-vucut-bolgeleri\" style=\"color:#817d6a\">Kad\u0131nlar i\u00e7in v\u00fccut b\u00f6lgeleri<\/h2>\n\n\n\n<div style=\"height:66px\" aria-hidden=\"true\" class=\"wp-block-spacer\"><\/div>\n\n\n\n<div class=\"wp-block-buttons is-horizontal is-content-justification-center is-layout-flex wp-container-core-buttons-is-layout-499968f5 wp-block-buttons-is-layout-flex\">\n<div class=\"wp-block-button primary-bg-color is-style-fill\"><a class=\"wp-block-button__link has-white-color has-text-color wp-element-button\" href=\"\/tr\/randevu-al\/\">\u00dccretsiz bir dan\u0131\u015fma d\u00fczenleyin<\/a><\/div>\n<\/div>\n<\/div>\n<\/div>\n\n\n\n<div style=\"height:62px\" aria-hidden=\"true\" class=\"wp-block-spacer\"><\/div>\n<\/div><\/div>\n\n\n\n<div style=\"height:82px\" aria-hidden=\"true\" class=\"wp-block-spacer is-style-s50\"><\/div>\n\n\n\n<div class=\"wp-block-columns is-layout-flex wp-container-core-columns-is-layout-9d6595d7 wp-block-columns-is-layout-flex\">\n<div class=\"wp-block-column is-vertically-aligned-center is-layout-flow wp-block-column-is-layout-flow\">\n<h2 class=\"wp-block-heading has-text-align-center primary-color\" id=\"guzelligi-yeniden-tanimliyor\">G\u00fczelli\u011fi yeniden tan\u0131ml\u0131yor<\/h2>\n\n\n\n<p class=\"has-text-align-center\">Mahrem b\u00f6lgede komple epilasyon yeni bir trend de\u011fil. \u00c7o\u011fu kad\u0131n i\u00e7in bak\u0131ml\u0131 ve t\u00fcys\u00fcz bir Mahrem b\u00f6lge \u015fartt\u0131r. Kal\u0131c\u0131 epilasyon* sadece esteti\u011fi de\u011fil ayn\u0131 zamanda hijyeni de artt\u0131r\u0131r. Etkili tekniklerimizle hayalinizi ger\u00e7ekle\u015ftiriyoruz.<\/p>\n\n\n\n<p class=\"primary-color has-medium-font-size\">H\u0130JYEN\u0130K VE M\u00dcKEMMEL G\u00d6R\u00dcN\u00dcML\u00dc SAM\u0130M\u0130 ALAN<\/p>\n<\/div>\n\n\n\n<div class=\"wp-block-column is-vertically-aligned-center is-layout-flow wp-block-column-is-layout-flow\"><div class=\"wp-block-image\">\n<figure class=\"aligncenter size-full is-resized\"><img loading=\"lazy\" decoding=\"async\" width=\"500\" height=\"437\" src=\"https:\/\/www.haarfreiheit.net\/wp-content\/uploads\/2021\/11\/SHR-Behandlung-1.jpg\" alt=\"Fotoepiloasyon bikini \u00e7izgisi\" class=\"wp-image-5794\" style=\"object-fit:contain;width:434px;height:379px\" srcset=\"https:\/\/www.haarfreiheit.net\/wp-content\/uploads\/2021\/11\/SHR-Behandlung-1.jpg 500w, https:\/\/www.haarfreiheit.net\/wp-content\/uploads\/2021\/11\/SHR-Behandlung-1-300x262.jpg 300w\" sizes=\"auto, (max-width: 500px) 100vw, 500px\" \/><\/figure>\n<\/div><\/div>\n<\/div>\n\n\n\n<div style=\"height:82px\" aria-hidden=\"true\" class=\"wp-block-spacer is-style-s20\"><\/div>\n\n\n\n<div class=\"wp-block-columns is-layout-flex wp-container-core-columns-is-layout-9d6595d7 wp-block-columns-is-layout-flex\">\n<div class=\"wp-block-column is-layout-flow wp-block-column-is-layout-flow\"><div class=\"wp-block-image\">\n<figure class=\"aligncenter size-full is-resized\"><img loading=\"lazy\" decoding=\"async\" width=\"1140\" height=\"224\" src=\"https:\/\/www.haarfreiheit.net\/wp-content\/uploads\/2021\/11\/Trenner-Weiblichkeitszeichen.png\" alt=\"Ay\u0131r\u0131c\u0131 \u00c7izgi Grafik Sembol\u00fc Kad\u0131nl\u0131\u011f\u0131\" class=\"wp-image-7201\" style=\"object-fit:contain;width:706px;height:139px\" srcset=\"https:\/\/www.haarfreiheit.net\/wp-content\/uploads\/2021\/11\/Trenner-Weiblichkeitszeichen.png 1140w, https:\/\/www.haarfreiheit.net\/wp-content\/uploads\/2021\/11\/Trenner-Weiblichkeitszeichen-300x59.png 300w, https:\/\/www.haarfreiheit.net\/wp-content\/uploads\/2021\/11\/Trenner-Weiblichkeitszeichen-1024x201.png 1024w\" sizes=\"auto, (max-width: 1140px) 100vw, 1140px\" \/><\/figure>\n<\/div><\/div>\n<\/div>\n\n\n\n<div style=\"height:45px\" aria-hidden=\"true\" class=\"wp-block-spacer is-style-s20\"><\/div>\n\n\n\n<div class=\"wp-block-columns is-layout-flex wp-container-core-columns-is-layout-9d6595d7 wp-block-columns-is-layout-flex\">\n<div class=\"wp-block-column is-layout-flow wp-block-column-is-layout-flow\">\n<h3 class=\"wp-block-heading has-text-align-center\" id=\"her-aninda-dikkatli-bir-performans\">HER ANINDA D\u0130KKATL\u0130 B\u0130R PERFORMANS<\/h3>\n\n\n\n<p class=\"has-text-align-center\">\u00c7ok ge\u00e7 oldu\u011funda ortaya \u00e7\u0131kan gizli t\u00fcyler i\u00e7in endi\u015felenmeyi unutun. I\u015f\u0131kla kal\u0131c\u0131 epilasyon* sizi zor b\u00f6lgelerdeki t\u00fcm can s\u0131k\u0131c\u0131 t\u00fcylerden kurtar\u0131r. Her g\u00fcn y\u00fczme havuzuna veya saunaya kayg\u0131s\u0131z gidin ve kendinizi \u00f6zg\u00fcr hissedin.<\/p>\n\n\n\n<p class=\"has-text-align-center\">Enstit\u00fclerimizin her birinde, e\u011fitimli uzmanlar\u0131m\u0131z size gizli tavsiye ve tedavi sunar. Kar\u015f\u0131n\u0131za \u00e7\u0131kan sorular\u0131 sormaktan \u00e7ekinmeyin. Kendinizi \u00f6zg\u00fcr hissedebilmeniz i\u00e7in size rahat ve keyifli bir tedavi sunmak istiyoruz. De\u011ferli zaman\u0131n\u0131zdan tasarruf edin ve cilt dostu fotoepilasyon y\u00f6ntemlerimizden biriyle bir tedavi d\u00fc\u015f\u00fcn\u00fcn.<\/p>\n<\/div>\n\n\n\n<div class=\"wp-block-column is-layout-flow wp-block-column-is-layout-flow\">\n<h3 class=\"wp-block-heading has-text-align-center\" id=\"can-sikici-kasintiya-elveda-deyin\">CAN SIKICI KA\u015eINTIYA ELVEDA DEY\u0130N<\/h3>\n\n\n\n<p class=\"has-text-align-center\">Bikini b\u00f6lgesinde bak\u0131ml\u0131 bir g\u00f6r\u00fcn\u00fcm \u00e7o\u011fu kad\u0131n i\u00e7in \u00e7ok arzu edilen bir \u015fey oldu\u011fundan, bunu ba\u015farman\u0131n bir\u00e7ok yolu vard\u0131r. Ancak bu b\u00f6lgenin epilasyonu zor oldu\u011fu i\u00e7in baz\u0131 sorunlar ortaya \u00e7\u0131kabilmektedir. T\u0131ra\u015f veya a\u011fda gibi t\u00fcy alma y\u00f6ntemleri \u00e7ok pop\u00fclerdir, ancak b\u00fcy\u00fck dezavantajlar\u0131 olabilir. \u0130peksi p\u00fcr\u00fczs\u00fcz bir cilt yerine, iltihaplanma ve ka\u015f\u0131nt\u0131y\u0131 tetikleyebilen cilt tahri\u015fi ve k\u0131zar\u0131kl\u0131k meydana gelebilir. Yeniden uzayan sa\u00e7lar bile kaps\u00fcllenebilir ve sonunda a\u011fr\u0131l\u0131 ve ho\u015f olmayan sivilcelere yol a\u00e7abilir.<\/p>\n<\/div>\n<\/div>\n\n\n\n<div style=\"height:74px\" aria-hidden=\"true\" class=\"wp-block-spacer is-style-s50\"><\/div>\n\n\n\n<div class=\"wp-block-cover is-light\"><span aria-hidden=\"true\" class=\"wp-block-cover__background has-white-background-color has-background-dim-60 has-background-dim\"><\/span><img loading=\"lazy\" decoding=\"async\" width=\"1980\" height=\"858\" class=\"wp-block-cover__image-background wp-image-3202\" alt=\"Arka Plan Foto\u011fraf\u0131\" src=\"https:\/\/www.haarfreiheit.net\/wp-content\/uploads\/2021\/11\/Maroon-Banner.jpg\" style=\"object-position:0% 100%\" data-object-fit=\"cover\" data-object-position=\"0% 100%\" srcset=\"https:\/\/www.haarfreiheit.net\/wp-content\/uploads\/2021\/11\/Maroon-Banner.jpg 1980w, https:\/\/www.haarfreiheit.net\/wp-content\/uploads\/2021\/11\/Maroon-Banner-300x130.jpg 300w, https:\/\/www.haarfreiheit.net\/wp-content\/uploads\/2021\/11\/Maroon-Banner-1024x444.jpg 1024w, https:\/\/www.haarfreiheit.net\/wp-content\/uploads\/2021\/11\/Maroon-Banner-1536x666.jpg 1536w\" sizes=\"auto, (max-width: 1980px) 100vw, 1980px\" \/><div class=\"wp-block-cover__inner-container is-layout-flow wp-block-cover-is-layout-flow\">\n<div style=\"height:77px\" aria-hidden=\"true\" class=\"wp-block-spacer is-style-s50\"><\/div>\n\n\n\n<div class=\"wp-block-columns is-layout-flex wp-container-core-columns-is-layout-9d6595d7 wp-block-columns-is-layout-flex\">\n<div class=\"wp-block-column is-vertically-aligned-center is-layout-flow wp-block-column-is-layout-flow\"><div class=\"wp-block-image\">\n<figure class=\"aligncenter size-full is-resized\"><img loading=\"lazy\" decoding=\"async\" width=\"580\" height=\"368\" src=\"https:\/\/www.haarfreiheit.net\/wp-content\/uploads\/2021\/11\/Frohes-Paar.png\" alt=\"Foto\u011fraf Mutlu \u00c7ift\" class=\"wp-image-5777\" style=\"object-fit:contain;width:483px;height:306px\" srcset=\"https:\/\/www.haarfreiheit.net\/wp-content\/uploads\/2021\/11\/Frohes-Paar.png 580w, https:\/\/www.haarfreiheit.net\/wp-content\/uploads\/2021\/11\/Frohes-Paar-300x190.png 300w\" sizes=\"auto, (max-width: 580px) 100vw, 580px\" \/><\/figure>\n<\/div><\/div>\n\n\n\n<div class=\"wp-block-column is-vertically-aligned-center is-layout-flow wp-block-column-is-layout-flow\">\n<h2 class=\"wp-block-heading has-text-align-center has-text-color primary-color\" id=\"sizin-icin-en-iyi-teknolojimiz\"><strong>S\u0130Z\u0130N \u0130\u00c7\u0130N EN \u0130Y\u0130 TEKNOLOJ\u0130M\u0130Z<\/strong><\/h2>\n\n\n\n<p class=\"has-text-align-center has-black-color has-text-color\">XENOgel y\u00f6nteminin yard\u0131m\u0131yla bu sorunlar\u0131 sonsuza kadar unutabilirsiniz *. Size a\u011fr\u0131s\u0131z ve \u00f6zellikle cilt dostu bir kal\u0131c\u0131 epilasyon t\u00fcr\u00fc sunuyoruz*.<\/p>\n<\/div>\n<\/div>\n\n\n\n<div style=\"height:61px\" aria-hidden=\"true\" class=\"wp-block-spacer is-style-s50\"><\/div>\n<\/div><\/div>\n\n\n\n<div class=\"wp-block-cover is-light\" style=\"min-height:100px;aspect-ratio:unset;\"><span aria-hidden=\"true\" class=\"wp-block-cover__background has-background-dim-0 has-background-dim\"><\/span><img loading=\"lazy\" decoding=\"async\" width=\"1980\" height=\"1232\" class=\"wp-block-cover__image-background wp-image-7936\" alt=\"sar\u0131 sa\u00e7l\u0131 kahverengi filtreli g\u00f6r\u00fcnt\u00fc kad\u0131n\" src=\"https:\/\/www.haarfreiheit.net\/wp-content\/uploads\/2021\/10\/Haare-Template-Bild.jpg\" data-object-fit=\"cover\" srcset=\"https:\/\/www.haarfreiheit.net\/wp-content\/uploads\/2021\/10\/Haare-Template-Bild.jpg 1980w, https:\/\/www.haarfreiheit.net\/wp-content\/uploads\/2021\/10\/Haare-Template-Bild-300x187.jpg 300w, https:\/\/www.haarfreiheit.net\/wp-content\/uploads\/2021\/10\/Haare-Template-Bild-1024x637.jpg 1024w, https:\/\/www.haarfreiheit.net\/wp-content\/uploads\/2021\/10\/Haare-Template-Bild-1536x956.jpg 1536w\" sizes=\"auto, (max-width: 1980px) 100vw, 1980px\" \/><div class=\"wp-block-cover__inner-container is-layout-flow wp-block-cover-is-layout-flow\">\n<div style=\"height:60px\" aria-hidden=\"true\" class=\"wp-block-spacer\"><\/div>\n\n\n\n<div class=\"wp-block-columns is-layout-flex wp-container-core-columns-is-layout-9d6595d7 wp-block-columns-is-layout-flex\">\n<div class=\"wp-block-column is-layout-flow wp-block-column-is-layout-flow\">\n<div class=\"wp-block-buttons is-horizontal is-content-justification-center is-layout-flex wp-container-core-buttons-is-layout-499968f5 wp-block-buttons-is-layout-flex\">\n<div class=\"wp-block-button\"><a class=\"wp-block-button__link wp-element-button\" href=\"\/tr\/epilasyon-kadin\/\">Genel bak\u0131\u015fa d\u00f6n<\/a><\/div>\n<\/div>\n<\/div>\n\n\n\n<div class=\"wp-block-column is-layout-flow wp-block-column-is-layout-flow\">\n<div class=\"wp-block-buttons is-horizontal is-content-justification-center is-layout-flex wp-container-core-buttons-is-layout-499968f5 wp-block-buttons-is-layout-flex\">\n<div class=\"wp-block-button\"><a class=\"wp-block-button__link has-black-color has-white-background-color has-text-color has-background wp-element-button\" href=\"\/tr\/randevu-al\/\">\u00dccretsiz bir dan\u0131\u015fma d\u00fczenleyin<\/a><\/div>\n<\/div>\n<\/div>\n<\/div>\n\n\n\n<div style=\"height:53px\" aria-hidden=\"true\" class=\"wp-block-spacer\"><\/div>\n<\/div><\/div>\n","protected":false},"excerpt":{"rendered":"<p>G\u00fczelli\u011fi yeniden tan\u0131ml\u0131yor Mahrem b\u00f6lgede komple epilasyon yeni bir trend de\u011fil. \u00c7o\u011fu kad\u0131n i\u00e7in bak\u0131ml\u0131 ve t\u00fcys\u00fcz bir Mahrem b\u00f6lge \u015fartt\u0131r. Kal\u0131c\u0131 epilasyon* sadece esteti\u011fi de\u011fil ayn\u0131 zamanda hijyeni de artt\u0131r\u0131r. Etkili tekniklerimizle hayalinizi ger\u00e7ekle\u015ftiriyoruz. H\u0130JYEN\u0130K VE M\u00dcKEMMEL G\u00d6R\u00dcN\u00dcML\u00dc SAM\u0130M\u0130 ALAN HER ANINDA D\u0130KKATL\u0130 B\u0130R PERFORMANS \u00c7ok ge\u00e7 oldu\u011funda ortaya \u00e7\u0131kan gizli t\u00fcyler i\u00e7in endi\u015felenmeyi <a href=\"https:\/\/www.haarfreiheit.net\/tr\/epilayson-kadinlar-oezel-boelge\/\" class=\"more-link\">&#8230;<\/a><\/p>\n","protected":false},"author":1,"featured_media":0,"parent":0,"menu_order":0,"comment_status":"closed","ping_status":"closed","template":"","meta":{"footnotes":""},"class_list":["post-5776","page","type-page","status-publish","hentry"],"yoast_head":"<!-- This site is optimized with the Yoast SEO plugin v27.1.1 - https:\/\/yoast.com\/product\/yoast-seo-wordpress\/ -->\n<title>Kad\u0131nlar i\u00e7in \u00f6zel b\u00f6lgede kal\u0131c\u0131 epilasyon<\/title>\n<meta name=\"description\" content=\"Kal\u0131c\u0131 epilasyon* sayesinde mahrem alanda m\u00fckemmel g\u00f6r\u00fcn\u00fcm ve en iyi hijyen. Sadece arkan\u0131za yaslan\u0131n ve tedavinin tad\u0131n\u0131 \u00e7\u0131kar\u0131n.\" \/>\n<meta name=\"robots\" content=\"index, follow, max-snippet:-1, max-image-preview:large, max-video-preview:-1\" \/>\n<link rel=\"canonical\" href=\"https:\/\/www.haarfreiheit.net\/tr\/epilayson-kadinlar-oezel-boelge\/\" \/>\n<meta property=\"og:locale\" content=\"tr_TR\" \/>\n<meta property=\"og:type\" content=\"article\" \/>\n<meta property=\"og:title\" content=\"Kad\u0131nlar i\u00e7in \u00f6zel b\u00f6lgede kal\u0131c\u0131 epilasyon\" \/>\n<meta property=\"og:description\" content=\"Kal\u0131c\u0131 epilasyon* sayesinde mahrem alanda m\u00fckemmel g\u00f6r\u00fcn\u00fcm ve en iyi hijyen. Sadece arkan\u0131za yaslan\u0131n ve tedavinin tad\u0131n\u0131 \u00e7\u0131kar\u0131n.\" \/>\n<meta property=\"og:url\" content=\"https:\/\/www.haarfreiheit.net\/tr\/epilayson-kadinlar-oezel-boelge\/\" \/>\n<meta property=\"og:site_name\" content=\"Haarfreiheit\" \/>\n<meta property=\"article:modified_time\" content=\"2024-01-18T13:48:34+00:00\" \/>\n<meta property=\"og:image\" content=\"https:\/\/www.haarfreiheit.net\/wp-content\/uploads\/2021\/11\/happy-couple-HIntergrundbild.jpg\" \/>\n<meta name=\"twitter:card\" content=\"summary_large_image\" \/>\n<meta name=\"twitter:label1\" content=\"Tahmini okuma s\u00fcresi\" \/>\n\t<meta name=\"twitter:data1\" content=\"3 dakika\" \/>\n<script type=\"application\/ld+json\" class=\"yoast-schema-graph\">{\"@context\":\"https:\/\/schema.org\",\"@graph\":[{\"@type\":\"WebPage\",\"@id\":\"https:\/\/www.haarfreiheit.net\/tr\/epilayson-kadinlar-oezel-boelge\/\",\"url\":\"https:\/\/www.haarfreiheit.net\/tr\/epilayson-kadinlar-oezel-boelge\/\",\"name\":\"Kad\u0131nlar i\u00e7in \u00f6zel b\u00f6lgede kal\u0131c\u0131 epilasyon\",\"isPartOf\":{\"@id\":\"https:\/\/www.haarfreiheit.net\/tr\/#website\"},\"primaryImageOfPage\":{\"@id\":\"https:\/\/www.haarfreiheit.net\/tr\/epilayson-kadinlar-oezel-boelge\/#primaryimage\"},\"image\":{\"@id\":\"https:\/\/www.haarfreiheit.net\/tr\/epilayson-kadinlar-oezel-boelge\/#primaryimage\"},\"thumbnailUrl\":\"https:\/\/www.haarfreiheit.net\/wp-content\/uploads\/2021\/11\/happy-couple-HIntergrundbild.jpg\",\"datePublished\":\"2021-08-05T06:33:49+00:00\",\"dateModified\":\"2024-01-18T13:48:34+00:00\",\"description\":\"Kal\u0131c\u0131 epilasyon* sayesinde mahrem alanda m\u00fckemmel g\u00f6r\u00fcn\u00fcm ve en iyi hijyen. Sadece arkan\u0131za yaslan\u0131n ve tedavinin tad\u0131n\u0131 \u00e7\u0131kar\u0131n.\",\"breadcrumb\":{\"@id\":\"https:\/\/www.haarfreiheit.net\/tr\/epilayson-kadinlar-oezel-boelge\/#breadcrumb\"},\"inLanguage\":\"tr\",\"potentialAction\":[{\"@type\":\"ReadAction\",\"target\":[\"https:\/\/www.haarfreiheit.net\/tr\/epilayson-kadinlar-oezel-boelge\/\"]}]},{\"@type\":\"ImageObject\",\"inLanguage\":\"tr\",\"@id\":\"https:\/\/www.haarfreiheit.net\/tr\/epilayson-kadinlar-oezel-boelge\/#primaryimage\",\"url\":\"https:\/\/www.haarfreiheit.net\/wp-content\/uploads\/2021\/11\/happy-couple-HIntergrundbild.jpg\",\"contentUrl\":\"https:\/\/www.haarfreiheit.net\/wp-content\/uploads\/2021\/11\/happy-couple-HIntergrundbild.jpg\"},{\"@type\":\"BreadcrumbList\",\"@id\":\"https:\/\/www.haarfreiheit.net\/tr\/epilayson-kadinlar-oezel-boelge\/#breadcrumb\",\"itemListElement\":[{\"@type\":\"ListItem\",\"position\":1,\"name\":\"Startseite\",\"item\":\"https:\/\/www.haarfreiheit.net\/tr\/\"},{\"@type\":\"ListItem\",\"position\":2,\"name\":\"kalici epilasyon bayan | mahrem b\u00f6lgesi\"}]},{\"@type\":\"WebSite\",\"@id\":\"https:\/\/www.haarfreiheit.net\/tr\/#website\",\"url\":\"https:\/\/www.haarfreiheit.net\/tr\/\",\"name\":\"Haarfreiheit\",\"description\":\"Dauerhafte Haarentfernung beim Experten\",\"potentialAction\":[{\"@type\":\"SearchAction\",\"target\":{\"@type\":\"EntryPoint\",\"urlTemplate\":\"https:\/\/www.haarfreiheit.net\/tr\/?s={search_term_string}\"},\"query-input\":{\"@type\":\"PropertyValueSpecification\",\"valueRequired\":true,\"valueName\":\"search_term_string\"}}],\"inLanguage\":\"tr\"}]}<\/script>\n<!-- \/ Yoast SEO plugin. -->","yoast_head_json":{"title":"Kad\u0131nlar i\u00e7in \u00f6zel b\u00f6lgede kal\u0131c\u0131 epilasyon","description":"Kal\u0131c\u0131 epilasyon* sayesinde mahrem alanda m\u00fckemmel g\u00f6r\u00fcn\u00fcm ve en iyi hijyen. Sadece arkan\u0131za yaslan\u0131n ve tedavinin tad\u0131n\u0131 \u00e7\u0131kar\u0131n.","robots":{"index":"index","follow":"follow","max-snippet":"max-snippet:-1","max-image-preview":"max-image-preview:large","max-video-preview":"max-video-preview:-1"},"canonical":"https:\/\/www.haarfreiheit.net\/tr\/epilayson-kadinlar-oezel-boelge\/","og_locale":"tr_TR","og_type":"article","og_title":"Kad\u0131nlar i\u00e7in \u00f6zel b\u00f6lgede kal\u0131c\u0131 epilasyon","og_description":"Kal\u0131c\u0131 epilasyon* sayesinde mahrem alanda m\u00fckemmel g\u00f6r\u00fcn\u00fcm ve en iyi hijyen. Sadece arkan\u0131za yaslan\u0131n ve tedavinin tad\u0131n\u0131 \u00e7\u0131kar\u0131n.","og_url":"https:\/\/www.haarfreiheit.net\/tr\/epilayson-kadinlar-oezel-boelge\/","og_site_name":"Haarfreiheit","article_modified_time":"2024-01-18T13:48:34+00:00","og_image":[{"url":"https:\/\/www.haarfreiheit.net\/wp-content\/uploads\/2021\/11\/happy-couple-HIntergrundbild.jpg","type":"","width":"","height":""}],"twitter_card":"summary_large_image","twitter_misc":{"Tahmini okuma s\u00fcresi":"3 dakika"},"schema":{"@context":"https:\/\/schema.org","@graph":[{"@type":"WebPage","@id":"https:\/\/www.haarfreiheit.net\/tr\/epilayson-kadinlar-oezel-boelge\/","url":"https:\/\/www.haarfreiheit.net\/tr\/epilayson-kadinlar-oezel-boelge\/","name":"Kad\u0131nlar i\u00e7in \u00f6zel b\u00f6lgede kal\u0131c\u0131 epilasyon","isPartOf":{"@id":"https:\/\/www.haarfreiheit.net\/tr\/#website"},"primaryImageOfPage":{"@id":"https:\/\/www.haarfreiheit.net\/tr\/epilayson-kadinlar-oezel-boelge\/#primaryimage"},"image":{"@id":"https:\/\/www.haarfreiheit.net\/tr\/epilayson-kadinlar-oezel-boelge\/#primaryimage"},"thumbnailUrl":"https:\/\/www.haarfreiheit.net\/wp-content\/uploads\/2021\/11\/happy-couple-HIntergrundbild.jpg","datePublished":"2021-08-05T06:33:49+00:00","dateModified":"2024-01-18T13:48:34+00:00","description":"Kal\u0131c\u0131 epilasyon* sayesinde mahrem alanda m\u00fckemmel g\u00f6r\u00fcn\u00fcm ve en iyi hijyen. Sadece arkan\u0131za yaslan\u0131n ve tedavinin tad\u0131n\u0131 \u00e7\u0131kar\u0131n.","breadcrumb":{"@id":"https:\/\/www.haarfreiheit.net\/tr\/epilayson-kadinlar-oezel-boelge\/#breadcrumb"},"inLanguage":"tr","potentialAction":[{"@type":"ReadAction","target":["https:\/\/www.haarfreiheit.net\/tr\/epilayson-kadinlar-oezel-boelge\/"]}]},{"@type":"ImageObject","inLanguage":"tr","@id":"https:\/\/www.haarfreiheit.net\/tr\/epilayson-kadinlar-oezel-boelge\/#primaryimage","url":"https:\/\/www.haarfreiheit.net\/wp-content\/uploads\/2021\/11\/happy-couple-HIntergrundbild.jpg","contentUrl":"https:\/\/www.haarfreiheit.net\/wp-content\/uploads\/2021\/11\/happy-couple-HIntergrundbild.jpg"},{"@type":"BreadcrumbList","@id":"https:\/\/www.haarfreiheit.net\/tr\/epilayson-kadinlar-oezel-boelge\/#breadcrumb","itemListElement":[{"@type":"ListItem","position":1,"name":"Startseite","item":"https:\/\/www.haarfreiheit.net\/tr\/"},{"@type":"ListItem","position":2,"name":"kalici epilasyon bayan | mahrem b\u00f6lgesi"}]},{"@type":"WebSite","@id":"https:\/\/www.haarfreiheit.net\/tr\/#website","url":"https:\/\/www.haarfreiheit.net\/tr\/","name":"Haarfreiheit","description":"Dauerhafte Haarentfernung beim Experten","potentialAction":[{"@type":"SearchAction","target":{"@type":"EntryPoint","urlTemplate":"https:\/\/www.haarfreiheit.net\/tr\/?s={search_term_string}"},"query-input":{"@type":"PropertyValueSpecification","valueRequired":true,"valueName":"search_term_string"}}],"inLanguage":"tr"}]}},"_links":{"self":[{"href":"https:\/\/www.haarfreiheit.net\/tr\/wp-json\/wp\/v2\/pages\/5776","targetHints":{"allow":["GET"]}}],"collection":[{"href":"https:\/\/www.haarfreiheit.net\/tr\/wp-json\/wp\/v2\/pages"}],"about":[{"href":"https:\/\/www.haarfreiheit.net\/tr\/wp-json\/wp\/v2\/types\/page"}],"author":[{"embeddable":true,"href":"https:\/\/www.haarfreiheit.net\/tr\/wp-json\/wp\/v2\/users\/1"}],"replies":[{"embeddable":true,"href":"https:\/\/www.haarfreiheit.net\/tr\/wp-json\/wp\/v2\/comments?post=5776"}],"version-history":[{"count":9,"href":"https:\/\/www.haarfreiheit.net\/tr\/wp-json\/wp\/v2\/pages\/5776\/revisions"}],"predecessor-version":[{"id":22932,"href":"https:\/\/www.haarfreiheit.net\/tr\/wp-json\/wp\/v2\/pages\/5776\/revisions\/22932"}],"wp:attachment":[{"href":"https:\/\/www.haarfreiheit.net\/tr\/wp-json\/wp\/v2\/media?parent=5776"}],"curies":[{"name":"wp","href":"https:\/\/api.w.org\/{rel}","templated":true}]}}