{"id":5827,"date":"2021-08-05T08:57:00","date_gmt":"2021-08-05T06:57:00","guid":{"rendered":"https:\/\/www.haarfreiheit.net\/haarentfernung-frauen-gesaess-und-pofalte\/"},"modified":"2024-12-12T11:18:58","modified_gmt":"2024-12-12T10:18:58","slug":"epilasyon-kadinlar-kalcalar","status":"publish","type":"page","link":"https:\/\/www.haarfreiheit.net\/tr\/epilasyon-kadinlar-kalcalar\/","title":{"rendered":"kalici epilasyon bayan | kalcalar"},"content":{"rendered":"\n<div class=\"wp-block-cover is-light\" style=\"min-height:250px;aspect-ratio:unset;\"><span aria-hidden=\"true\" class=\"wp-block-cover__background has-black-background-color has-background-dim-10 has-background-dim\"><\/span><img loading=\"lazy\" decoding=\"async\" width=\"1980\" height=\"1185\" class=\"wp-block-cover__image-background wp-image-7193\" alt=\"\u015eehir Konumu Foto\u011fraf\u0131\" src=\"https:\/\/www.haarfreiheit.net\/wp-content\/uploads\/2021\/11\/BG-Dame-Weichzeichner.jpg\" style=\"object-position:79% 100%\" data-object-fit=\"cover\" data-object-position=\"79% 100%\" srcset=\"https:\/\/www.haarfreiheit.net\/wp-content\/uploads\/2021\/11\/BG-Dame-Weichzeichner.jpg 1980w, https:\/\/www.haarfreiheit.net\/wp-content\/uploads\/2021\/11\/BG-Dame-Weichzeichner-300x180.jpg 300w, https:\/\/www.haarfreiheit.net\/wp-content\/uploads\/2021\/11\/BG-Dame-Weichzeichner-1024x613.jpg 1024w, https:\/\/www.haarfreiheit.net\/wp-content\/uploads\/2021\/11\/BG-Dame-Weichzeichner-1536x919.jpg 1536w\" sizes=\"auto, (max-width: 1980px) 100vw, 1980px\" \/><div class=\"wp-block-cover__inner-container is-layout-flow wp-block-cover-is-layout-flow\">\n<div style=\"height:66px\" aria-hidden=\"true\" class=\"wp-block-spacer is-style-s40\"><\/div>\n\n\n\n<div class=\"wp-block-columns is-layout-flex wp-container-core-columns-is-layout-9d6595d7 wp-block-columns-is-layout-flex\">\n<div class=\"wp-block-column is-vertically-aligned-center is-layout-flow wp-block-column-is-layout-flow\" style=\"flex-basis:27%\"><div class=\"wp-block-image\">\n<figure class=\"aligncenter size-full is-resized\"><img loading=\"lazy\" decoding=\"async\" width=\"400\" height=\"374\" src=\"https:\/\/www.haarfreiheit.net\/wp-content\/uploads\/2021\/11\/Wabe-Po-Frau.png\" alt=\"beyaz k\u00fclotlu t\u00fcys\u00fcz kad\u0131n kakas\u0131\" class=\"wp-image-5612\" style=\"object-fit:contain;width:319px;height:298px\" srcset=\"https:\/\/www.haarfreiheit.net\/wp-content\/uploads\/2021\/11\/Wabe-Po-Frau.png 400w, https:\/\/www.haarfreiheit.net\/wp-content\/uploads\/2021\/11\/Wabe-Po-Frau-300x281.png 300w\" sizes=\"auto, (max-width: 400px) 100vw, 400px\" \/><\/figure>\n<\/div><\/div>\n\n\n\n<div class=\"wp-block-column is-vertically-aligned-center is-layout-flow wp-block-column-is-layout-flow\" style=\"flex-basis:55%\">\n<h1 class=\"wp-block-heading has-text-align-center primary-color\">Epilasyon<br><strong><strong>KALCALAR<\/strong><\/strong><\/h1>\n\n\n\n<div style=\"height:25px\" aria-hidden=\"true\" class=\"wp-block-spacer is-style-s20\"><\/div>\n\n\n<div class=\"wp-block-image\">\n<figure class=\"aligncenter size-large is-resized\"><img loading=\"lazy\" decoding=\"async\" width=\"1024\" height=\"201\" src=\"https:\/\/www.haarfreiheit.net\/wp-content\/uploads\/2021\/11\/Trenner-Weiblichkeitszeichen-1024x201.png\" alt=\"Ay\u0131r\u0131c\u0131 \u00c7izgi Sembol\u00fc Kad\u0131nl\u0131\u011f\u0131\" class=\"wp-image-7201\" style=\"object-fit:contain;width:558px;height:110px\" srcset=\"https:\/\/www.haarfreiheit.net\/wp-content\/uploads\/2021\/11\/Trenner-Weiblichkeitszeichen-1024x201.png 1024w, https:\/\/www.haarfreiheit.net\/wp-content\/uploads\/2021\/11\/Trenner-Weiblichkeitszeichen-300x59.png 300w, https:\/\/www.haarfreiheit.net\/wp-content\/uploads\/2021\/11\/Trenner-Weiblichkeitszeichen.png 1140w\" sizes=\"auto, (max-width: 1024px) 100vw, 1024px\" \/><\/figure>\n<\/div>\n\n\n<div style=\"height:26px\" aria-hidden=\"true\" class=\"wp-block-spacer is-style-s20\"><\/div>\n\n\n\n<p class=\"has-text-align-center has-text-color primary-color has-medium-font-size\"><strong>Kad\u0131nlar i\u00e7in v\u00fccut b\u00f6lgeleri<\/strong><\/p>\n\n\n\n<div style=\"height:66px\" aria-hidden=\"true\" class=\"wp-block-spacer is-style-s40\"><\/div>\n\n\n\n<div class=\"wp-block-buttons is-horizontal is-content-justification-center is-layout-flex wp-container-core-buttons-is-layout-499968f5 wp-block-buttons-is-layout-flex\">\n<div class=\"wp-block-button primary-bg-color is-style-fill\"><a class=\"wp-block-button__link has-white-color has-text-color wp-element-button\" href=\"\/tr\/randevu-al\/\">\u00dccretsiz bir dan\u0131\u015fma d\u00fczenleyin<\/a><\/div>\n<\/div>\n<\/div>\n<\/div>\n\n\n\n<div style=\"height:62px\" aria-hidden=\"true\" class=\"wp-block-spacer is-style-s40\"><\/div>\n<\/div><\/div>\n\n\n\n<div style=\"height:100px\" aria-hidden=\"true\" class=\"wp-block-spacer is-style-s50\"><\/div>\n\n\n\n<div class=\"wp-block-columns is-layout-flex wp-container-core-columns-is-layout-9d6595d7 wp-block-columns-is-layout-flex\">\n<div class=\"wp-block-column is-vertically-aligned-center is-layout-flow wp-block-column-is-layout-flow\">\n<h2 class=\"wp-block-heading has-text-align-center primary-color\" id=\"kolay-epilasyon\">KOLAY EP\u0130LASYON<\/h2>\n\n\n\n<p class=\"has-text-align-center\">K\u00fc\u00e7\u00fck t\u00fcylerin zaman al\u0131c\u0131 \u015fekilde al\u0131nmas\u0131 sizi rahats\u0131z ediyor mu? Bununla bir tek sen olmazd\u0131n. Bir\u00e7ok kad\u0131n kal\u00e7a ve popo k\u0131vr\u0131mlar\u0131 b\u00f6lgesindeki t\u00fcylerden rahats\u0131z olur. Ancak bunlar\u0131 kald\u0131rmak son derece zor olabilir. Bir\u00e7ok epilasyon y\u00f6ntemi ile fiziksel \u00e7\u0131k\u0131klar\u0131n yan\u0131 s\u0131ra kesikler ve sonras\u0131nda ka\u015f\u0131nt\u0131lar da olur. Enstit\u00fclerimizde, bu t\u00fcr i\u015flemlere katlanmak zorunda kalmaman\u0131z i\u00e7in size nazik ve kal\u0131c\u0131 epilasyon* sunuyoruz.<\/p>\n<\/div>\n\n\n\n<div class=\"wp-block-column is-vertically-aligned-center is-layout-flow wp-block-column-is-layout-flow\"><div class=\"wp-block-image\">\n<figure class=\"aligncenter size-full is-resized\"><img loading=\"lazy\" decoding=\"async\" width=\"1152\" height=\"865\" src=\"https:\/\/www.haarfreiheit.net\/wp-content\/uploads\/2021\/07\/Wabenbilder-Frauenpo.jpg\" alt=\"Kad\u0131nlar bikinilerle s\u0131raya girin\" class=\"wp-image-253\" style=\"width:480px\" srcset=\"https:\/\/www.haarfreiheit.net\/wp-content\/uploads\/2021\/07\/Wabenbilder-Frauenpo.jpg 1152w, https:\/\/www.haarfreiheit.net\/wp-content\/uploads\/2021\/07\/Wabenbilder-Frauenpo-300x225.jpg 300w, https:\/\/www.haarfreiheit.net\/wp-content\/uploads\/2021\/07\/Wabenbilder-Frauenpo-1024x769.jpg 1024w\" sizes=\"auto, (max-width: 1152px) 100vw, 1152px\" \/><\/figure>\n<\/div><\/div>\n<\/div>\n\n\n\n<div class=\"wp-block-columns is-layout-flex wp-container-core-columns-is-layout-9d6595d7 wp-block-columns-is-layout-flex\">\n<div class=\"wp-block-column is-layout-flow wp-block-column-is-layout-flow\"><div class=\"wp-block-image\">\n<figure class=\"aligncenter size-large is-resized\"><img loading=\"lazy\" decoding=\"async\" width=\"1024\" height=\"201\" src=\"https:\/\/www.haarfreiheit.net\/wp-content\/uploads\/2021\/11\/Trenner-Weiblichkeitszeichen-1024x201.png\" alt=\"Ay\u0131r\u0131c\u0131 \u00c7izgi Sembol\u00fc Kad\u0131nl\u0131\u011f\u0131\" class=\"wp-image-7201\" style=\"aspect-ratio:5.078014184397163;object-fit:contain;width:500px\" srcset=\"https:\/\/www.haarfreiheit.net\/wp-content\/uploads\/2021\/11\/Trenner-Weiblichkeitszeichen-1024x201.png 1024w, https:\/\/www.haarfreiheit.net\/wp-content\/uploads\/2021\/11\/Trenner-Weiblichkeitszeichen-300x59.png 300w, https:\/\/www.haarfreiheit.net\/wp-content\/uploads\/2021\/11\/Trenner-Weiblichkeitszeichen.png 1140w\" sizes=\"auto, (max-width: 1024px) 100vw, 1024px\" \/><\/figure>\n<\/div><\/div>\n<\/div>\n\n\n\n<div style=\"height:45px\" aria-hidden=\"true\" class=\"wp-block-spacer is-style-s50\"><\/div>\n\n\n\n<div class=\"wp-block-columns is-layout-flex wp-container-core-columns-is-layout-9d6595d7 wp-block-columns-is-layout-flex\">\n<div class=\"wp-block-column is-layout-flow wp-block-column-is-layout-flow\">\n<h3 class=\"wp-block-heading has-text-align-center primary-color\">\u00dcCRETS\u0130Z OLUN<\/h3>\n\n\n\n<p class=\"has-text-align-center\">Bu b\u00f6lge genellikle halktan gizlense de istenmeyen t\u00fcyler \u00f6zel hayatta sorun haline gelebilir. \u00d6zellikle sevgililerinizle kendinizi en iyi taraf\u0131n\u0131zdan g\u00f6stermek istiyorsunuz. Ancak popo k\u0131vr\u0131m\u0131n\u0131n bu b\u00f6lgesine ula\u015fmak zor oldu\u011fu i\u00e7in ho\u015f olmayan s\u00fcrprizler ortaya \u00e7\u0131kabilir. Kal\u0131c\u0131 epilasyon* ile kendinizi kayg\u0131s\u0131z ve \u00f6zg\u00fcr hissedebilir ve bu endi\u015feleri ge\u00e7mi\u015fte b\u0131rakabilirsiniz. Her durumda arzu edilir hissedin.<\/p>\n<\/div>\n\n\n\n<div class=\"wp-block-column is-layout-flow wp-block-column-is-layout-flow\">\n<h3 class=\"wp-block-heading has-text-align-center primary-color\">KA\u015eINTI GE\u00c7M\u0130\u015eTE KALDI<\/h3>\n\n\n\n<p class=\"has-text-align-center\">Geleneksel t\u0131ra\u015f bir\u00e7oklar\u0131 i\u00e7in g\u00fcnl\u00fck rutinin bir par\u00e7as\u0131d\u0131r, ancak \u00f6zellikle bu mahrem alanda iki kez d\u00fc\u015f\u00fcnmelisiniz. Orada, genellikle sert bir \u015fekilde uzayan sa\u00e7lar, ho\u015f olmayan ka\u015f\u0131nt\u0131lara yol a\u00e7abilir. Bu b\u00f6lgedeki epilasyon genellikle hijyenik avantajlara sahip oldu\u011fundan, epilasyon y\u00f6ntemi optimize edilmelidir. Kal\u0131c\u0131* ayd\u0131nlatma teknolojimiz ile her an ferahl\u0131k hissini ya\u015fayabilirsiniz. K\u00fc\u00e7\u00fcc\u00fck t\u00fcylere ne kir par\u00e7ac\u0131klar\u0131 ne de ter yap\u0131\u015fabilir.<\/p>\n<\/div>\n<\/div>\n\n\n\n<div style=\"height:74px\" aria-hidden=\"true\" class=\"wp-block-spacer is-style-s50\"><\/div>\n\n\n\n<div class=\"wp-block-cover is-light\"><span aria-hidden=\"true\" class=\"wp-block-cover__background has-white-background-color has-background-dim-60 has-background-dim\"><\/span><img loading=\"lazy\" decoding=\"async\" width=\"1980\" height=\"858\" class=\"wp-block-cover__image-background wp-image-9064\" alt=\"Petek Desen Arka Plan G\u00f6r\u00fcnt\u00fcs\u00fc\" src=\"https:\/\/www.haarfreiheit.net\/wp-content\/uploads\/2021\/11\/Maroon-Banner.jpg\" data-object-fit=\"cover\" srcset=\"https:\/\/www.haarfreiheit.net\/wp-content\/uploads\/2021\/11\/Maroon-Banner.jpg 1980w, https:\/\/www.haarfreiheit.net\/wp-content\/uploads\/2021\/11\/Maroon-Banner-300x130.jpg 300w, https:\/\/www.haarfreiheit.net\/wp-content\/uploads\/2021\/11\/Maroon-Banner-1024x444.jpg 1024w, https:\/\/www.haarfreiheit.net\/wp-content\/uploads\/2021\/11\/Maroon-Banner-1536x666.jpg 1536w\" sizes=\"auto, (max-width: 1980px) 100vw, 1980px\" \/><div class=\"wp-block-cover__inner-container is-layout-flow wp-block-cover-is-layout-flow\">\n<div style=\"height:77px\" aria-hidden=\"true\" class=\"wp-block-spacer is-style-s40\"><\/div>\n\n\n\n<div class=\"wp-block-columns is-layout-flex wp-container-core-columns-is-layout-9d6595d7 wp-block-columns-is-layout-flex\">\n<div class=\"wp-block-column is-vertically-aligned-center is-layout-flow wp-block-column-is-layout-flow\"><div class=\"wp-block-image\">\n<figure class=\"aligncenter size-full is-resized\"><img loading=\"lazy\" decoding=\"async\" width=\"580\" height=\"368\" src=\"https:\/\/www.haarfreiheit.net\/wp-content\/uploads\/2021\/11\/Bachbehandlung.png\" alt=\"Tedavi foto\u011fraf kar\u0131n\" class=\"wp-image-5821\" style=\"width:450px\" srcset=\"https:\/\/www.haarfreiheit.net\/wp-content\/uploads\/2021\/11\/Bachbehandlung.png 580w, https:\/\/www.haarfreiheit.net\/wp-content\/uploads\/2021\/11\/Bachbehandlung-300x190.png 300w\" sizes=\"auto, (max-width: 580px) 100vw, 580px\" \/><\/figure>\n<\/div><\/div>\n\n\n\n<div class=\"wp-block-column is-vertically-aligned-center is-layout-flow wp-block-column-is-layout-flow\">\n<h2 class=\"wp-block-heading has-text-align-center primary-color\">EN \u00d6NCEL\u0130KL\u0130 OLARAK M\u00dc\u015eTER\u0130 MEMNUN\u0130YET\u0130 VE TAKD\u0130R YETK\u0130S\u0130<\/h2>\n\n\n\n<p class=\"has-text-align-center has-black-color has-text-color\">Tan\u0131nm\u0131\u015f enstit\u00fclerimizde m\u00fc\u015fteri memnuniyeti en b\u00fcy\u00fck \u00f6nceli\u011fimizdir, bu nedenle takdir yetkisi ve hassas muamele bizim i\u00e7in \u00e7ok \u00f6nemlidir. Bu \u00f6zellikle hassas b\u00f6lgeler olan kad\u0131n poposu ve kal\u00e7a k\u0131vr\u0131mlar\u0131ndaki t\u00fcylerin al\u0131nmas\u0131 i\u00e7in ge\u00e7erlidir. Ekibimiz tesislerimizde kendinizi g\u00fcvende ve rahat hissetmenize b\u00fcy\u00fck \u00f6nem veriyor.<\/p>\n\n\n\n<p class=\"has-text-align-center has-black-color has-text-color\">Yenilik\u00e7i teknolojilerimiz, kal\u00e7an\u0131zdaki veya kal\u00e7an\u0131z\u0131n k\u0131vr\u0131m\u0131ndaki sinir bozucu t\u00fcylerden kal\u0131c\u0131 olarak kurtulman\u0131z\u0131 sa\u011flar. Lazer epilasyon ile yeni \u00f6zg\u00fcrl\u00fc\u011f\u00fcn\u00fcz\u00fcn tad\u0131n\u0131 \u00e7\u0131kar\u0131n.&nbsp;Sadece estetik sonu\u00e7lar elde etmek i\u00e7in de\u011fil, ayn\u0131 zamanda m\u00fc\u015fterilerimiz i\u00e7in \u00e7ok y\u00f6nl\u00fc olumlu bir deneyim yaratmak i\u00e7in de \u00e7al\u0131\u015f\u0131yoruz. Memnuniyetiniz bizim en b\u00fcy\u00fck endi\u015femizdir ve size g\u00fcvenilir bir ortamda en iyi &nbsp;hizmetler sunmaktan gurur duyuyoruz.<\/p>\n<\/div>\n<\/div>\n\n\n\n<div style=\"height:61px\" aria-hidden=\"true\" class=\"wp-block-spacer is-style-s40\"><\/div>\n<\/div><\/div>\n\n\n\n<div class=\"wp-block-cover is-light\" style=\"min-height:100px;aspect-ratio:unset;\"><span aria-hidden=\"true\" class=\"wp-block-cover__background has-background-dim-0 has-background-dim\"><\/span><img loading=\"lazy\" decoding=\"async\" width=\"1980\" height=\"1232\" class=\"wp-block-cover__image-background wp-image-7936\" alt=\"sar\u0131 sa\u00e7l\u0131 kahverengi filtreli g\u00f6r\u00fcnt\u00fc kad\u0131n\" src=\"https:\/\/www.haarfreiheit.net\/wp-content\/uploads\/2021\/10\/Haare-Template-Bild.jpg\" data-object-fit=\"cover\" srcset=\"https:\/\/www.haarfreiheit.net\/wp-content\/uploads\/2021\/10\/Haare-Template-Bild.jpg 1980w, https:\/\/www.haarfreiheit.net\/wp-content\/uploads\/2021\/10\/Haare-Template-Bild-300x187.jpg 300w, https:\/\/www.haarfreiheit.net\/wp-content\/uploads\/2021\/10\/Haare-Template-Bild-1024x637.jpg 1024w, https:\/\/www.haarfreiheit.net\/wp-content\/uploads\/2021\/10\/Haare-Template-Bild-1536x956.jpg 1536w\" sizes=\"auto, (max-width: 1980px) 100vw, 1980px\" \/><div class=\"wp-block-cover__inner-container is-layout-flow wp-block-cover-is-layout-flow\">\n<div style=\"height:60px\" aria-hidden=\"true\" class=\"wp-block-spacer is-style-s40\"><\/div>\n\n\n\n<div class=\"wp-block-columns is-layout-flex wp-container-core-columns-is-layout-9d6595d7 wp-block-columns-is-layout-flex\">\n<div class=\"wp-block-column is-layout-flow wp-block-column-is-layout-flow\">\n<div class=\"wp-block-buttons is-horizontal is-content-justification-center is-layout-flex wp-container-core-buttons-is-layout-499968f5 wp-block-buttons-is-layout-flex\">\n<div class=\"wp-block-button primary-bg-color is-style-fill\"><a class=\"wp-block-button__link wp-element-button\" href=\"\/tr\/epilasyon-kadin\/\">Genel bak\u0131\u015fa d\u00f6n<\/a><\/div>\n<\/div>\n<\/div>\n\n\n\n<div class=\"wp-block-column is-layout-flow wp-block-column-is-layout-flow\">\n<div class=\"wp-block-buttons is-horizontal is-content-justification-center is-layout-flex wp-container-core-buttons-is-layout-499968f5 wp-block-buttons-is-layout-flex\">\n<div class=\"wp-block-button\"><a class=\"wp-block-button__link has-black-color has-white-background-color has-text-color has-background wp-element-button\" href=\"\/tr\/randevu-al\/\">\u00dccretsiz bir dan\u0131\u015fma d\u00fczenleyin<\/a><\/div>\n<\/div>\n<\/div>\n<\/div>\n\n\n\n<div style=\"height:53px\" aria-hidden=\"true\" class=\"wp-block-spacer is-style-s40\"><\/div>\n<\/div><\/div>\n","protected":false},"excerpt":{"rendered":"<p>KOLAY EP\u0130LASYON K\u00fc\u00e7\u00fck t\u00fcylerin zaman al\u0131c\u0131 \u015fekilde al\u0131nmas\u0131 sizi rahats\u0131z ediyor mu? Bununla bir tek sen olmazd\u0131n. Bir\u00e7ok kad\u0131n kal\u00e7a ve popo k\u0131vr\u0131mlar\u0131 b\u00f6lgesindeki t\u00fcylerden rahats\u0131z olur. Ancak bunlar\u0131 kald\u0131rmak son derece zor olabilir. Bir\u00e7ok epilasyon y\u00f6ntemi ile fiziksel \u00e7\u0131k\u0131klar\u0131n yan\u0131 s\u0131ra kesikler ve sonras\u0131nda ka\u015f\u0131nt\u0131lar da olur. Enstit\u00fclerimizde, bu t\u00fcr i\u015flemlere katlanmak zorunda kalmaman\u0131z <a href=\"https:\/\/www.haarfreiheit.net\/tr\/epilasyon-kadinlar-kalcalar\/\" class=\"more-link\">&#8230;<\/a><\/p>\n","protected":false},"author":1,"featured_media":0,"parent":0,"menu_order":0,"comment_status":"closed","ping_status":"closed","template":"","meta":{"footnotes":""},"class_list":["post-5827","page","type-page","status-publish","hentry"],"yoast_head":"<!-- This site is optimized with the Yoast SEO plugin v27.1.1 - https:\/\/yoast.com\/product\/yoast-seo-wordpress\/ -->\n<title>Kal\u0131c\u0131 epilasyon kad\u0131nlar - kal\u00e7alar<\/title>\n<meta name=\"description\" content=\"Her alanda p\u00fcr\u00fczs\u00fcz bir cilt ve estetik. Kal\u00e7ada kal\u0131c\u0131 epilasyon* her zaman p\u00fcr\u00fcs\u00fcz hissi verir. Kad\u0131nlar i\u00e7in v\u00fccut b\u00f6lgeleri.\" \/>\n<meta name=\"robots\" content=\"index, follow, max-snippet:-1, max-image-preview:large, max-video-preview:-1\" \/>\n<link rel=\"canonical\" href=\"https:\/\/www.haarfreiheit.net\/tr\/epilasyon-kadinlar-kalcalar\/\" \/>\n<meta property=\"og:locale\" content=\"tr_TR\" \/>\n<meta property=\"og:type\" content=\"article\" \/>\n<meta property=\"og:title\" content=\"Kal\u0131c\u0131 epilasyon kad\u0131nlar - kal\u00e7alar\" \/>\n<meta property=\"og:description\" content=\"Her alanda p\u00fcr\u00fczs\u00fcz bir cilt ve estetik. Kal\u00e7ada kal\u0131c\u0131 epilasyon* her zaman p\u00fcr\u00fcs\u00fcz hissi verir. Kad\u0131nlar i\u00e7in v\u00fccut b\u00f6lgeleri.\" \/>\n<meta property=\"og:url\" content=\"https:\/\/www.haarfreiheit.net\/tr\/epilasyon-kadinlar-kalcalar\/\" \/>\n<meta property=\"og:site_name\" content=\"Haarfreiheit\" \/>\n<meta property=\"article:modified_time\" content=\"2024-12-12T10:18:58+00:00\" \/>\n<meta property=\"og:image\" content=\"https:\/\/www.haarfreiheit.net\/wp-content\/uploads\/2021\/11\/BG-Dame-Weichzeichner.jpg\" \/>\n<meta name=\"twitter:card\" content=\"summary_large_image\" \/>\n<meta name=\"twitter:label1\" content=\"Tahmini okuma s\u00fcresi\" \/>\n\t<meta name=\"twitter:data1\" content=\"4 dakika\" \/>\n<script type=\"application\/ld+json\" class=\"yoast-schema-graph\">{\"@context\":\"https:\/\/schema.org\",\"@graph\":[{\"@type\":\"WebPage\",\"@id\":\"https:\/\/www.haarfreiheit.net\/tr\/epilasyon-kadinlar-kalcalar\/\",\"url\":\"https:\/\/www.haarfreiheit.net\/tr\/epilasyon-kadinlar-kalcalar\/\",\"name\":\"Kal\u0131c\u0131 epilasyon kad\u0131nlar - kal\u00e7alar\",\"isPartOf\":{\"@id\":\"https:\/\/www.haarfreiheit.net\/tr\/#website\"},\"primaryImageOfPage\":{\"@id\":\"https:\/\/www.haarfreiheit.net\/tr\/epilasyon-kadinlar-kalcalar\/#primaryimage\"},\"image\":{\"@id\":\"https:\/\/www.haarfreiheit.net\/tr\/epilasyon-kadinlar-kalcalar\/#primaryimage\"},\"thumbnailUrl\":\"https:\/\/www.haarfreiheit.net\/wp-content\/uploads\/2021\/11\/BG-Dame-Weichzeichner.jpg\",\"datePublished\":\"2021-08-05T06:57:00+00:00\",\"dateModified\":\"2024-12-12T10:18:58+00:00\",\"description\":\"Her alanda p\u00fcr\u00fczs\u00fcz bir cilt ve estetik. Kal\u00e7ada kal\u0131c\u0131 epilasyon* her zaman p\u00fcr\u00fcs\u00fcz hissi verir. Kad\u0131nlar i\u00e7in v\u00fccut b\u00f6lgeleri.\",\"breadcrumb\":{\"@id\":\"https:\/\/www.haarfreiheit.net\/tr\/epilasyon-kadinlar-kalcalar\/#breadcrumb\"},\"inLanguage\":\"tr\",\"potentialAction\":[{\"@type\":\"ReadAction\",\"target\":[\"https:\/\/www.haarfreiheit.net\/tr\/epilasyon-kadinlar-kalcalar\/\"]}]},{\"@type\":\"ImageObject\",\"inLanguage\":\"tr\",\"@id\":\"https:\/\/www.haarfreiheit.net\/tr\/epilasyon-kadinlar-kalcalar\/#primaryimage\",\"url\":\"https:\/\/www.haarfreiheit.net\/wp-content\/uploads\/2021\/11\/BG-Dame-Weichzeichner.jpg\",\"contentUrl\":\"https:\/\/www.haarfreiheit.net\/wp-content\/uploads\/2021\/11\/BG-Dame-Weichzeichner.jpg\"},{\"@type\":\"BreadcrumbList\",\"@id\":\"https:\/\/www.haarfreiheit.net\/tr\/epilasyon-kadinlar-kalcalar\/#breadcrumb\",\"itemListElement\":[{\"@type\":\"ListItem\",\"position\":1,\"name\":\"Startseite\",\"item\":\"https:\/\/www.haarfreiheit.net\/tr\/\"},{\"@type\":\"ListItem\",\"position\":2,\"name\":\"kalici epilasyon bayan | kalcalar\"}]},{\"@type\":\"WebSite\",\"@id\":\"https:\/\/www.haarfreiheit.net\/tr\/#website\",\"url\":\"https:\/\/www.haarfreiheit.net\/tr\/\",\"name\":\"Haarfreiheit\",\"description\":\"Dauerhafte Haarentfernung beim Experten\",\"potentialAction\":[{\"@type\":\"SearchAction\",\"target\":{\"@type\":\"EntryPoint\",\"urlTemplate\":\"https:\/\/www.haarfreiheit.net\/tr\/?s={search_term_string}\"},\"query-input\":{\"@type\":\"PropertyValueSpecification\",\"valueRequired\":true,\"valueName\":\"search_term_string\"}}],\"inLanguage\":\"tr\"}]}<\/script>\n<!-- \/ Yoast SEO plugin. -->","yoast_head_json":{"title":"Kal\u0131c\u0131 epilasyon kad\u0131nlar - kal\u00e7alar","description":"Her alanda p\u00fcr\u00fczs\u00fcz bir cilt ve estetik. Kal\u00e7ada kal\u0131c\u0131 epilasyon* her zaman p\u00fcr\u00fcs\u00fcz hissi verir. Kad\u0131nlar i\u00e7in v\u00fccut b\u00f6lgeleri.","robots":{"index":"index","follow":"follow","max-snippet":"max-snippet:-1","max-image-preview":"max-image-preview:large","max-video-preview":"max-video-preview:-1"},"canonical":"https:\/\/www.haarfreiheit.net\/tr\/epilasyon-kadinlar-kalcalar\/","og_locale":"tr_TR","og_type":"article","og_title":"Kal\u0131c\u0131 epilasyon kad\u0131nlar - kal\u00e7alar","og_description":"Her alanda p\u00fcr\u00fczs\u00fcz bir cilt ve estetik. Kal\u00e7ada kal\u0131c\u0131 epilasyon* her zaman p\u00fcr\u00fcs\u00fcz hissi verir. Kad\u0131nlar i\u00e7in v\u00fccut b\u00f6lgeleri.","og_url":"https:\/\/www.haarfreiheit.net\/tr\/epilasyon-kadinlar-kalcalar\/","og_site_name":"Haarfreiheit","article_modified_time":"2024-12-12T10:18:58+00:00","og_image":[{"url":"https:\/\/www.haarfreiheit.net\/wp-content\/uploads\/2021\/11\/BG-Dame-Weichzeichner.jpg","type":"","width":"","height":""}],"twitter_card":"summary_large_image","twitter_misc":{"Tahmini okuma s\u00fcresi":"4 dakika"},"schema":{"@context":"https:\/\/schema.org","@graph":[{"@type":"WebPage","@id":"https:\/\/www.haarfreiheit.net\/tr\/epilasyon-kadinlar-kalcalar\/","url":"https:\/\/www.haarfreiheit.net\/tr\/epilasyon-kadinlar-kalcalar\/","name":"Kal\u0131c\u0131 epilasyon kad\u0131nlar - kal\u00e7alar","isPartOf":{"@id":"https:\/\/www.haarfreiheit.net\/tr\/#website"},"primaryImageOfPage":{"@id":"https:\/\/www.haarfreiheit.net\/tr\/epilasyon-kadinlar-kalcalar\/#primaryimage"},"image":{"@id":"https:\/\/www.haarfreiheit.net\/tr\/epilasyon-kadinlar-kalcalar\/#primaryimage"},"thumbnailUrl":"https:\/\/www.haarfreiheit.net\/wp-content\/uploads\/2021\/11\/BG-Dame-Weichzeichner.jpg","datePublished":"2021-08-05T06:57:00+00:00","dateModified":"2024-12-12T10:18:58+00:00","description":"Her alanda p\u00fcr\u00fczs\u00fcz bir cilt ve estetik. Kal\u00e7ada kal\u0131c\u0131 epilasyon* her zaman p\u00fcr\u00fcs\u00fcz hissi verir. Kad\u0131nlar i\u00e7in v\u00fccut b\u00f6lgeleri.","breadcrumb":{"@id":"https:\/\/www.haarfreiheit.net\/tr\/epilasyon-kadinlar-kalcalar\/#breadcrumb"},"inLanguage":"tr","potentialAction":[{"@type":"ReadAction","target":["https:\/\/www.haarfreiheit.net\/tr\/epilasyon-kadinlar-kalcalar\/"]}]},{"@type":"ImageObject","inLanguage":"tr","@id":"https:\/\/www.haarfreiheit.net\/tr\/epilasyon-kadinlar-kalcalar\/#primaryimage","url":"https:\/\/www.haarfreiheit.net\/wp-content\/uploads\/2021\/11\/BG-Dame-Weichzeichner.jpg","contentUrl":"https:\/\/www.haarfreiheit.net\/wp-content\/uploads\/2021\/11\/BG-Dame-Weichzeichner.jpg"},{"@type":"BreadcrumbList","@id":"https:\/\/www.haarfreiheit.net\/tr\/epilasyon-kadinlar-kalcalar\/#breadcrumb","itemListElement":[{"@type":"ListItem","position":1,"name":"Startseite","item":"https:\/\/www.haarfreiheit.net\/tr\/"},{"@type":"ListItem","position":2,"name":"kalici epilasyon bayan | kalcalar"}]},{"@type":"WebSite","@id":"https:\/\/www.haarfreiheit.net\/tr\/#website","url":"https:\/\/www.haarfreiheit.net\/tr\/","name":"Haarfreiheit","description":"Dauerhafte Haarentfernung beim Experten","potentialAction":[{"@type":"SearchAction","target":{"@type":"EntryPoint","urlTemplate":"https:\/\/www.haarfreiheit.net\/tr\/?s={search_term_string}"},"query-input":{"@type":"PropertyValueSpecification","valueRequired":true,"valueName":"search_term_string"}}],"inLanguage":"tr"}]}},"_links":{"self":[{"href":"https:\/\/www.haarfreiheit.net\/tr\/wp-json\/wp\/v2\/pages\/5827","targetHints":{"allow":["GET"]}}],"collection":[{"href":"https:\/\/www.haarfreiheit.net\/tr\/wp-json\/wp\/v2\/pages"}],"about":[{"href":"https:\/\/www.haarfreiheit.net\/tr\/wp-json\/wp\/v2\/types\/page"}],"author":[{"embeddable":true,"href":"https:\/\/www.haarfreiheit.net\/tr\/wp-json\/wp\/v2\/users\/1"}],"replies":[{"embeddable":true,"href":"https:\/\/www.haarfreiheit.net\/tr\/wp-json\/wp\/v2\/comments?post=5827"}],"version-history":[{"count":10,"href":"https:\/\/www.haarfreiheit.net\/tr\/wp-json\/wp\/v2\/pages\/5827\/revisions"}],"predecessor-version":[{"id":26363,"href":"https:\/\/www.haarfreiheit.net\/tr\/wp-json\/wp\/v2\/pages\/5827\/revisions\/26363"}],"wp:attachment":[{"href":"https:\/\/www.haarfreiheit.net\/tr\/wp-json\/wp\/v2\/media?parent=5827"}],"curies":[{"name":"wp","href":"https:\/\/api.w.org\/{rel}","templated":true}]}}