{"id":6016,"date":"2021-08-05T13:33:25","date_gmt":"2021-08-05T11:33:25","guid":{"rendered":"https:\/\/www.haarfreiheit.net\/haarentfernung-maenner-arme-haende\/"},"modified":"2023-09-26T15:29:20","modified_gmt":"2023-09-26T13:29:20","slug":"kalici-epilasyon-erkek-eller-ve-kollar","status":"publish","type":"page","link":"https:\/\/www.haarfreiheit.net\/tr\/kalici-epilasyon-erkek-eller-ve-kollar\/","title":{"rendered":"kal\u0131c\u0131 epilasyon bay | eller ve kollar"},"content":{"rendered":"\n<div class=\"wp-block-cover is-light\" style=\"min-height:250px;aspect-ratio:unset;\"><span aria-hidden=\"true\" class=\"wp-block-cover__background has-background-dim-20 has-background-dim\" style=\"background-color:#814747\"><\/span><img loading=\"lazy\" decoding=\"async\" width=\"1980\" height=\"1034\" class=\"wp-block-cover__image-background wp-image-6017\" alt=\"Efektli g\u00f6r\u00fcnt\u00fc arka plan\u0131\" src=\"https:\/\/www.haarfreiheit.net\/wp-content\/uploads\/2021\/11\/Bannerbild-Arm-und-Hand.jpg\" style=\"object-position:87% 23%\" data-object-fit=\"cover\" data-object-position=\"87% 23%\" srcset=\"https:\/\/www.haarfreiheit.net\/wp-content\/uploads\/2021\/11\/Bannerbild-Arm-und-Hand.jpg 1980w, https:\/\/www.haarfreiheit.net\/wp-content\/uploads\/2021\/11\/Bannerbild-Arm-und-Hand-300x157.jpg 300w, https:\/\/www.haarfreiheit.net\/wp-content\/uploads\/2021\/11\/Bannerbild-Arm-und-Hand-1024x535.jpg 1024w, https:\/\/www.haarfreiheit.net\/wp-content\/uploads\/2021\/11\/Bannerbild-Arm-und-Hand-1536x802.jpg 1536w\" sizes=\"auto, (max-width: 1980px) 100vw, 1980px\" \/><div class=\"wp-block-cover__inner-container is-layout-flow wp-block-cover-is-layout-flow\">\n<div style=\"height:66px\" aria-hidden=\"true\" class=\"wp-block-spacer\"><\/div>\n\n\n\n<div class=\"wp-block-columns is-layout-flex wp-container-core-columns-is-layout-9d6595d7 wp-block-columns-is-layout-flex\">\n<div class=\"wp-block-column is-vertically-aligned-center is-layout-flow wp-block-column-is-layout-flow\" style=\"flex-basis:27%\"><div class=\"wp-block-image\">\n<figure class=\"aligncenter size-full is-resized\"><img loading=\"lazy\" decoding=\"async\" src=\"https:\/\/www.haarfreiheit.net\/wp-content\/uploads\/2021\/11\/Wabe-Mann-Haende.png\" alt=\"Kollar ve eller erkek ve kad\u0131n foto\u011fraf\" class=\"wp-image-5998\" style=\"object-fit:contain;width:325px;height:304px\" width=\"325\" height=\"304\" srcset=\"https:\/\/www.haarfreiheit.net\/wp-content\/uploads\/2021\/11\/Wabe-Mann-Haende.png 400w, https:\/\/www.haarfreiheit.net\/wp-content\/uploads\/2021\/11\/Wabe-Mann-Haende-300x281.png 300w\" sizes=\"auto, (max-width: 325px) 100vw, 325px\" \/><\/figure>\n<\/div><\/div>\n\n\n\n<div class=\"wp-block-column is-vertically-aligned-center is-layout-flow wp-block-column-is-layout-flow\" style=\"flex-basis:55%\">\n<h1 class=\"wp-block-heading has-text-align-center has-white-color has-text-color\" id=\"eller-ve-kollar\"><strong>ELLER VE KOLLAR<\/strong><\/h1>\n\n\n\n<div style=\"height:25px\" aria-hidden=\"true\" class=\"wp-block-spacer\"><\/div>\n\n\n<div class=\"wp-block-image\">\n<figure class=\"aligncenter size-large is-resized\"><img loading=\"lazy\" decoding=\"async\" src=\"https:\/\/www.haarfreiheit.net\/wp-content\/uploads\/2021\/11\/Banner-Maennlichkeitszeichen-Trenner-1024x201.png\" alt=\"\u00c7izgi Grafikleri B\u00f6lme\" class=\"wp-image-7197\" style=\"object-fit:contain;width:582px;height:114px\" width=\"582\" height=\"114\" srcset=\"https:\/\/www.haarfreiheit.net\/wp-content\/uploads\/2021\/11\/Banner-Maennlichkeitszeichen-Trenner-1024x201.png 1024w, https:\/\/www.haarfreiheit.net\/wp-content\/uploads\/2021\/11\/Banner-Maennlichkeitszeichen-Trenner-300x59.png 300w, https:\/\/www.haarfreiheit.net\/wp-content\/uploads\/2021\/11\/Banner-Maennlichkeitszeichen-Trenner.png 1140w\" sizes=\"auto, (max-width: 582px) 100vw, 582px\" \/><\/figure>\n<\/div>\n\n\n<div style=\"height:26px\" aria-hidden=\"true\" class=\"wp-block-spacer\"><\/div>\n\n\n\n<p class=\"has-text-align-center has-text-color quaternary-color has-medium-font-size\"><strong>V\u00fccut b\u00f6lgeleri Bay<\/strong><\/p>\n\n\n\n<div style=\"height:66px\" aria-hidden=\"true\" class=\"wp-block-spacer\"><\/div>\n\n\n\n<div class=\"wp-block-buttons is-horizontal is-content-justification-center is-layout-flex wp-container-core-buttons-is-layout-499968f5 wp-block-buttons-is-layout-flex\">\n<div class=\"wp-block-button secondary-bg-color is-style-fill\"><a class=\"wp-block-button__link has-white-color has-text-color wp-element-button\" href=\"\/tr\/randevu-al\/\">\u00dccretsiz bir dan\u0131\u015fma d\u00fczenleyin<\/a><\/div>\n<\/div>\n<\/div>\n<\/div>\n\n\n\n<div style=\"height:62px\" aria-hidden=\"true\" class=\"wp-block-spacer\"><\/div>\n<\/div><\/div>\n\n\n\n<div style=\"height:100px\" aria-hidden=\"true\" class=\"wp-block-spacer is-style-s50\"><\/div>\n\n\n\n<div class=\"wp-block-columns is-layout-flex wp-container-core-columns-is-layout-9d6595d7 wp-block-columns-is-layout-flex\">\n<div class=\"wp-block-column is-layout-flow wp-block-column-is-layout-flow\">\n<h2 class=\"wp-block-heading has-text-align-center has-text-color quaternary-color\"><strong>YEN\u0130 B\u0130R HAYATA ADIM ATIN<\/strong><\/h2>\n\n\n\n<p class=\"has-text-align-center\">Eller g\u00fcnl\u00fck hayat\u0131n odak noktas\u0131 oldu\u011fu i\u00e7in bak\u0131ml\u0131 eller ve kollar konusu pek \u00e7ok erke\u011fe yabanc\u0131 de\u011fil. Ancak \u00f6zellikle erkeklerde bu b\u00f6lgelerde s\u0131kl\u0131kla a\u015f\u0131r\u0131 t\u00fcylenme meydana gelebilir. Baz\u0131lar\u0131 i\u00e7in \u00e7ok k\u0131ll\u0131 eller bak\u0131ms\u0131z ve \u00e7ekici g\u00f6r\u00fcnmemektedir.<\/p>\n\n\n\n<p class=\"has-text-align-center\">Bu nedenle s\u00f6zl\u00fc olmayan ileti\u015fim ara\u00e7lar\u0131n\u0131z\u0131 ihmal etmemeli ve geli\u015fmi\u015f XENOgel\u00ae y\u00f6ntemimiz ile tedaviyi d\u00fc\u015f\u00fcnmemelisiniz. Enstit\u00fclerimizde, \u00f6nemli i\u015f toplant\u0131lar\u0131 s\u0131ras\u0131nda ve hatta bo\u015f zamanlar\u0131n\u0131zda daha \u00f6nemli \u015feyleri d\u00fc\u015f\u00fcnebilmeniz i\u00e7in etkili ve nazik bir tedavi sunuyoruz.<\/p>\n\n\n\n<div style=\"height:66px\" aria-hidden=\"true\" class=\"wp-block-spacer is-style-s20\"><\/div>\n<\/div>\n\n\n\n<div class=\"wp-block-column is-vertically-aligned-center is-layout-flow wp-block-column-is-layout-flow\">\n<figure class=\"wp-block-image size-full is-resized\"><img loading=\"lazy\" decoding=\"async\" src=\"https:\/\/www.haarfreiheit.net\/wp-content\/uploads\/2021\/07\/Banner-Mann-Arm-Hand.jpg\" alt=\"I\u015f\u0131k efektine sahip foto\u011fraf kolu\" class=\"wp-image-74\" style=\"object-fit:contain;width:537px;height:405px\" width=\"537\" height=\"405\" srcset=\"https:\/\/www.haarfreiheit.net\/wp-content\/uploads\/2021\/07\/Banner-Mann-Arm-Hand.jpg 663w, https:\/\/www.haarfreiheit.net\/wp-content\/uploads\/2021\/07\/Banner-Mann-Arm-Hand-300x226.jpg 300w\" sizes=\"auto, (max-width: 537px) 100vw, 537px\" \/><\/figure>\n<\/div>\n<\/div>\n\n\n\n<div class=\"wp-block-columns is-layout-flex wp-container-core-columns-is-layout-9d6595d7 wp-block-columns-is-layout-flex\">\n<div class=\"wp-block-column is-layout-flow wp-block-column-is-layout-flow\"><div class=\"wp-block-image\">\n<figure class=\"aligncenter size-large is-resized\"><img loading=\"lazy\" decoding=\"async\" src=\"https:\/\/www.haarfreiheit.net\/wp-content\/uploads\/2021\/11\/Banner-Maennlichkeitszeichen-Trenner-1024x201.png\" alt=\"\u00c7izgi Grafikleri B\u00f6lme\" class=\"wp-image-7197\" style=\"object-fit:contain;width:640px;height:126px\" width=\"640\" height=\"126\" srcset=\"https:\/\/www.haarfreiheit.net\/wp-content\/uploads\/2021\/11\/Banner-Maennlichkeitszeichen-Trenner-1024x201.png 1024w, https:\/\/www.haarfreiheit.net\/wp-content\/uploads\/2021\/11\/Banner-Maennlichkeitszeichen-Trenner-300x59.png 300w, https:\/\/www.haarfreiheit.net\/wp-content\/uploads\/2021\/11\/Banner-Maennlichkeitszeichen-Trenner.png 1140w\" sizes=\"auto, (max-width: 640px) 100vw, 640px\" \/><\/figure>\n<\/div><\/div>\n<\/div>\n\n\n\n<div style=\"height:45px\" aria-hidden=\"true\" class=\"wp-block-spacer is-style-s50\"><\/div>\n\n\n\n<div class=\"wp-block-columns is-layout-flex wp-container-core-columns-is-layout-9d6595d7 wp-block-columns-is-layout-flex\">\n<div class=\"wp-block-column is-layout-flow wp-block-column-is-layout-flow\">\n<h3 class=\"wp-block-heading has-text-align-center has-text-color quaternary-color\"><strong>B\u0130R DAHA ASLA TIRA\u015e ETMEY\u0130N<\/strong><\/h3>\n\n\n\n<p class=\"has-text-align-center\">Kal\u0131c\u0131 epilasyon* i\u00e7in yenilik\u00e7i se\u00e7eneklerimiz sayesinde t\u0131ra\u015f gibi geleneksel y\u00f6ntemler ge\u00e7mi\u015fte kalabilir. \u00c7\u00fcnk\u00fc bu t\u00fcr geleneksel y\u00f6ntemler sadece ge\u00e7ici bir sonu\u00e7 verir ve ho\u015f olmayan yan etkilere neden olabilir. \u00d6zellikle el ve kol derisine her zaman \u00f6zen g\u00f6sterilmeli ve tahri\u015ften ka\u00e7\u0131n\u0131lmal\u0131d\u0131r. Fotoepilasyon tekni\u011fi sayesinde t\u00fcyler sadece kal\u0131c\u0131 olarak* al\u0131nmaz, ayn\u0131 zamanda cilt \u00fczerinde de nazik\u00e7e al\u0131n\u0131r. Art\u0131k sa\u00e7lar\u0131n yeniden \u00e7\u0131kma \u015fans\u0131 yok.<\/p>\n\n\n\n<div style=\"height:66px\" aria-hidden=\"true\" class=\"wp-block-spacer\"><\/div>\n<\/div>\n\n\n\n<div class=\"wp-block-column is-layout-flow wp-block-column-is-layout-flow\">\n<h3 class=\"wp-block-heading has-text-align-center has-text-color quaternary-color\"><strong>EN \u0130Y\u0130 TEKNOLOJ\u0130 \u0130LE EN \u0130Y\u0130 KNOW-HOW&#8217;UN KOMB\u0130NASYONU<\/strong><\/h3>\n\n\n\n<p class=\"has-text-align-center\">In unseren Instituten benutzen wir nur die modernste und beste Technik, die Enstit\u00fclerimizde sadece piyasadaki en modern ve en iyi teknolojiyi kullan\u0131yoruz. Teknoloji \u00e7ok karma\u015f\u0131k olmas\u0131na ra\u011fmen, en iyi tedaviyi ve en uygun sonucu elde etmek istiyoruz. Farkl\u0131 dalga boylar\u0131 nedeniyle teknolojimiz, lazerin yaln\u0131zca sa\u00e7\u0131 etkilemesini ve \u00e7evresindeki dokuya zarar vermemesini garanti eder. Ayr\u0131ca, t\u0131bbi personelimiz her tedavide en y\u00fcksek d\u00fczeyde hassasiyet ve profesyonellik sa\u011flar. B\u00f6ylece kendinizi rahat ve rahat hissedebilirsiniz, \u00e7\u00fcnk\u00fc en iyi ellerdesiniz.<\/p>\n<\/div>\n<\/div>\n\n\n\n<div style=\"height:74px\" aria-hidden=\"true\" class=\"wp-block-spacer is-style-s50\"><\/div>\n\n\n\n<div class=\"wp-block-cover\"><span aria-hidden=\"true\" class=\"wp-block-cover__background has-black-background-color has-background-dim-40 has-background-dim\"><\/span><img loading=\"lazy\" decoding=\"async\" width=\"1980\" height=\"1417\" class=\"wp-block-cover__image-background wp-image-6004\" alt=\"Efektli g\u00f6r\u00fcnt\u00fc arka plan\u0131\" src=\"https:\/\/www.haarfreiheit.net\/wp-content\/uploads\/2021\/11\/Petrol-BG.jpg\" style=\"object-position:0% 100%\" data-object-fit=\"cover\" data-object-position=\"0% 100%\" srcset=\"https:\/\/www.haarfreiheit.net\/wp-content\/uploads\/2021\/11\/Petrol-BG.jpg 1980w, https:\/\/www.haarfreiheit.net\/wp-content\/uploads\/2021\/11\/Petrol-BG-300x215.jpg 300w, https:\/\/www.haarfreiheit.net\/wp-content\/uploads\/2021\/11\/Petrol-BG-1024x733.jpg 1024w, https:\/\/www.haarfreiheit.net\/wp-content\/uploads\/2021\/11\/Petrol-BG-1536x1099.jpg 1536w\" sizes=\"auto, (max-width: 1980px) 100vw, 1980px\" \/><div class=\"wp-block-cover__inner-container is-layout-flow wp-block-cover-is-layout-flow\">\n<div style=\"height:25px\" aria-hidden=\"true\" class=\"wp-block-spacer is-style-s50\"><\/div>\n\n\n\n<div class=\"wp-block-columns is-layout-flex wp-container-core-columns-is-layout-9d6595d7 wp-block-columns-is-layout-flex\">\n<div class=\"wp-block-column is-vertically-aligned-center is-layout-flow wp-block-column-is-layout-flow\"><div class=\"wp-block-image\">\n<figure class=\"aligncenter size-full is-resized\"><img loading=\"lazy\" decoding=\"async\" src=\"https:\/\/www.haarfreiheit.net\/wp-content\/uploads\/2021\/11\/Froehliches-Paar.png\" alt=\"Mutlu \u00e7ift g\u00fczel ellere odaklan\u0131r\" class=\"wp-image-6020\" style=\"object-fit:contain;width:498px;height:408px\" width=\"498\" height=\"408\" srcset=\"https:\/\/www.haarfreiheit.net\/wp-content\/uploads\/2021\/11\/Froehliches-Paar.png 500w, https:\/\/www.haarfreiheit.net\/wp-content\/uploads\/2021\/11\/Froehliches-Paar-300x246.png 300w\" sizes=\"auto, (max-width: 498px) 100vw, 498px\" \/><\/figure>\n<\/div><\/div>\n\n\n\n<div class=\"wp-block-column is-layout-flow wp-block-column-is-layout-flow\">\n<div style=\"height:12px\" aria-hidden=\"true\" class=\"wp-block-spacer\"><\/div>\n\n\n\n<h3 class=\"wp-block-heading has-text-align-center\" id=\"rahatlama-ve-profesyonellik\">RAHATLAMA VE PROFESYONELL\u0130K<\/h3>\n\n\n\n<p class=\"has-text-align-center\">Amac\u0131m\u0131z, tedaviniz s\u0131ras\u0131nda kendinizi g\u00fcvende ve rahat hissetmenizdir. Enstit\u00fclerimizde yaln\u0131zca, sorular\u0131n\u0131z ve bireysel olarak uygun teknolojiniz hakk\u0131nda size tavsiyelerde bulunacak profesyonel uzmanlara g\u00fcveniyoruz. E\u015fsiz XENOgel\u00ae Teknolojisi sadece bizde var: Kristal jel tedavisi ile son teknoloji fotoepilasyon.<\/p>\n\n\n\n<div style=\"height:53px\" aria-hidden=\"true\" class=\"wp-block-spacer is-style-s20\"><\/div>\n\n\n<div class=\"wp-block-image\">\n<figure class=\"aligncenter size-full is-resized\"><img loading=\"lazy\" decoding=\"async\" src=\"https:\/\/www.haarfreiheit.net\/wp-content\/uploads\/2021\/10\/XENOgel-Technology-Logo-weiss.png\" alt=\"XENOgel Technology Logo beyaz\" class=\"wp-image-6370\" style=\"object-fit:contain;width:414px;height:108px\" width=\"414\" height=\"108\" srcset=\"https:\/\/www.haarfreiheit.net\/wp-content\/uploads\/2021\/10\/XENOgel-Technology-Logo-weiss.png 827w, https:\/\/www.haarfreiheit.net\/wp-content\/uploads\/2021\/10\/XENOgel-Technology-Logo-weiss-300x78.png 300w\" sizes=\"auto, (max-width: 414px) 100vw, 414px\" \/><\/figure>\n<\/div><\/div>\n<\/div>\n\n\n\n<div style=\"height:61px\" aria-hidden=\"true\" class=\"wp-block-spacer is-style-s50\"><\/div>\n<\/div><\/div>\n\n\n\n<div class=\"wp-block-cover\" style=\"min-height:100px;aspect-ratio:unset;\"><span aria-hidden=\"true\" class=\"wp-block-cover__background has-background-dim-0 has-background-dim\"><\/span><img loading=\"lazy\" decoding=\"async\" width=\"1980\" height=\"1185\" class=\"wp-block-cover__image-background wp-image-6073\" alt=\"Efektli g\u00f6r\u00fcnt\u00fc arka plan\u0131\" src=\"https:\/\/www.haarfreiheit.net\/wp-content\/uploads\/2021\/11\/BusinessMann-Banner.jpg\" data-object-fit=\"cover\" srcset=\"https:\/\/www.haarfreiheit.net\/wp-content\/uploads\/2021\/11\/BusinessMann-Banner.jpg 1980w, https:\/\/www.haarfreiheit.net\/wp-content\/uploads\/2021\/11\/BusinessMann-Banner-300x180.jpg 300w, https:\/\/www.haarfreiheit.net\/wp-content\/uploads\/2021\/11\/BusinessMann-Banner-1024x613.jpg 1024w, https:\/\/www.haarfreiheit.net\/wp-content\/uploads\/2021\/11\/BusinessMann-Banner-1536x919.jpg 1536w\" sizes=\"auto, (max-width: 1980px) 100vw, 1980px\" \/><div class=\"wp-block-cover__inner-container is-layout-flow wp-block-cover-is-layout-flow\">\n<div style=\"height:60px\" aria-hidden=\"true\" class=\"wp-block-spacer\"><\/div>\n\n\n\n<div class=\"wp-block-columns is-layout-flex wp-container-core-columns-is-layout-9d6595d7 wp-block-columns-is-layout-flex\">\n<div class=\"wp-block-column is-layout-flow wp-block-column-is-layout-flow\">\n<div class=\"wp-block-buttons is-horizontal is-content-justification-center is-layout-flex wp-container-core-buttons-is-layout-499968f5 wp-block-buttons-is-layout-flex\">\n<div class=\"wp-block-button\"><a class=\"wp-block-button__link wp-element-button\" href=\"\/tr\/kalici-epilasyon-erkek\/\">Genel bak\u0131\u015fa d\u00f6n<\/a><\/div>\n<\/div>\n<\/div>\n\n\n\n<div class=\"wp-block-column is-layout-flow wp-block-column-is-layout-flow\">\n<div class=\"wp-block-buttons is-horizontal is-content-justification-center is-layout-flex wp-container-core-buttons-is-layout-499968f5 wp-block-buttons-is-layout-flex\">\n<div class=\"wp-block-button\"><a class=\"wp-block-button__link has-black-color has-white-background-color has-text-color has-background wp-element-button\" href=\"\/tr\/randevu-al\/\">\u00dccretsiz bir dan\u0131\u015fma d\u00fczenleyin<\/a><\/div>\n<\/div>\n<\/div>\n<\/div>\n\n\n\n<div style=\"height:53px\" aria-hidden=\"true\" class=\"wp-block-spacer\"><\/div>\n<\/div><\/div>\n","protected":false},"excerpt":{"rendered":"<p>YEN\u0130 B\u0130R HAYATA ADIM ATIN Eller g\u00fcnl\u00fck hayat\u0131n odak noktas\u0131 oldu\u011fu i\u00e7in bak\u0131ml\u0131 eller ve kollar konusu pek \u00e7ok erke\u011fe yabanc\u0131 de\u011fil. Ancak \u00f6zellikle erkeklerde bu b\u00f6lgelerde s\u0131kl\u0131kla a\u015f\u0131r\u0131 t\u00fcylenme meydana gelebilir. Baz\u0131lar\u0131 i\u00e7in \u00e7ok k\u0131ll\u0131 eller bak\u0131ms\u0131z ve \u00e7ekici g\u00f6r\u00fcnmemektedir. Bu nedenle s\u00f6zl\u00fc olmayan ileti\u015fim ara\u00e7lar\u0131n\u0131z\u0131 ihmal etmemeli ve geli\u015fmi\u015f XENOgel\u00ae y\u00f6ntemimiz ile tedaviyi <a href=\"https:\/\/www.haarfreiheit.net\/tr\/kalici-epilasyon-erkek-eller-ve-kollar\/\" class=\"more-link\">&#8230;<\/a><\/p>\n","protected":false},"author":1,"featured_media":0,"parent":0,"menu_order":0,"comment_status":"closed","ping_status":"closed","template":"","meta":{"footnotes":""},"class_list":["post-6016","page","type-page","status-publish","hentry"],"yoast_head":"<!-- This site is optimized with the Yoast SEO plugin v27.1.1 - https:\/\/yoast.com\/product\/yoast-seo-wordpress\/ -->\n<title>Kal\u0131c\u0131 Epilasyon Erkekler - Kollar ve Eller<\/title>\n<meta name=\"description\" content=\"Kollarda ve ellerde a\u015f\u0131r\u0131 sa\u00e7 b\u00fcy\u00fcmesi \u00f6zellikle erkeklerde yayg\u0131nd\u0131r. \u00c7\u00f6z\u00fcm kal\u0131c\u0131 epilasyondur*.\" \/>\n<meta name=\"robots\" content=\"index, follow, max-snippet:-1, max-image-preview:large, max-video-preview:-1\" \/>\n<link rel=\"canonical\" href=\"https:\/\/www.haarfreiheit.net\/tr\/kalici-epilasyon-erkek-eller-ve-kollar\/\" \/>\n<meta property=\"og:locale\" content=\"tr_TR\" \/>\n<meta property=\"og:type\" content=\"article\" \/>\n<meta property=\"og:title\" content=\"Kal\u0131c\u0131 Epilasyon Erkekler - Kollar ve Eller\" \/>\n<meta property=\"og:description\" content=\"Kollarda ve ellerde a\u015f\u0131r\u0131 sa\u00e7 b\u00fcy\u00fcmesi \u00f6zellikle erkeklerde yayg\u0131nd\u0131r. \u00c7\u00f6z\u00fcm kal\u0131c\u0131 epilasyondur*.\" \/>\n<meta property=\"og:url\" content=\"https:\/\/www.haarfreiheit.net\/tr\/kalici-epilasyon-erkek-eller-ve-kollar\/\" \/>\n<meta property=\"og:site_name\" content=\"Haarfreiheit\" \/>\n<meta property=\"article:modified_time\" content=\"2023-09-26T13:29:20+00:00\" \/>\n<meta property=\"og:image\" content=\"https:\/\/www.haarfreiheit.net\/wp-content\/uploads\/2021\/11\/Bannerbild-Arm-und-Hand.jpg\" \/>\n<meta name=\"twitter:card\" content=\"summary_large_image\" \/>\n<meta name=\"twitter:label1\" content=\"Tahmini okuma s\u00fcresi\" \/>\n\t<meta name=\"twitter:data1\" content=\"4 dakika\" \/>\n<script type=\"application\/ld+json\" class=\"yoast-schema-graph\">{\"@context\":\"https:\/\/schema.org\",\"@graph\":[{\"@type\":\"WebPage\",\"@id\":\"https:\/\/www.haarfreiheit.net\/tr\/kalici-epilasyon-erkek-eller-ve-kollar\/\",\"url\":\"https:\/\/www.haarfreiheit.net\/tr\/kalici-epilasyon-erkek-eller-ve-kollar\/\",\"name\":\"Kal\u0131c\u0131 Epilasyon Erkekler - Kollar ve Eller\",\"isPartOf\":{\"@id\":\"https:\/\/www.haarfreiheit.net\/tr\/#website\"},\"primaryImageOfPage\":{\"@id\":\"https:\/\/www.haarfreiheit.net\/tr\/kalici-epilasyon-erkek-eller-ve-kollar\/#primaryimage\"},\"image\":{\"@id\":\"https:\/\/www.haarfreiheit.net\/tr\/kalici-epilasyon-erkek-eller-ve-kollar\/#primaryimage\"},\"thumbnailUrl\":\"https:\/\/www.haarfreiheit.net\/wp-content\/uploads\/2021\/11\/Bannerbild-Arm-und-Hand.jpg\",\"datePublished\":\"2021-08-05T11:33:25+00:00\",\"dateModified\":\"2023-09-26T13:29:20+00:00\",\"description\":\"Kollarda ve ellerde a\u015f\u0131r\u0131 sa\u00e7 b\u00fcy\u00fcmesi \u00f6zellikle erkeklerde yayg\u0131nd\u0131r. \u00c7\u00f6z\u00fcm kal\u0131c\u0131 epilasyondur*.\",\"breadcrumb\":{\"@id\":\"https:\/\/www.haarfreiheit.net\/tr\/kalici-epilasyon-erkek-eller-ve-kollar\/#breadcrumb\"},\"inLanguage\":\"tr\",\"potentialAction\":[{\"@type\":\"ReadAction\",\"target\":[\"https:\/\/www.haarfreiheit.net\/tr\/kalici-epilasyon-erkek-eller-ve-kollar\/\"]}]},{\"@type\":\"ImageObject\",\"inLanguage\":\"tr\",\"@id\":\"https:\/\/www.haarfreiheit.net\/tr\/kalici-epilasyon-erkek-eller-ve-kollar\/#primaryimage\",\"url\":\"https:\/\/www.haarfreiheit.net\/wp-content\/uploads\/2021\/11\/Bannerbild-Arm-und-Hand.jpg\",\"contentUrl\":\"https:\/\/www.haarfreiheit.net\/wp-content\/uploads\/2021\/11\/Bannerbild-Arm-und-Hand.jpg\"},{\"@type\":\"BreadcrumbList\",\"@id\":\"https:\/\/www.haarfreiheit.net\/tr\/kalici-epilasyon-erkek-eller-ve-kollar\/#breadcrumb\",\"itemListElement\":[{\"@type\":\"ListItem\",\"position\":1,\"name\":\"Startseite\",\"item\":\"https:\/\/www.haarfreiheit.net\/tr\/\"},{\"@type\":\"ListItem\",\"position\":2,\"name\":\"kal\u0131c\u0131 epilasyon bay | eller ve kollar\"}]},{\"@type\":\"WebSite\",\"@id\":\"https:\/\/www.haarfreiheit.net\/tr\/#website\",\"url\":\"https:\/\/www.haarfreiheit.net\/tr\/\",\"name\":\"Haarfreiheit\",\"description\":\"Dauerhafte Haarentfernung beim Experten\",\"potentialAction\":[{\"@type\":\"SearchAction\",\"target\":{\"@type\":\"EntryPoint\",\"urlTemplate\":\"https:\/\/www.haarfreiheit.net\/tr\/?s={search_term_string}\"},\"query-input\":{\"@type\":\"PropertyValueSpecification\",\"valueRequired\":true,\"valueName\":\"search_term_string\"}}],\"inLanguage\":\"tr\"}]}<\/script>\n<!-- \/ Yoast SEO plugin. -->","yoast_head_json":{"title":"Kal\u0131c\u0131 Epilasyon Erkekler - Kollar ve Eller","description":"Kollarda ve ellerde a\u015f\u0131r\u0131 sa\u00e7 b\u00fcy\u00fcmesi \u00f6zellikle erkeklerde yayg\u0131nd\u0131r. \u00c7\u00f6z\u00fcm kal\u0131c\u0131 epilasyondur*.","robots":{"index":"index","follow":"follow","max-snippet":"max-snippet:-1","max-image-preview":"max-image-preview:large","max-video-preview":"max-video-preview:-1"},"canonical":"https:\/\/www.haarfreiheit.net\/tr\/kalici-epilasyon-erkek-eller-ve-kollar\/","og_locale":"tr_TR","og_type":"article","og_title":"Kal\u0131c\u0131 Epilasyon Erkekler - Kollar ve Eller","og_description":"Kollarda ve ellerde a\u015f\u0131r\u0131 sa\u00e7 b\u00fcy\u00fcmesi \u00f6zellikle erkeklerde yayg\u0131nd\u0131r. \u00c7\u00f6z\u00fcm kal\u0131c\u0131 epilasyondur*.","og_url":"https:\/\/www.haarfreiheit.net\/tr\/kalici-epilasyon-erkek-eller-ve-kollar\/","og_site_name":"Haarfreiheit","article_modified_time":"2023-09-26T13:29:20+00:00","og_image":[{"url":"https:\/\/www.haarfreiheit.net\/wp-content\/uploads\/2021\/11\/Bannerbild-Arm-und-Hand.jpg","type":"","width":"","height":""}],"twitter_card":"summary_large_image","twitter_misc":{"Tahmini okuma s\u00fcresi":"4 dakika"},"schema":{"@context":"https:\/\/schema.org","@graph":[{"@type":"WebPage","@id":"https:\/\/www.haarfreiheit.net\/tr\/kalici-epilasyon-erkek-eller-ve-kollar\/","url":"https:\/\/www.haarfreiheit.net\/tr\/kalici-epilasyon-erkek-eller-ve-kollar\/","name":"Kal\u0131c\u0131 Epilasyon Erkekler - Kollar ve Eller","isPartOf":{"@id":"https:\/\/www.haarfreiheit.net\/tr\/#website"},"primaryImageOfPage":{"@id":"https:\/\/www.haarfreiheit.net\/tr\/kalici-epilasyon-erkek-eller-ve-kollar\/#primaryimage"},"image":{"@id":"https:\/\/www.haarfreiheit.net\/tr\/kalici-epilasyon-erkek-eller-ve-kollar\/#primaryimage"},"thumbnailUrl":"https:\/\/www.haarfreiheit.net\/wp-content\/uploads\/2021\/11\/Bannerbild-Arm-und-Hand.jpg","datePublished":"2021-08-05T11:33:25+00:00","dateModified":"2023-09-26T13:29:20+00:00","description":"Kollarda ve ellerde a\u015f\u0131r\u0131 sa\u00e7 b\u00fcy\u00fcmesi \u00f6zellikle erkeklerde yayg\u0131nd\u0131r. \u00c7\u00f6z\u00fcm kal\u0131c\u0131 epilasyondur*.","breadcrumb":{"@id":"https:\/\/www.haarfreiheit.net\/tr\/kalici-epilasyon-erkek-eller-ve-kollar\/#breadcrumb"},"inLanguage":"tr","potentialAction":[{"@type":"ReadAction","target":["https:\/\/www.haarfreiheit.net\/tr\/kalici-epilasyon-erkek-eller-ve-kollar\/"]}]},{"@type":"ImageObject","inLanguage":"tr","@id":"https:\/\/www.haarfreiheit.net\/tr\/kalici-epilasyon-erkek-eller-ve-kollar\/#primaryimage","url":"https:\/\/www.haarfreiheit.net\/wp-content\/uploads\/2021\/11\/Bannerbild-Arm-und-Hand.jpg","contentUrl":"https:\/\/www.haarfreiheit.net\/wp-content\/uploads\/2021\/11\/Bannerbild-Arm-und-Hand.jpg"},{"@type":"BreadcrumbList","@id":"https:\/\/www.haarfreiheit.net\/tr\/kalici-epilasyon-erkek-eller-ve-kollar\/#breadcrumb","itemListElement":[{"@type":"ListItem","position":1,"name":"Startseite","item":"https:\/\/www.haarfreiheit.net\/tr\/"},{"@type":"ListItem","position":2,"name":"kal\u0131c\u0131 epilasyon bay | eller ve kollar"}]},{"@type":"WebSite","@id":"https:\/\/www.haarfreiheit.net\/tr\/#website","url":"https:\/\/www.haarfreiheit.net\/tr\/","name":"Haarfreiheit","description":"Dauerhafte Haarentfernung beim Experten","potentialAction":[{"@type":"SearchAction","target":{"@type":"EntryPoint","urlTemplate":"https:\/\/www.haarfreiheit.net\/tr\/?s={search_term_string}"},"query-input":{"@type":"PropertyValueSpecification","valueRequired":true,"valueName":"search_term_string"}}],"inLanguage":"tr"}]}},"_links":{"self":[{"href":"https:\/\/www.haarfreiheit.net\/tr\/wp-json\/wp\/v2\/pages\/6016","targetHints":{"allow":["GET"]}}],"collection":[{"href":"https:\/\/www.haarfreiheit.net\/tr\/wp-json\/wp\/v2\/pages"}],"about":[{"href":"https:\/\/www.haarfreiheit.net\/tr\/wp-json\/wp\/v2\/types\/page"}],"author":[{"embeddable":true,"href":"https:\/\/www.haarfreiheit.net\/tr\/wp-json\/wp\/v2\/users\/1"}],"replies":[{"embeddable":true,"href":"https:\/\/www.haarfreiheit.net\/tr\/wp-json\/wp\/v2\/comments?post=6016"}],"version-history":[{"count":9,"href":"https:\/\/www.haarfreiheit.net\/tr\/wp-json\/wp\/v2\/pages\/6016\/revisions"}],"predecessor-version":[{"id":20891,"href":"https:\/\/www.haarfreiheit.net\/tr\/wp-json\/wp\/v2\/pages\/6016\/revisions\/20891"}],"wp:attachment":[{"href":"https:\/\/www.haarfreiheit.net\/tr\/wp-json\/wp\/v2\/media?parent=6016"}],"curies":[{"name":"wp","href":"https:\/\/api.w.org\/{rel}","templated":true}]}}