{"id":6060,"date":"2021-08-06T08:48:43","date_gmt":"2021-08-06T06:48:43","guid":{"rendered":"https:\/\/www.haarfreiheit.net\/haarentfernung-maenner-gesaess-pofalte\/"},"modified":"2023-09-27T10:23:01","modified_gmt":"2023-09-27T08:23:01","slug":"kalici-epilasyon-erkek-kalcalar","status":"publish","type":"page","link":"https:\/\/www.haarfreiheit.net\/tr\/kalici-epilasyon-erkek-kalcalar\/","title":{"rendered":"kalici epilasyon bay | kalcalar"},"content":{"rendered":"\n<div class=\"wp-block-cover is-light\" style=\"min-height:250px;aspect-ratio:unset;\"><span aria-hidden=\"true\" class=\"wp-block-cover__background has-background-dim-20 has-background-dim\" style=\"background-color:#814747\"><\/span><img loading=\"lazy\" decoding=\"async\" width=\"1980\" height=\"1185\" class=\"wp-block-cover__image-background wp-image-3565\" alt=\"Efektli g\u00f6r\u00fcnt\u00fc arka plan\u0131\" src=\"https:\/\/www.haarfreiheit.net\/wp-content\/uploads\/2021\/11\/happy-couple-HIntergrundbild.jpg\" style=\"object-position:75% 25%\" data-object-fit=\"cover\" data-object-position=\"75% 25%\" srcset=\"https:\/\/www.haarfreiheit.net\/wp-content\/uploads\/2021\/11\/happy-couple-HIntergrundbild.jpg 1980w, https:\/\/www.haarfreiheit.net\/wp-content\/uploads\/2021\/11\/happy-couple-HIntergrundbild-300x180.jpg 300w, https:\/\/www.haarfreiheit.net\/wp-content\/uploads\/2021\/11\/happy-couple-HIntergrundbild-1024x613.jpg 1024w, https:\/\/www.haarfreiheit.net\/wp-content\/uploads\/2021\/11\/happy-couple-HIntergrundbild-1536x919.jpg 1536w\" sizes=\"auto, (max-width: 1980px) 100vw, 1980px\" \/><div class=\"wp-block-cover__inner-container is-layout-flow wp-block-cover-is-layout-flow\">\n<div style=\"height:66px\" aria-hidden=\"true\" class=\"wp-block-spacer\"><\/div>\n\n\n\n<div class=\"wp-block-columns is-layout-flex wp-container-core-columns-is-layout-9d6595d7 wp-block-columns-is-layout-flex\">\n<div class=\"wp-block-column is-vertically-aligned-center is-layout-flow wp-block-column-is-layout-flow\" style=\"flex-basis:27%\"><div class=\"wp-block-image\">\n<figure class=\"aligncenter size-full is-resized\"><img loading=\"lazy\" decoding=\"async\" src=\"https:\/\/www.haarfreiheit.net\/wp-content\/uploads\/2021\/11\/Wabe-Mann-Pofalte.png\" alt=\"Foto\u011fraf Popo Adam\" class=\"wp-image-6000\" style=\"object-fit:contain;width:339px;height:317px\" width=\"339\" height=\"317\" srcset=\"https:\/\/www.haarfreiheit.net\/wp-content\/uploads\/2021\/11\/Wabe-Mann-Pofalte.png 400w, https:\/\/www.haarfreiheit.net\/wp-content\/uploads\/2021\/11\/Wabe-Mann-Pofalte-300x281.png 300w\" sizes=\"auto, (max-width: 339px) 100vw, 339px\" \/><\/figure>\n<\/div><\/div>\n\n\n\n<div class=\"wp-block-column is-vertically-aligned-center is-layout-flow wp-block-column-is-layout-flow\" style=\"flex-basis:55%\">\n<h1 class=\"wp-block-heading has-text-align-center has-white-color has-text-color\" id=\"kalcalar\"><strong>KALCALAR<\/strong><\/h1>\n\n\n\n<div style=\"height:25px\" aria-hidden=\"true\" class=\"wp-block-spacer\"><\/div>\n\n\n<div class=\"wp-block-image\">\n<figure class=\"aligncenter size-large is-resized\"><img loading=\"lazy\" decoding=\"async\" src=\"https:\/\/www.haarfreiheit.net\/wp-content\/uploads\/2021\/11\/Banner-Maennlichkeitszeichen-Trenner-1024x201.png\" alt=\"\u00c7izgi Grafikleri B\u00f6lme\" class=\"wp-image-7197\" style=\"width:576px;height:113px\" width=\"576\" height=\"113\" srcset=\"https:\/\/www.haarfreiheit.net\/wp-content\/uploads\/2021\/11\/Banner-Maennlichkeitszeichen-Trenner-1024x201.png 1024w, https:\/\/www.haarfreiheit.net\/wp-content\/uploads\/2021\/11\/Banner-Maennlichkeitszeichen-Trenner-300x59.png 300w, https:\/\/www.haarfreiheit.net\/wp-content\/uploads\/2021\/11\/Banner-Maennlichkeitszeichen-Trenner.png 1140w\" sizes=\"auto, (max-width: 576px) 100vw, 576px\" \/><\/figure>\n<\/div>\n\n\n<div style=\"height:26px\" aria-hidden=\"true\" class=\"wp-block-spacer\"><\/div>\n\n\n\n<h2 class=\"wp-block-heading has-text-align-center has-text-color\" id=\"vucut-bolgeleri-bay\" style=\"color:#4d4235\">V\u00fccut b\u00f6lgeleri Bay<\/h2>\n\n\n\n<div style=\"height:42px\" aria-hidden=\"true\" class=\"wp-block-spacer\"><\/div>\n\n\n\n<div class=\"wp-block-buttons is-horizontal is-content-justification-center is-layout-flex wp-container-core-buttons-is-layout-499968f5 wp-block-buttons-is-layout-flex\">\n<div class=\"wp-block-button\"><a class=\"wp-block-button__link has-white-color has-text-color has-background wp-element-button\" href=\"\/tr\/randevu-al\/\" style=\"background-color:#6c5047\">\u00dccretsiz bir dan\u0131\u015fma d\u00fczenleyin<\/a><\/div>\n<\/div>\n<\/div>\n<\/div>\n\n\n\n<div style=\"height:62px\" aria-hidden=\"true\" class=\"wp-block-spacer\"><\/div>\n<\/div><\/div>\n\n\n\n<div style=\"height:82px\" aria-hidden=\"true\" class=\"wp-block-spacer is-style-s50\"><\/div>\n\n\n\n<div class=\"wp-block-columns is-layout-flex wp-container-core-columns-is-layout-9d6595d7 wp-block-columns-is-layout-flex\">\n<div class=\"wp-block-column is-vertically-aligned-center is-layout-flow wp-block-column-is-layout-flow\">\n<h4 class=\"wp-block-heading\" id=\"sexappeal\" style=\"font-size:30px\"><strong><strong>SEXAPPEAL<\/strong><\/strong><\/h4>\n\n\n\n<p>Adam\u0131n poposu, v\u00fccudun \u00f6zellikle seksi oldu\u011fu d\u00fc\u015f\u00fcn\u00fclen k\u0131s\u0131mlar\u0131ndan biridir. Bu nedenle v\u00fccudun bu k\u0131sm\u0131 giderek daha fazla dikkat \u00e7ekiyor. \u0130stenmeyen t\u00fcylerin poponuzdan odaklanmas\u0131na izin vermeyin ve \u00f6zg\u00fcveninizi koruyun.<\/p>\n\n\n\n<p>Kal\u00e7alar\u0131n\u0131z\u0131n g\u00f6r\u00fcn\u00fcm\u00fcne de de\u011fer veriyorsan\u0131z, muhtemelen hangi epilasyon y\u00f6nteminin en iyi oldu\u011funu merak ediyorsunuzdur.<\/p>\n\n\n\n<div style=\"height:66px\" aria-hidden=\"true\" class=\"wp-block-spacer\"><\/div>\n<\/div>\n\n\n\n<div class=\"wp-block-column is-vertically-aligned-center is-layout-flow wp-block-column-is-layout-flow\"><div class=\"wp-block-image\">\n<figure class=\"aligncenter size-full is-resized\"><img loading=\"lazy\" decoding=\"async\" src=\"https:\/\/www.haarfreiheit.net\/wp-content\/uploads\/2021\/07\/Sauberer-Po.jpg\" alt=\"Foto\u011fraf du\u015f adam etkili bir \u015fekilde filtrelenmi\u015f\" class=\"wp-image-238\" style=\"object-fit:contain;width:547px;height:538px\" width=\"547\" height=\"538\" srcset=\"https:\/\/www.haarfreiheit.net\/wp-content\/uploads\/2021\/07\/Sauberer-Po.jpg 1016w, https:\/\/www.haarfreiheit.net\/wp-content\/uploads\/2021\/07\/Sauberer-Po-300x295.jpg 300w\" sizes=\"auto, (max-width: 547px) 100vw, 547px\" \/><\/figure>\n<\/div><\/div>\n<\/div>\n\n\n\n<div class=\"wp-block-columns is-layout-flex wp-container-core-columns-is-layout-9d6595d7 wp-block-columns-is-layout-flex\">\n<div class=\"wp-block-column is-layout-flow wp-block-column-is-layout-flow\"><div class=\"wp-block-image\">\n<figure class=\"aligncenter size-large is-resized\"><img loading=\"lazy\" decoding=\"async\" src=\"https:\/\/www.haarfreiheit.net\/wp-content\/uploads\/2021\/11\/Banner-Maennlichkeitszeichen-Trenner-1024x201.png\" alt=\"\u00c7izgi Grafikleri B\u00f6lme\" class=\"wp-image-7197\" style=\"object-fit:contain;width:700px;height:138px\" width=\"700\" height=\"138\" srcset=\"https:\/\/www.haarfreiheit.net\/wp-content\/uploads\/2021\/11\/Banner-Maennlichkeitszeichen-Trenner-1024x201.png 1024w, https:\/\/www.haarfreiheit.net\/wp-content\/uploads\/2021\/11\/Banner-Maennlichkeitszeichen-Trenner-300x59.png 300w, https:\/\/www.haarfreiheit.net\/wp-content\/uploads\/2021\/11\/Banner-Maennlichkeitszeichen-Trenner.png 1140w\" sizes=\"auto, (max-width: 700px) 100vw, 700px\" \/><\/figure>\n<\/div><\/div>\n<\/div>\n\n\n\n<div style=\"height:45px\" aria-hidden=\"true\" class=\"wp-block-spacer is-style-s50\"><\/div>\n\n\n\n<div class=\"wp-block-columns is-layout-flex wp-container-core-columns-is-layout-9d6595d7 wp-block-columns-is-layout-flex\">\n<div class=\"wp-block-column is-layout-flow wp-block-column-is-layout-flow\">\n<h3 class=\"wp-block-heading has-text-align-center\" id=\"aciya-elveda-deyin\"><strong><strong>ACIYA ELVEDA DEYIN<\/strong><\/strong><\/h3>\n\n\n\n<p>Kal\u00e7alar\u0131n\u0131zdaki t\u00fcyleri alman\u0131n bir\u00e7ok yolu vard\u0131r. Ancak neredeyse hi\u00e7bir i\u015flem a\u011fr\u0131s\u0131z veya kal\u0131c\u0131 de\u011fildir*. T\u0131ra\u015f ile sonu\u00e7 \u00e7ok uzun s\u00fcrmez ve cilt tahri\u015fleri de ortaya \u00e7\u0131kabilir. B\u00fcy\u00fcyen sa\u00e7lar b\u00fcy\u00fck a\u011fr\u0131lara neden olur. Her iki y\u00f6ntem de optimal de\u011fildir, ancak so\u011fuk \u0131\u015f\u0131kla epilasyon i\u015flemimiz size a\u011fr\u0131s\u0131z ve uzun s\u00fcreli bir tedavi vaat etmektedir.<\/p>\n\n\n\n<div style=\"height:66px\" aria-hidden=\"true\" class=\"wp-block-spacer\"><\/div>\n<\/div>\n\n\n\n<div class=\"wp-block-column is-layout-flow wp-block-column-is-layout-flow\">\n<h3 class=\"wp-block-heading has-text-align-center\" id=\"hedefe-bir-kac-adimda\"><strong><strong>HEDEFE BIR KAC ADIMDA<\/strong><\/strong><\/h3>\n\n\n\n<p>Enstit\u00fclerimizin donatt\u0131\u011f\u0131 modern teknoloji sayesinde size etkili ve ac\u0131s\u0131z tedavi sunabiliyoruz. Yenilik\u00e7i SHR y\u00f6ntemimiz veya diyot lazer ile sadece birka\u00e7 seans gereklidir. Geleneksel epilasyon y\u00f6ntemlerini unutun ve en son teknolojiye g\u00fcvenin.<\/p>\n<\/div>\n<\/div>\n\n\n\n<div style=\"height:74px\" aria-hidden=\"true\" class=\"wp-block-spacer is-style-s50\"><\/div>\n\n\n\n<div class=\"wp-block-cover\"><span aria-hidden=\"true\" class=\"wp-block-cover__background has-black-background-color has-background-dim-40 has-background-dim\"><\/span><img loading=\"lazy\" decoding=\"async\" width=\"1980\" height=\"1417\" class=\"wp-block-cover__image-background wp-image-6004\" alt=\"Efektli g\u00f6r\u00fcnt\u00fc arka plan\u0131\" src=\"https:\/\/www.haarfreiheit.net\/wp-content\/uploads\/2021\/11\/Petrol-BG.jpg\" style=\"object-position:0% 100%\" data-object-fit=\"cover\" data-object-position=\"0% 100%\" srcset=\"https:\/\/www.haarfreiheit.net\/wp-content\/uploads\/2021\/11\/Petrol-BG.jpg 1980w, https:\/\/www.haarfreiheit.net\/wp-content\/uploads\/2021\/11\/Petrol-BG-300x215.jpg 300w, https:\/\/www.haarfreiheit.net\/wp-content\/uploads\/2021\/11\/Petrol-BG-1024x733.jpg 1024w, https:\/\/www.haarfreiheit.net\/wp-content\/uploads\/2021\/11\/Petrol-BG-1536x1099.jpg 1536w\" sizes=\"auto, (max-width: 1980px) 100vw, 1980px\" \/><div class=\"wp-block-cover__inner-container is-layout-flow wp-block-cover-is-layout-flow\">\n<div style=\"height:25px\" aria-hidden=\"true\" class=\"wp-block-spacer is-style-s50\"><\/div>\n\n\n\n<div class=\"wp-block-columns is-layout-flex wp-container-core-columns-is-layout-9d6595d7 wp-block-columns-is-layout-flex\">\n<div class=\"wp-block-column is-vertically-aligned-center is-layout-flow wp-block-column-is-layout-flow\"><div class=\"wp-block-image\">\n<figure class=\"aligncenter size-full is-resized\"><img loading=\"lazy\" decoding=\"async\" src=\"https:\/\/www.haarfreiheit.net\/wp-content\/uploads\/2021\/11\/Man-Po.png\" alt=\"Foto\u011fraf\u0131n arkas\u0131ndan \u00e7\u0131plak adam\" class=\"wp-image-6061\" style=\"object-fit:contain;width:445px;height:365px\" width=\"445\" height=\"365\" srcset=\"https:\/\/www.haarfreiheit.net\/wp-content\/uploads\/2021\/11\/Man-Po.png 465w, https:\/\/www.haarfreiheit.net\/wp-content\/uploads\/2021\/11\/Man-Po-300x246.png 300w\" sizes=\"auto, (max-width: 445px) 100vw, 445px\" \/><\/figure>\n<\/div><\/div>\n\n\n\n<div class=\"wp-block-column is-vertically-aligned-center is-layout-flow wp-block-column-is-layout-flow\">\n<div style=\"height:12px\" aria-hidden=\"true\" class=\"wp-block-spacer\"><\/div>\n\n\n\n<h3 class=\"wp-block-heading\" id=\"sadece-bir-estetik-sorunu-degil\"><strong><strong>SADECE B\u0130R ESTET\u0130K SORUNU DE\u011e\u0130L<\/strong><\/strong><\/h3>\n\n\n\n<p>Elbette popo b\u00f6lgesinin ve popo b\u00f6lgesinin \u00e7ok \u00f6zel ve hassas oldu\u011funu biliyoruz. \u00c7ok fazla sa\u00e7a sahip olmak, bu b\u00f6lgeyi g\u00f6stermek i\u00e7in daha b\u00fcy\u00fck bir utan\u00e7 duygusuna yol a\u00e7abilir. Bu utan\u00e7 duygusunu \u00fczerinizden al\u0131p size yeni bir \u00f6zg\u00fcven kazand\u0131rmak istiyoruz.<\/p>\n\n\n\n<div style=\"height:53px\" aria-hidden=\"true\" class=\"wp-block-spacer\"><\/div>\n<\/div>\n<\/div>\n\n\n\n<div style=\"height:61px\" aria-hidden=\"true\" class=\"wp-block-spacer is-style-s50\"><\/div>\n<\/div><\/div>\n\n\n\n<div style=\"height:100px\" aria-hidden=\"true\" class=\"wp-block-spacer is-style-s50\"><\/div>\n\n\n\n<div class=\"wp-block-columns is-layout-flex wp-container-core-columns-is-layout-9d6595d7 wp-block-columns-is-layout-flex\">\n<div class=\"wp-block-column is-layout-flow wp-block-column-is-layout-flow\">\n<h3 class=\"wp-block-heading has-text-align-center\" id=\"hijyen-cabalarini-azaltin\"><strong><strong><strong>H\u0130JYEN \u00c7ABALARINI AZALTIN<\/strong><\/strong><\/strong><\/h3>\n\n\n\n<p>V\u00fccudun bu k\u0131sm\u0131 son derece hassas oldu\u011fu i\u00e7in epilasyon t\u00fcr\u00fcn\u00fc dikkatli bir \u015fekilde se\u00e7melisiniz. \u00c7\u00fcnk\u00fc saf esteti\u011fin yan\u0131 s\u0131ra kal\u0131c\u0131 epilasyon* hijyen a\u00e7\u0131s\u0131ndan da avantajlar sa\u011flayabilir. Rahats\u0131z edici ve istenmeyen t\u00fcyler olmadan, ne ter ne de kir par\u00e7ac\u0131klar\u0131 orada birikmez ve her g\u00fcn hijyenik olarak taze hissedebilirsiniz.<\/p>\n\n\n\n<div style=\"height:30px\" aria-hidden=\"true\" class=\"wp-block-spacer\"><\/div>\n<\/div>\n\n\n\n<div class=\"wp-block-column is-layout-flow wp-block-column-is-layout-flow\">\n<h3 class=\"wp-block-heading has-text-align-center has-black-color has-text-color\" id=\"sadece-sizin-icin-en-iyisi\"><strong><strong><strong>SADECE S\u0130Z\u0130N \u0130\u00c7\u0130N EN \u0130Y\u0130S\u0130<\/strong><\/strong><\/strong><\/h3>\n\n\n\n<p>T\u00fcm enstit\u00fclerimizde e\u011fitimli ve profesyonel kadromuz taraf\u0131ndan s\u0131cak bir \u015fekilde kar\u015f\u0131lanacaks\u0131n\u0131z. Enstit\u00fclerimizde kendinizi her zaman rahat ve g\u00fcvende hissetmeniz \u00f6nceli\u011fimizdir. \u00d6zellikle v\u00fccudun daha mahrem b\u00f6lgelerini tedavi ederken dikkatli davranaca\u011f\u0131m\u0131za sizi temin ederiz. Konaklaman\u0131z boyunca kendinizi rahat hissetmenizi istiyoruz.<\/p>\n<\/div>\n<\/div>\n\n\n\n<div style=\"height:45px\" aria-hidden=\"true\" class=\"wp-block-spacer is-style-s50\"><\/div>\n\n\n\n<div class=\"wp-block-cover\" style=\"min-height:100px;aspect-ratio:unset;\"><span aria-hidden=\"true\" class=\"wp-block-cover__background has-background-dim-0 has-background-dim\"><\/span><img loading=\"lazy\" decoding=\"async\" width=\"1980\" height=\"1185\" class=\"wp-block-cover__image-background wp-image-3720\" alt=\"Foto\u011fraf \u00e7ekici adam arka plan g\u00f6r\u00fcnt\u00fcs\u00fc\" src=\"https:\/\/www.haarfreiheit.net\/wp-content\/uploads\/2021\/11\/BusinessMann-Banner.jpg\" data-object-fit=\"cover\" srcset=\"https:\/\/www.haarfreiheit.net\/wp-content\/uploads\/2021\/11\/BusinessMann-Banner.jpg 1980w, https:\/\/www.haarfreiheit.net\/wp-content\/uploads\/2021\/11\/BusinessMann-Banner-300x180.jpg 300w, https:\/\/www.haarfreiheit.net\/wp-content\/uploads\/2021\/11\/BusinessMann-Banner-1024x613.jpg 1024w, https:\/\/www.haarfreiheit.net\/wp-content\/uploads\/2021\/11\/BusinessMann-Banner-1536x919.jpg 1536w\" sizes=\"auto, (max-width: 1980px) 100vw, 1980px\" \/><div class=\"wp-block-cover__inner-container is-layout-flow wp-block-cover-is-layout-flow\">\n<div style=\"height:60px\" aria-hidden=\"true\" class=\"wp-block-spacer\"><\/div>\n\n\n\n<div class=\"wp-block-columns is-layout-flex wp-container-core-columns-is-layout-9d6595d7 wp-block-columns-is-layout-flex\">\n<div class=\"wp-block-column is-layout-flow wp-block-column-is-layout-flow\">\n<div class=\"wp-block-buttons is-horizontal is-content-justification-center is-layout-flex wp-container-core-buttons-is-layout-499968f5 wp-block-buttons-is-layout-flex\">\n<div class=\"wp-block-button\"><a class=\"wp-block-button__link wp-element-button\" href=\"\/tr\/kalici-epilasyon-erkek\/\">Genel bak\u0131\u015fa d\u00f6n<\/a><\/div>\n<\/div>\n<\/div>\n\n\n\n<div class=\"wp-block-column is-layout-flow wp-block-column-is-layout-flow\">\n<div class=\"wp-block-buttons is-horizontal is-content-justification-center is-layout-flex wp-container-core-buttons-is-layout-499968f5 wp-block-buttons-is-layout-flex\">\n<div class=\"wp-block-button\"><a class=\"wp-block-button__link has-black-color has-white-background-color has-text-color has-background wp-element-button\" href=\"\/tr\/randevu-al\/\">\u00dccretsiz bir dan\u0131\u015fma d\u00fczenleyin<\/a><\/div>\n<\/div>\n<\/div>\n<\/div>\n\n\n\n<div style=\"height:53px\" aria-hidden=\"true\" class=\"wp-block-spacer\"><\/div>\n<\/div><\/div>\n","protected":false},"excerpt":{"rendered":"<p>SEXAPPEAL Adam\u0131n poposu, v\u00fccudun \u00f6zellikle seksi oldu\u011fu d\u00fc\u015f\u00fcn\u00fclen k\u0131s\u0131mlar\u0131ndan biridir. Bu nedenle v\u00fccudun bu k\u0131sm\u0131 giderek daha fazla dikkat \u00e7ekiyor. \u0130stenmeyen t\u00fcylerin poponuzdan odaklanmas\u0131na izin vermeyin ve \u00f6zg\u00fcveninizi koruyun. Kal\u00e7alar\u0131n\u0131z\u0131n g\u00f6r\u00fcn\u00fcm\u00fcne de de\u011fer veriyorsan\u0131z, muhtemelen hangi epilasyon y\u00f6nteminin en iyi oldu\u011funu merak ediyorsunuzdur. ACIYA ELVEDA DEYIN Kal\u00e7alar\u0131n\u0131zdaki t\u00fcyleri alman\u0131n bir\u00e7ok yolu vard\u0131r. Ancak neredeyse hi\u00e7bir <a href=\"https:\/\/www.haarfreiheit.net\/tr\/kalici-epilasyon-erkek-kalcalar\/\" class=\"more-link\">&#8230;<\/a><\/p>\n","protected":false},"author":1,"featured_media":0,"parent":0,"menu_order":0,"comment_status":"closed","ping_status":"closed","template":"","meta":{"footnotes":""},"class_list":["post-6060","page","type-page","status-publish","hentry"],"yoast_head":"<!-- This site is optimized with the Yoast SEO plugin v27.1.1 - https:\/\/yoast.com\/product\/yoast-seo-wordpress\/ -->\n<title>Kal\u0131c\u0131 epilasyon erkek kal\u00e7alar\u0131<\/title>\n<meta name=\"description\" content=\"Popo b\u00f6lgesi \u00e7ok hassas ve \u00f6zeldir. Enstit\u00fclerimizde kendinizi daima rahat ve g\u00fcvende hissetmeniz \u00f6nceli\u011fimizdir.\" \/>\n<meta name=\"robots\" content=\"index, follow, max-snippet:-1, max-image-preview:large, max-video-preview:-1\" \/>\n<link rel=\"canonical\" href=\"https:\/\/www.haarfreiheit.net\/tr\/kalici-epilasyon-erkek-kalcalar\/\" \/>\n<meta property=\"og:locale\" content=\"tr_TR\" \/>\n<meta property=\"og:type\" content=\"article\" \/>\n<meta property=\"og:title\" content=\"Kal\u0131c\u0131 epilasyon erkek kal\u00e7alar\u0131\" \/>\n<meta property=\"og:description\" content=\"Popo b\u00f6lgesi \u00e7ok hassas ve \u00f6zeldir. Enstit\u00fclerimizde kendinizi daima rahat ve g\u00fcvende hissetmeniz \u00f6nceli\u011fimizdir.\" \/>\n<meta property=\"og:url\" content=\"https:\/\/www.haarfreiheit.net\/tr\/kalici-epilasyon-erkek-kalcalar\/\" \/>\n<meta property=\"og:site_name\" content=\"Haarfreiheit\" \/>\n<meta property=\"article:modified_time\" content=\"2023-09-27T08:23:01+00:00\" \/>\n<meta property=\"og:image\" content=\"https:\/\/www.haarfreiheit.net\/wp-content\/uploads\/2021\/11\/happy-couple-HIntergrundbild.jpg\" \/>\n<meta name=\"twitter:card\" content=\"summary_large_image\" \/>\n<meta name=\"twitter:label1\" content=\"Tahmini okuma s\u00fcresi\" \/>\n\t<meta name=\"twitter:data1\" content=\"4 dakika\" \/>\n<script type=\"application\/ld+json\" class=\"yoast-schema-graph\">{\"@context\":\"https:\/\/schema.org\",\"@graph\":[{\"@type\":\"WebPage\",\"@id\":\"https:\/\/www.haarfreiheit.net\/tr\/kalici-epilasyon-erkek-kalcalar\/\",\"url\":\"https:\/\/www.haarfreiheit.net\/tr\/kalici-epilasyon-erkek-kalcalar\/\",\"name\":\"Kal\u0131c\u0131 epilasyon erkek kal\u00e7alar\u0131\",\"isPartOf\":{\"@id\":\"https:\/\/www.haarfreiheit.net\/tr\/#website\"},\"primaryImageOfPage\":{\"@id\":\"https:\/\/www.haarfreiheit.net\/tr\/kalici-epilasyon-erkek-kalcalar\/#primaryimage\"},\"image\":{\"@id\":\"https:\/\/www.haarfreiheit.net\/tr\/kalici-epilasyon-erkek-kalcalar\/#primaryimage\"},\"thumbnailUrl\":\"https:\/\/www.haarfreiheit.net\/wp-content\/uploads\/2021\/11\/happy-couple-HIntergrundbild.jpg\",\"datePublished\":\"2021-08-06T06:48:43+00:00\",\"dateModified\":\"2023-09-27T08:23:01+00:00\",\"description\":\"Popo b\u00f6lgesi \u00e7ok hassas ve \u00f6zeldir. Enstit\u00fclerimizde kendinizi daima rahat ve g\u00fcvende hissetmeniz \u00f6nceli\u011fimizdir.\",\"breadcrumb\":{\"@id\":\"https:\/\/www.haarfreiheit.net\/tr\/kalici-epilasyon-erkek-kalcalar\/#breadcrumb\"},\"inLanguage\":\"tr\",\"potentialAction\":[{\"@type\":\"ReadAction\",\"target\":[\"https:\/\/www.haarfreiheit.net\/tr\/kalici-epilasyon-erkek-kalcalar\/\"]}]},{\"@type\":\"ImageObject\",\"inLanguage\":\"tr\",\"@id\":\"https:\/\/www.haarfreiheit.net\/tr\/kalici-epilasyon-erkek-kalcalar\/#primaryimage\",\"url\":\"https:\/\/www.haarfreiheit.net\/wp-content\/uploads\/2021\/11\/happy-couple-HIntergrundbild.jpg\",\"contentUrl\":\"https:\/\/www.haarfreiheit.net\/wp-content\/uploads\/2021\/11\/happy-couple-HIntergrundbild.jpg\"},{\"@type\":\"BreadcrumbList\",\"@id\":\"https:\/\/www.haarfreiheit.net\/tr\/kalici-epilasyon-erkek-kalcalar\/#breadcrumb\",\"itemListElement\":[{\"@type\":\"ListItem\",\"position\":1,\"name\":\"Startseite\",\"item\":\"https:\/\/www.haarfreiheit.net\/tr\/\"},{\"@type\":\"ListItem\",\"position\":2,\"name\":\"kalici epilasyon bay | kalcalar\"}]},{\"@type\":\"WebSite\",\"@id\":\"https:\/\/www.haarfreiheit.net\/tr\/#website\",\"url\":\"https:\/\/www.haarfreiheit.net\/tr\/\",\"name\":\"Haarfreiheit\",\"description\":\"Dauerhafte Haarentfernung beim Experten\",\"potentialAction\":[{\"@type\":\"SearchAction\",\"target\":{\"@type\":\"EntryPoint\",\"urlTemplate\":\"https:\/\/www.haarfreiheit.net\/tr\/?s={search_term_string}\"},\"query-input\":{\"@type\":\"PropertyValueSpecification\",\"valueRequired\":true,\"valueName\":\"search_term_string\"}}],\"inLanguage\":\"tr\"}]}<\/script>\n<!-- \/ Yoast SEO plugin. -->","yoast_head_json":{"title":"Kal\u0131c\u0131 epilasyon erkek kal\u00e7alar\u0131","description":"Popo b\u00f6lgesi \u00e7ok hassas ve \u00f6zeldir. Enstit\u00fclerimizde kendinizi daima rahat ve g\u00fcvende hissetmeniz \u00f6nceli\u011fimizdir.","robots":{"index":"index","follow":"follow","max-snippet":"max-snippet:-1","max-image-preview":"max-image-preview:large","max-video-preview":"max-video-preview:-1"},"canonical":"https:\/\/www.haarfreiheit.net\/tr\/kalici-epilasyon-erkek-kalcalar\/","og_locale":"tr_TR","og_type":"article","og_title":"Kal\u0131c\u0131 epilasyon erkek kal\u00e7alar\u0131","og_description":"Popo b\u00f6lgesi \u00e7ok hassas ve \u00f6zeldir. Enstit\u00fclerimizde kendinizi daima rahat ve g\u00fcvende hissetmeniz \u00f6nceli\u011fimizdir.","og_url":"https:\/\/www.haarfreiheit.net\/tr\/kalici-epilasyon-erkek-kalcalar\/","og_site_name":"Haarfreiheit","article_modified_time":"2023-09-27T08:23:01+00:00","og_image":[{"url":"https:\/\/www.haarfreiheit.net\/wp-content\/uploads\/2021\/11\/happy-couple-HIntergrundbild.jpg","type":"","width":"","height":""}],"twitter_card":"summary_large_image","twitter_misc":{"Tahmini okuma s\u00fcresi":"4 dakika"},"schema":{"@context":"https:\/\/schema.org","@graph":[{"@type":"WebPage","@id":"https:\/\/www.haarfreiheit.net\/tr\/kalici-epilasyon-erkek-kalcalar\/","url":"https:\/\/www.haarfreiheit.net\/tr\/kalici-epilasyon-erkek-kalcalar\/","name":"Kal\u0131c\u0131 epilasyon erkek kal\u00e7alar\u0131","isPartOf":{"@id":"https:\/\/www.haarfreiheit.net\/tr\/#website"},"primaryImageOfPage":{"@id":"https:\/\/www.haarfreiheit.net\/tr\/kalici-epilasyon-erkek-kalcalar\/#primaryimage"},"image":{"@id":"https:\/\/www.haarfreiheit.net\/tr\/kalici-epilasyon-erkek-kalcalar\/#primaryimage"},"thumbnailUrl":"https:\/\/www.haarfreiheit.net\/wp-content\/uploads\/2021\/11\/happy-couple-HIntergrundbild.jpg","datePublished":"2021-08-06T06:48:43+00:00","dateModified":"2023-09-27T08:23:01+00:00","description":"Popo b\u00f6lgesi \u00e7ok hassas ve \u00f6zeldir. Enstit\u00fclerimizde kendinizi daima rahat ve g\u00fcvende hissetmeniz \u00f6nceli\u011fimizdir.","breadcrumb":{"@id":"https:\/\/www.haarfreiheit.net\/tr\/kalici-epilasyon-erkek-kalcalar\/#breadcrumb"},"inLanguage":"tr","potentialAction":[{"@type":"ReadAction","target":["https:\/\/www.haarfreiheit.net\/tr\/kalici-epilasyon-erkek-kalcalar\/"]}]},{"@type":"ImageObject","inLanguage":"tr","@id":"https:\/\/www.haarfreiheit.net\/tr\/kalici-epilasyon-erkek-kalcalar\/#primaryimage","url":"https:\/\/www.haarfreiheit.net\/wp-content\/uploads\/2021\/11\/happy-couple-HIntergrundbild.jpg","contentUrl":"https:\/\/www.haarfreiheit.net\/wp-content\/uploads\/2021\/11\/happy-couple-HIntergrundbild.jpg"},{"@type":"BreadcrumbList","@id":"https:\/\/www.haarfreiheit.net\/tr\/kalici-epilasyon-erkek-kalcalar\/#breadcrumb","itemListElement":[{"@type":"ListItem","position":1,"name":"Startseite","item":"https:\/\/www.haarfreiheit.net\/tr\/"},{"@type":"ListItem","position":2,"name":"kalici epilasyon bay | kalcalar"}]},{"@type":"WebSite","@id":"https:\/\/www.haarfreiheit.net\/tr\/#website","url":"https:\/\/www.haarfreiheit.net\/tr\/","name":"Haarfreiheit","description":"Dauerhafte Haarentfernung beim Experten","potentialAction":[{"@type":"SearchAction","target":{"@type":"EntryPoint","urlTemplate":"https:\/\/www.haarfreiheit.net\/tr\/?s={search_term_string}"},"query-input":{"@type":"PropertyValueSpecification","valueRequired":true,"valueName":"search_term_string"}}],"inLanguage":"tr"}]}},"_links":{"self":[{"href":"https:\/\/www.haarfreiheit.net\/tr\/wp-json\/wp\/v2\/pages\/6060","targetHints":{"allow":["GET"]}}],"collection":[{"href":"https:\/\/www.haarfreiheit.net\/tr\/wp-json\/wp\/v2\/pages"}],"about":[{"href":"https:\/\/www.haarfreiheit.net\/tr\/wp-json\/wp\/v2\/types\/page"}],"author":[{"embeddable":true,"href":"https:\/\/www.haarfreiheit.net\/tr\/wp-json\/wp\/v2\/users\/1"}],"replies":[{"embeddable":true,"href":"https:\/\/www.haarfreiheit.net\/tr\/wp-json\/wp\/v2\/comments?post=6060"}],"version-history":[{"count":10,"href":"https:\/\/www.haarfreiheit.net\/tr\/wp-json\/wp\/v2\/pages\/6060\/revisions"}],"predecessor-version":[{"id":20920,"href":"https:\/\/www.haarfreiheit.net\/tr\/wp-json\/wp\/v2\/pages\/6060\/revisions\/20920"}],"wp:attachment":[{"href":"https:\/\/www.haarfreiheit.net\/tr\/wp-json\/wp\/v2\/media?parent=6060"}],"curies":[{"name":"wp","href":"https:\/\/api.w.org\/{rel}","templated":true}]}}