{"id":7176,"date":"2021-08-13T12:14:19","date_gmt":"2021-08-13T10:14:19","guid":{"rendered":"https:\/\/www.haarfreiheit.net\/ipl\/"},"modified":"2023-10-12T11:17:41","modified_gmt":"2023-10-12T09:17:41","slug":"ipl","status":"publish","type":"page","link":"https:\/\/www.haarfreiheit.net\/tr\/ipl\/","title":{"rendered":"IPL"},"content":{"rendered":"\n<div class=\"wp-block-cover is-light\" style=\"min-height:250px;aspect-ratio:unset;\"><span aria-hidden=\"true\" class=\"wp-block-cover__background has-white-background-color has-background-dim\"><\/span><img loading=\"lazy\" decoding=\"async\" width=\"1980\" height=\"1185\" class=\"wp-block-cover__image-background wp-image-3563\" alt=\"Arka plan g\u00f6r\u00fcnt\u00fcs\u00fc efekti\" src=\"https:\/\/www.haarfreiheit.net\/wp-content\/uploads\/2021\/11\/BG-Dame-Weichzeichner.jpg\" data-object-fit=\"cover\" srcset=\"https:\/\/www.haarfreiheit.net\/wp-content\/uploads\/2021\/11\/BG-Dame-Weichzeichner.jpg 1980w, https:\/\/www.haarfreiheit.net\/wp-content\/uploads\/2021\/11\/BG-Dame-Weichzeichner-300x180.jpg 300w, https:\/\/www.haarfreiheit.net\/wp-content\/uploads\/2021\/11\/BG-Dame-Weichzeichner-1024x613.jpg 1024w, https:\/\/www.haarfreiheit.net\/wp-content\/uploads\/2021\/11\/BG-Dame-Weichzeichner-1536x919.jpg 1536w\" sizes=\"auto, (max-width: 1980px) 100vw, 1980px\" \/><div class=\"wp-block-cover__inner-container is-layout-flow wp-block-cover-is-layout-flow\">\n<div style=\"height:66px\" aria-hidden=\"true\" class=\"wp-block-spacer\"><\/div>\n\n\n\n<div class=\"wp-block-columns is-layout-flex wp-container-core-columns-is-layout-9d6595d7 wp-block-columns-is-layout-flex\">\n<div class=\"wp-block-column is-vertically-aligned-center is-layout-flow wp-block-column-is-layout-flow\" style=\"flex-basis:55%\"><div class=\"wp-block-image\">\n<figure class=\"aligncenter size-full is-resized\"><img loading=\"lazy\" decoding=\"async\" src=\"https:\/\/www.haarfreiheit.net\/wp-content\/uploads\/2021\/10\/IPL.png\" alt=\"\u0130ll\u00fcstrasyon Ayg\u0131t\u0131 IPL\" class=\"wp-image-7928\" style=\"object-fit:contain;width:426px;height:415px\" width=\"426\" height=\"415\" srcset=\"https:\/\/www.haarfreiheit.net\/wp-content\/uploads\/2021\/10\/IPL.png 500w, https:\/\/www.haarfreiheit.net\/wp-content\/uploads\/2021\/10\/IPL-300x292.png 300w\" sizes=\"auto, (max-width: 426px) 100vw, 426px\" \/><\/figure>\n<\/div><\/div>\n\n\n\n<div class=\"wp-block-column is-vertically-aligned-center is-layout-flow wp-block-column-is-layout-flow\" style=\"flex-basis:44.45%\">\n<h1 class=\"wp-block-heading has-text-align-center has-large-font-size\" id=\"ipl\"><strong>IPL<\/strong><\/h1>\n\n\n\n<div style=\"height:50px\" aria-hidden=\"true\" class=\"wp-block-spacer\"><\/div>\n\n\n\n<p class=\"has-text-align-center has-text-color has-medium-font-size\" style=\"color:#816d6a\">intense pulsed light<\/p>\n<\/div>\n\n\n\n<div class=\"wp-block-column is-layout-flow wp-block-column-is-layout-flow\" style=\"flex-basis:33.33%\"><\/div>\n<\/div>\n\n\n\n<div style=\"height:62px\" aria-hidden=\"true\" class=\"wp-block-spacer\"><\/div>\n<\/div><\/div>\n\n\n\n<div style=\"height:82px\" aria-hidden=\"true\" class=\"wp-block-spacer is-style-s50\"><\/div>\n\n\n\n<div class=\"wp-block-columns is-layout-flex wp-container-core-columns-is-layout-9d6595d7 wp-block-columns-is-layout-flex\">\n<div class=\"wp-block-column is-layout-flow wp-block-column-is-layout-flow\">\n<h3 class=\"wp-block-heading has-large-font-size\" id=\"kalici-epilasyon-ipl-teknolojisi-ile\">KALICI EP\u0130LASYON* IPL TEKNOLOJ\u0130S\u0130 \u0130LE<\/h3>\n<\/div>\n<\/div>\n\n\n\n<div class=\"wp-block-columns is-layout-flex wp-container-core-columns-is-layout-9d6595d7 wp-block-columns-is-layout-flex\">\n<div class=\"wp-block-column is-layout-flow wp-block-column-is-layout-flow\">\n<p>IPL prosed\u00fcr\u00fc, can s\u0131k\u0131c\u0131 v\u00fccut k\u0131llar\u0131n\u0131 gidermek i\u00e7in etkili ve cilt dostu bir y\u00f6ntemdir. Yo\u011fun Darbeli I\u015f\u0131k (= yo\u011fun darbeli \u0131\u015f\u0131k) saf ve demetlenmemi\u015f \u0131\u015f\u0131kla \u00e7al\u0131\u015f\u0131r. Bu, bu y\u00f6ntemin, sabit dalga boylar\u0131n\u0131n olmamas\u0131 avantaj\u0131na sahip olan klasik bir lazerle \u00e7al\u0131\u015fmad\u0131\u011f\u0131 anlam\u0131na gelir. B\u00f6ylece her m\u00fc\u015fterinin bireysel ihtiya\u00e7lar\u0131 dikkate al\u0131nabilir.<\/p>\n\n\n\n<p>IPL teknolojisine dayal\u0131 el feneri cihazlar\u0131 ile 2 ila 200 milisaniyelik k\u0131sa darbeler kullan\u0131lmaktad\u0131r. Bu, santimetre kare ba\u015f\u0131na 12 ila 120 jul enerji yarat\u0131r.<\/p>\n\n\n\n<p>Eski lazer teknolojisinin aksine, IPL prosed\u00fcr\u00fc birka\u00e7 k\u0131l k\u00f6k\u00fcn\u00fc do\u011frudan yok eder.<\/p>\n\n\n\n<div style=\"height:66px\" aria-hidden=\"true\" class=\"wp-block-spacer is-style-s50\"><\/div>\n<\/div>\n<\/div>\n\n\n\n<div class=\"wp-block-columns is-layout-flex wp-container-core-columns-is-layout-9d6595d7 wp-block-columns-is-layout-flex\">\n<div class=\"wp-block-column is-vertically-aligned-center is-layout-flow wp-block-column-is-layout-flow\"><div class=\"wp-block-image\">\n<figure class=\"aligncenter size-full is-resized\"><img loading=\"lazy\" decoding=\"async\" src=\"https:\/\/www.haarfreiheit.net\/wp-content\/uploads\/2021\/11\/IPL-Behandlungsbild.jpg\" alt=\"Tedavi Foto\u011fraf\u0131 IPL\" class=\"wp-image-7181\" style=\"object-fit:contain;width:559px;height:314px\" width=\"559\" height=\"314\" srcset=\"https:\/\/www.haarfreiheit.net\/wp-content\/uploads\/2021\/11\/IPL-Behandlungsbild.jpg 900w, https:\/\/www.haarfreiheit.net\/wp-content\/uploads\/2021\/11\/IPL-Behandlungsbild-300x169.jpg 300w\" sizes=\"auto, (max-width: 559px) 100vw, 559px\" \/><\/figure>\n<\/div><\/div>\n\n\n\n<div class=\"wp-block-column is-vertically-aligned-center is-layout-flow wp-block-column-is-layout-flow\">\n<h3 class=\"wp-block-heading has-black-color has-text-color\" id=\"epilasyon-nasil-calisir\">EP\u0130LASYON NASIL \u00c7ALI\u015eIR?<\/h3>\n\n\n\n<p>I\u015f\u0131k terapisi kullan\u0131larak epilasyon, melaninin fotonlar olarak da bilinen \u0131\u015f\u0131k par\u00e7ac\u0131klar\u0131n\u0131 emme yetene\u011fine dayan\u0131r. Melanin sa\u00e7ta bulunan boyad\u0131r. Emilen \u0131\u015f\u0131k boya yoluyla sa\u00e7 k\u00f6k\u00fcne ula\u015f\u0131r. Enerji burada toplan\u0131r ve v\u00fccut taraf\u0131ndan yakla\u015f\u0131k 65 \u00b0C&#8217;den 72 \u00b0C&#8217;ye kadar \u0131s\u0131ya d\u00f6n\u00fc\u015ft\u00fcr\u00fcl\u00fcr. Bu y\u00fcksek s\u0131cakl\u0131k sa\u00e7 k\u00f6klerinin \u0131slanmas\u0131na neden olur. Sonu\u00e7 olarak, sa\u00e7 art\u0131k gerekli besinleri alamaz ve sonu\u00e7ta \u00fcremenin art\u0131k ger\u00e7ekle\u015femeyece\u011fi ger\u00e7e\u011fine yol a\u00e7ar.<\/p>\n\n\n\n<p>IPL teknolojisi, farkl\u0131 sa\u00e7 renklerine ve yap\u0131lar\u0131na adalet sa\u011flamak i\u00e7in farkl\u0131 filtreler kullan\u0131r. Bu filtreler gereksiz dalga boylar\u0131n\u0131 ortadan kald\u0131r\u0131r. Sonu\u00e7 olarak, yaln\u0131zca ilgili sa\u00e7 ve cilt tipine en uygun dalga boylar\u0131 cilde ula\u015f\u0131r.<\/p>\n\n\n\n<div style=\"height:66px\" aria-hidden=\"true\" class=\"wp-block-spacer\"><\/div>\n<\/div>\n<\/div>\n\n\n\n<div class=\"wp-block-columns is-layout-flex wp-container-core-columns-is-layout-9d6595d7 wp-block-columns-is-layout-flex\">\n<div class=\"wp-block-column is-layout-flow wp-block-column-is-layout-flow\">\n<div style=\"height:34px\" aria-hidden=\"true\" class=\"wp-block-spacer is-style-s50\"><\/div>\n\n\n\n<h4 class=\"wp-block-heading\" id=\"dayanikli-ve-etkili-tedavi\">DAYANIKLI VE ETK\u0130L\u0130 TEDAV\u0130<\/h4>\n\n\n\n<p>Geni\u015f bir alan\u0131n tek seferde tedavi edilebilmesi, IPL teknolojisi ile tedaviden yanad\u0131r. Bu \u00e7ok para ve zaman kazand\u0131rabilir. Di\u011fer bir avantaj\u0131 ise tedavinin sadece cilde nazik de\u011fil, ayn\u0131 zamanda a\u011fr\u0131s\u0131z olmas\u0131d\u0131r. B\u00f6ylece v\u00fccudun bir\u00e7ok b\u00f6lgesi tek seansta tedavi edilebilir ve g\u00fcnl\u00fck hayat\u0131n\u0131za kolayl\u0131kla entegre edilebilir.<\/p>\n\n\n\n<div style=\"height:97px\" aria-hidden=\"true\" class=\"wp-block-spacer is-style-s50\"><\/div>\n\n\n\n<h4 class=\"wp-block-heading\" id=\"sac-buyume-donguleri\" style=\"font-size:30px\">SA\u00c7 B\u00dcY\u00dcME D\u00d6NG\u00dcLER\u0130<\/h4>\n\n\n\n<p>Etkili tedavi i\u00e7in sa\u00e7 b\u00fcy\u00fcme d\u00f6ng\u00fcleri g\u00f6zlemlenmelidir. \u00c7\u00fcnk\u00fc her sa\u00e7 farkl\u0131 uzar ve sa\u00e7 k\u00f6k\u00fcn\u00fcn kurumas\u0131 ancak b\u00fcy\u00fcme evresinde m\u00fcmk\u00fcnd\u00fcr. T\u00fcm sa\u00e7lar\u0131n yakla\u015f\u0131k y\u00fczde 20&#8217;si ayn\u0131 b\u00fcy\u00fcme d\u00f6ng\u00fcs\u00fcndedir. Ba\u015far\u0131l\u0131 epilasyon i\u00e7in birka\u00e7 tedavinin gerekli olmas\u0131n\u0131n nedeni de budur. Uygulamalar aras\u0131ndaki aral\u0131klar her zaman 4 hafta olmal\u0131d\u0131r.<\/p>\n\n\n\n<div style=\"height:66px\" aria-hidden=\"true\" class=\"wp-block-spacer is-style-s50\"><\/div>\n<\/div>\n<\/div>\n\n\n\n<div class=\"wp-block-columns is-layout-flex wp-container-core-columns-is-layout-9d6595d7 wp-block-columns-is-layout-flex\">\n<div class=\"wp-block-column is-layout-flow wp-block-column-is-layout-flow\">\n<div style=\"height:18px\" aria-hidden=\"true\" class=\"wp-block-spacer is-style-s50\"><\/div>\n\n\n\n<h2 class=\"wp-block-heading primary-color\" id=\"tedavi\">TEDAVI<\/h2>\n\n\n\n<p>IPL cihaz\u0131n\u0131n el aleti cildin ayr\u0131 b\u00f6lgelerine yerle\u015ftirilir ve \u0131\u015f\u0131k daha sonra cilde n\u00fcfuz edebilir. Bir \u0131\u015f\u0131k darbesi verildikten sonra el aletinin biti\u015fik cilt par\u00e7as\u0131na yerle\u015ftirilmesi gerekti\u011finden, i\u015fleme genellikle &#8220;damgalama&#8221; denir. I\u015f\u0131k darbeleri do\u011frudan melanin yoluyla sa\u00e7 k\u00f6k\u00fcne ula\u015f\u0131r. \u0130\u00e7erdi\u011fi protein, \u0131\u015f\u0131k darbelerinin enerjisi ile denat\u00fcre olur ve sa\u00e7\u0131n d\u00f6k\u00fclmesine neden olur.<\/p>\n\n\n\n<div style=\"height:53px\" aria-hidden=\"true\" class=\"wp-block-spacer is-style-s50\"><\/div>\n\n\n\n<h2 class=\"wp-block-heading primary-color\" id=\"uygulama-alanlari\">UYGULAMA ALANLARI<\/h2>\n\n\n\n<p>IPL prosed\u00fcr\u00fc ile sa\u00e7 hemen hemen her yerde al\u0131nabilir. Epilasyon i\u00e7in pop\u00fcler alanlar koltuk altlar\u0131 ve bacaklard\u0131r. Bir tedavi s\u0131ras\u0131nda v\u00fccudun birden fazla b\u00f6lgesini IPL teknolojisi ile tedavi etmek m\u00fcmk\u00fcnd\u00fcr.<\/p>\n\n\n\n<div style=\"height:38px\" aria-hidden=\"true\" class=\"wp-block-spacer is-style-s50\"><\/div>\n<\/div>\n\n\n\n<div class=\"wp-block-column is-vertically-aligned-center is-layout-flow wp-block-column-is-layout-flow\"><div class=\"wp-block-image\">\n<figure class=\"aligncenter size-full is-resized\"><img loading=\"lazy\" decoding=\"async\" src=\"https:\/\/www.haarfreiheit.net\/wp-content\/uploads\/2021\/11\/Haut-Haar-QS-Haarfreiheit-web_IPL.png\" alt=\"Infografik Wirkungsweise IPL\" class=\"wp-image-7189\" style=\"object-fit:contain;width:555px;height:487px\" width=\"555\" height=\"487\" srcset=\"https:\/\/www.haarfreiheit.net\/wp-content\/uploads\/2021\/11\/Haut-Haar-QS-Haarfreiheit-web_IPL.png 982w, https:\/\/www.haarfreiheit.net\/wp-content\/uploads\/2021\/11\/Haut-Haar-QS-Haarfreiheit-web_IPL-300x263.png 300w\" sizes=\"auto, (max-width: 555px) 100vw, 555px\" \/><\/figure>\n<\/div><\/div>\n<\/div>\n\n\n\n<div style=\"height:74px\" aria-hidden=\"true\" class=\"wp-block-spacer is-style-s50\"><\/div>\n\n\n\n<div class=\"wp-block-columns is-layout-flex wp-container-core-columns-is-layout-9d6595d7 wp-block-columns-is-layout-flex\">\n<div class=\"wp-block-column is-vertically-aligned-center is-layout-flow wp-block-column-is-layout-flow\"><div class=\"wp-block-image\">\n<figure class=\"aligncenter size-full is-resized\"><img loading=\"lazy\" decoding=\"async\" src=\"https:\/\/www.haarfreiheit.net\/wp-content\/uploads\/2021\/10\/HF-Logokuerzel-beige.png\" alt=\"Logo Ba\u015f Harfleri\" class=\"wp-image-6358\" style=\"object-fit:contain;width:286px;height:286px\" width=\"286\" height=\"286\" srcset=\"https:\/\/www.haarfreiheit.net\/wp-content\/uploads\/2021\/10\/HF-Logokuerzel-beige.png 548w, https:\/\/www.haarfreiheit.net\/wp-content\/uploads\/2021\/10\/HF-Logokuerzel-beige-300x300.png 300w, https:\/\/www.haarfreiheit.net\/wp-content\/uploads\/2021\/10\/HF-Logokuerzel-beige-150x150.png 150w\" sizes=\"auto, (max-width: 286px) 100vw, 286px\" \/><\/figure>\n<\/div><\/div>\n\n\n\n<div class=\"wp-block-column is-vertically-aligned-center is-layout-flow wp-block-column-is-layout-flow\">\n<h3 class=\"wp-block-heading\" id=\"oncelikle-guvenlik\">\u00d6NCELIKLE G\u00dcVENL\u0130K<\/h3>\n\n\n\n<p>Yetersiz teknoloji nedeniyle olas\u0131 hasarlar\u0131 \u00f6nlemek i\u00e7in IPL cihazlar\u0131m\u0131z do\u011frudan \u00fcretici taraf\u0131ndan dikkatlice kontrol edilir. Bununla birlikte, tedavi sadece e\u011fitimli uzmanlar taraf\u0131ndan yap\u0131lmal\u0131d\u0131r. Tedavi s\u0131ras\u0131nda g\u00f6zleri korumak i\u00e7in \u00f6zel koruyucu g\u00f6zl\u00fckler elbette zorunludur.<\/p>\n\n\n\n<div style=\"height:53px\" aria-hidden=\"true\" class=\"wp-block-spacer is-style-s50\"><\/div>\n<\/div>\n<\/div>\n\n\n\n<div class=\"wp-block-columns is-layout-flex wp-container-core-columns-is-layout-9d6595d7 wp-block-columns-is-layout-flex\">\n<div class=\"wp-block-column is-layout-flow wp-block-column-is-layout-flow\">\n<h3 class=\"wp-block-heading\" id=\"untfarkli-sac-ve-cilt-tipleri\">UNTFARKLI SA\u00c7 VE C\u0130LT T\u0130PLER\u0130<\/h3>\n\n\n\n<p>Genel olarak IPL tedavisi herkes i\u00e7in m\u00fcmk\u00fcnd\u00fcr. Ancak \u00f6zellikle hafif sa\u00e7larda teknoloji s\u0131n\u0131rlar\u0131na ula\u015fabilir. \u00c7\u00fcnk\u00fc beyaz sa\u00e7, \u00f6rne\u011fin melanin i\u00e7ermez. Bu, \u0131\u015f\u0131k darbelerinin sa\u00e7 k\u00f6klerine ula\u015famayaca\u011f\u0131 anlam\u0131na gelir ve bu da ba\u015far\u0131l\u0131 bir tedaviyi imkans\u0131z hale getirir. Ancak bu durumda sizin i\u00e7in ba\u015fka fotoepilasyon teknikleri sunuyoruz. K\u0131rm\u0131z\u0131ms\u0131 sa\u00e7a benzer, \u00e7\u00fcnk\u00fc bunlar boya phaemelanin i\u00e7erir. Bu, \u0131\u015f\u0131\u011f\u0131 koyu sa\u00e7tan daha az emebilir.<\/p>\n\n\n\n<div style=\"height:53px\" aria-hidden=\"true\" class=\"wp-block-spacer is-style-s50\"><\/div>\n<\/div>\n<\/div>\n\n\n<div class=\"wp-block-image\">\n<figure class=\"aligncenter size-large is-resized\"><img loading=\"lazy\" decoding=\"async\" src=\"https:\/\/www.haarfreiheit.net\/wp-content\/uploads\/2021\/11\/Trenner-Neutral-1024x201.png\" alt=\"Ay\u0131r\u0131c\u0131 Efekti Simgesi\" class=\"wp-image-7199\" style=\"object-fit:contain;width:868px;height:170px\" width=\"868\" height=\"170\" srcset=\"https:\/\/www.haarfreiheit.net\/wp-content\/uploads\/2021\/11\/Trenner-Neutral-1024x201.png 1024w, https:\/\/www.haarfreiheit.net\/wp-content\/uploads\/2021\/11\/Trenner-Neutral-300x59.png 300w, https:\/\/www.haarfreiheit.net\/wp-content\/uploads\/2021\/11\/Trenner-Neutral.png 1140w\" sizes=\"auto, (max-width: 868px) 100vw, 868px\" \/><\/figure>\n<\/div>\n\n\n<div class=\"wp-block-columns is-layout-flex wp-container-core-columns-is-layout-9d6595d7 wp-block-columns-is-layout-flex\">\n<div class=\"wp-block-column is-layout-flow wp-block-column-is-layout-flow\">\n<div style=\"height:21px\" aria-hidden=\"true\" class=\"wp-block-spacer is-style-s50\"><\/div>\n\n\n\n<h3 class=\"wp-block-heading has-text-align-center\" id=\"dikkate-almak\">DIKKATE ALMAK<\/h3>\n\n\n\n<p class=\"has-text-align-center\">\u0130ster normal g\u00fcne\u015flenme ister solaryum ziyaretleri olsun, tedaviden \u00f6nce ve sonra cildi g\u00fc\u00e7l\u00fc g\u00fcne\u015f \u0131\u015f\u0131\u011f\u0131ndan korumak \u00f6nemlidir. Aksi takdirde, cilt \u00fczerindeki a\u015f\u0131r\u0131 radyasyon, hipopigmentasyon olarak da bilinen d\u00fczensiz pigmentasyona yol a\u00e7abilir.<\/p>\n<\/div>\n<\/div>\n\n\n\n<div style=\"height:66px\" aria-hidden=\"true\" class=\"wp-block-spacer is-style-s50\"><\/div>\n\n\n\n<div class=\"wp-block-cover is-light\" style=\"min-height:100px;aspect-ratio:unset;\"><span aria-hidden=\"true\" class=\"wp-block-cover__background has-background-dim-0 has-background-dim\"><\/span><img loading=\"lazy\" decoding=\"async\" width=\"1980\" height=\"960\" class=\"wp-block-cover__image-background wp-image-9035\" alt=\"Arka Plan Dan\u0131\u015fma Foto\u011fraf\u0131 Bulan\u0131k\" src=\"https:\/\/www.haarfreiheit.net\/wp-content\/uploads\/2021\/10\/Beratung.jpg\" data-object-fit=\"cover\" srcset=\"https:\/\/www.haarfreiheit.net\/wp-content\/uploads\/2021\/10\/Beratung.jpg 1980w, https:\/\/www.haarfreiheit.net\/wp-content\/uploads\/2021\/10\/Beratung-300x145.jpg 300w, https:\/\/www.haarfreiheit.net\/wp-content\/uploads\/2021\/10\/Beratung-1024x496.jpg 1024w, https:\/\/www.haarfreiheit.net\/wp-content\/uploads\/2021\/10\/Beratung-1536x745.jpg 1536w\" sizes=\"auto, (max-width: 1980px) 100vw, 1980px\" \/><div class=\"wp-block-cover__inner-container is-layout-flow wp-block-cover-is-layout-flow\">\n<div style=\"height:60px\" aria-hidden=\"true\" class=\"wp-block-spacer\"><\/div>\n\n\n\n<div class=\"wp-block-columns is-layout-flex wp-container-core-columns-is-layout-9d6595d7 wp-block-columns-is-layout-flex\">\n<div class=\"wp-block-column is-layout-flow wp-block-column-is-layout-flow\">\n<div class=\"wp-block-buttons is-horizontal is-content-justification-center is-layout-flex wp-container-core-buttons-is-layout-499968f5 wp-block-buttons-is-layout-flex\">\n<div class=\"wp-block-button\"><a class=\"wp-block-button__link has-background wp-element-button\" href=\"\/tr\/karsilastirilmasi\/\" style=\"background-color:#817d6a\">Genel bak\u0131\u015fa d\u00f6n<\/a><\/div>\n<\/div>\n<\/div>\n\n\n\n<div class=\"wp-block-column is-layout-flow wp-block-column-is-layout-flow\">\n<div class=\"wp-block-buttons is-horizontal is-content-justification-center is-layout-flex wp-container-core-buttons-is-layout-499968f5 wp-block-buttons-is-layout-flex\">\n<div class=\"wp-block-button\"><a class=\"wp-block-button__link has-black-color has-white-background-color has-text-color has-background wp-element-button\" href=\"\/tr\/randevu-al\/\">\u00dccretsiz bir dan\u0131\u015fma d\u00fczenleyin<\/a><\/div>\n<\/div>\n<\/div>\n<\/div>\n\n\n\n<div style=\"height:53px\" aria-hidden=\"true\" class=\"wp-block-spacer\"><\/div>\n<\/div><\/div>\n","protected":false},"excerpt":{"rendered":"<p>KALICI EP\u0130LASYON* IPL TEKNOLOJ\u0130S\u0130 \u0130LE IPL prosed\u00fcr\u00fc, can s\u0131k\u0131c\u0131 v\u00fccut k\u0131llar\u0131n\u0131 gidermek i\u00e7in etkili ve cilt dostu bir y\u00f6ntemdir. Yo\u011fun Darbeli I\u015f\u0131k (= yo\u011fun darbeli \u0131\u015f\u0131k) saf ve demetlenmemi\u015f \u0131\u015f\u0131kla \u00e7al\u0131\u015f\u0131r. Bu, bu y\u00f6ntemin, sabit dalga boylar\u0131n\u0131n olmamas\u0131 avantaj\u0131na sahip olan klasik bir lazerle \u00e7al\u0131\u015fmad\u0131\u011f\u0131 anlam\u0131na gelir. B\u00f6ylece her m\u00fc\u015fterinin bireysel ihtiya\u00e7lar\u0131 dikkate al\u0131nabilir. IPL <a href=\"https:\/\/www.haarfreiheit.net\/tr\/ipl\/\" class=\"more-link\">&#8230;<\/a><\/p>\n","protected":false},"author":1,"featured_media":0,"parent":0,"menu_order":0,"comment_status":"closed","ping_status":"closed","template":"","meta":{"footnotes":""},"class_list":["post-7176","page","type-page","status-publish","hentry"],"yoast_head":"<!-- This site is optimized with the Yoast SEO plugin v27.1.1 - https:\/\/yoast.com\/product\/yoast-seo-wordpress\/ -->\n<title>Kal\u0131c\u0131 epilasyon - IPL lazer epilasyon<\/title>\n<meta name=\"description\" content=\"IPL prosed\u00fcr\u00fc, istenmeyen v\u00fccut t\u00fcylerini gidermek i\u00e7in etkili ve cilt dostu bir y\u00f6ntemdir. En iyi teknik sadece sa\u00e7 serbest oldu\u011funda!\" \/>\n<meta name=\"robots\" content=\"index, follow, max-snippet:-1, max-image-preview:large, max-video-preview:-1\" \/>\n<link rel=\"canonical\" href=\"https:\/\/www.haarfreiheit.net\/tr\/ipl\/\" \/>\n<meta property=\"og:locale\" content=\"tr_TR\" \/>\n<meta property=\"og:type\" content=\"article\" \/>\n<meta property=\"og:title\" content=\"Kal\u0131c\u0131 epilasyon - IPL lazer epilasyon\" \/>\n<meta property=\"og:description\" content=\"IPL prosed\u00fcr\u00fc, istenmeyen v\u00fccut t\u00fcylerini gidermek i\u00e7in etkili ve cilt dostu bir y\u00f6ntemdir. En iyi teknik sadece sa\u00e7 serbest oldu\u011funda!\" \/>\n<meta property=\"og:url\" content=\"https:\/\/www.haarfreiheit.net\/tr\/ipl\/\" \/>\n<meta property=\"og:site_name\" content=\"Haarfreiheit\" \/>\n<meta property=\"article:modified_time\" content=\"2023-10-12T09:17:41+00:00\" \/>\n<meta property=\"og:image\" content=\"https:\/\/www.haarfreiheit.net\/wp-content\/uploads\/2021\/11\/BG-Dame-Weichzeichner.jpg\" \/>\n<meta name=\"twitter:card\" content=\"summary_large_image\" \/>\n<meta name=\"twitter:label1\" content=\"Tahmini okuma s\u00fcresi\" \/>\n\t<meta name=\"twitter:data1\" content=\"5 dakika\" \/>\n<script type=\"application\/ld+json\" class=\"yoast-schema-graph\">{\"@context\":\"https:\/\/schema.org\",\"@graph\":[{\"@type\":\"WebPage\",\"@id\":\"https:\/\/www.haarfreiheit.net\/tr\/ipl\/\",\"url\":\"https:\/\/www.haarfreiheit.net\/tr\/ipl\/\",\"name\":\"Kal\u0131c\u0131 epilasyon - IPL lazer epilasyon\",\"isPartOf\":{\"@id\":\"https:\/\/www.haarfreiheit.net\/tr\/#website\"},\"primaryImageOfPage\":{\"@id\":\"https:\/\/www.haarfreiheit.net\/tr\/ipl\/#primaryimage\"},\"image\":{\"@id\":\"https:\/\/www.haarfreiheit.net\/tr\/ipl\/#primaryimage\"},\"thumbnailUrl\":\"https:\/\/www.haarfreiheit.net\/wp-content\/uploads\/2021\/11\/BG-Dame-Weichzeichner.jpg\",\"datePublished\":\"2021-08-13T10:14:19+00:00\",\"dateModified\":\"2023-10-12T09:17:41+00:00\",\"description\":\"IPL prosed\u00fcr\u00fc, istenmeyen v\u00fccut t\u00fcylerini gidermek i\u00e7in etkili ve cilt dostu bir y\u00f6ntemdir. En iyi teknik sadece sa\u00e7 serbest oldu\u011funda!\",\"breadcrumb\":{\"@id\":\"https:\/\/www.haarfreiheit.net\/tr\/ipl\/#breadcrumb\"},\"inLanguage\":\"tr\",\"potentialAction\":[{\"@type\":\"ReadAction\",\"target\":[\"https:\/\/www.haarfreiheit.net\/tr\/ipl\/\"]}]},{\"@type\":\"ImageObject\",\"inLanguage\":\"tr\",\"@id\":\"https:\/\/www.haarfreiheit.net\/tr\/ipl\/#primaryimage\",\"url\":\"https:\/\/www.haarfreiheit.net\/wp-content\/uploads\/2021\/11\/BG-Dame-Weichzeichner.jpg\",\"contentUrl\":\"https:\/\/www.haarfreiheit.net\/wp-content\/uploads\/2021\/11\/BG-Dame-Weichzeichner.jpg\"},{\"@type\":\"BreadcrumbList\",\"@id\":\"https:\/\/www.haarfreiheit.net\/tr\/ipl\/#breadcrumb\",\"itemListElement\":[{\"@type\":\"ListItem\",\"position\":1,\"name\":\"Startseite\",\"item\":\"https:\/\/www.haarfreiheit.net\/tr\/\"},{\"@type\":\"ListItem\",\"position\":2,\"name\":\"IPL\"}]},{\"@type\":\"WebSite\",\"@id\":\"https:\/\/www.haarfreiheit.net\/tr\/#website\",\"url\":\"https:\/\/www.haarfreiheit.net\/tr\/\",\"name\":\"Haarfreiheit\",\"description\":\"Dauerhafte Haarentfernung beim Experten\",\"potentialAction\":[{\"@type\":\"SearchAction\",\"target\":{\"@type\":\"EntryPoint\",\"urlTemplate\":\"https:\/\/www.haarfreiheit.net\/tr\/?s={search_term_string}\"},\"query-input\":{\"@type\":\"PropertyValueSpecification\",\"valueRequired\":true,\"valueName\":\"search_term_string\"}}],\"inLanguage\":\"tr\"}]}<\/script>\n<!-- \/ Yoast SEO plugin. -->","yoast_head_json":{"title":"Kal\u0131c\u0131 epilasyon - IPL lazer epilasyon","description":"IPL prosed\u00fcr\u00fc, istenmeyen v\u00fccut t\u00fcylerini gidermek i\u00e7in etkili ve cilt dostu bir y\u00f6ntemdir. En iyi teknik sadece sa\u00e7 serbest oldu\u011funda!","robots":{"index":"index","follow":"follow","max-snippet":"max-snippet:-1","max-image-preview":"max-image-preview:large","max-video-preview":"max-video-preview:-1"},"canonical":"https:\/\/www.haarfreiheit.net\/tr\/ipl\/","og_locale":"tr_TR","og_type":"article","og_title":"Kal\u0131c\u0131 epilasyon - IPL lazer epilasyon","og_description":"IPL prosed\u00fcr\u00fc, istenmeyen v\u00fccut t\u00fcylerini gidermek i\u00e7in etkili ve cilt dostu bir y\u00f6ntemdir. En iyi teknik sadece sa\u00e7 serbest oldu\u011funda!","og_url":"https:\/\/www.haarfreiheit.net\/tr\/ipl\/","og_site_name":"Haarfreiheit","article_modified_time":"2023-10-12T09:17:41+00:00","og_image":[{"url":"https:\/\/www.haarfreiheit.net\/wp-content\/uploads\/2021\/11\/BG-Dame-Weichzeichner.jpg","type":"","width":"","height":""}],"twitter_card":"summary_large_image","twitter_misc":{"Tahmini okuma s\u00fcresi":"5 dakika"},"schema":{"@context":"https:\/\/schema.org","@graph":[{"@type":"WebPage","@id":"https:\/\/www.haarfreiheit.net\/tr\/ipl\/","url":"https:\/\/www.haarfreiheit.net\/tr\/ipl\/","name":"Kal\u0131c\u0131 epilasyon - IPL lazer epilasyon","isPartOf":{"@id":"https:\/\/www.haarfreiheit.net\/tr\/#website"},"primaryImageOfPage":{"@id":"https:\/\/www.haarfreiheit.net\/tr\/ipl\/#primaryimage"},"image":{"@id":"https:\/\/www.haarfreiheit.net\/tr\/ipl\/#primaryimage"},"thumbnailUrl":"https:\/\/www.haarfreiheit.net\/wp-content\/uploads\/2021\/11\/BG-Dame-Weichzeichner.jpg","datePublished":"2021-08-13T10:14:19+00:00","dateModified":"2023-10-12T09:17:41+00:00","description":"IPL prosed\u00fcr\u00fc, istenmeyen v\u00fccut t\u00fcylerini gidermek i\u00e7in etkili ve cilt dostu bir y\u00f6ntemdir. En iyi teknik sadece sa\u00e7 serbest oldu\u011funda!","breadcrumb":{"@id":"https:\/\/www.haarfreiheit.net\/tr\/ipl\/#breadcrumb"},"inLanguage":"tr","potentialAction":[{"@type":"ReadAction","target":["https:\/\/www.haarfreiheit.net\/tr\/ipl\/"]}]},{"@type":"ImageObject","inLanguage":"tr","@id":"https:\/\/www.haarfreiheit.net\/tr\/ipl\/#primaryimage","url":"https:\/\/www.haarfreiheit.net\/wp-content\/uploads\/2021\/11\/BG-Dame-Weichzeichner.jpg","contentUrl":"https:\/\/www.haarfreiheit.net\/wp-content\/uploads\/2021\/11\/BG-Dame-Weichzeichner.jpg"},{"@type":"BreadcrumbList","@id":"https:\/\/www.haarfreiheit.net\/tr\/ipl\/#breadcrumb","itemListElement":[{"@type":"ListItem","position":1,"name":"Startseite","item":"https:\/\/www.haarfreiheit.net\/tr\/"},{"@type":"ListItem","position":2,"name":"IPL"}]},{"@type":"WebSite","@id":"https:\/\/www.haarfreiheit.net\/tr\/#website","url":"https:\/\/www.haarfreiheit.net\/tr\/","name":"Haarfreiheit","description":"Dauerhafte Haarentfernung beim Experten","potentialAction":[{"@type":"SearchAction","target":{"@type":"EntryPoint","urlTemplate":"https:\/\/www.haarfreiheit.net\/tr\/?s={search_term_string}"},"query-input":{"@type":"PropertyValueSpecification","valueRequired":true,"valueName":"search_term_string"}}],"inLanguage":"tr"}]}},"_links":{"self":[{"href":"https:\/\/www.haarfreiheit.net\/tr\/wp-json\/wp\/v2\/pages\/7176","targetHints":{"allow":["GET"]}}],"collection":[{"href":"https:\/\/www.haarfreiheit.net\/tr\/wp-json\/wp\/v2\/pages"}],"about":[{"href":"https:\/\/www.haarfreiheit.net\/tr\/wp-json\/wp\/v2\/types\/page"}],"author":[{"embeddable":true,"href":"https:\/\/www.haarfreiheit.net\/tr\/wp-json\/wp\/v2\/users\/1"}],"replies":[{"embeddable":true,"href":"https:\/\/www.haarfreiheit.net\/tr\/wp-json\/wp\/v2\/comments?post=7176"}],"version-history":[{"count":10,"href":"https:\/\/www.haarfreiheit.net\/tr\/wp-json\/wp\/v2\/pages\/7176\/revisions"}],"predecessor-version":[{"id":21497,"href":"https:\/\/www.haarfreiheit.net\/tr\/wp-json\/wp\/v2\/pages\/7176\/revisions\/21497"}],"wp:attachment":[{"href":"https:\/\/www.haarfreiheit.net\/tr\/wp-json\/wp\/v2\/media?parent=7176"}],"curies":[{"name":"wp","href":"https:\/\/api.w.org\/{rel}","templated":true}]}}