{"id":9060,"date":"2021-11-03T08:30:07","date_gmt":"2021-11-03T07:30:07","guid":{"rendered":"https:\/\/www.haarfreiheit.net\/wachstumszkylus-haare\/"},"modified":"2023-09-27T16:13:25","modified_gmt":"2023-09-27T14:13:25","slug":"bueyueme-doenguesue","status":"publish","type":"page","link":"https:\/\/www.haarfreiheit.net\/tr\/bueyueme-doenguesue\/","title":{"rendered":"B\u00dcY\u00dcME D\u00d6NG\u00dcLER\u0130"},"content":{"rendered":"\n<div class=\"wp-block-cover\"><span aria-hidden=\"true\" class=\"wp-block-cover__background has-background-dim-0 has-background-dim\"><\/span><img loading=\"lazy\" decoding=\"async\" width=\"1980\" height=\"858\" class=\"wp-block-cover__image-background wp-image-3202\" alt=\"koyu kahverengi filtreli arka plan\" src=\"https:\/\/www.haarfreiheit.net\/wp-content\/uploads\/2021\/11\/Maroon-Banner.jpg\" style=\"object-position:46% 0%\" data-object-fit=\"cover\" data-object-position=\"46% 0%\" srcset=\"https:\/\/www.haarfreiheit.net\/wp-content\/uploads\/2021\/11\/Maroon-Banner.jpg 1980w, https:\/\/www.haarfreiheit.net\/wp-content\/uploads\/2021\/11\/Maroon-Banner-300x130.jpg 300w, https:\/\/www.haarfreiheit.net\/wp-content\/uploads\/2021\/11\/Maroon-Banner-1024x444.jpg 1024w, https:\/\/www.haarfreiheit.net\/wp-content\/uploads\/2021\/11\/Maroon-Banner-1536x666.jpg 1536w\" sizes=\"auto, (max-width: 1980px) 100vw, 1980px\" \/><div class=\"wp-block-cover__inner-container is-layout-flow wp-block-cover-is-layout-flow\">\n<div class=\"wp-block-columns is-layout-flex wp-container-core-columns-is-layout-9d6595d7 wp-block-columns-is-layout-flex\">\n<div class=\"wp-block-column is-layout-flow wp-block-column-is-layout-flow\" style=\"flex-basis:66%\">\n<div style=\"height:142px\" aria-hidden=\"true\" class=\"wp-block-spacer\"><\/div>\n\n\n\n<h1 class=\"wp-block-heading has-text-align-center has-white-color has-text-color\" id=\"buyume-donguleri\">B\u00dcY\u00dcME D\u00d6NG\u00dcLER\u0130<\/h1>\n\n\n\n<div style=\"height:15px\" aria-hidden=\"true\" class=\"wp-block-spacer\"><\/div>\n\n\n\n<p class=\"has-text-align-center has-text-color has-medium-font-size\" style=\"color:#d1c9b7\"><strong>Detayl\u0131 sa\u00e7 b\u00fcy\u00fcmesi<\/strong><\/p>\n\n\n\n<div style=\"height:20px\" aria-hidden=\"true\" class=\"wp-block-spacer\"><\/div>\n\n\n\n<div style=\"height:30px\" aria-hidden=\"true\" class=\"wp-block-spacer\"><\/div>\n\n\n\n<div class=\"wp-block-buttons is-horizontal is-content-justification-center is-layout-flex wp-container-core-buttons-is-layout-499968f5 wp-block-buttons-is-layout-flex\">\n<div class=\"wp-block-button is-style-fill quaternary-bg-color\"><a class=\"wp-block-button__link wp-element-button\" href=\"\/tr\/randevu-al\/\">\u00dccretsiz bir dan\u0131\u015fma d\u00fczenleyin<\/a><\/div>\n<\/div>\n\n\n\n<div style=\"height:86px\" aria-hidden=\"true\" class=\"wp-block-spacer\"><\/div>\n<\/div>\n\n\n\n<div class=\"wp-block-column is-vertically-aligned-center is-layout-flow wp-block-column-is-layout-flow\" style=\"flex-basis:33.33%\"><div class=\"wp-block-image\">\n<figure class=\"aligncenter size-full is-resized\"><img loading=\"lazy\" decoding=\"async\" src=\"https:\/\/www.haarfreiheit.net\/wp-content\/uploads\/2021\/11\/Icon-Haar.png\" alt=\"Simge Sa\u00e7\" class=\"wp-image-9065\" style=\"object-fit:contain;width:353px;height:334px\" width=\"353\" height=\"334\" srcset=\"https:\/\/www.haarfreiheit.net\/wp-content\/uploads\/2021\/11\/Icon-Haar.png 400w, https:\/\/www.haarfreiheit.net\/wp-content\/uploads\/2021\/11\/Icon-Haar-300x284.png 300w\" sizes=\"auto, (max-width: 353px) 100vw, 353px\" \/><\/figure>\n<\/div><\/div>\n<\/div>\n<\/div><\/div>\n\n\n\n<div class=\"wp-block-cover is-light has-parallax\"><span aria-hidden=\"true\" class=\"wp-block-cover__background has-background-dim-0 has-background-dim\"><\/span><div role=\"img\" class=\"wp-block-cover__image-background wp-image-2688 has-parallax\" style=\"background-position:50% 50%;background-image:url(https:\/\/www.haarfreiheit.net\/wp-content\/uploads\/2021\/10\/helles-Wabenmuster.jpg)\"><\/div><div class=\"wp-block-cover__inner-container is-layout-flow wp-block-cover-is-layout-flow\">\n<div style=\"height:82px\" aria-hidden=\"true\" class=\"wp-block-spacer\"><\/div>\n\n\n\n<div class=\"wp-block-columns is-layout-flex wp-container-core-columns-is-layout-9d6595d7 wp-block-columns-is-layout-flex\">\n<div class=\"wp-block-column is-vertically-aligned-center is-layout-flow wp-block-column-is-layout-flow\">\n<h2 class=\"wp-block-heading has-text-align-center quaternary-color\">B\u00fcy\u00fcme D\u00f6ng\u00fcs\u00fc<\/h2>\n\n\n\n<p class=\"has-text-align-center\">Etkili bir tedavi i\u00e7in sa\u00e7\u0131n b\u00fcy\u00fcme d\u00f6ng\u00fclerine sayg\u0131 duymak gerekir. V\u00fccudun b\u00f6lgesine ba\u011fl\u0131 olarak sa\u00e7\u0131n farkl\u0131 bir d\u00f6ng\u00fcs\u00fc vard\u0131r. Hangi sa\u00e7\u0131n hangi d\u00f6ng\u00fcye sahip oldu\u011funu g\u00f6rebilmeniz i\u00e7in en yayg\u0131n olanlar\u0131 burada sizin i\u00e7in bir araya getirdik. Ek olarak, videomuz size her sa\u00e7\u0131n farkl\u0131 b\u00fcy\u00fcme evreleri ve bir tedavinin ilgili \u00f6zellikleri hakk\u0131nda bilgi verir.<\/p>\n<\/div>\n\n\n\n<div class=\"wp-block-column is-layout-flow wp-block-column-is-layout-flow\"><div class=\"wp-block-image is-style-rounded\">\n<figure class=\"aligncenter size-full is-resized\"><a href=\"https:\/\/www.youtube.com\/watch?v=yi5MJff8NPo\" target=\"_blank\" rel=\"noreferrer noopener\"><img loading=\"lazy\" decoding=\"async\" src=\"https:\/\/www.haarfreiheit.net\/wp-content\/uploads\/2022\/07\/Videolink-Wachstumsphasen-Youtube.jpg\" alt=\"Youtube Link Video Wachstumsphasen Haare\" class=\"wp-image-12361\" style=\"object-fit:contain;width:492px;height:302px\" width=\"492\" height=\"302\" srcset=\"https:\/\/www.haarfreiheit.net\/wp-content\/uploads\/2022\/07\/Videolink-Wachstumsphasen-Youtube.jpg 600w, https:\/\/www.haarfreiheit.net\/wp-content\/uploads\/2022\/07\/Videolink-Wachstumsphasen-Youtube-300x184.jpg 300w\" sizes=\"auto, (max-width: 492px) 100vw, 492px\" \/><\/a><\/figure>\n<\/div><\/div>\n<\/div>\n\n\n\n<div class=\"wp-block-columns is-layout-flex wp-container-core-columns-is-layout-9d6595d7 wp-block-columns-is-layout-flex\">\n<div class=\"wp-block-column is-layout-flow wp-block-column-is-layout-flow\">\n<div style=\"height:68px\" aria-hidden=\"true\" class=\"wp-block-spacer\"><\/div>\n\n\n\n<h2 class=\"wp-block-heading has-text-align-center\" id=\"mesafeyi-koru\">MESAFEY\u0130 KORU<\/h2>\n\n\n\n<p class=\"has-text-align-center\">Ba\u015far\u0131l\u0131 bir kal\u0131c\u0131 epilasyon tedavisi* i\u00e7in, takip randevular\u0131 aras\u0131ndaki aral\u0131klara kesinlikle uyulmal\u0131d\u0131r. \u00d6rne\u011fin bir tatil gezisi nedeniyle daha uzun bir ara vermeniz gerekti\u011fini zaten biliyorsan\u0131z, bunu \u00f6nceden g\u00f6z \u00f6n\u00fcnde bulundurmal\u0131s\u0131n\u0131z.<\/p>\n\n\n\n<p class=\"has-text-align-center\">D\u00f6ng\u00fcler v\u00fccut b\u00f6lgesine ba\u011fl\u0131 olarak farkl\u0131d\u0131r<\/p>\n\n\n\n<p class=\"has-text-align-center\"><strong>4 hafta<\/strong>&nbsp;&nbsp;&nbsp;&nbsp;&nbsp;&nbsp;&nbsp;&nbsp;&nbsp; koltuk alt\u0131, bikini, samimi, alt kat<\/p>\n\n\n\n<p class=\"has-text-align-center\"><strong>6 hafta<\/strong>&nbsp;&nbsp;&nbsp;&nbsp;&nbsp;&nbsp;&nbsp;&nbsp;&nbsp; ayaklar, alt bacaklar, uyluklar, g\u00f6\u011f\u00fcs, kar\u0131n, kal\u00e7alar, sa\u011fr\u0131, s\u0131rt, omuzlar, boyun, \u00fcst kol, \u00f6nkol, eller<\/p>\n\n\n\n<p class=\"has-text-align-center\"><strong>8 hafta<\/strong>&nbsp;&nbsp;&nbsp;&nbsp;&nbsp;&nbsp;&nbsp;&nbsp; y\u00fcz, boyun, \u00fcst dudak, \u00e7ene, ba\u015f<\/p>\n\n\n\n<div style=\"height:104px\" aria-hidden=\"true\" class=\"wp-block-spacer\"><\/div>\n\n\n\n<h3 class=\"wp-block-heading has-text-align-center\">B\u00dcY\u00dcME D\u00d6NG\u00dcLER\u0130 NEDEN G\u00d6ZLENMEL\u0130D\u0130R?<\/h3>\n\n\n\n<p class=\"has-text-align-center\">Bir d\u00f6ng\u00fc i\u00e7inde sa\u00e7\u0131n sadece %10&#8217;u aktif b\u00fcy\u00fcme evresindedir<\/p>\n\n\n\n<div style=\"height:12px\" aria-hidden=\"true\" class=\"wp-block-spacer\"><\/div>\n<\/div>\n<\/div>\n\n\n\n<div class=\"wp-block-columns is-layout-flex wp-container-core-columns-is-layout-9d6595d7 wp-block-columns-is-layout-flex\">\n<div class=\"wp-block-column is-layout-flow wp-block-column-is-layout-flow\"><div class=\"wp-block-image\">\n<figure class=\"aligncenter size-full is-resized\"><img loading=\"lazy\" decoding=\"async\" src=\"https:\/\/www.haarfreiheit.net\/wp-content\/uploads\/2021\/11\/Grafik_Kollage-vor-Behandlung.png\" alt=\"\u0130nfografik Tedavi Tekrar\u0131\" class=\"wp-image-9061\" style=\"object-fit:contain;width:514px;height:441px\" width=\"514\" height=\"441\" srcset=\"https:\/\/www.haarfreiheit.net\/wp-content\/uploads\/2021\/11\/Grafik_Kollage-vor-Behandlung.png 980w, https:\/\/www.haarfreiheit.net\/wp-content\/uploads\/2021\/11\/Grafik_Kollage-vor-Behandlung-300x257.png 300w\" sizes=\"auto, (max-width: 514px) 100vw, 514px\" \/><\/figure>\n<\/div>\n\n\n<div style=\"height:26px\" aria-hidden=\"true\" class=\"wp-block-spacer\"><\/div>\n\n\n\n<p class=\"has-text-align-center\">Bir sa\u00e7\u0131n b\u00fcy\u00fcme a\u015famas\u0131nda, birka\u00e7 d\u00f6ng\u00fcden ge\u00e7er. Kal\u0131c\u0131 epilasyon* i\u00e7in \u00f6nemli olan b\u00fcy\u00fcme evreleri, anagen evre olarak da bilinen aktif evre ve dinlenme evresidir (telojen evresi). Dinlenme evresindeki sa\u00e7\u0131n sa\u00e7 k\u00f6k\u00fc ile ba\u011flant\u0131s\u0131 olmad\u0131\u011f\u0131 i\u00e7in besinlerle beslenmez ve bu nedenle uzamaya devam etmez. Aktif fazda ise, sa\u00e7 k\u00f6k\u00fc ile bir ba\u011flant\u0131s\u0131 vard\u0131r ve bu nedenle, b\u00fcy\u00fcmeye yol a\u00e7an besinlerle kar\u015f\u0131lanabilir.<\/p>\n\n\n\n<div style=\"height:26px\" aria-hidden=\"true\" class=\"wp-block-spacer\"><\/div>\n\n\n\n<p class=\"has-text-align-center\">Bu nedenle, tedavinin sa\u00e7\u0131 aktif b\u00fcy\u00fcme a\u015famas\u0131nda tedavi etmesi \u00f6nemlidir. XENOgel Teknolojisi ile tedavi s\u0131ras\u0131nda \u0131\u015f\u0131k sa\u00e7 k\u00f6k\u00fcne n\u00fcfuz edebilir ve onu denat\u00fcre edebilir. Sonu\u00e7 olarak, sa\u00e7 k\u00f6k\u00fcne art\u0131k besin sa\u011flanmaz ve sa\u00e7 d\u00f6k\u00fcl\u00fcr.<\/p>\n\n\n\n<div style=\"height:26px\" aria-hidden=\"true\" class=\"wp-block-spacer\"><\/div>\n\n\n\n<p class=\"has-text-align-center\">V\u00fccut k\u0131llar\u0131n\u0131n yakla\u015f\u0131k %90&#8217;\u0131 dinlenme a\u015famas\u0131ndad\u0131r, bu nedenle sadece %10&#8217;u aktif fazdad\u0131r. Anagen b\u00fcy\u00fcme evresi her sa\u00e7 i\u00e7in yakla\u015f\u0131k 4 hafta s\u00fcrer. V\u00fccut b\u00f6lgesine ba\u011fl\u0131 olarak bu evre de 6 veya 8 hafta s\u00fcrebilir. Bunu 9\u00d74 hafta, 9\u00d76 veya 9\u00d78 hafta dinlenerek her sa\u00e7 i\u00e7in telojen faz\u0131 takip eder. Her sa\u00e7\u0131n kendi d\u00f6ng\u00fcs\u00fc vard\u0131r.<\/p>\n\n\n\n<div style=\"height:26px\" aria-hidden=\"true\" class=\"wp-block-spacer\"><\/div>\n\n\n\n<p class=\"has-text-align-center\">10cm\u00b2&#8217;lik bir alanda 1000 sa\u00e7 teli oldu\u011funu varsayal\u0131m. B\u00f6ylece, \u00f6rne\u011fin siklusun 4 hafta oldu\u011fu 900 sa\u00e7 uykuda ve 100 tanesi aktif fazdad\u0131r. \u015eimdi, 4 hafta sonra, daha \u00f6nce uykuda olan di\u011fer k\u0131llar\u0131n %10&#8217;u anajen fazdad\u0131r. Sonu\u00e7 olarak, d\u00f6ng\u00fclere uymak \u00f6nemlidir, aksi takdirde t\u00fcm sa\u00e7\u0131n aktif b\u00fcy\u00fcme a\u015famas\u0131nda tedavi edildi\u011fi garanti edilemez. Tedavi d\u00f6ng\u00fcs\u00fc kesintiye u\u011frarsa hangi t\u00fcylerin aktif fazda oldu\u011funu belirlemek m\u00fcmk\u00fcn de\u011fildir. Bu, t\u00fcm s\u00fcrecin neredeyse ba\u015ftan ba\u015flamas\u0131na neden olabilir. Bu nedenle, istenen kal\u0131c\u0131 epilasyon sonucunu elde etmek i\u00e7in ek tedavi gereklidir*.<\/p>\n\n\n\n<div style=\"height:26px\" aria-hidden=\"true\" class=\"wp-block-spacer\"><\/div>\n\n\n<div class=\"wp-block-image\">\n<figure class=\"aligncenter size-large is-resized\"><img loading=\"lazy\" decoding=\"async\" src=\"https:\/\/www.haarfreiheit.net\/wp-content\/uploads\/2021\/11\/Haarfreiheit-Haarwachstum-Infobrosch-8seitigindd-1024x281.png\" alt=\"\u0130nfografik Tedavi Tekrar\u0131\" class=\"wp-image-9067\" style=\"object-fit:contain;width:1044px;height:286px\" width=\"1044\" height=\"286\" srcset=\"https:\/\/www.haarfreiheit.net\/wp-content\/uploads\/2021\/11\/Haarfreiheit-Haarwachstum-Infobrosch-8seitigindd-1024x281.png 1024w, https:\/\/www.haarfreiheit.net\/wp-content\/uploads\/2021\/11\/Haarfreiheit-Haarwachstum-Infobrosch-8seitigindd-300x82.png 300w, https:\/\/www.haarfreiheit.net\/wp-content\/uploads\/2021\/11\/Haarfreiheit-Haarwachstum-Infobrosch-8seitigindd.png 1240w\" sizes=\"auto, (max-width: 1044px) 100vw, 1044px\" \/><\/figure>\n<\/div>\n\n\n<div style=\"height:73px\" aria-hidden=\"true\" class=\"wp-block-spacer\"><\/div>\n<\/div>\n<\/div>\n<\/div><\/div>\n\n\n\n<div style=\"height:50px\" aria-hidden=\"true\" class=\"wp-block-spacer\"><\/div>\n\n\n\n<div class=\"wp-block-cover is-light\"><span aria-hidden=\"true\" class=\"wp-block-cover__background has-background-dim\"><\/span><img loading=\"lazy\" decoding=\"async\" width=\"1980\" height=\"1232\" class=\"wp-block-cover__image-background wp-image-7936\" alt=\"Hintergrundbild Frau\" src=\"https:\/\/www.haarfreiheit.net\/wp-content\/uploads\/2021\/10\/Haare-Template-Bild.jpg\" data-object-fit=\"cover\" srcset=\"https:\/\/www.haarfreiheit.net\/wp-content\/uploads\/2021\/10\/Haare-Template-Bild.jpg 1980w, https:\/\/www.haarfreiheit.net\/wp-content\/uploads\/2021\/10\/Haare-Template-Bild-300x187.jpg 300w, https:\/\/www.haarfreiheit.net\/wp-content\/uploads\/2021\/10\/Haare-Template-Bild-1024x637.jpg 1024w, https:\/\/www.haarfreiheit.net\/wp-content\/uploads\/2021\/10\/Haare-Template-Bild-1536x956.jpg 1536w\" sizes=\"auto, (max-width: 1980px) 100vw, 1980px\" \/><div class=\"wp-block-cover__inner-container is-layout-flow wp-block-cover-is-layout-flow\">\n<div style=\"height:71px\" aria-hidden=\"true\" class=\"wp-block-spacer\"><\/div>\n\n\n<div class=\"wp-block-image\">\n<figure class=\"aligncenter size-large is-resized\"><img loading=\"lazy\" decoding=\"async\" src=\"https:\/\/www.haarfreiheit.net\/wp-content\/uploads\/2021\/11\/Logo-mit-swosh-1024x184.png\" alt=\"\u0130nce beyaz \u00e7izgili logo\" class=\"wp-image-5618\" style=\"object-fit:contain;width:1028px;height:185px\" width=\"1028\" height=\"185\" srcset=\"https:\/\/www.haarfreiheit.net\/wp-content\/uploads\/2021\/11\/Logo-mit-swosh-1024x184.png 1024w, https:\/\/www.haarfreiheit.net\/wp-content\/uploads\/2021\/11\/Logo-mit-swosh-300x54.png 300w, https:\/\/www.haarfreiheit.net\/wp-content\/uploads\/2021\/11\/Logo-mit-swosh.png 1299w\" sizes=\"auto, (max-width: 1028px) 100vw, 1028px\" \/><\/figure>\n<\/div>\n\n\n<div style=\"height:31px\" aria-hidden=\"true\" class=\"wp-block-spacer\"><\/div>\n\n\n\n<div class=\"wp-block-columns is-layout-flex wp-container-core-columns-is-layout-9d6595d7 wp-block-columns-is-layout-flex\">\n<div class=\"wp-block-column is-layout-flow wp-block-column-is-layout-flow\">\n<div class=\"wp-block-buttons is-horizontal is-content-justification-center is-layout-flex wp-container-core-buttons-is-layout-499968f5 wp-block-buttons-is-layout-flex\">\n<div class=\"wp-block-button\"><a class=\"wp-block-button__link has-black-color has-white-background-color has-text-color has-background wp-element-button\" href=\"\/tr\/xenogel-technology-kalici-epilasyon\/\">XENOgel Technology: En iyi teknolojimiz<\/a><\/div>\n<\/div>\n<\/div>\n\n\n\n<div class=\"wp-block-column is-layout-flow wp-block-column-is-layout-flow\">\n<div class=\"wp-block-buttons is-horizontal is-content-justification-center is-layout-flex wp-container-core-buttons-is-layout-499968f5 wp-block-buttons-is-layout-flex\">\n<div class=\"wp-block-button quaternary-bg-color is-style-fill\"><a class=\"wp-block-button__link wp-element-button\" href=\"\/tr\/randevu-al\/\">\u00dccretsiz bir dan\u0131\u015fma d\u00fczenleyin<\/a><\/div>\n<\/div>\n<\/div>\n<\/div>\n\n\n\n<div style=\"height:71px\" aria-hidden=\"true\" class=\"wp-block-spacer\"><\/div>\n<\/div><\/div>\n\n\n\n<div style=\"height:50px\" aria-hidden=\"true\" class=\"wp-block-spacer\"><\/div>\n\n\n\n<div style=\"height:80px\" aria-hidden=\"true\" class=\"wp-block-spacer\"><\/div>\n","protected":false},"excerpt":{"rendered":"","protected":false},"author":1,"featured_media":0,"parent":0,"menu_order":0,"comment_status":"closed","ping_status":"closed","template":"","meta":{"footnotes":""},"class_list":["post-9060","page","type-page","status-publish","hentry"],"yoast_head":"<!-- This site is optimized with the Yoast SEO plugin v27.1.1 - https:\/\/yoast.com\/product\/yoast-seo-wordpress\/ -->\n<title>Sa\u00e7 b\u00fcy\u00fcme d\u00f6ng\u00fcs\u00fc<\/title>\n<meta name=\"description\" content=\"B\u00fcy\u00fcme d\u00f6ng\u00fcs\u00fc hakk\u0131nda d\u00fc\u015f\u00fcnmek \u00e7ok \u00f6nemlidir. Nedenini buradan \u00f6\u011frenin. Sa\u00e7 b\u00fcy\u00fcme d\u00f6ng\u00fcs\u00fcn\u00fcn detaylar\u0131.\" \/>\n<meta name=\"robots\" content=\"index, follow, max-snippet:-1, max-image-preview:large, max-video-preview:-1\" \/>\n<link rel=\"canonical\" href=\"https:\/\/www.haarfreiheit.net\/tr\/bueyueme-doenguesue\/\" \/>\n<meta property=\"og:locale\" content=\"tr_TR\" \/>\n<meta property=\"og:type\" content=\"article\" \/>\n<meta property=\"og:title\" content=\"Sa\u00e7 b\u00fcy\u00fcme d\u00f6ng\u00fcs\u00fc\" \/>\n<meta property=\"og:description\" content=\"B\u00fcy\u00fcme d\u00f6ng\u00fcs\u00fc hakk\u0131nda d\u00fc\u015f\u00fcnmek \u00e7ok \u00f6nemlidir. Nedenini buradan \u00f6\u011frenin. Sa\u00e7 b\u00fcy\u00fcme d\u00f6ng\u00fcs\u00fcn\u00fcn detaylar\u0131.\" \/>\n<meta property=\"og:url\" content=\"https:\/\/www.haarfreiheit.net\/tr\/bueyueme-doenguesue\/\" \/>\n<meta property=\"og:site_name\" content=\"Haarfreiheit\" \/>\n<meta property=\"article:modified_time\" content=\"2023-09-27T14:13:25+00:00\" \/>\n<meta property=\"og:image\" content=\"https:\/\/www.haarfreiheit.net\/wp-content\/uploads\/2021\/11\/Maroon-Banner.jpg\" \/>\n<meta name=\"twitter:card\" content=\"summary_large_image\" \/>\n<meta name=\"twitter:label1\" content=\"Tahmini okuma s\u00fcresi\" \/>\n\t<meta name=\"twitter:data1\" content=\"4 dakika\" \/>\n<script type=\"application\/ld+json\" class=\"yoast-schema-graph\">{\"@context\":\"https:\/\/schema.org\",\"@graph\":[{\"@type\":\"WebPage\",\"@id\":\"https:\/\/www.haarfreiheit.net\/tr\/bueyueme-doenguesue\/\",\"url\":\"https:\/\/www.haarfreiheit.net\/tr\/bueyueme-doenguesue\/\",\"name\":\"Sa\u00e7 b\u00fcy\u00fcme d\u00f6ng\u00fcs\u00fc\",\"isPartOf\":{\"@id\":\"https:\/\/www.haarfreiheit.net\/tr\/#website\"},\"primaryImageOfPage\":{\"@id\":\"https:\/\/www.haarfreiheit.net\/tr\/bueyueme-doenguesue\/#primaryimage\"},\"image\":{\"@id\":\"https:\/\/www.haarfreiheit.net\/tr\/bueyueme-doenguesue\/#primaryimage\"},\"thumbnailUrl\":\"https:\/\/www.haarfreiheit.net\/wp-content\/uploads\/2021\/11\/Maroon-Banner.jpg\",\"datePublished\":\"2021-11-03T07:30:07+00:00\",\"dateModified\":\"2023-09-27T14:13:25+00:00\",\"description\":\"B\u00fcy\u00fcme d\u00f6ng\u00fcs\u00fc hakk\u0131nda d\u00fc\u015f\u00fcnmek \u00e7ok \u00f6nemlidir. Nedenini buradan \u00f6\u011frenin. Sa\u00e7 b\u00fcy\u00fcme d\u00f6ng\u00fcs\u00fcn\u00fcn detaylar\u0131.\",\"breadcrumb\":{\"@id\":\"https:\/\/www.haarfreiheit.net\/tr\/bueyueme-doenguesue\/#breadcrumb\"},\"inLanguage\":\"tr\",\"potentialAction\":[{\"@type\":\"ReadAction\",\"target\":[\"https:\/\/www.haarfreiheit.net\/tr\/bueyueme-doenguesue\/\"]}]},{\"@type\":\"ImageObject\",\"inLanguage\":\"tr\",\"@id\":\"https:\/\/www.haarfreiheit.net\/tr\/bueyueme-doenguesue\/#primaryimage\",\"url\":\"https:\/\/www.haarfreiheit.net\/wp-content\/uploads\/2021\/11\/Maroon-Banner.jpg\",\"contentUrl\":\"https:\/\/www.haarfreiheit.net\/wp-content\/uploads\/2021\/11\/Maroon-Banner.jpg\"},{\"@type\":\"BreadcrumbList\",\"@id\":\"https:\/\/www.haarfreiheit.net\/tr\/bueyueme-doenguesue\/#breadcrumb\",\"itemListElement\":[{\"@type\":\"ListItem\",\"position\":1,\"name\":\"Startseite\",\"item\":\"https:\/\/www.haarfreiheit.net\/tr\/\"},{\"@type\":\"ListItem\",\"position\":2,\"name\":\"B\u00dcY\u00dcME D\u00d6NG\u00dcLER\u0130\"}]},{\"@type\":\"WebSite\",\"@id\":\"https:\/\/www.haarfreiheit.net\/tr\/#website\",\"url\":\"https:\/\/www.haarfreiheit.net\/tr\/\",\"name\":\"Haarfreiheit\",\"description\":\"Dauerhafte Haarentfernung beim Experten\",\"potentialAction\":[{\"@type\":\"SearchAction\",\"target\":{\"@type\":\"EntryPoint\",\"urlTemplate\":\"https:\/\/www.haarfreiheit.net\/tr\/?s={search_term_string}\"},\"query-input\":{\"@type\":\"PropertyValueSpecification\",\"valueRequired\":true,\"valueName\":\"search_term_string\"}}],\"inLanguage\":\"tr\"}]}<\/script>\n<!-- \/ Yoast SEO plugin. -->","yoast_head_json":{"title":"Sa\u00e7 b\u00fcy\u00fcme d\u00f6ng\u00fcs\u00fc","description":"B\u00fcy\u00fcme d\u00f6ng\u00fcs\u00fc hakk\u0131nda d\u00fc\u015f\u00fcnmek \u00e7ok \u00f6nemlidir. Nedenini buradan \u00f6\u011frenin. Sa\u00e7 b\u00fcy\u00fcme d\u00f6ng\u00fcs\u00fcn\u00fcn detaylar\u0131.","robots":{"index":"index","follow":"follow","max-snippet":"max-snippet:-1","max-image-preview":"max-image-preview:large","max-video-preview":"max-video-preview:-1"},"canonical":"https:\/\/www.haarfreiheit.net\/tr\/bueyueme-doenguesue\/","og_locale":"tr_TR","og_type":"article","og_title":"Sa\u00e7 b\u00fcy\u00fcme d\u00f6ng\u00fcs\u00fc","og_description":"B\u00fcy\u00fcme d\u00f6ng\u00fcs\u00fc hakk\u0131nda d\u00fc\u015f\u00fcnmek \u00e7ok \u00f6nemlidir. Nedenini buradan \u00f6\u011frenin. Sa\u00e7 b\u00fcy\u00fcme d\u00f6ng\u00fcs\u00fcn\u00fcn detaylar\u0131.","og_url":"https:\/\/www.haarfreiheit.net\/tr\/bueyueme-doenguesue\/","og_site_name":"Haarfreiheit","article_modified_time":"2023-09-27T14:13:25+00:00","og_image":[{"url":"https:\/\/www.haarfreiheit.net\/wp-content\/uploads\/2021\/11\/Maroon-Banner.jpg","type":"","width":"","height":""}],"twitter_card":"summary_large_image","twitter_misc":{"Tahmini okuma s\u00fcresi":"4 dakika"},"schema":{"@context":"https:\/\/schema.org","@graph":[{"@type":"WebPage","@id":"https:\/\/www.haarfreiheit.net\/tr\/bueyueme-doenguesue\/","url":"https:\/\/www.haarfreiheit.net\/tr\/bueyueme-doenguesue\/","name":"Sa\u00e7 b\u00fcy\u00fcme d\u00f6ng\u00fcs\u00fc","isPartOf":{"@id":"https:\/\/www.haarfreiheit.net\/tr\/#website"},"primaryImageOfPage":{"@id":"https:\/\/www.haarfreiheit.net\/tr\/bueyueme-doenguesue\/#primaryimage"},"image":{"@id":"https:\/\/www.haarfreiheit.net\/tr\/bueyueme-doenguesue\/#primaryimage"},"thumbnailUrl":"https:\/\/www.haarfreiheit.net\/wp-content\/uploads\/2021\/11\/Maroon-Banner.jpg","datePublished":"2021-11-03T07:30:07+00:00","dateModified":"2023-09-27T14:13:25+00:00","description":"B\u00fcy\u00fcme d\u00f6ng\u00fcs\u00fc hakk\u0131nda d\u00fc\u015f\u00fcnmek \u00e7ok \u00f6nemlidir. Nedenini buradan \u00f6\u011frenin. Sa\u00e7 b\u00fcy\u00fcme d\u00f6ng\u00fcs\u00fcn\u00fcn detaylar\u0131.","breadcrumb":{"@id":"https:\/\/www.haarfreiheit.net\/tr\/bueyueme-doenguesue\/#breadcrumb"},"inLanguage":"tr","potentialAction":[{"@type":"ReadAction","target":["https:\/\/www.haarfreiheit.net\/tr\/bueyueme-doenguesue\/"]}]},{"@type":"ImageObject","inLanguage":"tr","@id":"https:\/\/www.haarfreiheit.net\/tr\/bueyueme-doenguesue\/#primaryimage","url":"https:\/\/www.haarfreiheit.net\/wp-content\/uploads\/2021\/11\/Maroon-Banner.jpg","contentUrl":"https:\/\/www.haarfreiheit.net\/wp-content\/uploads\/2021\/11\/Maroon-Banner.jpg"},{"@type":"BreadcrumbList","@id":"https:\/\/www.haarfreiheit.net\/tr\/bueyueme-doenguesue\/#breadcrumb","itemListElement":[{"@type":"ListItem","position":1,"name":"Startseite","item":"https:\/\/www.haarfreiheit.net\/tr\/"},{"@type":"ListItem","position":2,"name":"B\u00dcY\u00dcME D\u00d6NG\u00dcLER\u0130"}]},{"@type":"WebSite","@id":"https:\/\/www.haarfreiheit.net\/tr\/#website","url":"https:\/\/www.haarfreiheit.net\/tr\/","name":"Haarfreiheit","description":"Dauerhafte Haarentfernung beim Experten","potentialAction":[{"@type":"SearchAction","target":{"@type":"EntryPoint","urlTemplate":"https:\/\/www.haarfreiheit.net\/tr\/?s={search_term_string}"},"query-input":{"@type":"PropertyValueSpecification","valueRequired":true,"valueName":"search_term_string"}}],"inLanguage":"tr"}]}},"_links":{"self":[{"href":"https:\/\/www.haarfreiheit.net\/tr\/wp-json\/wp\/v2\/pages\/9060","targetHints":{"allow":["GET"]}}],"collection":[{"href":"https:\/\/www.haarfreiheit.net\/tr\/wp-json\/wp\/v2\/pages"}],"about":[{"href":"https:\/\/www.haarfreiheit.net\/tr\/wp-json\/wp\/v2\/types\/page"}],"author":[{"embeddable":true,"href":"https:\/\/www.haarfreiheit.net\/tr\/wp-json\/wp\/v2\/users\/1"}],"replies":[{"embeddable":true,"href":"https:\/\/www.haarfreiheit.net\/tr\/wp-json\/wp\/v2\/comments?post=9060"}],"version-history":[{"count":10,"href":"https:\/\/www.haarfreiheit.net\/tr\/wp-json\/wp\/v2\/pages\/9060\/revisions"}],"predecessor-version":[{"id":21155,"href":"https:\/\/www.haarfreiheit.net\/tr\/wp-json\/wp\/v2\/pages\/9060\/revisions\/21155"}],"wp:attachment":[{"href":"https:\/\/www.haarfreiheit.net\/tr\/wp-json\/wp\/v2\/media?parent=9060"}],"curies":[{"name":"wp","href":"https:\/\/api.w.org\/{rel}","templated":true}]}}