{"id":9076,"date":"2021-08-04T10:51:36","date_gmt":"2021-08-04T08:51:36","guid":{"rendered":"https:\/\/www.haarfreiheit.net\/haarentfernung-frauen-gesicht\/"},"modified":"2023-09-27T15:58:07","modified_gmt":"2023-09-27T13:58:07","slug":"epilasyon-kadinlar-yuez","status":"publish","type":"page","link":"https:\/\/www.haarfreiheit.net\/tr\/epilasyon-kadinlar-yuez\/","title":{"rendered":"kalici epilasyon bayan | y\u00fcz"},"content":{"rendered":"\n<div class=\"wp-block-cover is-light\" style=\"min-height:250px;aspect-ratio:unset;\"><span aria-hidden=\"true\" class=\"wp-block-cover__background has-white-background-color has-background-dim-20 has-background-dim\"><\/span><img loading=\"lazy\" decoding=\"async\" width=\"1980\" height=\"1417\" class=\"wp-block-cover__image-background wp-image-2720\" alt=\"Y\u00fcz g\u00fczel kad\u0131n foto\u011fraf\" src=\"https:\/\/www.haarfreiheit.net\/wp-content\/uploads\/2021\/10\/Frau-Gesicht-Hintergrund.jpg\" style=\"object-position:99% 0%\" data-object-fit=\"cover\" data-object-position=\"99% 0%\" srcset=\"https:\/\/www.haarfreiheit.net\/wp-content\/uploads\/2021\/10\/Frau-Gesicht-Hintergrund.jpg 1980w, https:\/\/www.haarfreiheit.net\/wp-content\/uploads\/2021\/10\/Frau-Gesicht-Hintergrund-300x215.jpg 300w, https:\/\/www.haarfreiheit.net\/wp-content\/uploads\/2021\/10\/Frau-Gesicht-Hintergrund-1024x733.jpg 1024w, https:\/\/www.haarfreiheit.net\/wp-content\/uploads\/2021\/10\/Frau-Gesicht-Hintergrund-1536x1099.jpg 1536w\" sizes=\"auto, (max-width: 1980px) 100vw, 1980px\" \/><div class=\"wp-block-cover__inner-container is-layout-flow wp-block-cover-is-layout-flow\">\n<div style=\"height:66px\" aria-hidden=\"true\" class=\"wp-block-spacer\"><\/div>\n\n\n\n<div class=\"wp-block-columns is-layout-flex wp-container-core-columns-is-layout-9d6595d7 wp-block-columns-is-layout-flex\">\n<div class=\"wp-block-column is-vertically-aligned-center is-layout-flow wp-block-column-is-layout-flow\" style=\"flex-basis:27%\"><div class=\"wp-block-image\">\n<figure class=\"aligncenter size-full is-resized\"><img loading=\"lazy\" decoding=\"async\" src=\"https:\/\/www.haarfreiheit.net\/wp-content\/uploads\/2021\/11\/Gesicht-Wabe-Frau.png\" alt=\"Y\u00fcz g\u00fczel kad\u0131n foto\u011fraf\" class=\"wp-image-5563\" style=\"object-fit:contain;width:343px;height:321px\" width=\"343\" height=\"321\" srcset=\"https:\/\/www.haarfreiheit.net\/wp-content\/uploads\/2021\/11\/Gesicht-Wabe-Frau.png 400w, https:\/\/www.haarfreiheit.net\/wp-content\/uploads\/2021\/11\/Gesicht-Wabe-Frau-300x281.png 300w\" sizes=\"auto, (max-width: 343px) 100vw, 343px\" \/><\/figure>\n<\/div><\/div>\n\n\n\n<div class=\"wp-block-column is-vertically-aligned-center is-layout-flow wp-block-column-is-layout-flow\" style=\"flex-basis:55%\">\n<h1 class=\"wp-block-heading has-text-align-center has-text-color primary-color\" id=\"yuz\"><strong>Y\u00dcZ<\/strong><\/h1>\n\n\n\n<div style=\"height:25px\" aria-hidden=\"true\" class=\"wp-block-spacer\"><\/div>\n\n\n<div class=\"wp-block-image\">\n<figure class=\"aligncenter size-large is-resized\"><img loading=\"lazy\" decoding=\"async\" src=\"https:\/\/www.haarfreiheit.net\/wp-content\/uploads\/2021\/11\/Trenner-Weiblichkeitszeichen-1024x201.png\" alt=\"\u00c7izgi Grafikleri B\u00f6lme\" class=\"wp-image-7018\" style=\"object-fit:contain;width:560px;height:110px\" width=\"560\" height=\"110\" srcset=\"https:\/\/www.haarfreiheit.net\/wp-content\/uploads\/2021\/11\/Trenner-Weiblichkeitszeichen-1024x201.png 1024w, https:\/\/www.haarfreiheit.net\/wp-content\/uploads\/2021\/11\/Trenner-Weiblichkeitszeichen-300x59.png 300w, https:\/\/www.haarfreiheit.net\/wp-content\/uploads\/2021\/11\/Trenner-Weiblichkeitszeichen.png 1140w\" sizes=\"auto, (max-width: 560px) 100vw, 560px\" \/><\/figure>\n<\/div>\n\n\n<div style=\"height:26px\" aria-hidden=\"true\" class=\"wp-block-spacer\"><\/div>\n\n\n\n<h2 class=\"wp-block-heading has-text-align-center primary-color\" id=\"kadinlar-icin-vucut-bolgeleri\">Kad\u0131nlar i\u00e7in v\u00fccut b\u00f6lgeleri<\/h2>\n<\/div>\n<\/div>\n\n\n\n<div style=\"height:62px\" aria-hidden=\"true\" class=\"wp-block-spacer\"><\/div>\n<\/div><\/div>\n\n\n\n<div style=\"height:82px\" aria-hidden=\"true\" class=\"wp-block-spacer is-style-s50\"><\/div>\n\n\n\n<div class=\"wp-block-columns is-layout-flex wp-container-core-columns-is-layout-9d6595d7 wp-block-columns-is-layout-flex\">\n<div class=\"wp-block-column is-layout-flow wp-block-column-is-layout-flow\">\n<div style=\"height:34px\" aria-hidden=\"true\" class=\"wp-block-spacer\"><\/div>\n\n\n\n<h3 class=\"wp-block-heading has-text-align-center primary-color\" id=\"guzelligini-parlat\">G\u00dcZELL\u0130\u011e\u0130NI PARLAT<\/h3>\n\n\n\n<p class=\"has-text-align-center\">Unser Gesicht strahlt unsere innere Sch\u00f6nheit nach au\u00dfen. Menschen Y\u00fcz\u00fcm\u00fcz i\u00e7 g\u00fczelli\u011fimizi d\u0131\u015fa yans\u0131t\u0131r. \u0130nsanlar ilk izlenim i\u00e7in sadece g\u00f6zlerimizin i\u00e7ine de\u011fil, ayn\u0131 zamanda y\u00fcz\u00fcm\u00fczdeki deriye de bakarlar. Yumu\u015fak ve ipeksi bir cilt ile i\u00e7 g\u00fczelli\u011finizi vurgulayabilirsiniz. Rahats\u0131z edici sakallardan kurtulun ve \u015fekilli ka\u015flarla genel izleniminizi m\u00fckemmelle\u015ftirin.<\/p>\n\n\n\n<div style=\"height:66px\" aria-hidden=\"true\" class=\"wp-block-spacer\"><\/div>\n<\/div>\n\n\n\n<div class=\"wp-block-column is-vertically-aligned-center is-layout-flow wp-block-column-is-layout-flow\"><div class=\"wp-block-image is-style-rounded\">\n<figure class=\"aligncenter size-full is-resized\"><a href=\"https:\/\/www.youtube.com\/watch?v=bYHNxwN8hnI\" target=\"_blank\" rel=\"noreferrer noopener\"><img loading=\"lazy\" decoding=\"async\" src=\"https:\/\/www.haarfreiheit.net\/wp-content\/uploads\/2022\/07\/Gesichtsbehandlung-Aufnahme-Youtube-Link.jpg\" alt=\"Youtube Link Video Gesichtsbehandlung\" class=\"wp-image-12369\" style=\"object-fit:contain;width:525px;height:323px\" width=\"525\" height=\"323\" srcset=\"https:\/\/www.haarfreiheit.net\/wp-content\/uploads\/2022\/07\/Gesichtsbehandlung-Aufnahme-Youtube-Link.jpg 700w, https:\/\/www.haarfreiheit.net\/wp-content\/uploads\/2022\/07\/Gesichtsbehandlung-Aufnahme-Youtube-Link-300x184.jpg 300w\" sizes=\"auto, (max-width: 525px) 100vw, 525px\" \/><\/a><\/figure>\n<\/div><\/div>\n<\/div>\n\n\n\n<div class=\"wp-block-columns is-layout-flex wp-container-core-columns-is-layout-9d6595d7 wp-block-columns-is-layout-flex\">\n<div class=\"wp-block-column is-layout-flow wp-block-column-is-layout-flow\"><div class=\"wp-block-image\">\n<figure class=\"aligncenter size-large is-resized\"><img loading=\"lazy\" decoding=\"async\" src=\"https:\/\/www.haarfreiheit.net\/wp-content\/uploads\/2021\/11\/Trenner-Weiblichkeitszeichen-1024x201.png\" alt=\"\u00c7izgi Grafikleri B\u00f6lme\" class=\"wp-image-7201\" style=\"object-fit:contain;width:680px;height:134px\" width=\"680\" height=\"134\" srcset=\"https:\/\/www.haarfreiheit.net\/wp-content\/uploads\/2021\/11\/Trenner-Weiblichkeitszeichen-1024x201.png 1024w, https:\/\/www.haarfreiheit.net\/wp-content\/uploads\/2021\/11\/Trenner-Weiblichkeitszeichen-300x59.png 300w, https:\/\/www.haarfreiheit.net\/wp-content\/uploads\/2021\/11\/Trenner-Weiblichkeitszeichen.png 1140w\" sizes=\"auto, (max-width: 680px) 100vw, 680px\" \/><\/figure>\n<\/div><\/div>\n<\/div>\n\n\n\n<div style=\"height:45px\" aria-hidden=\"true\" class=\"wp-block-spacer is-style-s50\"><\/div>\n\n\n\n<div class=\"wp-block-columns is-layout-flex wp-container-core-columns-is-layout-9d6595d7 wp-block-columns-is-layout-flex\">\n<div class=\"wp-block-column is-layout-flow wp-block-column-is-layout-flow\">\n<h3 class=\"wp-block-heading has-text-align-center has-text-color primary-color\" id=\"mukemmel-kaslar\">M\u00dcKEMMEL KA\u015eLAR<\/h3>\n\n\n\n<p>G\u00fcn\u00fcm\u00fczde \u015fekillendirilmi\u015f ka\u015flara \u00e7ok \u00f6nem verilmektedir, ancak bunlar \u00e7o\u011fu insanda olduk\u00e7a asimetrik olarak b\u00fcy\u00fcr. XENOgel i\u015flemimizle ka\u015flar\u0131n\u0131z\u0131 g\u00fcnl\u00fck yolma veya di\u011fer zaman al\u0131c\u0131 y\u00f6ntemler olmadan \u015fekillendirebilirsiniz.<\/p>\n\n\n\n<div style=\"height:66px\" aria-hidden=\"true\" class=\"wp-block-spacer\"><\/div>\n<\/div>\n\n\n\n<div class=\"wp-block-column is-layout-flow wp-block-column-is-layout-flow\">\n<h3 class=\"wp-block-heading has-text-align-center has-text-color primary-color\" id=\"can-sikici-ust-dudak-tuylerine-veda-edin\">CAN SIKICI \u00dcST DUDAK T\u00dcYLER\u0130NE VEDA ED\u0130N<\/h3>\n\n\n\n<p class=\"has-text-align-center has-black-color has-text-color\">Kad\u0131nlar\u0131n \u00e7enelerinde veya \u00fcst duda\u011f\u0131nda ince sa\u00e7lara veya hafif a\u00e7\u0131kl\u0131\u011fa sahip olmalar\u0131 nadir de\u011fildir. G\u00fc\u00e7l\u00fc sa\u00e7lar da nadir de\u011fildir. Bu s\u00f6zde bayan sakal\u0131 bir\u00e7ok kad\u0131n i\u00e7in istenmeyen bir durumdur. IPL, diyot lazer veya SHR gibi yenilik\u00e7i epilasyon y\u00f6ntemlerimiz sayesinde can s\u0131k\u0131c\u0131 t\u00fcyler ge\u00e7mi\u015fte kald\u0131. Nazik ve cilt dostu y\u00f6ntemlerimiz, bu t\u00fcr hassas b\u00f6lgelerde bile sadece etkili de\u011fil, ayn\u0131 zamanda a\u011fr\u0131s\u0131z tedavi sunar.<\/p>\n\n\n\n<div style=\"height:66px\" aria-hidden=\"true\" class=\"wp-block-spacer\"><\/div>\n\n\n<div class=\"wp-block-image\">\n<figure class=\"aligncenter size-full is-resized\"><img loading=\"lazy\" decoding=\"async\" src=\"https:\/\/www.haarfreiheit.net\/wp-content\/uploads\/2021\/11\/XENOgel_Logo.png\" alt=\"Logo XENOgel mur\" class=\"wp-image-7173\" style=\"object-fit:contain;width:468px;height:122px\" width=\"468\" height=\"122\" srcset=\"https:\/\/www.haarfreiheit.net\/wp-content\/uploads\/2021\/11\/XENOgel_Logo.png 999w, https:\/\/www.haarfreiheit.net\/wp-content\/uploads\/2021\/11\/XENOgel_Logo-300x78.png 300w\" sizes=\"auto, (max-width: 468px) 100vw, 468px\" \/><\/figure>\n<\/div><\/div>\n<\/div>\n\n\n\n<div style=\"height:74px\" aria-hidden=\"true\" class=\"wp-block-spacer is-style-s50\"><\/div>\n\n\n\n<div class=\"wp-block-cover is-light has-background-dim-80 has-white-background-color has-background-dim\"><span aria-hidden=\"true\" class=\"wp-block-cover__background has-white-background-color has-background-dim-80 has-background-dim\"><\/span><img loading=\"lazy\" decoding=\"async\" width=\"1980\" height=\"858\" class=\"wp-block-cover__image-background wp-image-3202\" alt=\"Efektli g\u00f6r\u00fcnt\u00fc arka plan\u0131\" src=\"https:\/\/www.haarfreiheit.net\/wp-content\/uploads\/2021\/11\/Maroon-Banner.jpg\" style=\"object-position:0% 100%\" data-object-fit=\"cover\" data-object-position=\"0% 100%\" srcset=\"https:\/\/www.haarfreiheit.net\/wp-content\/uploads\/2021\/11\/Maroon-Banner.jpg 1980w, https:\/\/www.haarfreiheit.net\/wp-content\/uploads\/2021\/11\/Maroon-Banner-300x130.jpg 300w, https:\/\/www.haarfreiheit.net\/wp-content\/uploads\/2021\/11\/Maroon-Banner-1024x444.jpg 1024w, https:\/\/www.haarfreiheit.net\/wp-content\/uploads\/2021\/11\/Maroon-Banner-1536x666.jpg 1536w\" sizes=\"auto, (max-width: 1980px) 100vw, 1980px\" \/><div class=\"wp-block-cover__inner-container is-layout-flow wp-block-cover-is-layout-flow\">\n<div style=\"height:77px\" aria-hidden=\"true\" class=\"wp-block-spacer is-style-s50\"><\/div>\n\n\n\n<div class=\"wp-block-columns is-layout-flex wp-container-core-columns-is-layout-9d6595d7 wp-block-columns-is-layout-flex\">\n<div class=\"wp-block-column is-vertically-aligned-center is-layout-flow wp-block-column-is-layout-flow\"><div class=\"wp-block-image\">\n<figure class=\"aligncenter size-full\"><img loading=\"lazy\" decoding=\"async\" width=\"864\" height=\"490\" src=\"https:\/\/www.haarfreiheit.net\/wp-content\/uploads\/2021\/10\/Fotoepilation-an-der-Oberlippe.png\" alt=\"Foto\u011fraf tedavisi \u00fcst dudak\" class=\"wp-image-6360\" srcset=\"https:\/\/www.haarfreiheit.net\/wp-content\/uploads\/2021\/10\/Fotoepilation-an-der-Oberlippe.png 864w, https:\/\/www.haarfreiheit.net\/wp-content\/uploads\/2021\/10\/Fotoepilation-an-der-Oberlippe-300x170.png 300w\" sizes=\"auto, (max-width: 864px) 100vw, 864px\" \/><\/figure>\n<\/div><\/div>\n\n\n\n<div class=\"wp-block-column is-layout-flow wp-block-column-is-layout-flow\">\n<div style=\"height:21px\" aria-hidden=\"true\" class=\"wp-block-spacer\"><\/div>\n\n\n\n<h3 class=\"wp-block-heading has-text-align-center has-text-color primary-color\" id=\"ozgurlugun-keyfini-cikarin\">\u00d6ZG\u00dcRL\u00dc\u011e\u00dcN KEYF\u0130N\u0130 \u00c7IKARIN<\/h3>\n\n\n\n<p class=\"has-text-align-center has-black-color has-text-color\">Bir daha asla g\u00f6zle g\u00f6r\u00fcl\u00fcr y\u00fcz k\u0131llar\u0131 i\u00e7in endi\u015felenme. XENOgel prosed\u00fcr\u00fcm\u00fczle bir tedavi size yeni bir \u00f6zg\u00fcven verir. Art\u0131k saklanmay\u0131n ve \u00f6zg\u00fcrl\u00fc\u011f\u00fcn tad\u0131n\u0131 \u00e7\u0131kar\u0131n. Favori makyaj\u0131n\u0131z\u0131 dikkatlice tekrar uygulay\u0131n ve rahats\u0131z edici bir bayan\u0131n sakal\u0131ndan kal\u0131c\u0131 olarak * kurtulman\u0131n l\u00fcks\u00fcn\u00fcn tad\u0131n\u0131 \u00e7\u0131kar\u0131n.<\/p>\n\n\n\n<div style=\"height:53px\" aria-hidden=\"true\" class=\"wp-block-spacer\"><\/div>\n<\/div>\n<\/div>\n<\/div><\/div>\n\n\n\n<div style=\"height:82px\" aria-hidden=\"true\" class=\"wp-block-spacer is-style-s50\"><\/div>\n\n\n\n<div class=\"wp-block-columns is-layout-flex wp-container-core-columns-is-layout-9d6595d7 wp-block-columns-is-layout-flex\">\n<div class=\"wp-block-column is-layout-flow wp-block-column-is-layout-flow\">\n<h3 class=\"wp-block-heading has-text-align-center has-text-color primary-color\" id=\"bizimle-iyi-ellerdesiniz\">B\u0130Z\u0130MLE \u0130Y\u0130 ELLERDES\u0130N\u0130Z<\/h3>\n\n\n\n<p>Her enstit\u00fcdeki ekibimiz \u00f6ncelikle t\u0131p uzmanlar\u0131ndan olu\u015ftu\u011fu i\u00e7in size en y\u00fcksek kaliteyi sunabiliriz. \u00c7al\u0131\u015fanlar\u0131m\u0131z i\u00e7in d\u00fczenli e\u011fitim kurslar\u0131 en y\u00fcksek \u00f6nceli\u011fe sahiptir. Ancak bu \u015fekilde size t\u00fcm konularda en iyi uzmanl\u0131\u011f\u0131 garanti edebiliriz. Y\u00fcz hassas bir b\u00f6lge oldu\u011fundan, tedaviniz s\u0131ras\u0131nda rahatlayabilmeniz i\u00e7in sizi en \u00fcst d\u00fczeyde profesyonellik konusunda temin ederiz.<\/p>\n\n\n\n<div style=\"height:66px\" aria-hidden=\"true\" class=\"wp-block-spacer\"><\/div>\n<\/div>\n\n\n\n<div class=\"wp-block-column is-layout-flow wp-block-column-is-layout-flow\">\n<h3 class=\"wp-block-heading has-text-align-center has-text-color primary-color\" id=\"yenilikci-teknoloji-ile-hedef-icin\">YEN\u0130L\u0130K\u00c7\u0130 TEKNOLOJ\u0130 \u0130LE HEDEF \u0130\u00c7\u0130N<\/h3>\n\n\n\n<p>\u00d6nc\u00fc teknolojilerimizin yard\u0131m\u0131yla y\u00fczdeki k\u0131llar da kal\u0131c\u0131 olarak * al\u0131nabilir. Cevaps\u0131z sorular\u0131n\u0131z olmadan rahat bir tedaviye ba\u015flayabilmeniz i\u00e7in size tavsiyelerde bulunmaktan mutluluk duyar\u0131z.<\/p>\n<\/div>\n<\/div>\n\n\n\n<div style=\"height:72px\" aria-hidden=\"true\" class=\"wp-block-spacer is-style-s50\"><\/div>\n\n\n\n<div class=\"wp-block-cover is-light\" style=\"min-height:100px;aspect-ratio:unset;\"><span aria-hidden=\"true\" class=\"wp-block-cover__background has-background-dim-0 has-background-dim\"><\/span><img loading=\"lazy\" decoding=\"async\" width=\"1980\" height=\"1232\" class=\"wp-block-cover__image-background wp-image-7936\" alt=\"Efektli g\u00f6r\u00fcnt\u00fc arka plan\u0131\" src=\"https:\/\/www.haarfreiheit.net\/wp-content\/uploads\/2021\/10\/Haare-Template-Bild.jpg\" data-object-fit=\"cover\" srcset=\"https:\/\/www.haarfreiheit.net\/wp-content\/uploads\/2021\/10\/Haare-Template-Bild.jpg 1980w, https:\/\/www.haarfreiheit.net\/wp-content\/uploads\/2021\/10\/Haare-Template-Bild-300x187.jpg 300w, https:\/\/www.haarfreiheit.net\/wp-content\/uploads\/2021\/10\/Haare-Template-Bild-1024x637.jpg 1024w, https:\/\/www.haarfreiheit.net\/wp-content\/uploads\/2021\/10\/Haare-Template-Bild-1536x956.jpg 1536w\" sizes=\"auto, (max-width: 1980px) 100vw, 1980px\" \/><div class=\"wp-block-cover__inner-container is-layout-flow wp-block-cover-is-layout-flow\">\n<div style=\"height:60px\" aria-hidden=\"true\" class=\"wp-block-spacer\"><\/div>\n\n\n\n<div class=\"wp-block-columns is-layout-flex wp-container-core-columns-is-layout-9d6595d7 wp-block-columns-is-layout-flex\">\n<div class=\"wp-block-column is-layout-flow wp-block-column-is-layout-flow\">\n<div class=\"wp-block-buttons is-horizontal is-content-justification-center is-layout-flex wp-container-core-buttons-is-layout-499968f5 wp-block-buttons-is-layout-flex\">\n<div class=\"wp-block-button\"><a class=\"wp-block-button__link wp-element-button\" href=\"\/tr\/epilasyon-kadin\/\">Genel bak\u0131\u015fa d\u00f6n<\/a><\/div>\n<\/div>\n<\/div>\n\n\n\n<div class=\"wp-block-column is-layout-flow wp-block-column-is-layout-flow\">\n<div class=\"wp-block-buttons is-horizontal is-content-justification-center is-layout-flex wp-container-core-buttons-is-layout-499968f5 wp-block-buttons-is-layout-flex\">\n<div class=\"wp-block-button\"><a class=\"wp-block-button__link has-black-color has-white-background-color has-text-color has-background wp-element-button\" href=\"\/tr\/randevu-al\/\">\u00dccretsiz bir dan\u0131\u015fma d\u00fczenleyin<\/a><\/div>\n<\/div>\n<\/div>\n<\/div>\n\n\n\n<div style=\"height:53px\" aria-hidden=\"true\" class=\"wp-block-spacer\"><\/div>\n<\/div><\/div>\n","protected":false},"excerpt":{"rendered":"<p>G\u00dcZELL\u0130\u011e\u0130NI PARLAT Unser Gesicht strahlt unsere innere Sch\u00f6nheit nach au\u00dfen. Menschen Y\u00fcz\u00fcm\u00fcz i\u00e7 g\u00fczelli\u011fimizi d\u0131\u015fa yans\u0131t\u0131r. \u0130nsanlar ilk izlenim i\u00e7in sadece g\u00f6zlerimizin i\u00e7ine de\u011fil, ayn\u0131 zamanda y\u00fcz\u00fcm\u00fczdeki deriye de bakarlar. Yumu\u015fak ve ipeksi bir cilt ile i\u00e7 g\u00fczelli\u011finizi vurgulayabilirsiniz. Rahats\u0131z edici sakallardan kurtulun ve \u015fekilli ka\u015flarla genel izleniminizi m\u00fckemmelle\u015ftirin. M\u00dcKEMMEL KA\u015eLAR G\u00fcn\u00fcm\u00fczde \u015fekillendirilmi\u015f ka\u015flara \u00e7ok <a href=\"https:\/\/www.haarfreiheit.net\/tr\/epilasyon-kadinlar-yuez\/\" class=\"more-link\">&#8230;<\/a><\/p>\n","protected":false},"author":1,"featured_media":0,"parent":0,"menu_order":1,"comment_status":"closed","ping_status":"closed","template":"","meta":{"footnotes":""},"class_list":["post-9076","page","type-page","status-publish","hentry"],"yoast_head":"<!-- This site is optimized with the Yoast SEO plugin v27.1.1 - https:\/\/yoast.com\/product\/yoast-seo-wordpress\/ -->\n<title>Kal\u0131c\u0131 epilasyon kad\u0131n \u2013 y\u00fcz<\/title>\n<meta name=\"description\" content=\"P\u00fcr\u00fczs\u00fcz cilt ve m\u00fckemmel \u015fekillendirilmi\u015f ka\u015flar y\u00fcz\u00fcn\u00fcz\u00fc parlat\u0131r. Can s\u0131k\u0131c\u0131 \u00fcst dudak t\u00fcylerine veda edebilirsiniz.\" \/>\n<meta name=\"robots\" content=\"index, follow, max-snippet:-1, max-image-preview:large, max-video-preview:-1\" \/>\n<link rel=\"canonical\" href=\"https:\/\/www.haarfreiheit.net\/tr\/epilasyon-kadinlar-yuez\/\" \/>\n<meta property=\"og:locale\" content=\"tr_TR\" \/>\n<meta property=\"og:type\" content=\"article\" \/>\n<meta property=\"og:title\" content=\"Kal\u0131c\u0131 epilasyon kad\u0131n \u2013 y\u00fcz\" \/>\n<meta property=\"og:description\" content=\"P\u00fcr\u00fczs\u00fcz cilt ve m\u00fckemmel \u015fekillendirilmi\u015f ka\u015flar y\u00fcz\u00fcn\u00fcz\u00fc parlat\u0131r. Can s\u0131k\u0131c\u0131 \u00fcst dudak t\u00fcylerine veda edebilirsiniz.\" \/>\n<meta property=\"og:url\" content=\"https:\/\/www.haarfreiheit.net\/tr\/epilasyon-kadinlar-yuez\/\" \/>\n<meta property=\"og:site_name\" content=\"Haarfreiheit\" \/>\n<meta property=\"article:modified_time\" content=\"2023-09-27T13:58:07+00:00\" \/>\n<meta property=\"og:image\" content=\"https:\/\/www.haarfreiheit.net\/wp-content\/uploads\/2021\/10\/Frau-Gesicht-Hintergrund.jpg\" \/>\n<meta name=\"twitter:card\" content=\"summary_large_image\" \/>\n<meta name=\"twitter:label1\" content=\"Tahmini okuma s\u00fcresi\" \/>\n\t<meta name=\"twitter:data1\" content=\"4 dakika\" \/>\n<script type=\"application\/ld+json\" class=\"yoast-schema-graph\">{\"@context\":\"https:\/\/schema.org\",\"@graph\":[{\"@type\":\"WebPage\",\"@id\":\"https:\/\/www.haarfreiheit.net\/tr\/epilasyon-kadinlar-yuez\/\",\"url\":\"https:\/\/www.haarfreiheit.net\/tr\/epilasyon-kadinlar-yuez\/\",\"name\":\"Kal\u0131c\u0131 epilasyon kad\u0131n \u2013 y\u00fcz\",\"isPartOf\":{\"@id\":\"https:\/\/www.haarfreiheit.net\/tr\/#website\"},\"primaryImageOfPage\":{\"@id\":\"https:\/\/www.haarfreiheit.net\/tr\/epilasyon-kadinlar-yuez\/#primaryimage\"},\"image\":{\"@id\":\"https:\/\/www.haarfreiheit.net\/tr\/epilasyon-kadinlar-yuez\/#primaryimage\"},\"thumbnailUrl\":\"https:\/\/www.haarfreiheit.net\/wp-content\/uploads\/2021\/10\/Frau-Gesicht-Hintergrund.jpg\",\"datePublished\":\"2021-08-04T08:51:36+00:00\",\"dateModified\":\"2023-09-27T13:58:07+00:00\",\"description\":\"P\u00fcr\u00fczs\u00fcz cilt ve m\u00fckemmel \u015fekillendirilmi\u015f ka\u015flar y\u00fcz\u00fcn\u00fcz\u00fc parlat\u0131r. Can s\u0131k\u0131c\u0131 \u00fcst dudak t\u00fcylerine veda edebilirsiniz.\",\"breadcrumb\":{\"@id\":\"https:\/\/www.haarfreiheit.net\/tr\/epilasyon-kadinlar-yuez\/#breadcrumb\"},\"inLanguage\":\"tr\",\"potentialAction\":[{\"@type\":\"ReadAction\",\"target\":[\"https:\/\/www.haarfreiheit.net\/tr\/epilasyon-kadinlar-yuez\/\"]}]},{\"@type\":\"ImageObject\",\"inLanguage\":\"tr\",\"@id\":\"https:\/\/www.haarfreiheit.net\/tr\/epilasyon-kadinlar-yuez\/#primaryimage\",\"url\":\"https:\/\/www.haarfreiheit.net\/wp-content\/uploads\/2021\/10\/Frau-Gesicht-Hintergrund.jpg\",\"contentUrl\":\"https:\/\/www.haarfreiheit.net\/wp-content\/uploads\/2021\/10\/Frau-Gesicht-Hintergrund.jpg\"},{\"@type\":\"BreadcrumbList\",\"@id\":\"https:\/\/www.haarfreiheit.net\/tr\/epilasyon-kadinlar-yuez\/#breadcrumb\",\"itemListElement\":[{\"@type\":\"ListItem\",\"position\":1,\"name\":\"Startseite\",\"item\":\"https:\/\/www.haarfreiheit.net\/tr\/\"},{\"@type\":\"ListItem\",\"position\":2,\"name\":\"kalici epilasyon bayan | y\u00fcz\"}]},{\"@type\":\"WebSite\",\"@id\":\"https:\/\/www.haarfreiheit.net\/tr\/#website\",\"url\":\"https:\/\/www.haarfreiheit.net\/tr\/\",\"name\":\"Haarfreiheit\",\"description\":\"Dauerhafte Haarentfernung beim Experten\",\"potentialAction\":[{\"@type\":\"SearchAction\",\"target\":{\"@type\":\"EntryPoint\",\"urlTemplate\":\"https:\/\/www.haarfreiheit.net\/tr\/?s={search_term_string}\"},\"query-input\":{\"@type\":\"PropertyValueSpecification\",\"valueRequired\":true,\"valueName\":\"search_term_string\"}}],\"inLanguage\":\"tr\"}]}<\/script>\n<!-- \/ Yoast SEO plugin. -->","yoast_head_json":{"title":"Kal\u0131c\u0131 epilasyon kad\u0131n \u2013 y\u00fcz","description":"P\u00fcr\u00fczs\u00fcz cilt ve m\u00fckemmel \u015fekillendirilmi\u015f ka\u015flar y\u00fcz\u00fcn\u00fcz\u00fc parlat\u0131r. Can s\u0131k\u0131c\u0131 \u00fcst dudak t\u00fcylerine veda edebilirsiniz.","robots":{"index":"index","follow":"follow","max-snippet":"max-snippet:-1","max-image-preview":"max-image-preview:large","max-video-preview":"max-video-preview:-1"},"canonical":"https:\/\/www.haarfreiheit.net\/tr\/epilasyon-kadinlar-yuez\/","og_locale":"tr_TR","og_type":"article","og_title":"Kal\u0131c\u0131 epilasyon kad\u0131n \u2013 y\u00fcz","og_description":"P\u00fcr\u00fczs\u00fcz cilt ve m\u00fckemmel \u015fekillendirilmi\u015f ka\u015flar y\u00fcz\u00fcn\u00fcz\u00fc parlat\u0131r. Can s\u0131k\u0131c\u0131 \u00fcst dudak t\u00fcylerine veda edebilirsiniz.","og_url":"https:\/\/www.haarfreiheit.net\/tr\/epilasyon-kadinlar-yuez\/","og_site_name":"Haarfreiheit","article_modified_time":"2023-09-27T13:58:07+00:00","og_image":[{"url":"https:\/\/www.haarfreiheit.net\/wp-content\/uploads\/2021\/10\/Frau-Gesicht-Hintergrund.jpg","type":"","width":"","height":""}],"twitter_card":"summary_large_image","twitter_misc":{"Tahmini okuma s\u00fcresi":"4 dakika"},"schema":{"@context":"https:\/\/schema.org","@graph":[{"@type":"WebPage","@id":"https:\/\/www.haarfreiheit.net\/tr\/epilasyon-kadinlar-yuez\/","url":"https:\/\/www.haarfreiheit.net\/tr\/epilasyon-kadinlar-yuez\/","name":"Kal\u0131c\u0131 epilasyon kad\u0131n \u2013 y\u00fcz","isPartOf":{"@id":"https:\/\/www.haarfreiheit.net\/tr\/#website"},"primaryImageOfPage":{"@id":"https:\/\/www.haarfreiheit.net\/tr\/epilasyon-kadinlar-yuez\/#primaryimage"},"image":{"@id":"https:\/\/www.haarfreiheit.net\/tr\/epilasyon-kadinlar-yuez\/#primaryimage"},"thumbnailUrl":"https:\/\/www.haarfreiheit.net\/wp-content\/uploads\/2021\/10\/Frau-Gesicht-Hintergrund.jpg","datePublished":"2021-08-04T08:51:36+00:00","dateModified":"2023-09-27T13:58:07+00:00","description":"P\u00fcr\u00fczs\u00fcz cilt ve m\u00fckemmel \u015fekillendirilmi\u015f ka\u015flar y\u00fcz\u00fcn\u00fcz\u00fc parlat\u0131r. Can s\u0131k\u0131c\u0131 \u00fcst dudak t\u00fcylerine veda edebilirsiniz.","breadcrumb":{"@id":"https:\/\/www.haarfreiheit.net\/tr\/epilasyon-kadinlar-yuez\/#breadcrumb"},"inLanguage":"tr","potentialAction":[{"@type":"ReadAction","target":["https:\/\/www.haarfreiheit.net\/tr\/epilasyon-kadinlar-yuez\/"]}]},{"@type":"ImageObject","inLanguage":"tr","@id":"https:\/\/www.haarfreiheit.net\/tr\/epilasyon-kadinlar-yuez\/#primaryimage","url":"https:\/\/www.haarfreiheit.net\/wp-content\/uploads\/2021\/10\/Frau-Gesicht-Hintergrund.jpg","contentUrl":"https:\/\/www.haarfreiheit.net\/wp-content\/uploads\/2021\/10\/Frau-Gesicht-Hintergrund.jpg"},{"@type":"BreadcrumbList","@id":"https:\/\/www.haarfreiheit.net\/tr\/epilasyon-kadinlar-yuez\/#breadcrumb","itemListElement":[{"@type":"ListItem","position":1,"name":"Startseite","item":"https:\/\/www.haarfreiheit.net\/tr\/"},{"@type":"ListItem","position":2,"name":"kalici epilasyon bayan | y\u00fcz"}]},{"@type":"WebSite","@id":"https:\/\/www.haarfreiheit.net\/tr\/#website","url":"https:\/\/www.haarfreiheit.net\/tr\/","name":"Haarfreiheit","description":"Dauerhafte Haarentfernung beim Experten","potentialAction":[{"@type":"SearchAction","target":{"@type":"EntryPoint","urlTemplate":"https:\/\/www.haarfreiheit.net\/tr\/?s={search_term_string}"},"query-input":{"@type":"PropertyValueSpecification","valueRequired":true,"valueName":"search_term_string"}}],"inLanguage":"tr"}]}},"_links":{"self":[{"href":"https:\/\/www.haarfreiheit.net\/tr\/wp-json\/wp\/v2\/pages\/9076","targetHints":{"allow":["GET"]}}],"collection":[{"href":"https:\/\/www.haarfreiheit.net\/tr\/wp-json\/wp\/v2\/pages"}],"about":[{"href":"https:\/\/www.haarfreiheit.net\/tr\/wp-json\/wp\/v2\/types\/page"}],"author":[{"embeddable":true,"href":"https:\/\/www.haarfreiheit.net\/tr\/wp-json\/wp\/v2\/users\/1"}],"replies":[{"embeddable":true,"href":"https:\/\/www.haarfreiheit.net\/tr\/wp-json\/wp\/v2\/comments?post=9076"}],"version-history":[{"count":9,"href":"https:\/\/www.haarfreiheit.net\/tr\/wp-json\/wp\/v2\/pages\/9076\/revisions"}],"predecessor-version":[{"id":21132,"href":"https:\/\/www.haarfreiheit.net\/tr\/wp-json\/wp\/v2\/pages\/9076\/revisions\/21132"}],"wp:attachment":[{"href":"https:\/\/www.haarfreiheit.net\/tr\/wp-json\/wp\/v2\/media?parent=9076"}],"curies":[{"name":"wp","href":"https:\/\/api.w.org\/{rel}","templated":true}]}}